{"id":1008,"date":"2018-11-01T16:07:48","date_gmt":"2018-11-01T16:07:48","guid":{"rendered":"https:\/\/zug-bilder.de\/?page_id=1008"},"modified":"2023-02-05T18:07:14","modified_gmt":"2023-02-05T18:07:14","slug":"94-80-0420","status":"publish","type":"page","link":"https:\/\/zug-bilder.de\/?page_id=1008","title":{"rendered":"94 80 0420"},"content":{"rendered":"<table style=\"border-collapse: collapse; width: 100%;\" border=\"1\">\n<tbody>\n<tr>\n<td style=\"width: 50%; vertical-align: middle;\"><a href=\"https:\/\/zug-bilder.de\/wp-content\/uploads\/2023\/02\/1000-420-002-8_230105_DeutschesMuseumVerkehrszentrum.jpg\"><img loading=\"lazy\" decoding=\"async\" class=\"alignnone size-medium wp-image-5577\" src=\"https:\/\/zug-bilder.de\/wp-content\/uploads\/2023\/02\/1000-420-002-8_230105_DeutschesMuseumVerkehrszentrum-300x205.jpg\" alt=\"\" width=\"300\" height=\"205\" srcset=\"https:\/\/zug-bilder.de\/wp-content\/uploads\/2023\/02\/1000-420-002-8_230105_DeutschesMuseumVerkehrszentrum-300x205.jpg 300w, https:\/\/zug-bilder.de\/wp-content\/uploads\/2023\/02\/1000-420-002-8_230105_DeutschesMuseumVerkehrszentrum-768x524.jpg 768w, https:\/\/zug-bilder.de\/wp-content\/uploads\/2023\/02\/1000-420-002-8_230105_DeutschesMuseumVerkehrszentrum.jpg 1000w\" sizes=\"auto, (max-width: 300px) 100vw, 300px\" \/><\/a><\/td>\n<td style=\"width: 50%; vertical-align: middle;\"><strong>420 002-8<br \/>\n<\/strong>05.01.2023<br \/>\nDeutsches Museum Verkehrszentrum<\/td>\n<\/tr>\n<tr>\n<td style=\"width: 50%; vertical-align: middle;\"><a href=\"https:\/\/zug-bilder.de\/wp-content\/uploads\/2018\/11\/1000-94-80-0420-438-4-D-DB_150409_M\u00fcnchenHeimeranplatz_S8164.jpg\"><img loading=\"lazy\" decoding=\"async\" class=\"alignnone size-medium wp-image-1009\" src=\"https:\/\/zug-bilder.de\/wp-content\/uploads\/2018\/11\/1000-94-80-0420-438-4-D-DB_150409_M\u00fcnchenHeimeranplatz_S8164-300x205.jpg\" alt=\"\" width=\"300\" height=\"205\" srcset=\"https:\/\/zug-bilder.de\/wp-content\/uploads\/2018\/11\/1000-94-80-0420-438-4-D-DB_150409_M\u00fcnchenHeimeranplatz_S8164-300x205.jpg 300w, https:\/\/zug-bilder.de\/wp-content\/uploads\/2018\/11\/1000-94-80-0420-438-4-D-DB_150409_M\u00fcnchenHeimeranplatz_S8164-768x524.jpg 768w, https:\/\/zug-bilder.de\/wp-content\/uploads\/2018\/11\/1000-94-80-0420-438-4-D-DB_150409_M\u00fcnchenHeimeranplatz_S8164.jpg 1000w\" sizes=\"auto, (max-width: 300px) 100vw, 300px\" \/><\/a><\/td>\n<td style=\"width: 50%; vertical-align: middle;\"><strong>94 80 0420 438-4 D-DB<\/strong><br \/>\n94 80 0421 438-3 D-DB<br \/>\n94 80 0420 938-3 D-DB<br \/>\n09.04.2015<br \/>\nM\u00fcnchen Heimeranplatz<br \/>\nS 8164 (S 20)<br \/>\nH\u00f6llriegelskreuth &#8211;<br \/>\nM\u00fcnchen Pasing<\/td>\n<\/tr>\n<tr>\n<td style=\"width: 50%; vertical-align: middle;\"><a href=\"https:\/\/zug-bilder.de\/wp-content\/uploads\/2019\/04\/1000-94-80-0420-938-3-D-DB_181029_M\u00fcnchenHeimeranplatz.jpg\"><img loading=\"lazy\" decoding=\"async\" class=\"alignnone size-medium wp-image-1605\" src=\"https:\/\/zug-bilder.de\/wp-content\/uploads\/2019\/04\/1000-94-80-0420-938-3-D-DB_181029_M\u00fcnchenHeimeranplatz-300x205.jpg\" alt=\"\" width=\"300\" height=\"205\" srcset=\"https:\/\/zug-bilder.de\/wp-content\/uploads\/2019\/04\/1000-94-80-0420-938-3-D-DB_181029_M\u00fcnchenHeimeranplatz-300x205.jpg 300w, https:\/\/zug-bilder.de\/wp-content\/uploads\/2019\/04\/1000-94-80-0420-938-3-D-DB_181029_M\u00fcnchenHeimeranplatz-768x524.jpg 768w, https:\/\/zug-bilder.de\/wp-content\/uploads\/2019\/04\/1000-94-80-0420-938-3-D-DB_181029_M\u00fcnchenHeimeranplatz.jpg 1000w\" sizes=\"auto, (max-width: 300px) 100vw, 300px\" \/><\/a><\/td>\n<td style=\"width: 50%; vertical-align: middle;\">94 80 0420 438-4 D-DB<br \/>\n94 80 0421 438-3 D-DB<strong><br \/>\n94 80 0420 938-3 D-DB<br \/>\n<\/strong>29.10.2018<br \/>\nM\u00fcnchen Heimeranplatz<\/td>\n<\/tr>\n<tr>\n<td style=\"width: 50%; vertical-align: middle;\"><a href=\"https:\/\/zug-bilder.de\/wp-content\/uploads\/2018\/11\/1000-94-80-0420-976-3-D-DB_160518_M\u00fcnchenHeimeranplatz.jpg\"><img loading=\"lazy\" decoding=\"async\" class=\"alignnone size-medium wp-image-1012\" src=\"https:\/\/zug-bilder.de\/wp-content\/uploads\/2018\/11\/1000-94-80-0420-976-3-D-DB_160518_M\u00fcnchenHeimeranplatz-300x205.jpg\" alt=\"\" width=\"300\" height=\"205\" srcset=\"https:\/\/zug-bilder.de\/wp-content\/uploads\/2018\/11\/1000-94-80-0420-976-3-D-DB_160518_M\u00fcnchenHeimeranplatz-300x205.jpg 300w, https:\/\/zug-bilder.de\/wp-content\/uploads\/2018\/11\/1000-94-80-0420-976-3-D-DB_160518_M\u00fcnchenHeimeranplatz-768x524.jpg 768w, https:\/\/zug-bilder.de\/wp-content\/uploads\/2018\/11\/1000-94-80-0420-976-3-D-DB_160518_M\u00fcnchenHeimeranplatz.jpg 1000w\" sizes=\"auto, (max-width: 300px) 100vw, 300px\" \/><\/a><\/td>\n<td style=\"width: 50%; vertical-align: middle;\">94 80 0420 476-4 D-DB<br \/>\n94 80 0421 476-3 D-DB<strong><br \/>\n94 80 0420 976-3 D-DB<br \/>\n<\/strong>18.05.2016<br \/>\nM\u00fcnchen Heimeranplatz<strong><br \/>\n<\/strong><\/td>\n<\/tr>\n<\/tbody>\n<\/table>\n","protected":false},"excerpt":{"rendered":"<p>420 002-8 05.01.2023 Deutsches Museum Verkehrszentrum 94 80 0420 438-4 D-DB 94 80 0421 438-3 D-DB 94 80 0420 938-3 D-DB 09.04.2015 M\u00fcnchen Heimeranplatz S 8164 (S 20) H\u00f6llriegelskreuth &#8211; M\u00fcnchen Pasing 94 80 0420 438-4 D-DB 94 80 0421 438-3 D-DB 94 80 0420 938-3 D-DB 29.10.2018 M\u00fcnchen Heimeranplatz 94 80 0420 476-4 D-DB &hellip; <a href=\"https:\/\/zug-bilder.de\/?page_id=1008\" class=\"more-link\"><span class=\"screen-reader-text\">94 80 0420<\/span> weiterlesen<\/a><\/p>\n","protected":false},"author":1,"featured_media":0,"parent":0,"menu_order":0,"comment_status":"closed","ping_status":"closed","template":"","meta":{"footnotes":""},"class_list":["post-1008","page","type-page","status-publish","hentry"],"_links":{"self":[{"href":"https:\/\/zug-bilder.de\/index.php?rest_route=\/wp\/v2\/pages\/1008","targetHints":{"allow":["GET"]}}],"collection":[{"href":"https:\/\/zug-bilder.de\/index.php?rest_route=\/wp\/v2\/pages"}],"about":[{"href":"https:\/\/zug-bilder.de\/index.php?rest_route=\/wp\/v2\/types\/page"}],"author":[{"embeddable":true,"href":"https:\/\/zug-bilder.de\/index.php?rest_route=\/wp\/v2\/users\/1"}],"replies":[{"embeddable":true,"href":"https:\/\/zug-bilder.de\/index.php?rest_route=%2Fwp%2Fv2%2Fcomments&post=1008"}],"version-history":[{"count":6,"href":"https:\/\/zug-bilder.de\/index.php?rest_route=\/wp\/v2\/pages\/1008\/revisions"}],"predecessor-version":[{"id":5578,"href":"https:\/\/zug-bilder.de\/index.php?rest_route=\/wp\/v2\/pages\/1008\/revisions\/5578"}],"wp:attachment":[{"href":"https:\/\/zug-bilder.de\/index.php?rest_route=%2Fwp%2Fv2%2Fmedia&parent=1008"}],"curies":[{"name":"wp","href":"https:\/\/api.w.org\/{rel}","templated":true}]}}