{"id":1019,"date":"2018-11-01T18:38:12","date_gmt":"2018-11-01T18:38:12","guid":{"rendered":"https:\/\/zug-bilder.de\/?page_id=1019"},"modified":"2018-11-01T18:51:29","modified_gmt":"2018-11-01T18:51:29","slug":"d-dabpbzfa-762-0","status":"publish","type":"page","link":"https:\/\/zug-bilder.de\/?page_id=1019","title":{"rendered":"D &#8211; DABpbzfa 762.0"},"content":{"rendered":"<table style=\"border-collapse: collapse; width: 100%;\" border=\"1\">\n<tbody>\n<tr>\n<td style=\"width: 50%; vertical-align: middle;\"><a href=\"https:\/\/zug-bilder.de\/wp-content\/uploads\/2018\/11\/1000-D-DB-50-80-80-35-320-6_181029_M\u00fcnchenHbf_RE-57092.jpg\"><img loading=\"lazy\" decoding=\"async\" class=\"alignnone size-medium wp-image-1023\" src=\"https:\/\/zug-bilder.de\/wp-content\/uploads\/2018\/11\/1000-D-DB-50-80-80-35-320-6_181029_M\u00fcnchenHbf_RE-57092-300x205.jpg\" alt=\"\" width=\"300\" height=\"205\" srcset=\"https:\/\/zug-bilder.de\/wp-content\/uploads\/2018\/11\/1000-D-DB-50-80-80-35-320-6_181029_M\u00fcnchenHbf_RE-57092-300x205.jpg 300w, https:\/\/zug-bilder.de\/wp-content\/uploads\/2018\/11\/1000-D-DB-50-80-80-35-320-6_181029_M\u00fcnchenHbf_RE-57092-768x524.jpg 768w, https:\/\/zug-bilder.de\/wp-content\/uploads\/2018\/11\/1000-D-DB-50-80-80-35-320-6_181029_M\u00fcnchenHbf_RE-57092.jpg 1000w\" sizes=\"auto, (max-width: 300px) 100vw, 300px\" \/><\/a><\/td>\n<td style=\"width: 50%; vertical-align: middle;\"><strong>D-DB 50 80 80-35 320-6<br \/>\n<\/strong>29.10.2018<br \/>\nM\u00fcnchen Hbf<br \/>\n<em>RE 57092<\/em><br \/>\n<em>M\u00fcnchen Hbf &#8211; Donauw\u00f6rth<\/em><strong><br \/>\n<\/strong><\/td>\n<\/tr>\n<tr>\n<td style=\"width: 50%; vertical-align: middle;\"><a href=\"https:\/\/zug-bilder.de\/wp-content\/uploads\/2018\/11\/1000-D-DB-50-80-80-35-360-2_150504_Donauw\u00f6rth.jpg\"><img loading=\"lazy\" decoding=\"async\" class=\"alignnone size-medium wp-image-1020\" src=\"https:\/\/zug-bilder.de\/wp-content\/uploads\/2018\/11\/1000-D-DB-50-80-80-35-360-2_150504_Donauw\u00f6rth-300x205.jpg\" alt=\"\" width=\"300\" height=\"205\" srcset=\"https:\/\/zug-bilder.de\/wp-content\/uploads\/2018\/11\/1000-D-DB-50-80-80-35-360-2_150504_Donauw\u00f6rth-300x205.jpg 300w, https:\/\/zug-bilder.de\/wp-content\/uploads\/2018\/11\/1000-D-DB-50-80-80-35-360-2_150504_Donauw\u00f6rth-768x524.jpg 768w, https:\/\/zug-bilder.de\/wp-content\/uploads\/2018\/11\/1000-D-DB-50-80-80-35-360-2_150504_Donauw\u00f6rth.jpg 1000w\" sizes=\"auto, (max-width: 300px) 100vw, 300px\" \/><\/a><\/td>\n<td style=\"width: 50%; vertical-align: middle;\"><strong>D-DB 50 80 80-35 360-2<\/strong><br \/>\n04.05.2015<br \/>\nDonauw\u00f6rth<\/td>\n<\/tr>\n<\/tbody>\n<\/table>\n","protected":false},"excerpt":{"rendered":"<p>D-DB 50 80 80-35 320-6 29.10.2018 M\u00fcnchen Hbf RE 57092 M\u00fcnchen Hbf &#8211; Donauw\u00f6rth D-DB 50 80 80-35 360-2 04.05.2015 Donauw\u00f6rth<\/p>\n","protected":false},"author":1,"featured_media":0,"parent":0,"menu_order":0,"comment_status":"closed","ping_status":"closed","template":"","meta":{"footnotes":""},"class_list":["post-1019","page","type-page","status-publish","hentry"],"_links":{"self":[{"href":"https:\/\/zug-bilder.de\/index.php?rest_route=\/wp\/v2\/pages\/1019","targetHints":{"allow":["GET"]}}],"collection":[{"href":"https:\/\/zug-bilder.de\/index.php?rest_route=\/wp\/v2\/pages"}],"about":[{"href":"https:\/\/zug-bilder.de\/index.php?rest_route=\/wp\/v2\/types\/page"}],"author":[{"embeddable":true,"href":"https:\/\/zug-bilder.de\/index.php?rest_route=\/wp\/v2\/users\/1"}],"replies":[{"embeddable":true,"href":"https:\/\/zug-bilder.de\/index.php?rest_route=%2Fwp%2Fv2%2Fcomments&post=1019"}],"version-history":[{"count":3,"href":"https:\/\/zug-bilder.de\/index.php?rest_route=\/wp\/v2\/pages\/1019\/revisions"}],"predecessor-version":[{"id":1025,"href":"https:\/\/zug-bilder.de\/index.php?rest_route=\/wp\/v2\/pages\/1019\/revisions\/1025"}],"wp:attachment":[{"href":"https:\/\/zug-bilder.de\/index.php?rest_route=%2Fwp%2Fv2%2Fmedia&parent=1019"}],"curies":[{"name":"wp","href":"https:\/\/api.w.org\/{rel}","templated":true}]}}