{"id":1033,"date":"2018-11-02T12:42:30","date_gmt":"2018-11-02T12:42:30","guid":{"rendered":"https:\/\/zug-bilder.de\/?page_id=1033"},"modified":"2024-03-22T20:21:25","modified_gmt":"2024-03-22T20:21:25","slug":"a-afmpz","status":"publish","type":"page","link":"https:\/\/zug-bilder.de\/?page_id=1033","title":{"rendered":"A &#8211; Afmpz"},"content":{"rendered":"\n<div class=\"wp-block-columns is-layout-flex wp-container-core-columns-is-layout-9d6595d7 wp-block-columns-is-layout-flex\">\n<div class=\"wp-block-column is-layout-flow wp-block-column-is-layout-flow\">\n<figure data-wp-context=\"{&quot;imageId&quot;:&quot;69e8e543a5c27&quot;}\" data-wp-interactive=\"core\/image\" data-wp-key=\"69e8e543a5c27\" class=\"wp-block-image size-full wp-lightbox-container\"><img loading=\"lazy\" decoding=\"async\" width=\"1000\" height=\"682\" data-wp-class--hide=\"state.isContentHidden\" data-wp-class--show=\"state.isContentVisible\" data-wp-init=\"callbacks.setButtonStyles\" data-wp-on--click=\"actions.showLightbox\" data-wp-on--load=\"callbacks.setButtonStyles\" data-wp-on-window--resize=\"callbacks.setButtonStyles\" src=\"https:\/\/zug-bilder.de\/wp-content\/uploads\/2024\/03\/1000-A-OeBB-73-81-80-90-702-9_231030_Rosenheim_RJX60.jpg\" alt=\"\" class=\"wp-image-6262\" srcset=\"https:\/\/zug-bilder.de\/wp-content\/uploads\/2024\/03\/1000-A-OeBB-73-81-80-90-702-9_231030_Rosenheim_RJX60.jpg 1000w, https:\/\/zug-bilder.de\/wp-content\/uploads\/2024\/03\/1000-A-OeBB-73-81-80-90-702-9_231030_Rosenheim_RJX60-300x205.jpg 300w, https:\/\/zug-bilder.de\/wp-content\/uploads\/2024\/03\/1000-A-OeBB-73-81-80-90-702-9_231030_Rosenheim_RJX60-768x524.jpg 768w\" sizes=\"auto, (max-width: 1000px) 100vw, 1000px\" \/><button\n\t\t\tclass=\"lightbox-trigger\"\n\t\t\ttype=\"button\"\n\t\t\taria-haspopup=\"dialog\"\n\t\t\taria-label=\"Vergr\u00f6\u00dfern\"\n\t\t\tdata-wp-init=\"callbacks.initTriggerButton\"\n\t\t\tdata-wp-on--click=\"actions.showLightbox\"\n\t\t\tdata-wp-style--right=\"state.imageButtonRight\"\n\t\t\tdata-wp-style--top=\"state.imageButtonTop\"\n\t\t>\n\t\t\t<svg xmlns=\"http:\/\/www.w3.org\/2000\/svg\" width=\"12\" height=\"12\" fill=\"none\" viewBox=\"0 0 12 12\">\n\t\t\t\t<path fill=\"#fff\" d=\"M2 0a2 2 0 0 0-2 2v2h1.5V2a.5.5 0 0 1 .5-.5h2V0H2Zm2 10.5H2a.5.5 0 0 1-.5-.5V8H0v2a2 2 0 0 0 2 2h2v-1.5ZM8 12v-1.5h2a.5.5 0 0 0 .5-.5V8H12v2a2 2 0 0 1-2 2H8Zm2-12a2 2 0 0 1 2 2v2h-1.5V2a.5.5 0 0 0-.5-.5H8V0h2Z\" \/>\n\t\t\t<\/svg>\n\t\t<\/button><\/figure>\n<\/div>\n\n\n\n<div class=\"wp-block-column is-layout-flow wp-block-column-is-layout-flow\">\n<p class=\"has-light-gray-background-color has-background\"><strong>A-\u00d6BB 73 81 80-90 702-9<\/strong><br>30.10.2023<br><img loading=\"lazy\" decoding=\"async\" width=\"33\" height=\"20\" class=\"wp-image-5706\" style=\"width: 33px;\" src=\"https:\/\/zug-bilder.de\/wp-content\/uploads\/2023\/04\/Flagge_Deutschland.jpg\" alt=\"\"> Rosenheim<br><em>RJX 60<br>Wien Hbf &#8211; M\u00fcnchen Hbf<\/em><\/p>\n<\/div>\n<\/div>\n\n\n\n<div class=\"wp-block-columns is-layout-flex wp-container-core-columns-is-layout-9d6595d7 wp-block-columns-is-layout-flex\">\n<div class=\"wp-block-column is-layout-flow wp-block-column-is-layout-flow\">\n<figure data-wp-context=\"{&quot;imageId&quot;:&quot;69e8e543a72cf&quot;}\" data-wp-interactive=\"core\/image\" data-wp-key=\"69e8e543a72cf\" class=\"wp-block-image size-full wp-lightbox-container\"><img loading=\"lazy\" decoding=\"async\" width=\"1000\" height=\"682\" data-wp-class--hide=\"state.isContentHidden\" data-wp-class--show=\"state.isContentVisible\" data-wp-init=\"callbacks.setButtonStyles\" data-wp-on--click=\"actions.showLightbox\" data-wp-on--load=\"callbacks.setButtonStyles\" data-wp-on-window--resize=\"callbacks.setButtonStyles\" src=\"https:\/\/zug-bilder.de\/wp-content\/uploads\/2019\/07\/1000-A-\u00d6BB-73-81-80-90-709-1_190306_A\u00dfling_RJX65.jpg\" alt=\"\" class=\"wp-image-1957\" srcset=\"https:\/\/zug-bilder.de\/wp-content\/uploads\/2019\/07\/1000-A-\u00d6BB-73-81-80-90-709-1_190306_A\u00dfling_RJX65.jpg 1000w, https:\/\/zug-bilder.de\/wp-content\/uploads\/2019\/07\/1000-A-\u00d6BB-73-81-80-90-709-1_190306_A\u00dfling_RJX65-300x205.jpg 300w, https:\/\/zug-bilder.de\/wp-content\/uploads\/2019\/07\/1000-A-\u00d6BB-73-81-80-90-709-1_190306_A\u00dfling_RJX65-768x524.jpg 768w\" sizes=\"auto, (max-width: 1000px) 100vw, 1000px\" \/><button\n\t\t\tclass=\"lightbox-trigger\"\n\t\t\ttype=\"button\"\n\t\t\taria-haspopup=\"dialog\"\n\t\t\taria-label=\"Vergr\u00f6\u00dfern\"\n\t\t\tdata-wp-init=\"callbacks.initTriggerButton\"\n\t\t\tdata-wp-on--click=\"actions.showLightbox\"\n\t\t\tdata-wp-style--right=\"state.imageButtonRight\"\n\t\t\tdata-wp-style--top=\"state.imageButtonTop\"\n\t\t>\n\t\t\t<svg xmlns=\"http:\/\/www.w3.org\/2000\/svg\" width=\"12\" height=\"12\" fill=\"none\" viewBox=\"0 0 12 12\">\n\t\t\t\t<path fill=\"#fff\" d=\"M2 0a2 2 0 0 0-2 2v2h1.5V2a.5.5 0 0 1 .5-.5h2V0H2Zm2 10.5H2a.5.5 0 0 1-.5-.5V8H0v2a2 2 0 0 0 2 2h2v-1.5ZM8 12v-1.5h2a.5.5 0 0 0 .5-.5V8H12v2a2 2 0 0 1-2 2H8Zm2-12a2 2 0 0 1 2 2v2h-1.5V2a.5.5 0 0 0-.5-.5H8V0h2Z\" \/>\n\t\t\t<\/svg>\n\t\t<\/button><\/figure>\n<\/div>\n\n\n\n<div class=\"wp-block-column is-layout-flow wp-block-column-is-layout-flow\">\n<p class=\"has-light-gray-background-color has-background\"><strong>A-\u00d6BB 73 81 80-90 709-1<br><\/strong>06.03.2019<br><img loading=\"lazy\" decoding=\"async\" width=\"33\" height=\"20\" class=\"wp-image-5706\" style=\"width: 33px;\" src=\"https:\/\/zug-bilder.de\/wp-content\/uploads\/2023\/04\/Flagge_Deutschland.jpg\" alt=\"\"> A\u00dfling (Oberbay)<strong><br><\/strong><em>RJX 65<\/em><br><em>M\u00fcnchen Hbf &#8211;<\/em> <em>Budapest Keleti p\u00e1lyaudvar<\/em><\/p>\n<\/div>\n<\/div>\n\n\n\n<div class=\"wp-block-columns is-layout-flex wp-container-core-columns-is-layout-9d6595d7 wp-block-columns-is-layout-flex\">\n<div class=\"wp-block-column is-layout-flow wp-block-column-is-layout-flow\">\n<figure data-wp-context=\"{&quot;imageId&quot;:&quot;69e8e543a7a9a&quot;}\" data-wp-interactive=\"core\/image\" data-wp-key=\"69e8e543a7a9a\" class=\"wp-block-image size-full wp-lightbox-container\"><img loading=\"lazy\" decoding=\"async\" width=\"1000\" height=\"682\" data-wp-class--hide=\"state.isContentHidden\" data-wp-class--show=\"state.isContentVisible\" data-wp-init=\"callbacks.setButtonStyles\" data-wp-on--click=\"actions.showLightbox\" data-wp-on--load=\"callbacks.setButtonStyles\" data-wp-on-window--resize=\"callbacks.setButtonStyles\" src=\"https:\/\/zug-bilder.de\/wp-content\/uploads\/2018\/11\/1000-A-\u00d6BB-73-81-80-90-712-8_160716_M\u00fcnchenHbf_RJ67.jpg\" alt=\"\" class=\"wp-image-1034\" srcset=\"https:\/\/zug-bilder.de\/wp-content\/uploads\/2018\/11\/1000-A-\u00d6BB-73-81-80-90-712-8_160716_M\u00fcnchenHbf_RJ67.jpg 1000w, https:\/\/zug-bilder.de\/wp-content\/uploads\/2018\/11\/1000-A-\u00d6BB-73-81-80-90-712-8_160716_M\u00fcnchenHbf_RJ67-300x205.jpg 300w, https:\/\/zug-bilder.de\/wp-content\/uploads\/2018\/11\/1000-A-\u00d6BB-73-81-80-90-712-8_160716_M\u00fcnchenHbf_RJ67-768x524.jpg 768w\" sizes=\"auto, (max-width: 1000px) 100vw, 1000px\" \/><button\n\t\t\tclass=\"lightbox-trigger\"\n\t\t\ttype=\"button\"\n\t\t\taria-haspopup=\"dialog\"\n\t\t\taria-label=\"Vergr\u00f6\u00dfern\"\n\t\t\tdata-wp-init=\"callbacks.initTriggerButton\"\n\t\t\tdata-wp-on--click=\"actions.showLightbox\"\n\t\t\tdata-wp-style--right=\"state.imageButtonRight\"\n\t\t\tdata-wp-style--top=\"state.imageButtonTop\"\n\t\t>\n\t\t\t<svg xmlns=\"http:\/\/www.w3.org\/2000\/svg\" width=\"12\" height=\"12\" fill=\"none\" viewBox=\"0 0 12 12\">\n\t\t\t\t<path fill=\"#fff\" d=\"M2 0a2 2 0 0 0-2 2v2h1.5V2a.5.5 0 0 1 .5-.5h2V0H2Zm2 10.5H2a.5.5 0 0 1-.5-.5V8H0v2a2 2 0 0 0 2 2h2v-1.5ZM8 12v-1.5h2a.5.5 0 0 0 .5-.5V8H12v2a2 2 0 0 1-2 2H8Zm2-12a2 2 0 0 1 2 2v2h-1.5V2a.5.5 0 0 0-.5-.5H8V0h2Z\" \/>\n\t\t\t<\/svg>\n\t\t<\/button><\/figure>\n<\/div>\n\n\n\n<div class=\"wp-block-column is-layout-flow wp-block-column-is-layout-flow\">\n<p class=\"has-light-gray-background-color has-background\"><strong>A-\u00d6BB 73 81 80-90 712-8<br><\/strong>16.07.2016<br><img loading=\"lazy\" decoding=\"async\" width=\"33\" height=\"20\" class=\"wp-image-5706\" style=\"width: 33px;\" src=\"https:\/\/zug-bilder.de\/wp-content\/uploads\/2023\/04\/Flagge_Deutschland.jpg\" alt=\"\"> M\u00fcnchen Hbf<br><em>RJ 67<\/em><br><em>M\u00fcnchen Hbf &#8211;<\/em> <em>Budapest Keleti p\u00e1lyaudvar<\/em><\/p>\n<\/div>\n<\/div>\n\n\n\n<div class=\"wp-block-columns is-layout-flex wp-container-core-columns-is-layout-9d6595d7 wp-block-columns-is-layout-flex\">\n<div class=\"wp-block-column is-layout-flow wp-block-column-is-layout-flow\">\n<figure data-wp-context=\"{&quot;imageId&quot;:&quot;69e8e543a81fe&quot;}\" data-wp-interactive=\"core\/image\" data-wp-key=\"69e8e543a81fe\" class=\"wp-block-image size-full wp-lightbox-container\"><img loading=\"lazy\" decoding=\"async\" width=\"1000\" height=\"682\" data-wp-class--hide=\"state.isContentHidden\" data-wp-class--show=\"state.isContentVisible\" data-wp-init=\"callbacks.setButtonStyles\" data-wp-on--click=\"actions.showLightbox\" data-wp-on--load=\"callbacks.setButtonStyles\" data-wp-on-window--resize=\"callbacks.setButtonStyles\" src=\"https:\/\/zug-bilder.de\/wp-content\/uploads\/2020\/06\/1000-A-\u00d6BB-73-81-80-90-721-1_200602_\u00dcbersee_RJX563.jpg\" alt=\"\" class=\"wp-image-4034\" srcset=\"https:\/\/zug-bilder.de\/wp-content\/uploads\/2020\/06\/1000-A-\u00d6BB-73-81-80-90-721-1_200602_\u00dcbersee_RJX563.jpg 1000w, https:\/\/zug-bilder.de\/wp-content\/uploads\/2020\/06\/1000-A-\u00d6BB-73-81-80-90-721-1_200602_\u00dcbersee_RJX563-300x205.jpg 300w, https:\/\/zug-bilder.de\/wp-content\/uploads\/2020\/06\/1000-A-\u00d6BB-73-81-80-90-721-1_200602_\u00dcbersee_RJX563-768x524.jpg 768w\" sizes=\"auto, (max-width: 1000px) 100vw, 1000px\" \/><button\n\t\t\tclass=\"lightbox-trigger\"\n\t\t\ttype=\"button\"\n\t\t\taria-haspopup=\"dialog\"\n\t\t\taria-label=\"Vergr\u00f6\u00dfern\"\n\t\t\tdata-wp-init=\"callbacks.initTriggerButton\"\n\t\t\tdata-wp-on--click=\"actions.showLightbox\"\n\t\t\tdata-wp-style--right=\"state.imageButtonRight\"\n\t\t\tdata-wp-style--top=\"state.imageButtonTop\"\n\t\t>\n\t\t\t<svg xmlns=\"http:\/\/www.w3.org\/2000\/svg\" width=\"12\" height=\"12\" fill=\"none\" viewBox=\"0 0 12 12\">\n\t\t\t\t<path fill=\"#fff\" d=\"M2 0a2 2 0 0 0-2 2v2h1.5V2a.5.5 0 0 1 .5-.5h2V0H2Zm2 10.5H2a.5.5 0 0 1-.5-.5V8H0v2a2 2 0 0 0 2 2h2v-1.5ZM8 12v-1.5h2a.5.5 0 0 0 .5-.5V8H12v2a2 2 0 0 1-2 2H8Zm2-12a2 2 0 0 1 2 2v2h-1.5V2a.5.5 0 0 0-.5-.5H8V0h2Z\" \/>\n\t\t\t<\/svg>\n\t\t<\/button><\/figure>\n<\/div>\n\n\n\n<div class=\"wp-block-column is-layout-flow wp-block-column-is-layout-flow\">\n<p class=\"has-light-gray-background-color has-background\"><strong>A-\u00d6BB 73 81 80-90 721-1<br><\/strong>02.06.2020<br><img loading=\"lazy\" decoding=\"async\" width=\"33\" height=\"20\" class=\"wp-image-5706\" style=\"width: 33px;\" src=\"https:\/\/zug-bilder.de\/wp-content\/uploads\/2023\/04\/Flagge_Deutschland.jpg\" alt=\"\"> \u00dcbersee<br><em>RJX 563<\/em><br><em>Innsbruck Hbf &#8211;<\/em> <em>Flughafen Wien<\/em><\/p>\n<\/div>\n<\/div>\n\n\n\n<div class=\"wp-block-columns is-layout-flex wp-container-core-columns-is-layout-9d6595d7 wp-block-columns-is-layout-flex\">\n<div class=\"wp-block-column is-layout-flow wp-block-column-is-layout-flow\">\n<figure data-wp-context=\"{&quot;imageId&quot;:&quot;69e8e543a8903&quot;}\" data-wp-interactive=\"core\/image\" data-wp-key=\"69e8e543a8903\" class=\"wp-block-image size-full wp-lightbox-container\"><img loading=\"lazy\" decoding=\"async\" width=\"1000\" height=\"682\" data-wp-class--hide=\"state.isContentHidden\" data-wp-class--show=\"state.isContentVisible\" data-wp-init=\"callbacks.setButtonStyles\" data-wp-on--click=\"actions.showLightbox\" data-wp-on--load=\"callbacks.setButtonStyles\" data-wp-on-window--resize=\"callbacks.setButtonStyles\" src=\"https:\/\/zug-bilder.de\/wp-content\/uploads\/2018\/11\/1000-A-\u00d6BB-73-81-80-90-723-1_180412_\u00dcbersee_RJ563.jpg\" alt=\"\" class=\"wp-image-1038\" srcset=\"https:\/\/zug-bilder.de\/wp-content\/uploads\/2018\/11\/1000-A-\u00d6BB-73-81-80-90-723-1_180412_\u00dcbersee_RJ563.jpg 1000w, https:\/\/zug-bilder.de\/wp-content\/uploads\/2018\/11\/1000-A-\u00d6BB-73-81-80-90-723-1_180412_\u00dcbersee_RJ563-300x205.jpg 300w, https:\/\/zug-bilder.de\/wp-content\/uploads\/2018\/11\/1000-A-\u00d6BB-73-81-80-90-723-1_180412_\u00dcbersee_RJ563-768x524.jpg 768w\" sizes=\"auto, (max-width: 1000px) 100vw, 1000px\" \/><button\n\t\t\tclass=\"lightbox-trigger\"\n\t\t\ttype=\"button\"\n\t\t\taria-haspopup=\"dialog\"\n\t\t\taria-label=\"Vergr\u00f6\u00dfern\"\n\t\t\tdata-wp-init=\"callbacks.initTriggerButton\"\n\t\t\tdata-wp-on--click=\"actions.showLightbox\"\n\t\t\tdata-wp-style--right=\"state.imageButtonRight\"\n\t\t\tdata-wp-style--top=\"state.imageButtonTop\"\n\t\t>\n\t\t\t<svg xmlns=\"http:\/\/www.w3.org\/2000\/svg\" width=\"12\" height=\"12\" fill=\"none\" viewBox=\"0 0 12 12\">\n\t\t\t\t<path fill=\"#fff\" d=\"M2 0a2 2 0 0 0-2 2v2h1.5V2a.5.5 0 0 1 .5-.5h2V0H2Zm2 10.5H2a.5.5 0 0 1-.5-.5V8H0v2a2 2 0 0 0 2 2h2v-1.5ZM8 12v-1.5h2a.5.5 0 0 0 .5-.5V8H12v2a2 2 0 0 1-2 2H8Zm2-12a2 2 0 0 1 2 2v2h-1.5V2a.5.5 0 0 0-.5-.5H8V0h2Z\" \/>\n\t\t\t<\/svg>\n\t\t<\/button><\/figure>\n<\/div>\n\n\n\n<div class=\"wp-block-column is-layout-flow wp-block-column-is-layout-flow\">\n<p class=\"has-light-gray-background-color has-background\"><strong>A-\u00d6BB 73 81 80-90 723-1<br><\/strong>12.04.2018<br><img loading=\"lazy\" decoding=\"async\" width=\"33\" height=\"20\" class=\"wp-image-5706\" style=\"width: 33px;\" src=\"https:\/\/zug-bilder.de\/wp-content\/uploads\/2023\/04\/Flagge_Deutschland.jpg\" alt=\"\"> \u00dcbersee<br><em>RJ 563<\/em><br><em>Innsbruck Hbf &#8211;<\/em> <em>Flughafen Wien<\/em><\/p>\n<\/div>\n<\/div>\n\n\n\n<div class=\"wp-block-columns is-layout-flex wp-container-core-columns-is-layout-9d6595d7 wp-block-columns-is-layout-flex\">\n<div class=\"wp-block-column is-layout-flow wp-block-column-is-layout-flow\">\n<figure data-wp-context=\"{&quot;imageId&quot;:&quot;69e8e543a9027&quot;}\" data-wp-interactive=\"core\/image\" data-wp-key=\"69e8e543a9027\" class=\"wp-block-image size-full wp-lightbox-container\"><img loading=\"lazy\" decoding=\"async\" width=\"1000\" height=\"682\" data-wp-class--hide=\"state.isContentHidden\" data-wp-class--show=\"state.isContentVisible\" data-wp-init=\"callbacks.setButtonStyles\" data-wp-on--click=\"actions.showLightbox\" data-wp-on--load=\"callbacks.setButtonStyles\" data-wp-on-window--resize=\"callbacks.setButtonStyles\" src=\"https:\/\/zug-bilder.de\/wp-content\/uploads\/2020\/06\/1000-A-\u00d6BB-73-81-80-90-723-1_200602_\u00dcbersee_RJX65.jpg\" alt=\"\" class=\"wp-image-3962\" srcset=\"https:\/\/zug-bilder.de\/wp-content\/uploads\/2020\/06\/1000-A-\u00d6BB-73-81-80-90-723-1_200602_\u00dcbersee_RJX65.jpg 1000w, https:\/\/zug-bilder.de\/wp-content\/uploads\/2020\/06\/1000-A-\u00d6BB-73-81-80-90-723-1_200602_\u00dcbersee_RJX65-300x205.jpg 300w, https:\/\/zug-bilder.de\/wp-content\/uploads\/2020\/06\/1000-A-\u00d6BB-73-81-80-90-723-1_200602_\u00dcbersee_RJX65-768x524.jpg 768w\" sizes=\"auto, (max-width: 1000px) 100vw, 1000px\" \/><button\n\t\t\tclass=\"lightbox-trigger\"\n\t\t\ttype=\"button\"\n\t\t\taria-haspopup=\"dialog\"\n\t\t\taria-label=\"Vergr\u00f6\u00dfern\"\n\t\t\tdata-wp-init=\"callbacks.initTriggerButton\"\n\t\t\tdata-wp-on--click=\"actions.showLightbox\"\n\t\t\tdata-wp-style--right=\"state.imageButtonRight\"\n\t\t\tdata-wp-style--top=\"state.imageButtonTop\"\n\t\t>\n\t\t\t<svg xmlns=\"http:\/\/www.w3.org\/2000\/svg\" width=\"12\" height=\"12\" fill=\"none\" viewBox=\"0 0 12 12\">\n\t\t\t\t<path fill=\"#fff\" d=\"M2 0a2 2 0 0 0-2 2v2h1.5V2a.5.5 0 0 1 .5-.5h2V0H2Zm2 10.5H2a.5.5 0 0 1-.5-.5V8H0v2a2 2 0 0 0 2 2h2v-1.5ZM8 12v-1.5h2a.5.5 0 0 0 .5-.5V8H12v2a2 2 0 0 1-2 2H8Zm2-12a2 2 0 0 1 2 2v2h-1.5V2a.5.5 0 0 0-.5-.5H8V0h2Z\" \/>\n\t\t\t<\/svg>\n\t\t<\/button><\/figure>\n<\/div>\n\n\n\n<div class=\"wp-block-column is-layout-flow wp-block-column-is-layout-flow\">\n<p class=\"has-light-gray-background-color has-background\"><strong>A-\u00d6BB 73 81 80-90 723-1<br><\/strong>02.06.2020<br><img loading=\"lazy\" decoding=\"async\" width=\"33\" height=\"20\" class=\"wp-image-5706\" style=\"width: 33px;\" src=\"https:\/\/zug-bilder.de\/wp-content\/uploads\/2023\/04\/Flagge_Deutschland.jpg\" alt=\"\"> \u00dcbersee<br><em>RJX 65<\/em><br><em>M\u00fcnchen Hbf &#8211; Wien Hbf<\/em><\/p>\n<\/div>\n<\/div>\n\n\n\n<div class=\"wp-block-columns is-layout-flex wp-container-core-columns-is-layout-9d6595d7 wp-block-columns-is-layout-flex\">\n<div class=\"wp-block-column is-layout-flow wp-block-column-is-layout-flow\">\n<figure data-wp-context=\"{&quot;imageId&quot;:&quot;69e8e543a973d&quot;}\" data-wp-interactive=\"core\/image\" data-wp-key=\"69e8e543a973d\" class=\"wp-block-image size-full wp-lightbox-container\"><img loading=\"lazy\" decoding=\"async\" width=\"1000\" height=\"682\" data-wp-class--hide=\"state.isContentHidden\" data-wp-class--show=\"state.isContentVisible\" data-wp-init=\"callbacks.setButtonStyles\" data-wp-on--click=\"actions.showLightbox\" data-wp-on--load=\"callbacks.setButtonStyles\" data-wp-on-window--resize=\"callbacks.setButtonStyles\" src=\"https:\/\/zug-bilder.de\/wp-content\/uploads\/2021\/12\/1000-A-OeBB-73-81-80-90-749-0_210529_WienHbf_RJX64.jpg\" alt=\"\" class=\"wp-image-4974\" srcset=\"https:\/\/zug-bilder.de\/wp-content\/uploads\/2021\/12\/1000-A-OeBB-73-81-80-90-749-0_210529_WienHbf_RJX64.jpg 1000w, https:\/\/zug-bilder.de\/wp-content\/uploads\/2021\/12\/1000-A-OeBB-73-81-80-90-749-0_210529_WienHbf_RJX64-300x205.jpg 300w, https:\/\/zug-bilder.de\/wp-content\/uploads\/2021\/12\/1000-A-OeBB-73-81-80-90-749-0_210529_WienHbf_RJX64-768x524.jpg 768w\" sizes=\"auto, (max-width: 1000px) 100vw, 1000px\" \/><button\n\t\t\tclass=\"lightbox-trigger\"\n\t\t\ttype=\"button\"\n\t\t\taria-haspopup=\"dialog\"\n\t\t\taria-label=\"Vergr\u00f6\u00dfern\"\n\t\t\tdata-wp-init=\"callbacks.initTriggerButton\"\n\t\t\tdata-wp-on--click=\"actions.showLightbox\"\n\t\t\tdata-wp-style--right=\"state.imageButtonRight\"\n\t\t\tdata-wp-style--top=\"state.imageButtonTop\"\n\t\t>\n\t\t\t<svg xmlns=\"http:\/\/www.w3.org\/2000\/svg\" width=\"12\" height=\"12\" fill=\"none\" viewBox=\"0 0 12 12\">\n\t\t\t\t<path fill=\"#fff\" d=\"M2 0a2 2 0 0 0-2 2v2h1.5V2a.5.5 0 0 1 .5-.5h2V0H2Zm2 10.5H2a.5.5 0 0 1-.5-.5V8H0v2a2 2 0 0 0 2 2h2v-1.5ZM8 12v-1.5h2a.5.5 0 0 0 .5-.5V8H12v2a2 2 0 0 1-2 2H8Zm2-12a2 2 0 0 1 2 2v2h-1.5V2a.5.5 0 0 0-.5-.5H8V0h2Z\" \/>\n\t\t\t<\/svg>\n\t\t<\/button><\/figure>\n<\/div>\n\n\n\n<div class=\"wp-block-column is-layout-flow wp-block-column-is-layout-flow\">\n<p class=\"has-light-gray-background-color has-background\"><strong>A-\u00d6BB 73 81 80-90 749-0<br><\/strong>29.05.2021<br><img loading=\"lazy\" decoding=\"async\" width=\"30\" height=\"20\" class=\"wp-image-5711\" style=\"width: 30px;\" src=\"https:\/\/zug-bilder.de\/wp-content\/uploads\/2023\/04\/Flagge_Oesterreich.jpg\" alt=\"\"> Wien Hbf<br><em>RJX 64<\/em><br><em>Wien Hbf &#8211; M\u00fcnchen Hbf<\/em><\/p>\n<\/div>\n<\/div>\n\n\n\n<div class=\"wp-block-columns is-layout-flex wp-container-core-columns-is-layout-9d6595d7 wp-block-columns-is-layout-flex\">\n<div class=\"wp-block-column is-layout-flow wp-block-column-is-layout-flow\">\n<figure data-wp-context=\"{&quot;imageId&quot;:&quot;69e8e543aa0df&quot;}\" data-wp-interactive=\"core\/image\" data-wp-key=\"69e8e543aa0df\" class=\"wp-block-image size-full wp-lightbox-container\"><img loading=\"lazy\" decoding=\"async\" width=\"1000\" height=\"682\" data-wp-class--hide=\"state.isContentHidden\" data-wp-class--show=\"state.isContentVisible\" data-wp-init=\"callbacks.setButtonStyles\" data-wp-on--click=\"actions.showLightbox\" data-wp-on--load=\"callbacks.setButtonStyles\" data-wp-on-window--resize=\"callbacks.setButtonStyles\" src=\"https:\/\/zug-bilder.de\/wp-content\/uploads\/2020\/06\/1000-A-\u00d6BB-73-81-80-90-754-X_200602_\u00dcbersee_RJ865.jpg\" alt=\"\" class=\"wp-image-3964\" srcset=\"https:\/\/zug-bilder.de\/wp-content\/uploads\/2020\/06\/1000-A-\u00d6BB-73-81-80-90-754-X_200602_\u00dcbersee_RJ865.jpg 1000w, https:\/\/zug-bilder.de\/wp-content\/uploads\/2020\/06\/1000-A-\u00d6BB-73-81-80-90-754-X_200602_\u00dcbersee_RJ865-300x205.jpg 300w, https:\/\/zug-bilder.de\/wp-content\/uploads\/2020\/06\/1000-A-\u00d6BB-73-81-80-90-754-X_200602_\u00dcbersee_RJ865-768x524.jpg 768w\" sizes=\"auto, (max-width: 1000px) 100vw, 1000px\" \/><button\n\t\t\tclass=\"lightbox-trigger\"\n\t\t\ttype=\"button\"\n\t\t\taria-haspopup=\"dialog\"\n\t\t\taria-label=\"Vergr\u00f6\u00dfern\"\n\t\t\tdata-wp-init=\"callbacks.initTriggerButton\"\n\t\t\tdata-wp-on--click=\"actions.showLightbox\"\n\t\t\tdata-wp-style--right=\"state.imageButtonRight\"\n\t\t\tdata-wp-style--top=\"state.imageButtonTop\"\n\t\t>\n\t\t\t<svg xmlns=\"http:\/\/www.w3.org\/2000\/svg\" width=\"12\" height=\"12\" fill=\"none\" viewBox=\"0 0 12 12\">\n\t\t\t\t<path fill=\"#fff\" d=\"M2 0a2 2 0 0 0-2 2v2h1.5V2a.5.5 0 0 1 .5-.5h2V0H2Zm2 10.5H2a.5.5 0 0 1-.5-.5V8H0v2a2 2 0 0 0 2 2h2v-1.5ZM8 12v-1.5h2a.5.5 0 0 0 .5-.5V8H12v2a2 2 0 0 1-2 2H8Zm2-12a2 2 0 0 1 2 2v2h-1.5V2a.5.5 0 0 0-.5-.5H8V0h2Z\" \/>\n\t\t\t<\/svg>\n\t\t<\/button><\/figure>\n<\/div>\n\n\n\n<div class=\"wp-block-column is-layout-flow wp-block-column-is-layout-flow\">\n<p class=\"has-light-gray-background-color has-background\"><strong>A-\u00d6BB 73 81 80-90 754-X<br><\/strong>02.06.2020<br>\u00dcbersee<br><em>RJ 865 &#8222;Achensee&#8220;<\/em><br><em>Bregenz &#8211; Wien Hbf<\/em><\/p>\n<\/div>\n<\/div>\n","protected":false},"excerpt":{"rendered":"<p>A-\u00d6BB 73 81 80-90 702-930.10.2023 RosenheimRJX 60Wien Hbf &#8211; M\u00fcnchen Hbf A-\u00d6BB 73 81 80-90 709-106.03.2019 A\u00dfling (Oberbay)RJX 65M\u00fcnchen Hbf &#8211; Budapest Keleti p\u00e1lyaudvar A-\u00d6BB 73 81 80-90 712-816.07.2016 M\u00fcnchen HbfRJ 67M\u00fcnchen Hbf &#8211; Budapest Keleti p\u00e1lyaudvar A-\u00d6BB 73 81 80-90 721-102.06.2020 \u00dcberseeRJX 563Innsbruck Hbf &#8211; Flughafen Wien A-\u00d6BB 73 81 80-90 723-112.04.2018 \u00dcberseeRJ 563Innsbruck &hellip; <a href=\"https:\/\/zug-bilder.de\/?page_id=1033\" class=\"more-link\"><span class=\"screen-reader-text\">A &#8211; Afmpz<\/span> weiterlesen<\/a><\/p>\n","protected":false},"author":1,"featured_media":0,"parent":0,"menu_order":0,"comment_status":"closed","ping_status":"closed","template":"","meta":{"footnotes":""},"class_list":["post-1033","page","type-page","status-publish","hentry"],"_links":{"self":[{"href":"https:\/\/zug-bilder.de\/index.php?rest_route=\/wp\/v2\/pages\/1033","targetHints":{"allow":["GET"]}}],"collection":[{"href":"https:\/\/zug-bilder.de\/index.php?rest_route=\/wp\/v2\/pages"}],"about":[{"href":"https:\/\/zug-bilder.de\/index.php?rest_route=\/wp\/v2\/types\/page"}],"author":[{"embeddable":true,"href":"https:\/\/zug-bilder.de\/index.php?rest_route=\/wp\/v2\/users\/1"}],"replies":[{"embeddable":true,"href":"https:\/\/zug-bilder.de\/index.php?rest_route=%2Fwp%2Fv2%2Fcomments&post=1033"}],"version-history":[{"count":12,"href":"https:\/\/zug-bilder.de\/index.php?rest_route=\/wp\/v2\/pages\/1033\/revisions"}],"predecessor-version":[{"id":6270,"href":"https:\/\/zug-bilder.de\/index.php?rest_route=\/wp\/v2\/pages\/1033\/revisions\/6270"}],"wp:attachment":[{"href":"https:\/\/zug-bilder.de\/index.php?rest_route=%2Fwp%2Fv2%2Fmedia&parent=1033"}],"curies":[{"name":"wp","href":"https:\/\/api.w.org\/{rel}","templated":true}]}}