{"id":1061,"date":"2018-11-10T15:23:47","date_gmt":"2018-11-10T15:23:47","guid":{"rendered":"https:\/\/zug-bilder.de\/?page_id=1061"},"modified":"2020-01-02T20:22:18","modified_gmt":"2020-01-02T20:22:18","slug":"d-dbpbzfa-766-0","status":"publish","type":"page","link":"https:\/\/zug-bilder.de\/?page_id=1061","title":{"rendered":"D &#8211; DBpbzfa 766.0"},"content":{"rendered":"<table style=\"border-collapse: collapse; width: 100%;\" border=\"1\">\n<tbody>\n<tr>\n<td style=\"width: 50%; vertical-align: middle;\"><a href=\"https:\/\/zug-bilder.de\/wp-content\/uploads\/2020\/01\/1000-D-DB-50-80-86-81-046-4_190617_RegensburgHbf_RE4856.jpg\"><img loading=\"lazy\" decoding=\"async\" class=\"alignnone size-medium wp-image-3364\" src=\"https:\/\/zug-bilder.de\/wp-content\/uploads\/2020\/01\/1000-D-DB-50-80-86-81-046-4_190617_RegensburgHbf_RE4856-300x205.jpg\" alt=\"\" width=\"300\" height=\"205\" srcset=\"https:\/\/zug-bilder.de\/wp-content\/uploads\/2020\/01\/1000-D-DB-50-80-86-81-046-4_190617_RegensburgHbf_RE4856-300x205.jpg 300w, https:\/\/zug-bilder.de\/wp-content\/uploads\/2020\/01\/1000-D-DB-50-80-86-81-046-4_190617_RegensburgHbf_RE4856-768x524.jpg 768w, https:\/\/zug-bilder.de\/wp-content\/uploads\/2020\/01\/1000-D-DB-50-80-86-81-046-4_190617_RegensburgHbf_RE4856.jpg 1000w\" sizes=\"auto, (max-width: 300px) 100vw, 300px\" \/><\/a><\/td>\n<td style=\"width: 50%; vertical-align: middle;\"><strong>D-DB 50 80 86-81 046-4<br \/>\n<\/strong>17.06.2019<br \/>\nRegensburg Hbf<br \/>\n<em>RE 4856<\/em><br \/>\n<em>M\u00fcnchen Hbf &#8211; N\u00fcrnberg Hbf<\/em><strong><br \/>\n<\/strong><\/td>\n<\/tr>\n<tr>\n<td style=\"width: 50%; vertical-align: middle;\"><a href=\"https:\/\/zug-bilder.de\/wp-content\/uploads\/2018\/11\/1000-D-DB-50-80-86-81-082-9_070804_FreilassingLokwelt.jpg\"><img loading=\"lazy\" decoding=\"async\" class=\"alignnone size-medium wp-image-1062\" src=\"https:\/\/zug-bilder.de\/wp-content\/uploads\/2018\/11\/1000-D-DB-50-80-86-81-082-9_070804_FreilassingLokwelt-300x205.jpg\" alt=\"\" width=\"300\" height=\"205\" srcset=\"https:\/\/zug-bilder.de\/wp-content\/uploads\/2018\/11\/1000-D-DB-50-80-86-81-082-9_070804_FreilassingLokwelt-300x205.jpg 300w, https:\/\/zug-bilder.de\/wp-content\/uploads\/2018\/11\/1000-D-DB-50-80-86-81-082-9_070804_FreilassingLokwelt-768x524.jpg 768w, https:\/\/zug-bilder.de\/wp-content\/uploads\/2018\/11\/1000-D-DB-50-80-86-81-082-9_070804_FreilassingLokwelt.jpg 1000w\" sizes=\"auto, (max-width: 300px) 100vw, 300px\" \/><\/a><\/td>\n<td style=\"width: 50%; vertical-align: middle;\"><strong>D-DB 50 80 86-81 082-9<br \/>\n<\/strong>04.08.2007<br \/>\nFreilassing Lokwelt<br \/>\n<em>Simbach (Inn) &#8211;<br \/>\nFreilassing Lokwelt &#8211;<br \/>\nSalzburg Hbf<\/em><\/td>\n<\/tr>\n<tr>\n<td style=\"width: 50%; vertical-align: middle;\"><a href=\"https:\/\/zug-bilder.de\/wp-content\/uploads\/2018\/11\/1000-D-DB-50-80-86-81-082-9_160902_M\u00fcnchenOst_RB27057.jpg\"><img loading=\"lazy\" decoding=\"async\" class=\"alignnone size-medium wp-image-1063\" src=\"https:\/\/zug-bilder.de\/wp-content\/uploads\/2018\/11\/1000-D-DB-50-80-86-81-082-9_160902_M\u00fcnchenOst_RB27057-300x205.jpg\" alt=\"\" width=\"300\" height=\"205\" srcset=\"https:\/\/zug-bilder.de\/wp-content\/uploads\/2018\/11\/1000-D-DB-50-80-86-81-082-9_160902_M\u00fcnchenOst_RB27057-300x205.jpg 300w, https:\/\/zug-bilder.de\/wp-content\/uploads\/2018\/11\/1000-D-DB-50-80-86-81-082-9_160902_M\u00fcnchenOst_RB27057-768x524.jpg 768w, https:\/\/zug-bilder.de\/wp-content\/uploads\/2018\/11\/1000-D-DB-50-80-86-81-082-9_160902_M\u00fcnchenOst_RB27057.jpg 1000w\" sizes=\"auto, (max-width: 300px) 100vw, 300px\" \/><\/a><\/td>\n<td style=\"width: 50%; vertical-align: middle;\"><strong>D-DB 50 80 86-81 082-9<br \/>\n<\/strong>02.09.2016<br \/>\nM\u00fcnchen Ost<br \/>\n<em>RB 27057<\/em><br \/>\n<em>M\u00fcnchen Ost &#8211;<br \/>\nM\u00fchldorf (Oberbay)<br \/>\n<\/em><\/td>\n<\/tr>\n<tr>\n<td style=\"width: 50%; vertical-align: middle;\"><a href=\"https:\/\/zug-bilder.de\/wp-content\/uploads\/2018\/11\/1000-D-DB-50-80-86-81-082-9_170517_T\u00f6ging_RE27001.jpg\"><img loading=\"lazy\" decoding=\"async\" class=\"alignnone size-medium wp-image-1064\" src=\"https:\/\/zug-bilder.de\/wp-content\/uploads\/2018\/11\/1000-D-DB-50-80-86-81-082-9_170517_T\u00f6ging_RE27001-300x205.jpg\" alt=\"\" width=\"300\" height=\"205\" srcset=\"https:\/\/zug-bilder.de\/wp-content\/uploads\/2018\/11\/1000-D-DB-50-80-86-81-082-9_170517_T\u00f6ging_RE27001-300x205.jpg 300w, https:\/\/zug-bilder.de\/wp-content\/uploads\/2018\/11\/1000-D-DB-50-80-86-81-082-9_170517_T\u00f6ging_RE27001-768x524.jpg 768w, https:\/\/zug-bilder.de\/wp-content\/uploads\/2018\/11\/1000-D-DB-50-80-86-81-082-9_170517_T\u00f6ging_RE27001.jpg 1000w\" sizes=\"auto, (max-width: 300px) 100vw, 300px\" \/><\/a><\/td>\n<td style=\"width: 50%; vertical-align: middle;\"><strong>D-DB 50 80 86-81 082-9<br \/>\n<\/strong>17.05.2017<br \/>\nT\u00f6ging (Inn)<br \/>\n<em>RE 27001<\/em><br \/>\n<em>M\u00fcnchen Hbf &#8211; Simbach (Inn)<br \/>\n<\/em><\/td>\n<\/tr>\n<\/tbody>\n<\/table>\n","protected":false},"excerpt":{"rendered":"<p>D-DB 50 80 86-81 046-4 17.06.2019 Regensburg Hbf RE 4856 M\u00fcnchen Hbf &#8211; N\u00fcrnberg Hbf D-DB 50 80 86-81 082-9 04.08.2007 Freilassing Lokwelt Simbach (Inn) &#8211; Freilassing Lokwelt &#8211; Salzburg Hbf D-DB 50 80 86-81 082-9 02.09.2016 M\u00fcnchen Ost RB 27057 M\u00fcnchen Ost &#8211; M\u00fchldorf (Oberbay) D-DB 50 80 86-81 082-9 17.05.2017 T\u00f6ging (Inn) RE &hellip; <a href=\"https:\/\/zug-bilder.de\/?page_id=1061\" class=\"more-link\"><span class=\"screen-reader-text\">D &#8211; DBpbzfa 766.0<\/span> weiterlesen<\/a><\/p>\n","protected":false},"author":1,"featured_media":0,"parent":0,"menu_order":0,"comment_status":"closed","ping_status":"closed","template":"","meta":{"footnotes":""},"class_list":["post-1061","page","type-page","status-publish","hentry"],"_links":{"self":[{"href":"https:\/\/zug-bilder.de\/index.php?rest_route=\/wp\/v2\/pages\/1061","targetHints":{"allow":["GET"]}}],"collection":[{"href":"https:\/\/zug-bilder.de\/index.php?rest_route=\/wp\/v2\/pages"}],"about":[{"href":"https:\/\/zug-bilder.de\/index.php?rest_route=\/wp\/v2\/types\/page"}],"author":[{"embeddable":true,"href":"https:\/\/zug-bilder.de\/index.php?rest_route=\/wp\/v2\/users\/1"}],"replies":[{"embeddable":true,"href":"https:\/\/zug-bilder.de\/index.php?rest_route=%2Fwp%2Fv2%2Fcomments&post=1061"}],"version-history":[{"count":4,"href":"https:\/\/zug-bilder.de\/index.php?rest_route=\/wp\/v2\/pages\/1061\/revisions"}],"predecessor-version":[{"id":3366,"href":"https:\/\/zug-bilder.de\/index.php?rest_route=\/wp\/v2\/pages\/1061\/revisions\/3366"}],"wp:attachment":[{"href":"https:\/\/zug-bilder.de\/index.php?rest_route=%2Fwp%2Fv2%2Fmedia&parent=1061"}],"curies":[{"name":"wp","href":"https:\/\/api.w.org\/{rel}","templated":true}]}}