{"id":1091,"date":"2018-11-17T17:21:34","date_gmt":"2018-11-17T17:21:34","guid":{"rendered":"https:\/\/zug-bilder.de\/?page_id=1091"},"modified":"2023-12-30T16:46:47","modified_gmt":"2023-12-30T16:46:47","slug":"91-80-6152","status":"publish","type":"page","link":"https:\/\/zug-bilder.de\/?page_id=1091","title":{"rendered":"91 80 6152"},"content":{"rendered":"<table style=\"border-collapse: collapse; width: 100%;\" border=\"1\">\n<tbody>\n<tr>\n<td style=\"width: 50%; vertical-align: middle;\"><a href=\"https:\/\/zug-bilder.de\/wp-content\/uploads\/2022\/01\/1000-91-80-6152-015-4-D-DB_140627_MuenchenOst.jpg\"><img loading=\"lazy\" decoding=\"async\" class=\"alignnone size-medium wp-image-5097\" src=\"https:\/\/zug-bilder.de\/wp-content\/uploads\/2022\/01\/1000-91-80-6152-015-4-D-DB_140627_MuenchenOst-300x205.jpg\" alt=\"\" width=\"300\" height=\"205\" srcset=\"https:\/\/zug-bilder.de\/wp-content\/uploads\/2022\/01\/1000-91-80-6152-015-4-D-DB_140627_MuenchenOst-300x205.jpg 300w, https:\/\/zug-bilder.de\/wp-content\/uploads\/2022\/01\/1000-91-80-6152-015-4-D-DB_140627_MuenchenOst-768x524.jpg 768w, https:\/\/zug-bilder.de\/wp-content\/uploads\/2022\/01\/1000-91-80-6152-015-4-D-DB_140627_MuenchenOst.jpg 1000w\" sizes=\"auto, (max-width: 300px) 100vw, 300px\" \/><\/a><\/td>\n<td style=\"width: 50%; vertical-align: middle;\"><strong>91 80 6152 015-4 D-DB<br \/>\n<\/strong>27.06.2014<br \/>\n<span style=\"color: #333333;\"><img loading=\"lazy\" decoding=\"async\" class=\"alignnone size-full wp-image-5706\" src=\"https:\/\/zug-bilder.de\/wp-content\/uploads\/2023\/04\/Flagge_Deutschland.jpg\" alt=\"\" width=\"33\" height=\"20\" \/> <\/span>M\u00fcnchen Ost<\/td>\n<\/tr>\n<tr>\n<td style=\"width: 50%; vertical-align: middle;\"><a href=\"https:\/\/zug-bilder.de\/wp-content\/uploads\/2019\/04\/1000-91-80-6152-020-4-D-DB_181029_M\u00fcnchenHeimeranplatz.jpg\"><img loading=\"lazy\" decoding=\"async\" class=\"alignnone wp-image-1656 size-medium\" src=\"https:\/\/zug-bilder.de\/wp-content\/uploads\/2019\/04\/1000-91-80-6152-020-4-D-DB_181029_M\u00fcnchenHeimeranplatz-300x205.jpg\" alt=\"\" width=\"300\" height=\"205\" srcset=\"https:\/\/zug-bilder.de\/wp-content\/uploads\/2019\/04\/1000-91-80-6152-020-4-D-DB_181029_M\u00fcnchenHeimeranplatz-300x205.jpg 300w, https:\/\/zug-bilder.de\/wp-content\/uploads\/2019\/04\/1000-91-80-6152-020-4-D-DB_181029_M\u00fcnchenHeimeranplatz-768x524.jpg 768w, https:\/\/zug-bilder.de\/wp-content\/uploads\/2019\/04\/1000-91-80-6152-020-4-D-DB_181029_M\u00fcnchenHeimeranplatz.jpg 1000w\" sizes=\"auto, (max-width: 300px) 100vw, 300px\" \/><\/a><\/td>\n<td style=\"width: 50%; vertical-align: middle;\"><strong>91 80 6152 020-4 D-DB<br \/>\n<\/strong>29.10.2018<br \/>\n<span style=\"color: #333333;\"><img loading=\"lazy\" decoding=\"async\" class=\"alignnone size-full wp-image-5706\" src=\"https:\/\/zug-bilder.de\/wp-content\/uploads\/2023\/04\/Flagge_Deutschland.jpg\" alt=\"\" width=\"33\" height=\"20\" \/> <\/span>M\u00fcnchen Heimeranplatz<strong><br \/>\n<\/strong><\/td>\n<\/tr>\n<tr>\n<td style=\"width: 50%; vertical-align: middle;\"><a href=\"https:\/\/zug-bilder.de\/wp-content\/uploads\/2022\/08\/1000-91-80-6152-034-5-D-DB_220614_MuenchenHeimeranplatz.jpg\"><img loading=\"lazy\" decoding=\"async\" class=\"alignnone size-medium wp-image-5283\" src=\"https:\/\/zug-bilder.de\/wp-content\/uploads\/2022\/08\/1000-91-80-6152-034-5-D-DB_220614_MuenchenHeimeranplatz-300x205.jpg\" alt=\"\" width=\"300\" height=\"205\" srcset=\"https:\/\/zug-bilder.de\/wp-content\/uploads\/2022\/08\/1000-91-80-6152-034-5-D-DB_220614_MuenchenHeimeranplatz-300x205.jpg 300w, https:\/\/zug-bilder.de\/wp-content\/uploads\/2022\/08\/1000-91-80-6152-034-5-D-DB_220614_MuenchenHeimeranplatz-768x524.jpg 768w, https:\/\/zug-bilder.de\/wp-content\/uploads\/2022\/08\/1000-91-80-6152-034-5-D-DB_220614_MuenchenHeimeranplatz.jpg 1000w\" sizes=\"auto, (max-width: 300px) 100vw, 300px\" \/><\/a><\/td>\n<td style=\"width: 50%; vertical-align: middle;\"><strong>91 80 6152 034-5 D-DB<br \/>\n<\/strong>14.06.2022<br \/>\n<span style=\"color: #333333;\"><img loading=\"lazy\" decoding=\"async\" class=\"alignnone size-full wp-image-5706\" src=\"https:\/\/zug-bilder.de\/wp-content\/uploads\/2023\/04\/Flagge_Deutschland.jpg\" alt=\"\" width=\"33\" height=\"20\" \/> <\/span>M\u00fcnchen Heimeranplatz<\/td>\n<\/tr>\n<tr>\n<td style=\"width: 50%; vertical-align: middle;\"><a href=\"https:\/\/zug-bilder.de\/wp-content\/uploads\/2018\/11\/1000-91-80-6152-057-6-D-DB_160902_M\u00fcnchenHeimeranplatz.jpg\"><img loading=\"lazy\" decoding=\"async\" class=\"alignnone size-medium wp-image-1095\" src=\"https:\/\/zug-bilder.de\/wp-content\/uploads\/2018\/11\/1000-91-80-6152-057-6-D-DB_160902_M\u00fcnchenHeimeranplatz-300x205.jpg\" alt=\"\" width=\"300\" height=\"205\" srcset=\"https:\/\/zug-bilder.de\/wp-content\/uploads\/2018\/11\/1000-91-80-6152-057-6-D-DB_160902_M\u00fcnchenHeimeranplatz-300x205.jpg 300w, https:\/\/zug-bilder.de\/wp-content\/uploads\/2018\/11\/1000-91-80-6152-057-6-D-DB_160902_M\u00fcnchenHeimeranplatz-768x524.jpg 768w, https:\/\/zug-bilder.de\/wp-content\/uploads\/2018\/11\/1000-91-80-6152-057-6-D-DB_160902_M\u00fcnchenHeimeranplatz.jpg 1000w\" sizes=\"auto, (max-width: 300px) 100vw, 300px\" \/><\/a><\/td>\n<td style=\"width: 50%; vertical-align: middle;\"><strong>91 80 6152 057-6 D-DB<br \/>\n<\/strong>02.09.2016<br \/>\n<span style=\"color: #333333;\"><img loading=\"lazy\" decoding=\"async\" class=\"alignnone size-full wp-image-5706\" src=\"https:\/\/zug-bilder.de\/wp-content\/uploads\/2023\/04\/Flagge_Deutschland.jpg\" alt=\"\" width=\"33\" height=\"20\" \/> <\/span>M\u00fcnchen Heimeranplatz<\/td>\n<\/tr>\n<tr>\n<td style=\"width: 50%; vertical-align: middle;\"><a href=\"https:\/\/zug-bilder.de\/wp-content\/uploads\/2022\/11\/1000-91-80-6152-069-1-D-DB_220830_MuenchenHeimeranplatz.jpg\"><img loading=\"lazy\" decoding=\"async\" class=\"alignnone size-medium wp-image-5350\" src=\"https:\/\/zug-bilder.de\/wp-content\/uploads\/2022\/11\/1000-91-80-6152-069-1-D-DB_220830_MuenchenHeimeranplatz-300x205.jpg\" alt=\"\" width=\"300\" height=\"205\" srcset=\"https:\/\/zug-bilder.de\/wp-content\/uploads\/2022\/11\/1000-91-80-6152-069-1-D-DB_220830_MuenchenHeimeranplatz-300x205.jpg 300w, https:\/\/zug-bilder.de\/wp-content\/uploads\/2022\/11\/1000-91-80-6152-069-1-D-DB_220830_MuenchenHeimeranplatz-768x524.jpg 768w, https:\/\/zug-bilder.de\/wp-content\/uploads\/2022\/11\/1000-91-80-6152-069-1-D-DB_220830_MuenchenHeimeranplatz.jpg 1000w\" sizes=\"auto, (max-width: 300px) 100vw, 300px\" \/><\/a><\/td>\n<td style=\"width: 50%; vertical-align: middle;\"><strong>91 80 6152 069-1 D-DB<br \/>\n<\/strong>30.08.2022<br \/>\n<span style=\"color: #333333;\"><img loading=\"lazy\" decoding=\"async\" class=\"alignnone size-full wp-image-5706\" src=\"https:\/\/zug-bilder.de\/wp-content\/uploads\/2023\/04\/Flagge_Deutschland.jpg\" alt=\"\" width=\"33\" height=\"20\" \/> <\/span>M\u00fcnchen Heimeranplatz<\/td>\n<\/tr>\n<tr>\n<td style=\"width: 50%; vertical-align: middle;\"><a href=\"https:\/\/zug-bilder.de\/wp-content\/uploads\/2019\/12\/1000-91-80-6152-088-1-D-DB_190417_M\u00fcnchenHeimeranplatz.jpg\"><img loading=\"lazy\" decoding=\"async\" class=\"alignnone size-medium wp-image-2751\" src=\"https:\/\/zug-bilder.de\/wp-content\/uploads\/2019\/12\/1000-91-80-6152-088-1-D-DB_190417_M\u00fcnchenHeimeranplatz-300x205.jpg\" alt=\"\" width=\"300\" height=\"205\" srcset=\"https:\/\/zug-bilder.de\/wp-content\/uploads\/2019\/12\/1000-91-80-6152-088-1-D-DB_190417_M\u00fcnchenHeimeranplatz-300x205.jpg 300w, https:\/\/zug-bilder.de\/wp-content\/uploads\/2019\/12\/1000-91-80-6152-088-1-D-DB_190417_M\u00fcnchenHeimeranplatz-768x524.jpg 768w, https:\/\/zug-bilder.de\/wp-content\/uploads\/2019\/12\/1000-91-80-6152-088-1-D-DB_190417_M\u00fcnchenHeimeranplatz.jpg 1000w\" sizes=\"auto, (max-width: 300px) 100vw, 300px\" \/><\/a><\/td>\n<td style=\"width: 50%; vertical-align: middle;\"><strong>91 80 6152 088-1 D-DB<br \/>\n<\/strong>17.04.2019<br \/>\n<span style=\"color: #333333;\"><img loading=\"lazy\" decoding=\"async\" class=\"alignnone size-full wp-image-5706\" src=\"https:\/\/zug-bilder.de\/wp-content\/uploads\/2023\/04\/Flagge_Deutschland.jpg\" alt=\"\" width=\"33\" height=\"20\" \/> <\/span>M\u00fcnchen Heimeranplatz<strong><br \/>\n<\/strong><\/td>\n<\/tr>\n<tr>\n<td style=\"width: 50%; vertical-align: middle;\"><a href=\"https:\/\/zug-bilder.de\/wp-content\/uploads\/2019\/10\/1000-91-80-6152-107-9-D-DB_190617_RegensburgHbf.jpg\"><img loading=\"lazy\" decoding=\"async\" class=\"alignnone size-medium wp-image-2261\" src=\"https:\/\/zug-bilder.de\/wp-content\/uploads\/2019\/10\/1000-91-80-6152-107-9-D-DB_190617_RegensburgHbf-300x205.jpg\" alt=\"\" width=\"300\" height=\"205\" srcset=\"https:\/\/zug-bilder.de\/wp-content\/uploads\/2019\/10\/1000-91-80-6152-107-9-D-DB_190617_RegensburgHbf-300x205.jpg 300w, https:\/\/zug-bilder.de\/wp-content\/uploads\/2019\/10\/1000-91-80-6152-107-9-D-DB_190617_RegensburgHbf-768x524.jpg 768w, https:\/\/zug-bilder.de\/wp-content\/uploads\/2019\/10\/1000-91-80-6152-107-9-D-DB_190617_RegensburgHbf.jpg 1000w\" sizes=\"auto, (max-width: 300px) 100vw, 300px\" \/><\/a><\/td>\n<td style=\"width: 50%; vertical-align: middle;\"><strong>91 80 6152 107-9 D-DB<br \/>\n<\/strong>17.06.2019<br \/>\n<span style=\"color: #333333;\"><img loading=\"lazy\" decoding=\"async\" class=\"alignnone size-full wp-image-5706\" src=\"https:\/\/zug-bilder.de\/wp-content\/uploads\/2023\/04\/Flagge_Deutschland.jpg\" alt=\"\" width=\"33\" height=\"20\" \/> <\/span>Regensburg Hbf<strong><br \/>\n<\/strong><\/td>\n<\/tr>\n<tr>\n<td style=\"width: 50%; vertical-align: middle;\"><a href=\"https:\/\/zug-bilder.de\/wp-content\/uploads\/2018\/11\/1000-91-80-6152-125-1-D-DB_160518_M\u00fcnchenHeimeranplatz.jpg\"><img loading=\"lazy\" decoding=\"async\" class=\"alignnone size-medium wp-image-1097\" src=\"https:\/\/zug-bilder.de\/wp-content\/uploads\/2018\/11\/1000-91-80-6152-125-1-D-DB_160518_M\u00fcnchenHeimeranplatz-300x205.jpg\" alt=\"\" width=\"300\" height=\"205\" srcset=\"https:\/\/zug-bilder.de\/wp-content\/uploads\/2018\/11\/1000-91-80-6152-125-1-D-DB_160518_M\u00fcnchenHeimeranplatz-300x205.jpg 300w, https:\/\/zug-bilder.de\/wp-content\/uploads\/2018\/11\/1000-91-80-6152-125-1-D-DB_160518_M\u00fcnchenHeimeranplatz-768x524.jpg 768w, https:\/\/zug-bilder.de\/wp-content\/uploads\/2018\/11\/1000-91-80-6152-125-1-D-DB_160518_M\u00fcnchenHeimeranplatz.jpg 1000w\" sizes=\"auto, (max-width: 300px) 100vw, 300px\" \/><\/a><\/td>\n<td style=\"width: 50%; vertical-align: middle;\"><strong>91 80 6152 125-1 D-DB<br \/>\n<\/strong>18.05.2016<br \/>\n<span style=\"color: #333333;\"><img loading=\"lazy\" decoding=\"async\" class=\"alignnone size-full wp-image-5706\" src=\"https:\/\/zug-bilder.de\/wp-content\/uploads\/2023\/04\/Flagge_Deutschland.jpg\" alt=\"\" width=\"33\" height=\"20\" \/> <\/span>M\u00fcnchen Heimeranplatz<\/td>\n<\/tr>\n<tr>\n<td style=\"width: 50%; vertical-align: middle;\"><a href=\"https:\/\/zug-bilder.de\/wp-content\/uploads\/2018\/11\/1000-91-80-6152-130-1-D-DB_150409_M\u00fcnchenHeimeranplatz.jpg\"><img loading=\"lazy\" decoding=\"async\" class=\"alignnone size-medium wp-image-1099\" src=\"https:\/\/zug-bilder.de\/wp-content\/uploads\/2018\/11\/1000-91-80-6152-130-1-D-DB_150409_M\u00fcnchenHeimeranplatz-300x205.jpg\" alt=\"\" width=\"300\" height=\"205\" srcset=\"https:\/\/zug-bilder.de\/wp-content\/uploads\/2018\/11\/1000-91-80-6152-130-1-D-DB_150409_M\u00fcnchenHeimeranplatz-300x205.jpg 300w, https:\/\/zug-bilder.de\/wp-content\/uploads\/2018\/11\/1000-91-80-6152-130-1-D-DB_150409_M\u00fcnchenHeimeranplatz-768x524.jpg 768w, https:\/\/zug-bilder.de\/wp-content\/uploads\/2018\/11\/1000-91-80-6152-130-1-D-DB_150409_M\u00fcnchenHeimeranplatz.jpg 1000w\" sizes=\"auto, (max-width: 300px) 100vw, 300px\" \/><\/a><\/td>\n<td style=\"width: 50%; vertical-align: middle;\"><strong>91 80 6152 130-1 D-DB<br \/>\n<\/strong>09.04.2015<br \/>\n<span style=\"color: #333333;\"><img loading=\"lazy\" decoding=\"async\" class=\"alignnone size-full wp-image-5706\" src=\"https:\/\/zug-bilder.de\/wp-content\/uploads\/2023\/04\/Flagge_Deutschland.jpg\" alt=\"\" width=\"33\" height=\"20\" \/> <\/span>M\u00fcnchen Heimeranplatz<\/td>\n<\/tr>\n<tr>\n<td style=\"width: 50%; vertical-align: middle;\"><a href=\"https:\/\/zug-bilder.de\/wp-content\/uploads\/2019\/08\/1000-91-80-6152-135-0-D-DB_110311_M\u00fcnchenHeimeranplatz.jpg\"><img loading=\"lazy\" decoding=\"async\" class=\"alignnone size-medium wp-image-2085\" src=\"https:\/\/zug-bilder.de\/wp-content\/uploads\/2019\/08\/1000-91-80-6152-135-0-D-DB_110311_M\u00fcnchenHeimeranplatz-300x205.jpg\" alt=\"\" width=\"300\" height=\"205\" srcset=\"https:\/\/zug-bilder.de\/wp-content\/uploads\/2019\/08\/1000-91-80-6152-135-0-D-DB_110311_M\u00fcnchenHeimeranplatz-300x205.jpg 300w, https:\/\/zug-bilder.de\/wp-content\/uploads\/2019\/08\/1000-91-80-6152-135-0-D-DB_110311_M\u00fcnchenHeimeranplatz-768x524.jpg 768w, https:\/\/zug-bilder.de\/wp-content\/uploads\/2019\/08\/1000-91-80-6152-135-0-D-DB_110311_M\u00fcnchenHeimeranplatz.jpg 1000w\" sizes=\"auto, (max-width: 300px) 100vw, 300px\" \/><\/a><\/td>\n<td style=\"width: 50%; vertical-align: middle;\"><strong>91 80 6152 135-0 D-DB<br \/>\n<\/strong>11.03.2011<br \/>\n<span style=\"color: #333333;\"><img loading=\"lazy\" decoding=\"async\" class=\"alignnone size-full wp-image-5706\" src=\"https:\/\/zug-bilder.de\/wp-content\/uploads\/2023\/04\/Flagge_Deutschland.jpg\" alt=\"\" width=\"33\" height=\"20\" \/> <\/span>M\u00fcnchen Heimeranplatz<strong><br \/>\n<\/strong><\/td>\n<\/tr>\n<tr>\n<td style=\"width: 50%; vertical-align: middle;\"><a href=\"https:\/\/zug-bilder.de\/wp-content\/uploads\/2022\/11\/1000-91-80-6152-142-6-D-DB_220830_MuenchenHeimeranplatz.jpg\"><img loading=\"lazy\" decoding=\"async\" class=\"alignnone size-medium wp-image-5373\" src=\"https:\/\/zug-bilder.de\/wp-content\/uploads\/2022\/11\/1000-91-80-6152-142-6-D-DB_220830_MuenchenHeimeranplatz-300x205.jpg\" alt=\"\" width=\"300\" height=\"205\" srcset=\"https:\/\/zug-bilder.de\/wp-content\/uploads\/2022\/11\/1000-91-80-6152-142-6-D-DB_220830_MuenchenHeimeranplatz-300x205.jpg 300w, https:\/\/zug-bilder.de\/wp-content\/uploads\/2022\/11\/1000-91-80-6152-142-6-D-DB_220830_MuenchenHeimeranplatz-768x524.jpg 768w, https:\/\/zug-bilder.de\/wp-content\/uploads\/2022\/11\/1000-91-80-6152-142-6-D-DB_220830_MuenchenHeimeranplatz.jpg 1000w\" sizes=\"auto, (max-width: 300px) 100vw, 300px\" \/><\/a><\/td>\n<td style=\"width: 50%; vertical-align: middle;\"><strong>91 80 6152 142-6 D-DB<br \/>\n<\/strong>30.08.2022<br \/>\n<span style=\"color: #333333;\"><img loading=\"lazy\" decoding=\"async\" class=\"alignnone size-full wp-image-5706\" src=\"https:\/\/zug-bilder.de\/wp-content\/uploads\/2023\/04\/Flagge_Deutschland.jpg\" alt=\"\" width=\"33\" height=\"20\" \/> <\/span>M\u00fcnchen Heimeranplatz<\/td>\n<\/tr>\n<tr>\n<td style=\"width: 50%; vertical-align: middle;\"><a href=\"https:\/\/zug-bilder.de\/wp-content\/uploads\/2022\/12\/1000-91-80-6152-142-6-D-DB_220830_MuenchenHeimeranplatz_2.jpg\"><img loading=\"lazy\" decoding=\"async\" class=\"alignnone size-medium wp-image-5412\" src=\"https:\/\/zug-bilder.de\/wp-content\/uploads\/2022\/12\/1000-91-80-6152-142-6-D-DB_220830_MuenchenHeimeranplatz_2-300x205.jpg\" alt=\"\" width=\"300\" height=\"205\" srcset=\"https:\/\/zug-bilder.de\/wp-content\/uploads\/2022\/12\/1000-91-80-6152-142-6-D-DB_220830_MuenchenHeimeranplatz_2-300x205.jpg 300w, https:\/\/zug-bilder.de\/wp-content\/uploads\/2022\/12\/1000-91-80-6152-142-6-D-DB_220830_MuenchenHeimeranplatz_2-768x524.jpg 768w, https:\/\/zug-bilder.de\/wp-content\/uploads\/2022\/12\/1000-91-80-6152-142-6-D-DB_220830_MuenchenHeimeranplatz_2.jpg 1000w\" sizes=\"auto, (max-width: 300px) 100vw, 300px\" \/><\/a><\/td>\n<td style=\"width: 50%; vertical-align: middle;\"><strong>91 80 6152 142-6 D-DB<br \/>\n<\/strong>30.08.2022<br \/>\n<span style=\"color: #333333;\"><img loading=\"lazy\" decoding=\"async\" class=\"alignnone size-full wp-image-5706\" src=\"https:\/\/zug-bilder.de\/wp-content\/uploads\/2023\/04\/Flagge_Deutschland.jpg\" alt=\"\" width=\"33\" height=\"20\" \/> <\/span>M\u00fcnchen Heimeranplatz<\/td>\n<\/tr>\n<tr>\n<td style=\"width: 50%; vertical-align: middle;\"><a href=\"https:\/\/zug-bilder.de\/wp-content\/uploads\/2018\/11\/1000-91-80-6152-149-1-D-DB_160114_M\u00fcnchenHeimeranplatz.jpg\"><img loading=\"lazy\" decoding=\"async\" class=\"alignnone size-medium wp-image-1101\" src=\"https:\/\/zug-bilder.de\/wp-content\/uploads\/2018\/11\/1000-91-80-6152-149-1-D-DB_160114_M\u00fcnchenHeimeranplatz-300x205.jpg\" alt=\"\" width=\"300\" height=\"205\" srcset=\"https:\/\/zug-bilder.de\/wp-content\/uploads\/2018\/11\/1000-91-80-6152-149-1-D-DB_160114_M\u00fcnchenHeimeranplatz-300x205.jpg 300w, https:\/\/zug-bilder.de\/wp-content\/uploads\/2018\/11\/1000-91-80-6152-149-1-D-DB_160114_M\u00fcnchenHeimeranplatz-768x524.jpg 768w, https:\/\/zug-bilder.de\/wp-content\/uploads\/2018\/11\/1000-91-80-6152-149-1-D-DB_160114_M\u00fcnchenHeimeranplatz.jpg 1000w\" sizes=\"auto, (max-width: 300px) 100vw, 300px\" \/><\/a><\/td>\n<td style=\"width: 50%; vertical-align: middle;\"><strong>91 80 6152 149-1 D-DB<br \/>\n<\/strong>14.01.2016<br \/>\n<span style=\"color: #333333;\"><img loading=\"lazy\" decoding=\"async\" class=\"alignnone size-full wp-image-5706\" src=\"https:\/\/zug-bilder.de\/wp-content\/uploads\/2023\/04\/Flagge_Deutschland.jpg\" alt=\"\" width=\"33\" height=\"20\" \/> <\/span>M\u00fcnchen Heimeranplatz<\/td>\n<\/tr>\n<tr>\n<td style=\"width: 50%; vertical-align: middle;\"><a href=\"https:\/\/zug-bilder.de\/wp-content\/uploads\/2018\/11\/1000-91-80-6152-150-9-D-DB_181029_M\u00fcnchenHeimeranplatz.jpg\"><img loading=\"lazy\" decoding=\"async\" class=\"alignnone size-medium wp-image-1092\" src=\"https:\/\/zug-bilder.de\/wp-content\/uploads\/2018\/11\/1000-91-80-6152-150-9-D-DB_181029_M\u00fcnchenHeimeranplatz-300x205.jpg\" alt=\"\" width=\"300\" height=\"205\" srcset=\"https:\/\/zug-bilder.de\/wp-content\/uploads\/2018\/11\/1000-91-80-6152-150-9-D-DB_181029_M\u00fcnchenHeimeranplatz-300x205.jpg 300w, https:\/\/zug-bilder.de\/wp-content\/uploads\/2018\/11\/1000-91-80-6152-150-9-D-DB_181029_M\u00fcnchenHeimeranplatz-768x524.jpg 768w, https:\/\/zug-bilder.de\/wp-content\/uploads\/2018\/11\/1000-91-80-6152-150-9-D-DB_181029_M\u00fcnchenHeimeranplatz.jpg 1000w\" sizes=\"auto, (max-width: 300px) 100vw, 300px\" \/><\/a><\/td>\n<td style=\"width: 50%; vertical-align: middle;\"><strong>91 80 6152 150-9 D-DB<br \/>\n<\/strong>29.10.2018<br \/>\n<span style=\"color: #333333;\"><img loading=\"lazy\" decoding=\"async\" class=\"alignnone size-full wp-image-5706\" src=\"https:\/\/zug-bilder.de\/wp-content\/uploads\/2023\/04\/Flagge_Deutschland.jpg\" alt=\"\" width=\"33\" height=\"20\" \/> <\/span>M\u00fcnchen Heimeranplatz<\/td>\n<\/tr>\n<tr>\n<td style=\"width: 50%; vertical-align: middle;\"><a href=\"https:\/\/zug-bilder.de\/wp-content\/uploads\/2019\/06\/1000-91-80-6152-152-5-D-DB_190417_M\u00fcnchenHeimeranplatz.jpg\"><img loading=\"lazy\" decoding=\"async\" class=\"alignnone size-medium wp-image-1895\" src=\"https:\/\/zug-bilder.de\/wp-content\/uploads\/2019\/06\/1000-91-80-6152-152-5-D-DB_190417_M\u00fcnchenHeimeranplatz-300x205.jpg\" alt=\"\" width=\"300\" height=\"205\" srcset=\"https:\/\/zug-bilder.de\/wp-content\/uploads\/2019\/06\/1000-91-80-6152-152-5-D-DB_190417_M\u00fcnchenHeimeranplatz-300x205.jpg 300w, https:\/\/zug-bilder.de\/wp-content\/uploads\/2019\/06\/1000-91-80-6152-152-5-D-DB_190417_M\u00fcnchenHeimeranplatz-768x524.jpg 768w, https:\/\/zug-bilder.de\/wp-content\/uploads\/2019\/06\/1000-91-80-6152-152-5-D-DB_190417_M\u00fcnchenHeimeranplatz.jpg 1000w\" sizes=\"auto, (max-width: 300px) 100vw, 300px\" \/><\/a><\/td>\n<td style=\"width: 50%; vertical-align: middle;\"><strong>91 80 6152 152-5 D-DB<br \/>\n<\/strong>17.04.2019<br \/>\n<span style=\"color: #333333;\"><img loading=\"lazy\" decoding=\"async\" class=\"alignnone size-full wp-image-5706\" src=\"https:\/\/zug-bilder.de\/wp-content\/uploads\/2023\/04\/Flagge_Deutschland.jpg\" alt=\"\" width=\"33\" height=\"20\" \/> <\/span>M\u00fcnchen Heimeranplatz<strong><br \/>\n<\/strong><\/td>\n<\/tr>\n<tr>\n<td style=\"width: 50%; vertical-align: middle;\"><a href=\"https:\/\/zug-bilder.de\/wp-content\/uploads\/2022\/11\/1000-91-80-6152-159-0-D-DB_220830_MuenchenHeimeranplatz.jpg\"><img loading=\"lazy\" decoding=\"async\" class=\"alignnone size-medium wp-image-5397\" src=\"https:\/\/zug-bilder.de\/wp-content\/uploads\/2022\/11\/1000-91-80-6152-159-0-D-DB_220830_MuenchenHeimeranplatz-300x205.jpg\" alt=\"\" width=\"300\" height=\"205\" srcset=\"https:\/\/zug-bilder.de\/wp-content\/uploads\/2022\/11\/1000-91-80-6152-159-0-D-DB_220830_MuenchenHeimeranplatz-300x205.jpg 300w, https:\/\/zug-bilder.de\/wp-content\/uploads\/2022\/11\/1000-91-80-6152-159-0-D-DB_220830_MuenchenHeimeranplatz-768x524.jpg 768w, https:\/\/zug-bilder.de\/wp-content\/uploads\/2022\/11\/1000-91-80-6152-159-0-D-DB_220830_MuenchenHeimeranplatz.jpg 1000w\" sizes=\"auto, (max-width: 300px) 100vw, 300px\" \/><\/a><\/td>\n<td style=\"width: 50%; vertical-align: middle;\"><strong>91 80 6152 159-0 D-DB<br \/>\n<\/strong>30.08.2022<br \/>\n<span style=\"color: #333333;\"><img loading=\"lazy\" decoding=\"async\" class=\"alignnone size-full wp-image-5706\" src=\"https:\/\/zug-bilder.de\/wp-content\/uploads\/2023\/04\/Flagge_Deutschland.jpg\" alt=\"\" width=\"33\" height=\"20\" \/> <\/span>M\u00fcnchen Heimeranplatz<\/td>\n<\/tr>\n<\/tbody>\n<\/table>\n","protected":false},"excerpt":{"rendered":"<p>91 80 6152 015-4 D-DB 27.06.2014 M\u00fcnchen Ost 91 80 6152 020-4 D-DB 29.10.2018 M\u00fcnchen Heimeranplatz 91 80 6152 034-5 D-DB 14.06.2022 M\u00fcnchen Heimeranplatz 91 80 6152 057-6 D-DB 02.09.2016 M\u00fcnchen Heimeranplatz 91 80 6152 069-1 D-DB 30.08.2022 M\u00fcnchen Heimeranplatz 91 80 6152 088-1 D-DB 17.04.2019 M\u00fcnchen Heimeranplatz 91 80 6152 107-9 D-DB 17.06.2019 Regensburg &hellip; <a href=\"https:\/\/zug-bilder.de\/?page_id=1091\" class=\"more-link\"><span class=\"screen-reader-text\">91 80 6152<\/span> weiterlesen<\/a><\/p>\n","protected":false},"author":1,"featured_media":0,"parent":0,"menu_order":0,"comment_status":"closed","ping_status":"closed","template":"","meta":{"footnotes":""},"class_list":["post-1091","page","type-page","status-publish","hentry"],"_links":{"self":[{"href":"https:\/\/zug-bilder.de\/index.php?rest_route=\/wp\/v2\/pages\/1091","targetHints":{"allow":["GET"]}}],"collection":[{"href":"https:\/\/zug-bilder.de\/index.php?rest_route=\/wp\/v2\/pages"}],"about":[{"href":"https:\/\/zug-bilder.de\/index.php?rest_route=\/wp\/v2\/types\/page"}],"author":[{"embeddable":true,"href":"https:\/\/zug-bilder.de\/index.php?rest_route=\/wp\/v2\/users\/1"}],"replies":[{"embeddable":true,"href":"https:\/\/zug-bilder.de\/index.php?rest_route=%2Fwp%2Fv2%2Fcomments&post=1091"}],"version-history":[{"count":18,"href":"https:\/\/zug-bilder.de\/index.php?rest_route=\/wp\/v2\/pages\/1091\/revisions"}],"predecessor-version":[{"id":5947,"href":"https:\/\/zug-bilder.de\/index.php?rest_route=\/wp\/v2\/pages\/1091\/revisions\/5947"}],"wp:attachment":[{"href":"https:\/\/zug-bilder.de\/index.php?rest_route=%2Fwp%2Fv2%2Fmedia&parent=1091"}],"curies":[{"name":"wp","href":"https:\/\/api.w.org\/{rel}","templated":true}]}}