{"id":1147,"date":"2018-12-11T17:32:11","date_gmt":"2018-12-11T17:32:11","guid":{"rendered":"https:\/\/zug-bilder.de\/?page_id=1147"},"modified":"2019-11-02T19:18:18","modified_gmt":"2019-11-02T19:18:18","slug":"d-dbpza-752-1","status":"publish","type":"page","link":"https:\/\/zug-bilder.de\/?page_id=1147","title":{"rendered":"D &#8211; DBpza 752.1"},"content":{"rendered":"<table style=\"border-collapse: collapse; width: 100%;\" border=\"1\">\n<tbody>\n<tr>\n<td style=\"width: 50%; vertical-align: middle;\"><a href=\"https:\/\/zug-bilder.de\/wp-content\/uploads\/2019\/11\/1000-D-DB-50-80-26-35-347-6_190812_M\u00fcnchenHbf_RE4074.jpg\"><img loading=\"lazy\" decoding=\"async\" class=\"alignnone size-medium wp-image-2541\" src=\"https:\/\/zug-bilder.de\/wp-content\/uploads\/2019\/11\/1000-D-DB-50-80-26-35-347-6_190812_M\u00fcnchenHbf_RE4074-300x205.jpg\" alt=\"\" width=\"300\" height=\"205\" srcset=\"https:\/\/zug-bilder.de\/wp-content\/uploads\/2019\/11\/1000-D-DB-50-80-26-35-347-6_190812_M\u00fcnchenHbf_RE4074-300x205.jpg 300w, https:\/\/zug-bilder.de\/wp-content\/uploads\/2019\/11\/1000-D-DB-50-80-26-35-347-6_190812_M\u00fcnchenHbf_RE4074-768x524.jpg 768w, https:\/\/zug-bilder.de\/wp-content\/uploads\/2019\/11\/1000-D-DB-50-80-26-35-347-6_190812_M\u00fcnchenHbf_RE4074.jpg 1000w\" sizes=\"auto, (max-width: 300px) 100vw, 300px\" \/><\/a><\/td>\n<td style=\"width: 50%; vertical-align: middle;\"><strong>D-DB 50 80 26-35 347-6<br \/>\n<\/strong>12.08.2019<br \/>\nM\u00fcnchen Hbf<br \/>\n<em>RB 4074<\/em><br \/>\n<em>M\u00fcnchen Hbf &#8211; Passau Hbf<\/em><strong><br \/>\n<\/strong><\/td>\n<\/tr>\n<tr>\n<td style=\"width: 50%; vertical-align: middle;\"><a href=\"https:\/\/zug-bilder.de\/wp-content\/uploads\/2018\/12\/1000-D-DB-50-80-26-35-352-6_181029_M\u00fcnchenHbf_RE57092.jpg\"><img loading=\"lazy\" decoding=\"async\" class=\"alignnone wp-image-1148 size-medium\" src=\"https:\/\/zug-bilder.de\/wp-content\/uploads\/2018\/12\/1000-D-DB-50-80-26-35-352-6_181029_M\u00fcnchenHbf_RE57092-300x205.jpg\" alt=\"\" width=\"300\" height=\"205\" srcset=\"https:\/\/zug-bilder.de\/wp-content\/uploads\/2018\/12\/1000-D-DB-50-80-26-35-352-6_181029_M\u00fcnchenHbf_RE57092-300x205.jpg 300w, https:\/\/zug-bilder.de\/wp-content\/uploads\/2018\/12\/1000-D-DB-50-80-26-35-352-6_181029_M\u00fcnchenHbf_RE57092-768x524.jpg 768w, https:\/\/zug-bilder.de\/wp-content\/uploads\/2018\/12\/1000-D-DB-50-80-26-35-352-6_181029_M\u00fcnchenHbf_RE57092.jpg 1000w\" sizes=\"auto, (max-width: 300px) 100vw, 300px\" \/><\/a><\/td>\n<td style=\"width: 50%; vertical-align: middle;\"><strong>D-DB 50 80 26-35 352-6<br \/>\n<\/strong>29.10.2018<br \/>\nM\u00fcnchen Hbf<br \/>\n<em>RE 57092<br \/>\nM\u00fcnchen Hbf &#8211; Donaw\u00f6rth<\/em><\/td>\n<\/tr>\n<\/tbody>\n<\/table>\n","protected":false},"excerpt":{"rendered":"<p>D-DB 50 80 26-35 347-6 12.08.2019 M\u00fcnchen Hbf RB 4074 M\u00fcnchen Hbf &#8211; Passau Hbf D-DB 50 80 26-35 352-6 29.10.2018 M\u00fcnchen Hbf RE 57092 M\u00fcnchen Hbf &#8211; Donaw\u00f6rth<\/p>\n","protected":false},"author":1,"featured_media":0,"parent":0,"menu_order":0,"comment_status":"closed","ping_status":"closed","template":"","meta":{"footnotes":""},"class_list":["post-1147","page","type-page","status-publish","hentry"],"_links":{"self":[{"href":"https:\/\/zug-bilder.de\/index.php?rest_route=\/wp\/v2\/pages\/1147","targetHints":{"allow":["GET"]}}],"collection":[{"href":"https:\/\/zug-bilder.de\/index.php?rest_route=\/wp\/v2\/pages"}],"about":[{"href":"https:\/\/zug-bilder.de\/index.php?rest_route=\/wp\/v2\/types\/page"}],"author":[{"embeddable":true,"href":"https:\/\/zug-bilder.de\/index.php?rest_route=\/wp\/v2\/users\/1"}],"replies":[{"embeddable":true,"href":"https:\/\/zug-bilder.de\/index.php?rest_route=%2Fwp%2Fv2%2Fcomments&post=1147"}],"version-history":[{"count":3,"href":"https:\/\/zug-bilder.de\/index.php?rest_route=\/wp\/v2\/pages\/1147\/revisions"}],"predecessor-version":[{"id":2543,"href":"https:\/\/zug-bilder.de\/index.php?rest_route=\/wp\/v2\/pages\/1147\/revisions\/2543"}],"wp:attachment":[{"href":"https:\/\/zug-bilder.de\/index.php?rest_route=%2Fwp%2Fv2%2Fmedia&parent=1147"}],"curies":[{"name":"wp","href":"https:\/\/api.w.org\/{rel}","templated":true}]}}