{"id":1159,"date":"2018-12-16T15:47:41","date_gmt":"2018-12-16T15:47:41","guid":{"rendered":"https:\/\/zug-bilder.de\/?page_id=1159"},"modified":"2019-03-09T19:06:38","modified_gmt":"2019-03-09T19:06:38","slug":"d-abvmz","status":"publish","type":"page","link":"https:\/\/zug-bilder.de\/?page_id=1159","title":{"rendered":"D &#8211; ABvmz"},"content":{"rendered":"<table style=\"border-collapse: collapse; width: 100%;\" border=\"1\">\n<tbody>\n<tr>\n<td style=\"width: 50%; vertical-align: middle;\"><a href=\"https:\/\/zug-bilder.de\/wp-content\/uploads\/2018\/12\/1000-D-VBG-56-80-39-90-508-4_140321_M\u00fcncheHbf_ALX84123.jpg\"><img loading=\"lazy\" decoding=\"async\" class=\"alignnone size-medium wp-image-1209\" src=\"https:\/\/zug-bilder.de\/wp-content\/uploads\/2018\/12\/1000-D-VBG-56-80-39-90-508-4_140321_M\u00fcncheHbf_ALX84123-300x205.jpg\" alt=\"\" width=\"300\" height=\"205\" srcset=\"https:\/\/zug-bilder.de\/wp-content\/uploads\/2018\/12\/1000-D-VBG-56-80-39-90-508-4_140321_M\u00fcncheHbf_ALX84123-300x205.jpg 300w, https:\/\/zug-bilder.de\/wp-content\/uploads\/2018\/12\/1000-D-VBG-56-80-39-90-508-4_140321_M\u00fcncheHbf_ALX84123-768x524.jpg 768w, https:\/\/zug-bilder.de\/wp-content\/uploads\/2018\/12\/1000-D-VBG-56-80-39-90-508-4_140321_M\u00fcncheHbf_ALX84123.jpg 1000w\" sizes=\"auto, (max-width: 300px) 100vw, 300px\" \/><\/a><\/td>\n<td style=\"width: 50%; vertical-align: middle;\"><strong>D-VBG 56 80 39-90 508-4<br \/>\n<\/strong>21.03.2014<br \/>\nM\u00fcnchen Hbf<br \/>\n<em>ALX 84123<br \/>\nRegensburg Hbf &#8211; M\u00fcnchen Hbf<\/em><\/td>\n<\/tr>\n<tr>\n<td style=\"width: 50%; vertical-align: middle;\"><a href=\"https:\/\/zug-bilder.de\/wp-content\/uploads\/2018\/12\/1000-D-DLB-56-80-39-95-509-7_170729_M\u00fcncheHbf_ALX84143.jpg\"><img loading=\"lazy\" decoding=\"async\" class=\"alignnone size-medium wp-image-1161\" src=\"https:\/\/zug-bilder.de\/wp-content\/uploads\/2018\/12\/1000-D-DLB-56-80-39-95-509-7_170729_M\u00fcncheHbf_ALX84143-300x205.jpg\" alt=\"\" width=\"300\" height=\"205\" srcset=\"https:\/\/zug-bilder.de\/wp-content\/uploads\/2018\/12\/1000-D-DLB-56-80-39-95-509-7_170729_M\u00fcncheHbf_ALX84143-300x205.jpg 300w, https:\/\/zug-bilder.de\/wp-content\/uploads\/2018\/12\/1000-D-DLB-56-80-39-95-509-7_170729_M\u00fcncheHbf_ALX84143-768x524.jpg 768w, https:\/\/zug-bilder.de\/wp-content\/uploads\/2018\/12\/1000-D-DLB-56-80-39-95-509-7_170729_M\u00fcncheHbf_ALX84143.jpg 1000w\" sizes=\"auto, (max-width: 300px) 100vw, 300px\" \/><\/a><\/td>\n<td style=\"width: 50%; vertical-align: middle;\"><strong>D-DLB 56 80 39-95 509-7<br \/>\n<\/strong>29.07.2017<br \/>\nM\u00fcnchen Hbf<br \/>\n<em>ALX 84143<\/em><br \/>\n<em>Lindau Hbf &#8211; M\u00fcnchen Hbf<\/em><\/td>\n<\/tr>\n<tr>\n<td style=\"width: 50%; vertical-align: middle;\"><a href=\"https:\/\/zug-bilder.de\/wp-content\/uploads\/2018\/12\/1000-D-VBG-56-80-39-95-516-2_151107_M\u00fcncheHbf_ALX84116.jpg\"><img loading=\"lazy\" decoding=\"async\" class=\"alignnone size-medium wp-image-1163\" src=\"https:\/\/zug-bilder.de\/wp-content\/uploads\/2018\/12\/1000-D-VBG-56-80-39-95-516-2_151107_M\u00fcncheHbf_ALX84116-300x205.jpg\" alt=\"\" width=\"300\" height=\"205\" srcset=\"https:\/\/zug-bilder.de\/wp-content\/uploads\/2018\/12\/1000-D-VBG-56-80-39-95-516-2_151107_M\u00fcncheHbf_ALX84116-300x205.jpg 300w, https:\/\/zug-bilder.de\/wp-content\/uploads\/2018\/12\/1000-D-VBG-56-80-39-95-516-2_151107_M\u00fcncheHbf_ALX84116-768x524.jpg 768w, https:\/\/zug-bilder.de\/wp-content\/uploads\/2018\/12\/1000-D-VBG-56-80-39-95-516-2_151107_M\u00fcncheHbf_ALX84116.jpg 1000w\" sizes=\"auto, (max-width: 300px) 100vw, 300px\" \/><\/a><\/td>\n<td style=\"width: 50%; vertical-align: middle;\"><strong>D-VBG 56 80 39-95 516-2<br \/>\n<\/strong>07.11.2015<br \/>\nM\u00fcnchen Hbf<br \/>\n<em>ALX 84116<\/em><br \/>\n<em>M\u00fcnchen Hbf &#8211; Hof Hbf<\/em><strong><em><br \/>\n<\/em><\/strong><\/td>\n<\/tr>\n<tr>\n<td style=\"width: 50%; vertical-align: middle;\"><a href=\"https:\/\/zug-bilder.de\/wp-content\/uploads\/2018\/12\/1000-D-DLB-56-80-39-95-520-4_170729_M\u00fcncheHbf_ALX84143.jpg\"><img loading=\"lazy\" decoding=\"async\" class=\"alignnone size-medium wp-image-1162\" src=\"https:\/\/zug-bilder.de\/wp-content\/uploads\/2018\/12\/1000-D-DLB-56-80-39-95-520-4_170729_M\u00fcncheHbf_ALX84143-300x205.jpg\" alt=\"\" width=\"300\" height=\"205\" srcset=\"https:\/\/zug-bilder.de\/wp-content\/uploads\/2018\/12\/1000-D-DLB-56-80-39-95-520-4_170729_M\u00fcncheHbf_ALX84143-300x205.jpg 300w, https:\/\/zug-bilder.de\/wp-content\/uploads\/2018\/12\/1000-D-DLB-56-80-39-95-520-4_170729_M\u00fcncheHbf_ALX84143-768x524.jpg 768w, https:\/\/zug-bilder.de\/wp-content\/uploads\/2018\/12\/1000-D-DLB-56-80-39-95-520-4_170729_M\u00fcncheHbf_ALX84143.jpg 1000w\" sizes=\"auto, (max-width: 300px) 100vw, 300px\" \/><\/a><\/td>\n<td style=\"width: 50%; vertical-align: middle;\"><strong>D-DLB 56 80 39-95 520-4<br \/>\n<\/strong>29.07.2017<br \/>\nM\u00fcnchen Hbf<br \/>\n<em>ALX 84143<\/em><br \/>\n<em>Oberstdorf &#8211; M\u00fcnchen Hbf<\/em><\/td>\n<\/tr>\n<tr>\n<td style=\"width: 50%; vertical-align: middle;\"><a href=\"https:\/\/zug-bilder.de\/wp-content\/uploads\/2019\/03\/1000-D-DLB-56-80-39-95-530-3_190106_M\u00fcncheHbf_ALX79865.jpg\"><img loading=\"lazy\" decoding=\"async\" class=\"alignnone size-medium wp-image-1410\" src=\"https:\/\/zug-bilder.de\/wp-content\/uploads\/2019\/03\/1000-D-DLB-56-80-39-95-530-3_190106_M\u00fcncheHbf_ALX79865-300x205.jpg\" alt=\"\" width=\"300\" height=\"205\" srcset=\"https:\/\/zug-bilder.de\/wp-content\/uploads\/2019\/03\/1000-D-DLB-56-80-39-95-530-3_190106_M\u00fcncheHbf_ALX79865-300x205.jpg 300w, https:\/\/zug-bilder.de\/wp-content\/uploads\/2019\/03\/1000-D-DLB-56-80-39-95-530-3_190106_M\u00fcncheHbf_ALX79865-768x524.jpg 768w, https:\/\/zug-bilder.de\/wp-content\/uploads\/2019\/03\/1000-D-DLB-56-80-39-95-530-3_190106_M\u00fcncheHbf_ALX79865.jpg 1000w\" sizes=\"auto, (max-width: 300px) 100vw, 300px\" \/><\/a><\/td>\n<td style=\"width: 50%; vertical-align: middle;\"><strong>D-DLB 56 80 39-95 530-3<br \/>\n<\/strong>06.01.2019<br \/>\nM\u00fcnchen Hbf<br \/>\n<em>ALX 79865<\/em><br \/>\n<em>M\u00fcnchen Hbf &#8211;<\/em><br \/>\n<em>Marktredwitz<\/em><strong><br \/>\n<\/strong><\/td>\n<\/tr>\n<\/tbody>\n<\/table>\n","protected":false},"excerpt":{"rendered":"<p>D-VBG 56 80 39-90 508-4 21.03.2014 M\u00fcnchen Hbf ALX 84123 Regensburg Hbf &#8211; M\u00fcnchen Hbf D-DLB 56 80 39-95 509-7 29.07.2017 M\u00fcnchen Hbf ALX 84143 Lindau Hbf &#8211; M\u00fcnchen Hbf D-VBG 56 80 39-95 516-2 07.11.2015 M\u00fcnchen Hbf ALX 84116 M\u00fcnchen Hbf &#8211; Hof Hbf D-DLB 56 80 39-95 520-4 29.07.2017 M\u00fcnchen Hbf ALX 84143 &hellip; <a href=\"https:\/\/zug-bilder.de\/?page_id=1159\" class=\"more-link\"><span class=\"screen-reader-text\">D &#8211; ABvmz<\/span> weiterlesen<\/a><\/p>\n","protected":false},"author":1,"featured_media":0,"parent":0,"menu_order":0,"comment_status":"closed","ping_status":"closed","template":"","meta":{"footnotes":""},"class_list":["post-1159","page","type-page","status-publish","hentry"],"_links":{"self":[{"href":"https:\/\/zug-bilder.de\/index.php?rest_route=\/wp\/v2\/pages\/1159","targetHints":{"allow":["GET"]}}],"collection":[{"href":"https:\/\/zug-bilder.de\/index.php?rest_route=\/wp\/v2\/pages"}],"about":[{"href":"https:\/\/zug-bilder.de\/index.php?rest_route=\/wp\/v2\/types\/page"}],"author":[{"embeddable":true,"href":"https:\/\/zug-bilder.de\/index.php?rest_route=\/wp\/v2\/users\/1"}],"replies":[{"embeddable":true,"href":"https:\/\/zug-bilder.de\/index.php?rest_route=%2Fwp%2Fv2%2Fcomments&post=1159"}],"version-history":[{"count":5,"href":"https:\/\/zug-bilder.de\/index.php?rest_route=\/wp\/v2\/pages\/1159\/revisions"}],"predecessor-version":[{"id":1411,"href":"https:\/\/zug-bilder.de\/index.php?rest_route=\/wp\/v2\/pages\/1159\/revisions\/1411"}],"wp:attachment":[{"href":"https:\/\/zug-bilder.de\/index.php?rest_route=%2Fwp%2Fv2%2Fmedia&parent=1159"}],"curies":[{"name":"wp","href":"https:\/\/api.w.org\/{rel}","templated":true}]}}