{"id":1203,"date":"2018-12-27T19:20:00","date_gmt":"2018-12-27T19:20:00","guid":{"rendered":"https:\/\/zug-bilder.de\/?page_id=1203"},"modified":"2019-03-09T19:50:57","modified_gmt":"2019-03-09T19:50:57","slug":"d-bm","status":"publish","type":"page","link":"https:\/\/zug-bilder.de\/?page_id=1203","title":{"rendered":"D &#8211; Bm"},"content":{"rendered":"<table>\n<tbody>\n<tr>\n<td style=\"vertical-align: middle;\"><a href=\"https:\/\/zug-bilder.de\/wp-content\/uploads\/2019\/03\/1000-D-DLB-56-80-22-90-211-4_190106_M\u00fcnchenHbf_ALX79865.jpg\"><img loading=\"lazy\" decoding=\"async\" class=\"alignnone size-medium wp-image-1415\" src=\"https:\/\/zug-bilder.de\/wp-content\/uploads\/2019\/03\/1000-D-DLB-56-80-22-90-211-4_190106_M\u00fcnchenHbf_ALX79865-300x205.jpg\" alt=\"\" width=\"300\" height=\"205\" srcset=\"https:\/\/zug-bilder.de\/wp-content\/uploads\/2019\/03\/1000-D-DLB-56-80-22-90-211-4_190106_M\u00fcnchenHbf_ALX79865-300x205.jpg 300w, https:\/\/zug-bilder.de\/wp-content\/uploads\/2019\/03\/1000-D-DLB-56-80-22-90-211-4_190106_M\u00fcnchenHbf_ALX79865-768x524.jpg 768w, https:\/\/zug-bilder.de\/wp-content\/uploads\/2019\/03\/1000-D-DLB-56-80-22-90-211-4_190106_M\u00fcnchenHbf_ALX79865.jpg 1000w\" sizes=\"auto, (max-width: 300px) 100vw, 300px\" \/><\/a><\/td>\n<td style=\"vertical-align: middle;\"><strong>D-DLB 56 80 22-90 211-4<br \/>\n<\/strong>06.01.2019<br \/>\nM\u00fcnchen Hbf<br \/>\n<em>ALX 79865<\/em><br \/>\n<em>M\u00fcnchen Hbf &#8211;<\/em><br \/>\n<em>Marktredwitz<\/em><\/td>\n<\/tr>\n<tr>\n<td style=\"vertical-align: middle;\"><a href=\"https:\/\/zug-bilder.de\/wp-content\/uploads\/2019\/03\/1000-D-DLB-56-80-22-90-212-2_190106_M\u00fcnchenHbf_ALX79865.jpg\"><img loading=\"lazy\" decoding=\"async\" class=\"alignnone size-medium wp-image-1412\" src=\"https:\/\/zug-bilder.de\/wp-content\/uploads\/2019\/03\/1000-D-DLB-56-80-22-90-212-2_190106_M\u00fcnchenHbf_ALX79865-300x205.jpg\" alt=\"\" width=\"300\" height=\"205\" srcset=\"https:\/\/zug-bilder.de\/wp-content\/uploads\/2019\/03\/1000-D-DLB-56-80-22-90-212-2_190106_M\u00fcnchenHbf_ALX79865-300x205.jpg 300w, https:\/\/zug-bilder.de\/wp-content\/uploads\/2019\/03\/1000-D-DLB-56-80-22-90-212-2_190106_M\u00fcnchenHbf_ALX79865-768x524.jpg 768w, https:\/\/zug-bilder.de\/wp-content\/uploads\/2019\/03\/1000-D-DLB-56-80-22-90-212-2_190106_M\u00fcnchenHbf_ALX79865.jpg 1000w\" sizes=\"auto, (max-width: 300px) 100vw, 300px\" \/><\/a><\/td>\n<td style=\"vertical-align: middle;\"><strong>D-DLB 56 80 22-90 212-2<br \/>\n<\/strong>06.01.2019<br \/>\nM\u00fcnchen Hbf<br \/>\n<em>ALX 79865<\/em><br \/>\n<em>M\u00fcnchen Hbf &#8211;<\/em><br \/>\n<em>Marktredwitz<\/em><strong><br \/>\n<\/strong><\/td>\n<\/tr>\n<tr>\n<td style=\"vertical-align: middle;\"><a href=\"https:\/\/zug-bilder.de\/wp-content\/uploads\/2018\/12\/1000-D-DLB-56-80-22-90-213-0_170729_M\u00fcnchenHbf_ALX84116.jpg\"><img loading=\"lazy\" decoding=\"async\" class=\"alignnone size-medium wp-image-1204\" src=\"https:\/\/zug-bilder.de\/wp-content\/uploads\/2018\/12\/1000-D-DLB-56-80-22-90-213-0_170729_M\u00fcnchenHbf_ALX84116-300x205.jpg\" alt=\"\" width=\"300\" height=\"205\" srcset=\"https:\/\/zug-bilder.de\/wp-content\/uploads\/2018\/12\/1000-D-DLB-56-80-22-90-213-0_170729_M\u00fcnchenHbf_ALX84116-300x205.jpg 300w, https:\/\/zug-bilder.de\/wp-content\/uploads\/2018\/12\/1000-D-DLB-56-80-22-90-213-0_170729_M\u00fcnchenHbf_ALX84116-768x524.jpg 768w, https:\/\/zug-bilder.de\/wp-content\/uploads\/2018\/12\/1000-D-DLB-56-80-22-90-213-0_170729_M\u00fcnchenHbf_ALX84116.jpg 1000w\" sizes=\"auto, (max-width: 300px) 100vw, 300px\" \/><\/a><\/td>\n<td style=\"vertical-align: middle;\"><strong>D-DLB 56 80 22-90 213-0<br \/>\n<\/strong>29.07.2017<br \/>\nM\u00fcnchen Hbf<br \/>\n<em>ALX 84116<br \/>\nM\u00fcnchen Hbf &#8211; Hof Hbf<\/em><\/td>\n<\/tr>\n<\/tbody>\n<\/table>\n<p>\u200b<\/p>\n","protected":false},"excerpt":{"rendered":"<p>D-DLB 56 80 22-90 211-4 06.01.2019 M\u00fcnchen Hbf ALX 79865 M\u00fcnchen Hbf &#8211; Marktredwitz D-DLB 56 80 22-90 212-2 06.01.2019 M\u00fcnchen Hbf ALX 79865 M\u00fcnchen Hbf &#8211; Marktredwitz D-DLB 56 80 22-90 213-0 29.07.2017 M\u00fcnchen Hbf ALX 84116 M\u00fcnchen Hbf &#8211; Hof Hbf \u200b<\/p>\n","protected":false},"author":1,"featured_media":0,"parent":0,"menu_order":0,"comment_status":"closed","ping_status":"closed","template":"","meta":{"footnotes":""},"class_list":["post-1203","page","type-page","status-publish","hentry"],"_links":{"self":[{"href":"https:\/\/zug-bilder.de\/index.php?rest_route=\/wp\/v2\/pages\/1203","targetHints":{"allow":["GET"]}}],"collection":[{"href":"https:\/\/zug-bilder.de\/index.php?rest_route=\/wp\/v2\/pages"}],"about":[{"href":"https:\/\/zug-bilder.de\/index.php?rest_route=\/wp\/v2\/types\/page"}],"author":[{"embeddable":true,"href":"https:\/\/zug-bilder.de\/index.php?rest_route=\/wp\/v2\/users\/1"}],"replies":[{"embeddable":true,"href":"https:\/\/zug-bilder.de\/index.php?rest_route=%2Fwp%2Fv2%2Fcomments&post=1203"}],"version-history":[{"count":4,"href":"https:\/\/zug-bilder.de\/index.php?rest_route=\/wp\/v2\/pages\/1203\/revisions"}],"predecessor-version":[{"id":1416,"href":"https:\/\/zug-bilder.de\/index.php?rest_route=\/wp\/v2\/pages\/1203\/revisions\/1416"}],"wp:attachment":[{"href":"https:\/\/zug-bilder.de\/index.php?rest_route=%2Fwp%2Fv2%2Fmedia&parent=1203"}],"curies":[{"name":"wp","href":"https:\/\/api.w.org\/{rel}","templated":true}]}}