{"id":1217,"date":"2018-12-29T15:47:36","date_gmt":"2018-12-29T15:47:36","guid":{"rendered":"https:\/\/zug-bilder.de\/?page_id=1217"},"modified":"2018-12-29T16:08:52","modified_gmt":"2018-12-29T16:08:52","slug":"d-dbpza-751-4","status":"publish","type":"page","link":"https:\/\/zug-bilder.de\/?page_id=1217","title":{"rendered":"D &#8211; DBpza 751.4"},"content":{"rendered":"<table>\n<tbody>\n<tr>\n<td style=\"vertical-align: middle;\"><a href=\"https:\/\/zug-bilder.de\/wp-content\/uploads\/2018\/12\/1000-D-DB-50-80-26-35-235-3_181029_M\u00fcnchenHbf_RE57092.jpg\"><img loading=\"lazy\" decoding=\"async\" class=\"alignnone size-medium wp-image-1221\" src=\"https:\/\/zug-bilder.de\/wp-content\/uploads\/2018\/12\/1000-D-DB-50-80-26-35-235-3_181029_M\u00fcnchenHbf_RE57092-300x205.jpg\" alt=\"\" width=\"300\" height=\"205\" srcset=\"https:\/\/zug-bilder.de\/wp-content\/uploads\/2018\/12\/1000-D-DB-50-80-26-35-235-3_181029_M\u00fcnchenHbf_RE57092-300x205.jpg 300w, https:\/\/zug-bilder.de\/wp-content\/uploads\/2018\/12\/1000-D-DB-50-80-26-35-235-3_181029_M\u00fcnchenHbf_RE57092-768x524.jpg 768w, https:\/\/zug-bilder.de\/wp-content\/uploads\/2018\/12\/1000-D-DB-50-80-26-35-235-3_181029_M\u00fcnchenHbf_RE57092.jpg 1000w\" sizes=\"auto, (max-width: 300px) 100vw, 300px\" \/><\/a><\/td>\n<td style=\"vertical-align: middle;\"><strong>D-DB 50 80 26-35 235-3<br \/>\n<\/strong>29.10.2018<br \/>\nM\u00fcnchen Hbf<br \/>\n<em>RE 57092<\/em><br \/>\n<em>M\u00fcnchen Hbf &#8211; Donauw\u00f6rth<\/em><\/td>\n<\/tr>\n<tr>\n<td style=\"vertical-align: middle;\"><a href=\"https:\/\/zug-bilder.de\/wp-content\/uploads\/2018\/12\/1000-D-DB-50-80-26-35-238-7_150504_Donauw\u00f6rth.jpg\"><img loading=\"lazy\" decoding=\"async\" class=\"alignnone size-medium wp-image-1218\" src=\"https:\/\/zug-bilder.de\/wp-content\/uploads\/2018\/12\/1000-D-DB-50-80-26-35-238-7_150504_Donauw\u00f6rth-300x205.jpg\" alt=\"\" width=\"300\" height=\"205\" srcset=\"https:\/\/zug-bilder.de\/wp-content\/uploads\/2018\/12\/1000-D-DB-50-80-26-35-238-7_150504_Donauw\u00f6rth-300x205.jpg 300w, https:\/\/zug-bilder.de\/wp-content\/uploads\/2018\/12\/1000-D-DB-50-80-26-35-238-7_150504_Donauw\u00f6rth-768x524.jpg 768w, https:\/\/zug-bilder.de\/wp-content\/uploads\/2018\/12\/1000-D-DB-50-80-26-35-238-7_150504_Donauw\u00f6rth.jpg 1000w\" sizes=\"auto, (max-width: 300px) 100vw, 300px\" \/><\/a><\/td>\n<td style=\"vertical-align: middle;\"><strong>D-DB 50 80 26-35 238-7<br \/>\n<\/strong>04.05.2015<br \/>\nDonauw\u00f6rth<\/td>\n<\/tr>\n<tr>\n<td style=\"vertical-align: middle;\"><a href=\"https:\/\/zug-bilder.de\/wp-content\/uploads\/2018\/12\/1000-D-DB-50-80-26-35-239-5_181029_M\u00fcnchenHbf_RE57092.jpg\"><img loading=\"lazy\" decoding=\"async\" class=\"alignnone size-medium wp-image-1224\" src=\"https:\/\/zug-bilder.de\/wp-content\/uploads\/2018\/12\/1000-D-DB-50-80-26-35-239-5_181029_M\u00fcnchenHbf_RE57092-300x205.jpg\" alt=\"\" width=\"300\" height=\"205\" srcset=\"https:\/\/zug-bilder.de\/wp-content\/uploads\/2018\/12\/1000-D-DB-50-80-26-35-239-5_181029_M\u00fcnchenHbf_RE57092-300x205.jpg 300w, https:\/\/zug-bilder.de\/wp-content\/uploads\/2018\/12\/1000-D-DB-50-80-26-35-239-5_181029_M\u00fcnchenHbf_RE57092-768x524.jpg 768w, https:\/\/zug-bilder.de\/wp-content\/uploads\/2018\/12\/1000-D-DB-50-80-26-35-239-5_181029_M\u00fcnchenHbf_RE57092.jpg 1000w\" sizes=\"auto, (max-width: 300px) 100vw, 300px\" \/><\/a><\/td>\n<td style=\"vertical-align: middle;\"><strong>D-DB 50 80 26-35 239-5<br \/>\n<\/strong>29.10.2018<br \/>\nM\u00fcnchen Hbf<br \/>\n<em>RE 57092<\/em><br \/>\n<em>M\u00fcnchen Hbf &#8211; Donauw\u00f6rth<\/em><\/td>\n<\/tr>\n<\/tbody>\n<\/table>\n","protected":false},"excerpt":{"rendered":"<p>D-DB 50 80 26-35 235-3 29.10.2018 M\u00fcnchen Hbf RE 57092 M\u00fcnchen Hbf &#8211; Donauw\u00f6rth D-DB 50 80 26-35 238-7 04.05.2015 Donauw\u00f6rth D-DB 50 80 26-35 239-5 29.10.2018 M\u00fcnchen Hbf RE 57092 M\u00fcnchen Hbf &#8211; Donauw\u00f6rth<\/p>\n","protected":false},"author":1,"featured_media":0,"parent":0,"menu_order":0,"comment_status":"closed","ping_status":"closed","template":"","meta":{"footnotes":""},"class_list":["post-1217","page","type-page","status-publish","hentry"],"_links":{"self":[{"href":"https:\/\/zug-bilder.de\/index.php?rest_route=\/wp\/v2\/pages\/1217","targetHints":{"allow":["GET"]}}],"collection":[{"href":"https:\/\/zug-bilder.de\/index.php?rest_route=\/wp\/v2\/pages"}],"about":[{"href":"https:\/\/zug-bilder.de\/index.php?rest_route=\/wp\/v2\/types\/page"}],"author":[{"embeddable":true,"href":"https:\/\/zug-bilder.de\/index.php?rest_route=\/wp\/v2\/users\/1"}],"replies":[{"embeddable":true,"href":"https:\/\/zug-bilder.de\/index.php?rest_route=%2Fwp%2Fv2%2Fcomments&post=1217"}],"version-history":[{"count":4,"href":"https:\/\/zug-bilder.de\/index.php?rest_route=\/wp\/v2\/pages\/1217\/revisions"}],"predecessor-version":[{"id":1225,"href":"https:\/\/zug-bilder.de\/index.php?rest_route=\/wp\/v2\/pages\/1217\/revisions\/1225"}],"wp:attachment":[{"href":"https:\/\/zug-bilder.de\/index.php?rest_route=%2Fwp%2Fv2%2Fmedia&parent=1217"}],"curies":[{"name":"wp","href":"https:\/\/api.w.org\/{rel}","templated":true}]}}