{"id":129,"date":"2018-05-14T16:50:37","date_gmt":"2018-05-14T16:50:37","guid":{"rendered":"http:\/\/zug-bilder.de\/?page_id=129"},"modified":"2019-10-28T07:14:59","modified_gmt":"2019-10-28T07:14:59","slug":"dbpz","status":"publish","type":"page","link":"https:\/\/zug-bilder.de\/?page_id=129","title":{"rendered":"D &#8211; DBpz"},"content":{"rendered":"<table>\n<tbody>\n<tr>\n<td style=\"vertical-align: middle;\"><a href=\"http:\/\/zug-bilder.de\/wp-content\/uploads\/2018\/05\/1000-D-VBG-55-80-26-75-603-8_140321_M\u00fcnchenHbf_ALX84123.jpg\"><img loading=\"lazy\" decoding=\"async\" class=\"alignnone size-medium wp-image-133\" src=\"http:\/\/zug-bilder.de\/wp-content\/uploads\/2018\/05\/1000-D-VBG-55-80-26-75-603-8_140321_M\u00fcnchenHbf_ALX84123-300x205.jpg\" alt=\"\" width=\"300\" height=\"205\" srcset=\"https:\/\/zug-bilder.de\/wp-content\/uploads\/2018\/05\/1000-D-VBG-55-80-26-75-603-8_140321_M\u00fcnchenHbf_ALX84123-300x205.jpg 300w, https:\/\/zug-bilder.de\/wp-content\/uploads\/2018\/05\/1000-D-VBG-55-80-26-75-603-8_140321_M\u00fcnchenHbf_ALX84123-768x524.jpg 768w, https:\/\/zug-bilder.de\/wp-content\/uploads\/2018\/05\/1000-D-VBG-55-80-26-75-603-8_140321_M\u00fcnchenHbf_ALX84123.jpg 1000w\" sizes=\"auto, (max-width: 300px) 100vw, 300px\" \/><\/a><\/td>\n<td style=\"vertical-align: middle;\"><span style=\"color: #333333;\"><strong>D-VBG 55 80 26-75 603-8<br \/>\n<\/strong>21.03.2014<br \/>\nM\u00fcnchen Hbf<strong><br \/>\n<\/strong><em>ALX 84123<\/em><br \/>\n<em>Regensburg Hbf &#8211; M\u00fcnchen Hbf<\/em><\/span><\/td>\n<\/tr>\n<tr>\n<td style=\"vertical-align: middle;\"><a href=\"https:\/\/zug-bilder.de\/wp-content\/uploads\/2018\/10\/1000-D-DLB-55-80-26-75-605-3_180319_M\u00fcnchenHbf_ALX84111.jpg\"><img loading=\"lazy\" decoding=\"async\" class=\"alignnone size-medium wp-image-927\" src=\"https:\/\/zug-bilder.de\/wp-content\/uploads\/2018\/10\/1000-D-DLB-55-80-26-75-605-3_180319_M\u00fcnchenHbf_ALX84111-300x205.jpg\" alt=\"\" width=\"300\" height=\"205\" srcset=\"https:\/\/zug-bilder.de\/wp-content\/uploads\/2018\/10\/1000-D-DLB-55-80-26-75-605-3_180319_M\u00fcnchenHbf_ALX84111-300x205.jpg 300w, https:\/\/zug-bilder.de\/wp-content\/uploads\/2018\/10\/1000-D-DLB-55-80-26-75-605-3_180319_M\u00fcnchenHbf_ALX84111-768x524.jpg 768w, https:\/\/zug-bilder.de\/wp-content\/uploads\/2018\/10\/1000-D-DLB-55-80-26-75-605-3_180319_M\u00fcnchenHbf_ALX84111.jpg 1000w\" sizes=\"auto, (max-width: 300px) 100vw, 300px\" \/><\/a><\/td>\n<td style=\"vertical-align: middle;\"><span style=\"color: #333333;\"><strong>D-DLB 55 80 26-75 605-3<br \/>\n<\/strong>19.03.2018<br \/>\nM\u00fcnchen Hbf<br \/>\n<em>ALX 84111<\/em><br \/>\n<em>M\u00fcnchen Hbf &#8211; Hof Hbf<\/em><strong><br \/>\n<\/strong><\/span><\/td>\n<\/tr>\n<tr>\n<td style=\"vertical-align: middle;\"><a href=\"http:\/\/zug-bilder.de\/wp-content\/uploads\/2018\/05\/1000-D-DLB-55-80-26-75-606-1_180502_LandshutHbf_ALX84112.jpg\"><img loading=\"lazy\" decoding=\"async\" class=\"alignnone size-medium wp-image-130\" src=\"http:\/\/zug-bilder.de\/wp-content\/uploads\/2018\/05\/1000-D-DLB-55-80-26-75-606-1_180502_LandshutHbf_ALX84112-300x205.jpg\" alt=\"\" width=\"300\" height=\"205\" srcset=\"https:\/\/zug-bilder.de\/wp-content\/uploads\/2018\/05\/1000-D-DLB-55-80-26-75-606-1_180502_LandshutHbf_ALX84112-300x205.jpg 300w, https:\/\/zug-bilder.de\/wp-content\/uploads\/2018\/05\/1000-D-DLB-55-80-26-75-606-1_180502_LandshutHbf_ALX84112-768x524.jpg 768w, https:\/\/zug-bilder.de\/wp-content\/uploads\/2018\/05\/1000-D-DLB-55-80-26-75-606-1_180502_LandshutHbf_ALX84112.jpg 1000w\" sizes=\"auto, (max-width: 300px) 100vw, 300px\" \/><\/a><\/td>\n<td style=\"vertical-align: middle;\"><span style=\"color: #333333;\"><strong>D-DLB 55 80 26-75 606-1<\/strong><\/span><br \/>\n<span style=\"color: #333333;\">02.05.2018<\/span><br \/>\n<span style=\"color: #333333;\">Landshut Hbf<\/span><br \/>\n<span style=\"color: #333333;\"><em>ALX 84112<\/em><\/span><br \/>\n<span style=\"color: #333333;\"><em>Hof Hbf &#8211; M\u00fcnchen Hbf<\/em><\/span><\/td>\n<\/tr>\n<tr>\n<td style=\"vertical-align: middle;\"><a href=\"http:\/\/zug-bilder.de\/wp-content\/uploads\/2018\/05\/1000-D-DLB-55-80-26-75-607-9_170729_M\u00fcnchenHbf_ALX84116.jpg\"><img loading=\"lazy\" decoding=\"async\" class=\"alignnone size-medium wp-image-135\" src=\"http:\/\/zug-bilder.de\/wp-content\/uploads\/2018\/05\/1000-D-DLB-55-80-26-75-607-9_170729_M\u00fcnchenHbf_ALX84116-300x205.jpg\" alt=\"\" width=\"300\" height=\"205\" srcset=\"https:\/\/zug-bilder.de\/wp-content\/uploads\/2018\/05\/1000-D-DLB-55-80-26-75-607-9_170729_M\u00fcnchenHbf_ALX84116-300x205.jpg 300w, https:\/\/zug-bilder.de\/wp-content\/uploads\/2018\/05\/1000-D-DLB-55-80-26-75-607-9_170729_M\u00fcnchenHbf_ALX84116-768x524.jpg 768w, https:\/\/zug-bilder.de\/wp-content\/uploads\/2018\/05\/1000-D-DLB-55-80-26-75-607-9_170729_M\u00fcnchenHbf_ALX84116.jpg 1000w\" sizes=\"auto, (max-width: 300px) 100vw, 300px\" \/><\/a><\/td>\n<td style=\"vertical-align: middle;\"><span style=\"color: #333333;\"><strong>D-DLB 55 80 26-75 607-9<br \/>\n<\/strong>29.07.2017<br \/>\nM\u00fcnchen Hbf<strong><br \/>\n<\/strong><em>ALX 84116<\/em><br \/>\n<em>M\u00fcnchen Hbf &#8211; Hof Hbf<\/em><\/span><\/td>\n<\/tr>\n<tr>\n<td style=\"vertical-align: middle;\"><a href=\"https:\/\/zug-bilder.de\/wp-content\/uploads\/2019\/10\/1000-D-DLB-55-80-26-75-607-9_190812_M\u00fcnchenHbf_ALX79859.jpg\"><img loading=\"lazy\" decoding=\"async\" class=\"alignnone size-medium wp-image-2392\" src=\"https:\/\/zug-bilder.de\/wp-content\/uploads\/2019\/10\/1000-D-DLB-55-80-26-75-607-9_190812_M\u00fcnchenHbf_ALX79859-300x205.jpg\" alt=\"\" width=\"300\" height=\"205\" srcset=\"https:\/\/zug-bilder.de\/wp-content\/uploads\/2019\/10\/1000-D-DLB-55-80-26-75-607-9_190812_M\u00fcnchenHbf_ALX79859-300x205.jpg 300w, https:\/\/zug-bilder.de\/wp-content\/uploads\/2019\/10\/1000-D-DLB-55-80-26-75-607-9_190812_M\u00fcnchenHbf_ALX79859-768x524.jpg 768w, https:\/\/zug-bilder.de\/wp-content\/uploads\/2019\/10\/1000-D-DLB-55-80-26-75-607-9_190812_M\u00fcnchenHbf_ALX79859.jpg 1000w\" sizes=\"auto, (max-width: 300px) 100vw, 300px\" \/><\/a><\/td>\n<td style=\"vertical-align: middle;\"><span style=\"color: #333333;\"><strong>D-DLB 55 80 26-75 607-9<br \/>\n<\/strong>12.08.2019<br \/>\nM\u00fcnchen Hbf<br \/>\n<em>ALX 79859<\/em><br \/>\n<em>M\u00fcnchen Hbf &#8211; Hof Hbf<\/em><strong><br \/>\n<\/strong><\/span><\/td>\n<\/tr>\n<\/tbody>\n<\/table>\n","protected":false},"excerpt":{"rendered":"<p>D-VBG 55 80 26-75 603-8 21.03.2014 M\u00fcnchen Hbf ALX 84123 Regensburg Hbf &#8211; M\u00fcnchen Hbf D-DLB 55 80 26-75 605-3 19.03.2018 M\u00fcnchen Hbf ALX 84111 M\u00fcnchen Hbf &#8211; Hof Hbf D-DLB 55 80 26-75 606-1 02.05.2018 Landshut Hbf ALX 84112 Hof Hbf &#8211; M\u00fcnchen Hbf D-DLB 55 80 26-75 607-9 29.07.2017 M\u00fcnchen Hbf ALX 84116 &hellip; <a href=\"https:\/\/zug-bilder.de\/?page_id=129\" class=\"more-link\"><span class=\"screen-reader-text\">D &#8211; DBpz<\/span> weiterlesen<\/a><\/p>\n","protected":false},"author":1,"featured_media":0,"parent":0,"menu_order":0,"comment_status":"closed","ping_status":"closed","template":"","meta":{"footnotes":""},"class_list":["post-129","page","type-page","status-publish","hentry"],"_links":{"self":[{"href":"https:\/\/zug-bilder.de\/index.php?rest_route=\/wp\/v2\/pages\/129","targetHints":{"allow":["GET"]}}],"collection":[{"href":"https:\/\/zug-bilder.de\/index.php?rest_route=\/wp\/v2\/pages"}],"about":[{"href":"https:\/\/zug-bilder.de\/index.php?rest_route=\/wp\/v2\/types\/page"}],"author":[{"embeddable":true,"href":"https:\/\/zug-bilder.de\/index.php?rest_route=\/wp\/v2\/users\/1"}],"replies":[{"embeddable":true,"href":"https:\/\/zug-bilder.de\/index.php?rest_route=%2Fwp%2Fv2%2Fcomments&post=129"}],"version-history":[{"count":7,"href":"https:\/\/zug-bilder.de\/index.php?rest_route=\/wp\/v2\/pages\/129\/revisions"}],"predecessor-version":[{"id":2393,"href":"https:\/\/zug-bilder.de\/index.php?rest_route=\/wp\/v2\/pages\/129\/revisions\/2393"}],"wp:attachment":[{"href":"https:\/\/zug-bilder.de\/index.php?rest_route=%2Fwp%2Fv2%2Fmedia&parent=129"}],"curies":[{"name":"wp","href":"https:\/\/api.w.org\/{rel}","templated":true}]}}