{"id":1370,"date":"2019-02-16T15:38:16","date_gmt":"2019-02-16T15:38:16","guid":{"rendered":"https:\/\/zug-bilder.de\/?page_id=1370"},"modified":"2024-05-08T17:48:02","modified_gmt":"2024-05-08T17:48:02","slug":"95-80-0798","status":"publish","type":"page","link":"https:\/\/zug-bilder.de\/?page_id=1370","title":{"rendered":"95 80 0798"},"content":{"rendered":"\n<div class=\"wp-block-columns is-layout-flex wp-container-core-columns-is-layout-9d6595d7 wp-block-columns-is-layout-flex\">\n<div class=\"wp-block-column is-layout-flow wp-block-column-is-layout-flow\">\n<figure class=\"wp-block-image size-full\"><a href=\"https:\/\/zug-bilder.de\/wp-content\/uploads\/2019\/02\/1000-95-80-0798-522-9-D-BYB_120307_N\u00f6rdlingen.jpg\"><img loading=\"lazy\" decoding=\"async\" width=\"1000\" height=\"682\" src=\"https:\/\/zug-bilder.de\/wp-content\/uploads\/2019\/02\/1000-95-80-0798-522-9-D-BYB_120307_N\u00f6rdlingen.jpg\" alt=\"\" class=\"wp-image-1371\" srcset=\"https:\/\/zug-bilder.de\/wp-content\/uploads\/2019\/02\/1000-95-80-0798-522-9-D-BYB_120307_N\u00f6rdlingen.jpg 1000w, https:\/\/zug-bilder.de\/wp-content\/uploads\/2019\/02\/1000-95-80-0798-522-9-D-BYB_120307_N\u00f6rdlingen-300x205.jpg 300w, https:\/\/zug-bilder.de\/wp-content\/uploads\/2019\/02\/1000-95-80-0798-522-9-D-BYB_120307_N\u00f6rdlingen-768x524.jpg 768w\" sizes=\"auto, (max-width: 1000px) 100vw, 1000px\" \/><\/a><\/figure>\n<\/div>\n\n\n\n<div class=\"wp-block-column is-layout-flow wp-block-column-is-layout-flow\">\n<p class=\"has-light-gray-background-color has-background\"><strong>95 80 0798 522-9 D-BYB<\/strong><br><em>(ehem. VT 98 9522)<\/em><br>07.03.2012<br><img loading=\"lazy\" decoding=\"async\" width=\"33\" height=\"20\" class=\"wp-image-5706\" style=\"width: 33px;\" src=\"https:\/\/zug-bilder.de\/wp-content\/uploads\/2023\/04\/Flagge_Deutschland.jpg\" alt=\"\"> N\u00f6rdlingen<\/p>\n<\/div>\n<\/div>\n\n\n\n<div class=\"wp-block-columns is-layout-flex wp-container-core-columns-is-layout-9d6595d7 wp-block-columns-is-layout-flex\">\n<div class=\"wp-block-column is-layout-flow wp-block-column-is-layout-flow\">\n<figure class=\"wp-block-image size-full\"><a href=\"https:\/\/zug-bilder.de\/wp-content\/uploads\/2019\/11\/1000-95-80-0798-706-7-D-PEF_120630_M\u00fchldorf.jpg\"><img loading=\"lazy\" decoding=\"async\" width=\"1000\" height=\"682\" src=\"https:\/\/zug-bilder.de\/wp-content\/uploads\/2019\/11\/1000-95-80-0798-706-7-D-PEF_120630_M\u00fchldorf.jpg\" alt=\"\" class=\"wp-image-2639\" srcset=\"https:\/\/zug-bilder.de\/wp-content\/uploads\/2019\/11\/1000-95-80-0798-706-7-D-PEF_120630_M\u00fchldorf.jpg 1000w, https:\/\/zug-bilder.de\/wp-content\/uploads\/2019\/11\/1000-95-80-0798-706-7-D-PEF_120630_M\u00fchldorf-300x205.jpg 300w, https:\/\/zug-bilder.de\/wp-content\/uploads\/2019\/11\/1000-95-80-0798-706-7-D-PEF_120630_M\u00fchldorf-768x524.jpg 768w\" sizes=\"auto, (max-width: 1000px) 100vw, 1000px\" \/><\/a><\/figure>\n<\/div>\n\n\n\n<div class=\"wp-block-column is-layout-flow wp-block-column-is-layout-flow\">\n<p class=\"has-light-gray-background-color has-background\"><strong>95 80 0798 706-7 D-PEF<\/strong><em><br>(ehem. VT 98 9706)<\/em><br>95 80 0998 840-2 D-PEF<br><em>(ehem. VS 98 240)<br><\/em>30.06.2012<br><img loading=\"lazy\" decoding=\"async\" width=\"33\" height=\"20\" class=\"wp-image-5706\" style=\"width: 33px;\" src=\"https:\/\/zug-bilder.de\/wp-content\/uploads\/2023\/04\/Flagge_Deutschland.jpg\" alt=\"\"> M\u00fchldorf (Oberbay)<em><br>M\u00fchldorf (Oberbay) &#8211; Waldkraiburg<\/em><\/p>\n<\/div>\n<\/div>\n\n\n\n<div class=\"wp-block-columns is-layout-flex wp-container-core-columns-is-layout-9d6595d7 wp-block-columns-is-layout-flex\">\n<div class=\"wp-block-column is-layout-flow wp-block-column-is-layout-flow\">\n<figure class=\"wp-block-image size-full\"><a href=\"https:\/\/zug-bilder.de\/wp-content\/uploads\/2019\/11\/1000-95-80-0798-706-7-D-PEF_120630_Waldkraiburg.jpg\"><img loading=\"lazy\" decoding=\"async\" width=\"1000\" height=\"682\" src=\"https:\/\/zug-bilder.de\/wp-content\/uploads\/2019\/11\/1000-95-80-0798-706-7-D-PEF_120630_Waldkraiburg.jpg\" alt=\"\" class=\"wp-image-2641\" srcset=\"https:\/\/zug-bilder.de\/wp-content\/uploads\/2019\/11\/1000-95-80-0798-706-7-D-PEF_120630_Waldkraiburg.jpg 1000w, https:\/\/zug-bilder.de\/wp-content\/uploads\/2019\/11\/1000-95-80-0798-706-7-D-PEF_120630_Waldkraiburg-300x205.jpg 300w, https:\/\/zug-bilder.de\/wp-content\/uploads\/2019\/11\/1000-95-80-0798-706-7-D-PEF_120630_Waldkraiburg-768x524.jpg 768w\" sizes=\"auto, (max-width: 1000px) 100vw, 1000px\" \/><\/a><\/figure>\n<\/div>\n\n\n\n<div class=\"wp-block-column is-layout-flow wp-block-column-is-layout-flow\">\n<p class=\"has-light-gray-background-color has-background\"><strong>95 80 0798 706-7 D-PEF<\/strong><br><em>(ehem. VT 98 9706)<\/em><br>95 80 0998 840-2 D-PEF<br><em>(ehem. VS 98 240)<br><\/em>30.06.2012<br><img loading=\"lazy\" decoding=\"async\" width=\"33\" height=\"20\" class=\"wp-image-5706\" style=\"width: 33px;\" src=\"https:\/\/zug-bilder.de\/wp-content\/uploads\/2023\/04\/Flagge_Deutschland.jpg\" alt=\"\"> Waldkraiburg<em><br>Waldkraiburg &#8211; M\u00fchldorf (Oberbay)<\/em><\/p>\n<\/div>\n<\/div>\n\n\n\n<div class=\"wp-block-columns is-layout-flex wp-container-core-columns-is-layout-9d6595d7 wp-block-columns-is-layout-flex\">\n<div class=\"wp-block-column is-layout-flow wp-block-column-is-layout-flow\">\n<figure class=\"wp-block-image size-full\"><a href=\"https:\/\/zug-bilder.de\/wp-content\/uploads\/2024\/05\/1000-95-80-0798-706-7-D-PEF_131006_Hoerbering_RB75941.jpg\"><img loading=\"lazy\" decoding=\"async\" width=\"1000\" height=\"682\" src=\"https:\/\/zug-bilder.de\/wp-content\/uploads\/2024\/05\/1000-95-80-0798-706-7-D-PEF_131006_Hoerbering_RB75941.jpg\" alt=\"\" class=\"wp-image-6404\" srcset=\"https:\/\/zug-bilder.de\/wp-content\/uploads\/2024\/05\/1000-95-80-0798-706-7-D-PEF_131006_Hoerbering_RB75941.jpg 1000w, https:\/\/zug-bilder.de\/wp-content\/uploads\/2024\/05\/1000-95-80-0798-706-7-D-PEF_131006_Hoerbering_RB75941-300x205.jpg 300w, https:\/\/zug-bilder.de\/wp-content\/uploads\/2024\/05\/1000-95-80-0798-706-7-D-PEF_131006_Hoerbering_RB75941-768x524.jpg 768w\" sizes=\"auto, (max-width: 1000px) 100vw, 1000px\" \/><\/a><\/figure>\n<\/div>\n\n\n\n<div class=\"wp-block-column is-layout-flow wp-block-column-is-layout-flow\">\n<p class=\"has-light-gray-background-color has-background\"><strong>95 80 0798 706-7 D-PEF<\/strong><br>(ehem. VT 98 9706)<br>95 80 0998 840-2 D-PEF<br><em>(ehem. VS 98 240)<\/em><br>95 80 0998 034-2 D-PEF<br><em>(ehem. VB 98 034)<\/em><br>95 80 0798 776-0 D-PEF<br><em>(ehem. VT 98 9776)<\/em><br>06.10.2013<br><img loading=\"lazy\" decoding=\"async\" width=\"33\" height=\"20\" class=\"wp-image-5706\" style=\"width: 33px;\" src=\"https:\/\/zug-bilder.de\/wp-content\/uploads\/2023\/04\/Flagge_Deutschland.jpg\" alt=\"\"> H\u00f6rbering (Neumarkt St. Veit)<br><em>RB 75941<br>M\u00fchldorf (Oberbay) &#8211; Passau Hbf<\/em><\/p>\n<\/div>\n<\/div>\n\n\n\n<div class=\"wp-block-columns is-layout-flex wp-container-core-columns-is-layout-9d6595d7 wp-block-columns-is-layout-flex\">\n<div class=\"wp-block-column is-layout-flow wp-block-column-is-layout-flow\">\n<figure class=\"wp-block-image size-full\"><a href=\"https:\/\/zug-bilder.de\/wp-content\/uploads\/2019\/05\/1000-95-80-0798-706-7-D-PEF_190525_Polling_RB2148.jpg\"><img loading=\"lazy\" decoding=\"async\" width=\"1000\" height=\"682\" src=\"https:\/\/zug-bilder.de\/wp-content\/uploads\/2019\/05\/1000-95-80-0798-706-7-D-PEF_190525_Polling_RB2148.jpg\" alt=\"\" class=\"wp-image-1770\" srcset=\"https:\/\/zug-bilder.de\/wp-content\/uploads\/2019\/05\/1000-95-80-0798-706-7-D-PEF_190525_Polling_RB2148.jpg 1000w, https:\/\/zug-bilder.de\/wp-content\/uploads\/2019\/05\/1000-95-80-0798-706-7-D-PEF_190525_Polling_RB2148-300x205.jpg 300w, https:\/\/zug-bilder.de\/wp-content\/uploads\/2019\/05\/1000-95-80-0798-706-7-D-PEF_190525_Polling_RB2148-768x524.jpg 768w\" sizes=\"auto, (max-width: 1000px) 100vw, 1000px\" \/><\/a><\/figure>\n<\/div>\n\n\n\n<div class=\"wp-block-column is-layout-flow wp-block-column-is-layout-flow\">\n<p class=\"has-light-gray-background-color has-background\"><strong>95 80 0798 706-7 D-PEF<\/strong><br><em>(ehem. VT 98 9706)<br><\/em>95 80 0998 840-2 D-PEF<br><em>(ehem. VS 98 240)<\/em><br>95 80 0998 034-2 D-PEF<br><em>(ehem. VB 98 034)<\/em><br>95 80 0798 776-0 D-PEF<br>(ehem. VT 98 9776)<br>25.05.2019<br><img loading=\"lazy\" decoding=\"async\" width=\"33\" height=\"20\" class=\"wp-image-5706\" style=\"width: 33px;\" src=\"https:\/\/zug-bilder.de\/wp-content\/uploads\/2023\/04\/Flagge_Deutschland.jpg\" alt=\"\"> Polling<br><em>RB 2148<\/em><br><em>M\u00fchldorf (Oberbay) &#8211; Trostberg<\/em><\/p>\n<\/div>\n<\/div>\n\n\n\n<div class=\"wp-block-columns is-layout-flex wp-container-core-columns-is-layout-9d6595d7 wp-block-columns-is-layout-flex\">\n<div class=\"wp-block-column is-layout-flow wp-block-column-is-layout-flow\">\n<figure class=\"wp-block-image size-full\"><a href=\"https:\/\/zug-bilder.de\/wp-content\/uploads\/2019\/11\/1000-95-80-0998-840-2-D-PEF_120630_M\u00fchldorf.jpg\"><img loading=\"lazy\" decoding=\"async\" width=\"1000\" height=\"682\" src=\"https:\/\/zug-bilder.de\/wp-content\/uploads\/2019\/11\/1000-95-80-0998-840-2-D-PEF_120630_M\u00fchldorf.jpg\" alt=\"\" class=\"wp-image-2637\" srcset=\"https:\/\/zug-bilder.de\/wp-content\/uploads\/2019\/11\/1000-95-80-0998-840-2-D-PEF_120630_M\u00fchldorf.jpg 1000w, https:\/\/zug-bilder.de\/wp-content\/uploads\/2019\/11\/1000-95-80-0998-840-2-D-PEF_120630_M\u00fchldorf-300x205.jpg 300w, https:\/\/zug-bilder.de\/wp-content\/uploads\/2019\/11\/1000-95-80-0998-840-2-D-PEF_120630_M\u00fchldorf-768x524.jpg 768w\" sizes=\"auto, (max-width: 1000px) 100vw, 1000px\" \/><\/a><\/figure>\n<\/div>\n\n\n\n<div class=\"wp-block-column is-layout-flow wp-block-column-is-layout-flow\">\n<p class=\"has-light-gray-background-color has-background\">95 80 0798 706-7 D-PEF<br><em>(ehem. VT 98 9706)<\/em><strong><br>95 80 0998 840-2 D-PEF<\/strong><br><em>(ehem. VS 98 240)<br><\/em>30.06.2012<br><img loading=\"lazy\" decoding=\"async\" width=\"33\" height=\"20\" class=\"wp-image-5706\" style=\"width: 33px;\" src=\"https:\/\/zug-bilder.de\/wp-content\/uploads\/2023\/04\/Flagge_Deutschland.jpg\" alt=\"\"> M\u00fchldorf (Oberbay)<em><br>M\u00fchldorf (Oberbay) &#8211;<br>Waldkraiburg<\/em><\/p>\n<\/div>\n<\/div>\n","protected":false},"excerpt":{"rendered":"<p>95 80 0798 522-9 D-BYB(ehem. VT 98 9522)07.03.2012 N\u00f6rdlingen 95 80 0798 706-7 D-PEF(ehem. VT 98 9706)95 80 0998 840-2 D-PEF(ehem. VS 98 240)30.06.2012 M\u00fchldorf (Oberbay)M\u00fchldorf (Oberbay) &#8211; Waldkraiburg 95 80 0798 706-7 D-PEF(ehem. VT 98 9706)95 80 0998 840-2 D-PEF(ehem. VS 98 240)30.06.2012 WaldkraiburgWaldkraiburg &#8211; M\u00fchldorf (Oberbay) 95 80 0798 706-7 D-PEF(ehem. VT 98 &hellip; <a href=\"https:\/\/zug-bilder.de\/?page_id=1370\" class=\"more-link\"><span class=\"screen-reader-text\">95 80 0798<\/span> weiterlesen<\/a><\/p>\n","protected":false},"author":1,"featured_media":0,"parent":0,"menu_order":0,"comment_status":"closed","ping_status":"closed","template":"","meta":{"footnotes":""},"class_list":["post-1370","page","type-page","status-publish","hentry"],"_links":{"self":[{"href":"https:\/\/zug-bilder.de\/index.php?rest_route=\/wp\/v2\/pages\/1370","targetHints":{"allow":["GET"]}}],"collection":[{"href":"https:\/\/zug-bilder.de\/index.php?rest_route=\/wp\/v2\/pages"}],"about":[{"href":"https:\/\/zug-bilder.de\/index.php?rest_route=\/wp\/v2\/types\/page"}],"author":[{"embeddable":true,"href":"https:\/\/zug-bilder.de\/index.php?rest_route=\/wp\/v2\/users\/1"}],"replies":[{"embeddable":true,"href":"https:\/\/zug-bilder.de\/index.php?rest_route=%2Fwp%2Fv2%2Fcomments&post=1370"}],"version-history":[{"count":7,"href":"https:\/\/zug-bilder.de\/index.php?rest_route=\/wp\/v2\/pages\/1370\/revisions"}],"predecessor-version":[{"id":6406,"href":"https:\/\/zug-bilder.de\/index.php?rest_route=\/wp\/v2\/pages\/1370\/revisions\/6406"}],"wp:attachment":[{"href":"https:\/\/zug-bilder.de\/index.php?rest_route=%2Fwp%2Fv2%2Fmedia&parent=1370"}],"curies":[{"name":"wp","href":"https:\/\/api.w.org\/{rel}","templated":true}]}}