{"id":1396,"date":"2019-03-07T18:12:56","date_gmt":"2019-03-07T18:12:56","guid":{"rendered":"https:\/\/zug-bilder.de\/?page_id=1396"},"modified":"2023-12-30T16:44:35","modified_gmt":"2023-12-30T16:44:35","slug":"91-80-6139-6140","status":"publish","type":"page","link":"https:\/\/zug-bilder.de\/?page_id=1396","title":{"rendered":"91 80 6139 (6140)"},"content":{"rendered":"<table>\n<tbody>\n<tr>\n<td style=\"vertical-align: middle;\"><a href=\"https:\/\/zug-bilder.de\/wp-content\/uploads\/2019\/03\/1000-91-80-6139-213-3-D-LM_190306_Vogl.jpg\"><img loading=\"lazy\" decoding=\"async\" class=\"alignnone size-medium wp-image-1397\" src=\"https:\/\/zug-bilder.de\/wp-content\/uploads\/2019\/03\/1000-91-80-6139-213-3-D-LM_190306_Vogl-300x205.jpg\" alt=\"\" width=\"300\" height=\"205\" srcset=\"https:\/\/zug-bilder.de\/wp-content\/uploads\/2019\/03\/1000-91-80-6139-213-3-D-LM_190306_Vogl-300x205.jpg 300w, https:\/\/zug-bilder.de\/wp-content\/uploads\/2019\/03\/1000-91-80-6139-213-3-D-LM_190306_Vogl-768x524.jpg 768w, https:\/\/zug-bilder.de\/wp-content\/uploads\/2019\/03\/1000-91-80-6139-213-3-D-LM_190306_Vogl.jpg 1000w\" sizes=\"auto, (max-width: 300px) 100vw, 300px\" \/><\/a><\/td>\n<td style=\"vertical-align: middle;\"><strong>91 80 6139 213-3 D-LM<br \/>\n<\/strong><em>(ehem. 110 213-6)<\/em><br \/>\n<em>(ehem. E 10 213)<\/em><br \/>\n06.03.2019<br \/>\n<span style=\"color: #333333;\"><img loading=\"lazy\" decoding=\"async\" class=\"alignnone size-full wp-image-5706\" src=\"https:\/\/zug-bilder.de\/wp-content\/uploads\/2023\/04\/Flagge_Deutschland.jpg\" alt=\"\" width=\"33\" height=\"20\" \/> <\/span>Vogl (Gro\u00dfkarolinenfeld)<\/td>\n<\/tr>\n<tr>\n<td style=\"vertical-align: middle;\"><a href=\"https:\/\/zug-bilder.de\/wp-content\/uploads\/2019\/11\/1000-91-80-6140-539-8-D-DB_140321_M\u00fcnchenHbf.jpg\"><img loading=\"lazy\" decoding=\"async\" class=\"alignnone size-medium wp-image-2670\" src=\"https:\/\/zug-bilder.de\/wp-content\/uploads\/2019\/11\/1000-91-80-6140-539-8-D-DB_140321_M\u00fcnchenHbf-300x205.jpg\" alt=\"\" width=\"300\" height=\"205\" srcset=\"https:\/\/zug-bilder.de\/wp-content\/uploads\/2019\/11\/1000-91-80-6140-539-8-D-DB_140321_M\u00fcnchenHbf-300x205.jpg 300w, https:\/\/zug-bilder.de\/wp-content\/uploads\/2019\/11\/1000-91-80-6140-539-8-D-DB_140321_M\u00fcnchenHbf-768x524.jpg 768w, https:\/\/zug-bilder.de\/wp-content\/uploads\/2019\/11\/1000-91-80-6140-539-8-D-DB_140321_M\u00fcnchenHbf.jpg 1000w\" sizes=\"auto, (max-width: 300px) 100vw, 300px\" \/><\/a><\/td>\n<td style=\"vertical-align: middle;\"><strong>91 80 6140 539-8 D-DB<br \/>\n<\/strong><em>(ehem. E 40 539)<\/em><br \/>\n21.03.2014<br \/>\n<span style=\"color: #333333;\"><img loading=\"lazy\" decoding=\"async\" class=\"alignnone size-full wp-image-5706\" src=\"https:\/\/zug-bilder.de\/wp-content\/uploads\/2023\/04\/Flagge_Deutschland.jpg\" alt=\"\" width=\"33\" height=\"20\" \/> <\/span>M\u00fcnchen Hbf<strong><br \/>\n<\/strong><\/td>\n<\/tr>\n<tr>\n<td style=\"vertical-align: middle;\"><a href=\"https:\/\/zug-bilder.de\/wp-content\/uploads\/2019\/11\/1000-91-80-6140-539-8-D-DB_140321_M\u00fcnchenHbf_2.jpg\"><img loading=\"lazy\" decoding=\"async\" class=\"alignnone size-medium wp-image-2673\" src=\"https:\/\/zug-bilder.de\/wp-content\/uploads\/2019\/11\/1000-91-80-6140-539-8-D-DB_140321_M\u00fcnchenHbf_2-300x205.jpg\" alt=\"\" width=\"300\" height=\"205\" srcset=\"https:\/\/zug-bilder.de\/wp-content\/uploads\/2019\/11\/1000-91-80-6140-539-8-D-DB_140321_M\u00fcnchenHbf_2-300x205.jpg 300w, https:\/\/zug-bilder.de\/wp-content\/uploads\/2019\/11\/1000-91-80-6140-539-8-D-DB_140321_M\u00fcnchenHbf_2-768x524.jpg 768w, https:\/\/zug-bilder.de\/wp-content\/uploads\/2019\/11\/1000-91-80-6140-539-8-D-DB_140321_M\u00fcnchenHbf_2.jpg 1000w\" sizes=\"auto, (max-width: 300px) 100vw, 300px\" \/><\/a><\/td>\n<td style=\"vertical-align: middle;\"><strong>91 80 6140 539-8 D-DB<br \/>\n<\/strong><em>(ehem. E 40 539)<\/em><br \/>\n21.03.2014<br \/>\n<span style=\"color: #333333;\"><img loading=\"lazy\" decoding=\"async\" class=\"alignnone size-full wp-image-5706\" src=\"https:\/\/zug-bilder.de\/wp-content\/uploads\/2023\/04\/Flagge_Deutschland.jpg\" alt=\"\" width=\"33\" height=\"20\" \/> <\/span>M\u00fcnchen Hbf<\/td>\n<\/tr>\n<\/tbody>\n<\/table>\n","protected":false},"excerpt":{"rendered":"<p>91 80 6139 213-3 D-LM (ehem. 110 213-6) (ehem. E 10 213) 06.03.2019 Vogl (Gro\u00dfkarolinenfeld) 91 80 6140 539-8 D-DB (ehem. E 40 539) 21.03.2014 M\u00fcnchen Hbf 91 80 6140 539-8 D-DB (ehem. E 40 539) 21.03.2014 M\u00fcnchen Hbf<\/p>\n","protected":false},"author":1,"featured_media":0,"parent":0,"menu_order":0,"comment_status":"closed","ping_status":"closed","template":"","meta":{"footnotes":""},"class_list":["post-1396","page","type-page","status-publish","hentry"],"_links":{"self":[{"href":"https:\/\/zug-bilder.de\/index.php?rest_route=\/wp\/v2\/pages\/1396","targetHints":{"allow":["GET"]}}],"collection":[{"href":"https:\/\/zug-bilder.de\/index.php?rest_route=\/wp\/v2\/pages"}],"about":[{"href":"https:\/\/zug-bilder.de\/index.php?rest_route=\/wp\/v2\/types\/page"}],"author":[{"embeddable":true,"href":"https:\/\/zug-bilder.de\/index.php?rest_route=\/wp\/v2\/users\/1"}],"replies":[{"embeddable":true,"href":"https:\/\/zug-bilder.de\/index.php?rest_route=%2Fwp%2Fv2%2Fcomments&post=1396"}],"version-history":[{"count":5,"href":"https:\/\/zug-bilder.de\/index.php?rest_route=\/wp\/v2\/pages\/1396\/revisions"}],"predecessor-version":[{"id":5943,"href":"https:\/\/zug-bilder.de\/index.php?rest_route=\/wp\/v2\/pages\/1396\/revisions\/5943"}],"wp:attachment":[{"href":"https:\/\/zug-bilder.de\/index.php?rest_route=%2Fwp%2Fv2%2Fmedia&parent=1396"}],"curies":[{"name":"wp","href":"https:\/\/api.w.org\/{rel}","templated":true}]}}