{"id":1419,"date":"2019-03-09T20:18:04","date_gmt":"2019-03-09T20:18:04","guid":{"rendered":"https:\/\/zug-bilder.de\/?page_id=1419"},"modified":"2019-03-09T20:18:04","modified_gmt":"2019-03-09T20:18:04","slug":"d-wrmbsz-807-0","status":"publish","type":"page","link":"https:\/\/zug-bilder.de\/?page_id=1419","title":{"rendered":"D &#8211; WRmbsz 807.0"},"content":{"rendered":"<table>\n<tbody>\n<tr>\n<td style=\"vertical-align: middle;\"><a href=\"https:\/\/zug-bilder.de\/wp-content\/uploads\/2019\/03\/1000-93-80-5807-003-9-D-DB_180319_M\u00fcnchenHbf_ICE584.jpg\"><img loading=\"lazy\" decoding=\"async\" class=\"alignnone size-medium wp-image-1420\" src=\"https:\/\/zug-bilder.de\/wp-content\/uploads\/2019\/03\/1000-93-80-5807-003-9-D-DB_180319_M\u00fcnchenHbf_ICE584-300x205.jpg\" alt=\"\" width=\"300\" height=\"205\" srcset=\"https:\/\/zug-bilder.de\/wp-content\/uploads\/2019\/03\/1000-93-80-5807-003-9-D-DB_180319_M\u00fcnchenHbf_ICE584-300x205.jpg 300w, https:\/\/zug-bilder.de\/wp-content\/uploads\/2019\/03\/1000-93-80-5807-003-9-D-DB_180319_M\u00fcnchenHbf_ICE584-768x524.jpg 768w, https:\/\/zug-bilder.de\/wp-content\/uploads\/2019\/03\/1000-93-80-5807-003-9-D-DB_180319_M\u00fcnchenHbf_ICE584.jpg 1000w\" sizes=\"auto, (max-width: 300px) 100vw, 300px\" \/><\/a><\/td>\n<td style=\"vertical-align: middle;\"><strong>93 80 5807 003-9 D-DB<\/strong><br \/>\n19.03.2018<br \/>\nM\u00fcnchen Hbf<br \/>\n<em>ICE 584<\/em><br \/>\n<em>M\u00fcnchen Hbf &#8211; L\u00fcbeck Hbf<\/em><\/td>\n<\/tr>\n<\/tbody>\n<\/table>\n","protected":false},"excerpt":{"rendered":"<p>93 80 5807 003-9 D-DB 19.03.2018 M\u00fcnchen Hbf ICE 584 M\u00fcnchen Hbf &#8211; L\u00fcbeck Hbf<\/p>\n","protected":false},"author":1,"featured_media":0,"parent":0,"menu_order":0,"comment_status":"closed","ping_status":"closed","template":"","meta":{"footnotes":""},"class_list":["post-1419","page","type-page","status-publish","hentry"],"_links":{"self":[{"href":"https:\/\/zug-bilder.de\/index.php?rest_route=\/wp\/v2\/pages\/1419","targetHints":{"allow":["GET"]}}],"collection":[{"href":"https:\/\/zug-bilder.de\/index.php?rest_route=\/wp\/v2\/pages"}],"about":[{"href":"https:\/\/zug-bilder.de\/index.php?rest_route=\/wp\/v2\/types\/page"}],"author":[{"embeddable":true,"href":"https:\/\/zug-bilder.de\/index.php?rest_route=\/wp\/v2\/users\/1"}],"replies":[{"embeddable":true,"href":"https:\/\/zug-bilder.de\/index.php?rest_route=%2Fwp%2Fv2%2Fcomments&post=1419"}],"version-history":[{"count":1,"href":"https:\/\/zug-bilder.de\/index.php?rest_route=\/wp\/v2\/pages\/1419\/revisions"}],"predecessor-version":[{"id":1421,"href":"https:\/\/zug-bilder.de\/index.php?rest_route=\/wp\/v2\/pages\/1419\/revisions\/1421"}],"wp:attachment":[{"href":"https:\/\/zug-bilder.de\/index.php?rest_route=%2Fwp%2Fv2%2Fmedia&parent=1419"}],"curies":[{"name":"wp","href":"https:\/\/api.w.org\/{rel}","templated":true}]}}