{"id":1696,"date":"2019-05-01T15:32:47","date_gmt":"2019-05-01T15:32:47","guid":{"rendered":"https:\/\/zug-bilder.de\/?page_id=1696"},"modified":"2024-12-26T12:30:16","modified_gmt":"2024-12-26T12:30:16","slug":"a-bmpz-i","status":"publish","type":"page","link":"https:\/\/zug-bilder.de\/?page_id=1696","title":{"rendered":"A &#8211; Bmpz-I"},"content":{"rendered":"\n<div class=\"wp-block-columns is-layout-flex wp-container-core-columns-is-layout-9d6595d7 wp-block-columns-is-layout-flex\">\n<div class=\"wp-block-column is-layout-flow wp-block-column-is-layout-flow\">\n<figure class=\"wp-block-image size-full\"><a href=\"https:\/\/zug-bilder.de\/wp-content\/uploads\/2022\/03\/1000-A-OeBB-50-81-21-73-053-7_140121_SalzbrugHbf_REX1511.jpg\"><img loading=\"lazy\" decoding=\"async\" width=\"1000\" height=\"682\" src=\"https:\/\/zug-bilder.de\/wp-content\/uploads\/2022\/03\/1000-A-OeBB-50-81-21-73-053-7_140121_SalzbrugHbf_REX1511.jpg\" alt=\"\" class=\"wp-image-5167\" srcset=\"https:\/\/zug-bilder.de\/wp-content\/uploads\/2022\/03\/1000-A-OeBB-50-81-21-73-053-7_140121_SalzbrugHbf_REX1511.jpg 1000w, https:\/\/zug-bilder.de\/wp-content\/uploads\/2022\/03\/1000-A-OeBB-50-81-21-73-053-7_140121_SalzbrugHbf_REX1511-300x205.jpg 300w, https:\/\/zug-bilder.de\/wp-content\/uploads\/2022\/03\/1000-A-OeBB-50-81-21-73-053-7_140121_SalzbrugHbf_REX1511-768x524.jpg 768w\" sizes=\"auto, (max-width: 1000px) 100vw, 1000px\" \/><\/a><\/figure>\n<\/div>\n\n\n\n<div class=\"wp-block-column is-layout-flow wp-block-column-is-layout-flow\">\n<p class=\"has-light-gray-background-color has-background\"><strong>A-\u00d6BB 50 81 21-73 053-7<br><\/strong>21.01.2014<br><img loading=\"lazy\" decoding=\"async\" width=\"30\" height=\"20\" class=\"wp-image-5711\" style=\"width: 30px;\" src=\"https:\/\/zug-bilder.de\/wp-content\/uploads\/2023\/04\/Flagge_Oesterreich.jpg\" alt=\"\"> Salzburg Hbf<br><em>REX 1511<\/em><br><em>W\u00f6rgl Hbf &#8211; Salzburg Hbf<\/em><\/p>\n<\/div>\n<\/div>\n\n\n\n<div class=\"wp-block-columns is-layout-flex wp-container-core-columns-is-layout-9d6595d7 wp-block-columns-is-layout-flex\">\n<div class=\"wp-block-column is-layout-flow wp-block-column-is-layout-flow\">\n<figure class=\"wp-block-image size-full\"><a href=\"https:\/\/zug-bilder.de\/wp-content\/uploads\/2023\/01\/1000-A-OeBB-50-81-21-73-145-1_220412_Braunau.jpg\"><img loading=\"lazy\" decoding=\"async\" width=\"1000\" height=\"682\" src=\"https:\/\/zug-bilder.de\/wp-content\/uploads\/2023\/01\/1000-A-OeBB-50-81-21-73-145-1_220412_Braunau.jpg\" alt=\"\" class=\"wp-image-5531\" srcset=\"https:\/\/zug-bilder.de\/wp-content\/uploads\/2023\/01\/1000-A-OeBB-50-81-21-73-145-1_220412_Braunau.jpg 1000w, https:\/\/zug-bilder.de\/wp-content\/uploads\/2023\/01\/1000-A-OeBB-50-81-21-73-145-1_220412_Braunau-300x205.jpg 300w, https:\/\/zug-bilder.de\/wp-content\/uploads\/2023\/01\/1000-A-OeBB-50-81-21-73-145-1_220412_Braunau-768x524.jpg 768w\" sizes=\"auto, (max-width: 1000px) 100vw, 1000px\" \/><\/a><\/figure>\n<\/div>\n\n\n\n<div class=\"wp-block-column is-layout-flow wp-block-column-is-layout-flow\">\n<p class=\"has-light-gray-background-color has-background\"><strong>A-\u00d6BB 50 81 21-73 145-1<br><\/strong>12.04.2022<br><img loading=\"lazy\" decoding=\"async\" width=\"30\" height=\"20\" class=\"wp-image-5711\" style=\"width: 30px;\" src=\"https:\/\/zug-bilder.de\/wp-content\/uploads\/2023\/04\/Flagge_Oesterreich.jpg\" alt=\"\"> Braunau\/Inn<\/p>\n<\/div>\n<\/div>\n\n\n\n<div class=\"wp-block-columns is-layout-flex wp-container-core-columns-is-layout-9d6595d7 wp-block-columns-is-layout-flex\">\n<div class=\"wp-block-column is-layout-flow wp-block-column-is-layout-flow\">\n<figure class=\"wp-block-image size-full\"><a href=\"https:\/\/zug-bilder.de\/wp-content\/uploads\/2023\/01\/1000-A-OeBB-50-81-21-73-161-8_220412_Braunau.jpg\"><img loading=\"lazy\" decoding=\"async\" width=\"1000\" height=\"682\" src=\"https:\/\/zug-bilder.de\/wp-content\/uploads\/2023\/01\/1000-A-OeBB-50-81-21-73-161-8_220412_Braunau.jpg\" alt=\"\" class=\"wp-image-5529\" srcset=\"https:\/\/zug-bilder.de\/wp-content\/uploads\/2023\/01\/1000-A-OeBB-50-81-21-73-161-8_220412_Braunau.jpg 1000w, https:\/\/zug-bilder.de\/wp-content\/uploads\/2023\/01\/1000-A-OeBB-50-81-21-73-161-8_220412_Braunau-300x205.jpg 300w, https:\/\/zug-bilder.de\/wp-content\/uploads\/2023\/01\/1000-A-OeBB-50-81-21-73-161-8_220412_Braunau-768x524.jpg 768w\" sizes=\"auto, (max-width: 1000px) 100vw, 1000px\" \/><\/a><\/figure>\n<\/div>\n\n\n\n<div class=\"wp-block-column is-layout-flow wp-block-column-is-layout-flow\">\n<p class=\"has-light-gray-background-color has-background\"><strong>A-\u00d6BB 50 81 21-73 161-8<br><\/strong>12.04.2022<br><img loading=\"lazy\" decoding=\"async\" width=\"30\" height=\"20\" class=\"wp-image-5711\" style=\"width: 30px;\" src=\"https:\/\/zug-bilder.de\/wp-content\/uploads\/2023\/04\/Flagge_Oesterreich.jpg\" alt=\"\"> Braunau\/Inn<\/p>\n<\/div>\n<\/div>\n\n\n\n<div class=\"wp-block-columns is-layout-flex wp-container-core-columns-is-layout-9d6595d7 wp-block-columns-is-layout-flex\">\n<div class=\"wp-block-column is-layout-flow wp-block-column-is-layout-flow\">\n<figure class=\"wp-block-image size-full\"><a href=\"https:\/\/zug-bilder.de\/wp-content\/uploads\/2019\/05\/1000-A-\u00d6BB-50-81-21-73-172-5_070922_T\u00f6ging.jpg\"><img loading=\"lazy\" decoding=\"async\" width=\"1000\" height=\"682\" src=\"https:\/\/zug-bilder.de\/wp-content\/uploads\/2019\/05\/1000-A-\u00d6BB-50-81-21-73-172-5_070922_T\u00f6ging.jpg\" alt=\"\" class=\"wp-image-1697\" srcset=\"https:\/\/zug-bilder.de\/wp-content\/uploads\/2019\/05\/1000-A-\u00d6BB-50-81-21-73-172-5_070922_T\u00f6ging.jpg 1000w, https:\/\/zug-bilder.de\/wp-content\/uploads\/2019\/05\/1000-A-\u00d6BB-50-81-21-73-172-5_070922_T\u00f6ging-300x205.jpg 300w, https:\/\/zug-bilder.de\/wp-content\/uploads\/2019\/05\/1000-A-\u00d6BB-50-81-21-73-172-5_070922_T\u00f6ging-768x524.jpg 768w\" sizes=\"auto, (max-width: 1000px) 100vw, 1000px\" \/><\/a><\/figure>\n<\/div>\n\n\n\n<div class=\"wp-block-column is-layout-flow wp-block-column-is-layout-flow\">\n<p class=\"has-light-gray-background-color has-background\"><strong>A-\u00d6BB 50 81 21-73 172-5<\/strong><br>22.09.2007<br><img loading=\"lazy\" decoding=\"async\" width=\"33\" height=\"20\" class=\"wp-image-5706\" style=\"width: 33px;\" src=\"https:\/\/zug-bilder.de\/wp-content\/uploads\/2023\/04\/Flagge_Deutschland.jpg\" alt=\"\"> T\u00f6ging (Inn)<br><em>Linz Hbf &#8211; M\u00fcnchen Hbf<\/em><\/p>\n<\/div>\n<\/div>\n\n\n\n<div class=\"wp-block-columns is-layout-flex wp-container-core-columns-is-layout-9d6595d7 wp-block-columns-is-layout-flex\">\n<div class=\"wp-block-column is-layout-flow wp-block-column-is-layout-flow\">\n<figure class=\"wp-block-image size-full\"><a href=\"https:\/\/zug-bilder.de\/wp-content\/uploads\/2023\/02\/1000-A-OeBB-50-81-21-73-379-6_220412_Braunau.jpg\"><img loading=\"lazy\" decoding=\"async\" width=\"1000\" height=\"682\" src=\"https:\/\/zug-bilder.de\/wp-content\/uploads\/2023\/02\/1000-A-OeBB-50-81-21-73-379-6_220412_Braunau.jpg\" alt=\"\" class=\"wp-image-5640\" srcset=\"https:\/\/zug-bilder.de\/wp-content\/uploads\/2023\/02\/1000-A-OeBB-50-81-21-73-379-6_220412_Braunau.jpg 1000w, https:\/\/zug-bilder.de\/wp-content\/uploads\/2023\/02\/1000-A-OeBB-50-81-21-73-379-6_220412_Braunau-300x205.jpg 300w, https:\/\/zug-bilder.de\/wp-content\/uploads\/2023\/02\/1000-A-OeBB-50-81-21-73-379-6_220412_Braunau-768x524.jpg 768w\" sizes=\"auto, (max-width: 1000px) 100vw, 1000px\" \/><\/a><\/figure>\n<\/div>\n\n\n\n<div class=\"wp-block-column is-layout-flow wp-block-column-is-layout-flow\">\n<p class=\"has-light-gray-background-color has-background\"><strong>A-\u00d6BB 50 81 21-73 379-6<br><\/strong>12.04.2022<br><img loading=\"lazy\" decoding=\"async\" width=\"30\" height=\"20\" class=\"wp-image-5711\" style=\"width: 30px;\" src=\"https:\/\/zug-bilder.de\/wp-content\/uploads\/2023\/04\/Flagge_Oesterreich.jpg\" alt=\"\"> Braunau\/Inn<\/p>\n<\/div>\n<\/div>\n\n\n\n<div class=\"wp-block-columns is-layout-flex wp-container-core-columns-is-layout-9d6595d7 wp-block-columns-is-layout-flex\">\n<div class=\"wp-block-column is-layout-flow wp-block-column-is-layout-flow\">\n<figure class=\"wp-block-image size-full\"><a href=\"https:\/\/zug-bilder.de\/wp-content\/uploads\/2024\/09\/1000-A-OeBB-50-81-21-73-405-9_240529_WienHbf_D14006.jpg\"><img loading=\"lazy\" decoding=\"async\" width=\"1000\" height=\"667\" src=\"https:\/\/zug-bilder.de\/wp-content\/uploads\/2024\/09\/1000-A-OeBB-50-81-21-73-405-9_240529_WienHbf_D14006.jpg\" alt=\"\" class=\"wp-image-6932\" srcset=\"https:\/\/zug-bilder.de\/wp-content\/uploads\/2024\/09\/1000-A-OeBB-50-81-21-73-405-9_240529_WienHbf_D14006.jpg 1000w, https:\/\/zug-bilder.de\/wp-content\/uploads\/2024\/09\/1000-A-OeBB-50-81-21-73-405-9_240529_WienHbf_D14006-300x200.jpg 300w, https:\/\/zug-bilder.de\/wp-content\/uploads\/2024\/09\/1000-A-OeBB-50-81-21-73-405-9_240529_WienHbf_D14006-768x512.jpg 768w\" sizes=\"auto, (max-width: 1000px) 100vw, 1000px\" \/><\/a><\/figure>\n<\/div>\n\n\n\n<div class=\"wp-block-column is-layout-flow wp-block-column-is-layout-flow\">\n<p class=\"has-light-gray-background-color has-background\"><strong>A-\u00d6BB 50 81 21-73 405-9<\/strong><br>29.05.2024<br><img loading=\"lazy\" decoding=\"async\" width=\"30\" height=\"20\" class=\"wp-image-5711\" style=\"width: 30px;\" src=\"https:\/\/zug-bilder.de\/wp-content\/uploads\/2023\/04\/Flagge_Oesterreich.jpg\" alt=\"\"> Wien Hbf<br><em>D 14006<br>Villach Hbf &#8211; Wien Hbf<\/em><\/p>\n<\/div>\n<\/div>\n\n\n\n<div class=\"wp-block-columns is-layout-flex wp-container-core-columns-is-layout-9d6595d7 wp-block-columns-is-layout-flex\">\n<div class=\"wp-block-column is-layout-flow wp-block-column-is-layout-flow\">\n<figure class=\"wp-block-image size-full\"><a href=\"https:\/\/zug-bilder.de\/wp-content\/uploads\/2024\/12\/1000-A-OeBB-50-81-21-73-411-7_240529_WienHbf_D14006.jpg\"><img loading=\"lazy\" decoding=\"async\" width=\"1000\" height=\"667\" src=\"https:\/\/zug-bilder.de\/wp-content\/uploads\/2024\/12\/1000-A-OeBB-50-81-21-73-411-7_240529_WienHbf_D14006.jpg\" alt=\"\" class=\"wp-image-7274\" srcset=\"https:\/\/zug-bilder.de\/wp-content\/uploads\/2024\/12\/1000-A-OeBB-50-81-21-73-411-7_240529_WienHbf_D14006.jpg 1000w, https:\/\/zug-bilder.de\/wp-content\/uploads\/2024\/12\/1000-A-OeBB-50-81-21-73-411-7_240529_WienHbf_D14006-300x200.jpg 300w, https:\/\/zug-bilder.de\/wp-content\/uploads\/2024\/12\/1000-A-OeBB-50-81-21-73-411-7_240529_WienHbf_D14006-768x512.jpg 768w\" sizes=\"auto, (max-width: 1000px) 100vw, 1000px\" \/><\/a><\/figure>\n<\/div>\n\n\n\n<div class=\"wp-block-column is-layout-flow wp-block-column-is-layout-flow\">\n<p class=\"has-light-gray-background-color has-background\"><strong>A-\u00d6BB 50 81 21-73 411-7<\/strong><br>29.05.2024<br><img loading=\"lazy\" decoding=\"async\" width=\"30\" height=\"20\" class=\"wp-image-5711\" style=\"width: 30px;\" src=\"https:\/\/zug-bilder.de\/wp-content\/uploads\/2023\/04\/Flagge_Oesterreich.jpg\" alt=\"\"> Wien Hbf<br><em>D 14006<br>Villach Hbf &#8211; Wien Hbf<\/em><\/p>\n<\/div>\n<\/div>\n\n\n\n<div class=\"wp-block-columns is-layout-flex wp-container-core-columns-is-layout-9d6595d7 wp-block-columns-is-layout-flex\">\n<div class=\"wp-block-column is-layout-flow wp-block-column-is-layout-flow\">\n<figure class=\"wp-block-image size-full\"><a href=\"https:\/\/zug-bilder.de\/wp-content\/uploads\/2024\/12\/1000-A-OeBB-50-81-21-73-826-6_240529_WienHbf_D14006.jpg\"><img loading=\"lazy\" decoding=\"async\" width=\"1000\" height=\"667\" src=\"https:\/\/zug-bilder.de\/wp-content\/uploads\/2024\/12\/1000-A-OeBB-50-81-21-73-826-6_240529_WienHbf_D14006.jpg\" alt=\"\" class=\"wp-image-7270\" srcset=\"https:\/\/zug-bilder.de\/wp-content\/uploads\/2024\/12\/1000-A-OeBB-50-81-21-73-826-6_240529_WienHbf_D14006.jpg 1000w, https:\/\/zug-bilder.de\/wp-content\/uploads\/2024\/12\/1000-A-OeBB-50-81-21-73-826-6_240529_WienHbf_D14006-300x200.jpg 300w, https:\/\/zug-bilder.de\/wp-content\/uploads\/2024\/12\/1000-A-OeBB-50-81-21-73-826-6_240529_WienHbf_D14006-768x512.jpg 768w\" sizes=\"auto, (max-width: 1000px) 100vw, 1000px\" \/><\/a><\/figure>\n<\/div>\n\n\n\n<div class=\"wp-block-column is-layout-flow wp-block-column-is-layout-flow\">\n<p class=\"has-light-gray-background-color has-background\"><strong>A-\u00d6BB 50 81 21-73 826-6<\/strong><br>29.05.2024<br><img loading=\"lazy\" decoding=\"async\" width=\"30\" height=\"20\" class=\"wp-image-5711\" style=\"width: 30px;\" src=\"https:\/\/zug-bilder.de\/wp-content\/uploads\/2023\/04\/Flagge_Oesterreich.jpg\" alt=\"\"> Wien Hbf<br><em>D 14006<br>Villach Hbf &#8211; Wien Hbf<\/em><\/p>\n<\/div>\n<\/div>\n","protected":false},"excerpt":{"rendered":"<p>A-\u00d6BB 50 81 21-73 053-721.01.2014 Salzburg HbfREX 1511W\u00f6rgl Hbf &#8211; Salzburg Hbf A-\u00d6BB 50 81 21-73 145-112.04.2022 Braunau\/Inn A-\u00d6BB 50 81 21-73 161-812.04.2022 Braunau\/Inn A-\u00d6BB 50 81 21-73 172-522.09.2007 T\u00f6ging (Inn)Linz Hbf &#8211; M\u00fcnchen Hbf A-\u00d6BB 50 81 21-73 379-612.04.2022 Braunau\/Inn A-\u00d6BB 50 81 21-73 405-929.05.2024 Wien HbfD 14006Villach Hbf &#8211; Wien Hbf A-\u00d6BB 50 &hellip; <a href=\"https:\/\/zug-bilder.de\/?page_id=1696\" class=\"more-link\"><span class=\"screen-reader-text\">A &#8211; Bmpz-I<\/span> weiterlesen<\/a><\/p>\n","protected":false},"author":1,"featured_media":0,"parent":0,"menu_order":0,"comment_status":"closed","ping_status":"closed","template":"","meta":{"footnotes":""},"class_list":["post-1696","page","type-page","status-publish","hentry"],"_links":{"self":[{"href":"https:\/\/zug-bilder.de\/index.php?rest_route=\/wp\/v2\/pages\/1696","targetHints":{"allow":["GET"]}}],"collection":[{"href":"https:\/\/zug-bilder.de\/index.php?rest_route=\/wp\/v2\/pages"}],"about":[{"href":"https:\/\/zug-bilder.de\/index.php?rest_route=\/wp\/v2\/types\/page"}],"author":[{"embeddable":true,"href":"https:\/\/zug-bilder.de\/index.php?rest_route=\/wp\/v2\/users\/1"}],"replies":[{"embeddable":true,"href":"https:\/\/zug-bilder.de\/index.php?rest_route=%2Fwp%2Fv2%2Fcomments&post=1696"}],"version-history":[{"count":13,"href":"https:\/\/zug-bilder.de\/index.php?rest_route=\/wp\/v2\/pages\/1696\/revisions"}],"predecessor-version":[{"id":7277,"href":"https:\/\/zug-bilder.de\/index.php?rest_route=\/wp\/v2\/pages\/1696\/revisions\/7277"}],"wp:attachment":[{"href":"https:\/\/zug-bilder.de\/index.php?rest_route=%2Fwp%2Fv2%2Fmedia&parent=1696"}],"curies":[{"name":"wp","href":"https:\/\/api.w.org\/{rel}","templated":true}]}}