{"id":182,"date":"2018-05-17T17:22:43","date_gmt":"2018-05-17T17:22:43","guid":{"rendered":"http:\/\/zug-bilder.de\/?page_id=182"},"modified":"2021-12-21T17:41:11","modified_gmt":"2021-12-21T17:41:11","slug":"wlabmz","status":"publish","type":"page","link":"https:\/\/zug-bilder.de\/?page_id=182","title":{"rendered":"D &#8211; WLABmz"},"content":{"rendered":"<table>\n<tbody>\n<tr>\n<td style=\"vertical-align: middle;\"><a href=\"https:\/\/zug-bilder.de\/wp-content\/uploads\/2021\/12\/1000-D-OeBB-61-80-72-90-004-5_210821_Berlin-Tiergarten_NJ457.jpg\"><img loading=\"lazy\" decoding=\"async\" class=\"alignnone size-medium wp-image-4927\" src=\"https:\/\/zug-bilder.de\/wp-content\/uploads\/2021\/12\/1000-D-OeBB-61-80-72-90-004-5_210821_Berlin-Tiergarten_NJ457-300x205.jpg\" alt=\"\" width=\"300\" height=\"205\" srcset=\"https:\/\/zug-bilder.de\/wp-content\/uploads\/2021\/12\/1000-D-OeBB-61-80-72-90-004-5_210821_Berlin-Tiergarten_NJ457-300x205.jpg 300w, https:\/\/zug-bilder.de\/wp-content\/uploads\/2021\/12\/1000-D-OeBB-61-80-72-90-004-5_210821_Berlin-Tiergarten_NJ457-768x524.jpg 768w, https:\/\/zug-bilder.de\/wp-content\/uploads\/2021\/12\/1000-D-OeBB-61-80-72-90-004-5_210821_Berlin-Tiergarten_NJ457.jpg 1000w\" sizes=\"auto, (max-width: 300px) 100vw, 300px\" \/><\/a><\/td>\n<td style=\"vertical-align: middle;\"><span style=\"color: #333333;\"><strong>D-\u00d6BB 61 80 72-90 004-5<br \/>\n<\/strong>21.08.2021<br \/>\nBerlin-Tiergarten<br \/>\n<em>NJ 457<\/em><br \/>\n<em>Berlin-Charlottenburg &#8211;<\/em><br \/>\n<em>Wien Hbf<\/em><\/span><\/td>\n<\/tr>\n<tr>\n<td style=\"vertical-align: middle;\"><a href=\"http:\/\/zug-bilder.de\/wp-content\/uploads\/2018\/05\/1000-D-\u00d6BB-61-80-72-90-008-6_170306_M\u00fcnchenOst.jpg\"><img loading=\"lazy\" decoding=\"async\" class=\"alignnone size-medium wp-image-186\" src=\"http:\/\/zug-bilder.de\/wp-content\/uploads\/2018\/05\/1000-D-\u00d6BB-61-80-72-90-008-6_170306_M\u00fcnchenOst-300x205.jpg\" alt=\"\" width=\"300\" height=\"205\" srcset=\"https:\/\/zug-bilder.de\/wp-content\/uploads\/2018\/05\/1000-D-\u00d6BB-61-80-72-90-008-6_170306_M\u00fcnchenOst-300x205.jpg 300w, https:\/\/zug-bilder.de\/wp-content\/uploads\/2018\/05\/1000-D-\u00d6BB-61-80-72-90-008-6_170306_M\u00fcnchenOst-768x524.jpg 768w, https:\/\/zug-bilder.de\/wp-content\/uploads\/2018\/05\/1000-D-\u00d6BB-61-80-72-90-008-6_170306_M\u00fcnchenOst.jpg 1000w\" sizes=\"auto, (max-width: 300px) 100vw, 300px\" \/><\/a><\/td>\n<td style=\"vertical-align: middle;\"><span style=\"color: #333333;\"><strong>D-\u00d6BB 61 80 72-90 008-6<br \/>\n<\/strong>06.03.2017<br \/>\nM\u00fcnchen Ost<br \/>\n<em>Abstellung f\u00fcr EN 40463<br \/>\nM\u00fcnchen Hbf &#8211;<br \/>\nVenezia Santa Lucia<\/em><br \/>\n<\/span><\/td>\n<\/tr>\n<tr>\n<td style=\"vertical-align: middle;\"><a href=\"https:\/\/zug-bilder.de\/wp-content\/uploads\/2019\/10\/1000-D-\u00d6BB-61-80-72-90-015-1_190608_WienHbf_NJ40490.jpg\"><img loading=\"lazy\" decoding=\"async\" class=\"alignnone size-medium wp-image-2320\" src=\"https:\/\/zug-bilder.de\/wp-content\/uploads\/2019\/10\/1000-D-\u00d6BB-61-80-72-90-015-1_190608_WienHbf_NJ40490-300x205.jpg\" alt=\"\" width=\"300\" height=\"205\" srcset=\"https:\/\/zug-bilder.de\/wp-content\/uploads\/2019\/10\/1000-D-\u00d6BB-61-80-72-90-015-1_190608_WienHbf_NJ40490-300x205.jpg 300w, https:\/\/zug-bilder.de\/wp-content\/uploads\/2019\/10\/1000-D-\u00d6BB-61-80-72-90-015-1_190608_WienHbf_NJ40490-768x524.jpg 768w, https:\/\/zug-bilder.de\/wp-content\/uploads\/2019\/10\/1000-D-\u00d6BB-61-80-72-90-015-1_190608_WienHbf_NJ40490.jpg 1000w\" sizes=\"auto, (max-width: 300px) 100vw, 300px\" \/><\/a><\/td>\n<td style=\"vertical-align: middle;\"><span style=\"color: #333333;\"><strong>D-\u00d6BB 61 80 72-90 015-1<br \/>\n<\/strong>08.06.2019<br \/>\nWien Hbf<br \/>\n<em>NJ 40490<\/em><br \/>\n<em>Wien Hbf (Autoreisezuganlage) &#8211;<\/em><br \/>\n<em>D\u00fcsseldorf Hbf<\/em><strong><br \/>\n<\/strong><\/span><\/td>\n<\/tr>\n<tr>\n<td style=\"vertical-align: middle;\"><a href=\"http:\/\/zug-bilder.de\/wp-content\/uploads\/2018\/05\/1000-D-\u00d6BB-61-80-72-90-042-5_180319_M\u00fcnchenOst_NJ40236-40463.jpg\"><img loading=\"lazy\" decoding=\"async\" class=\"alignnone size-medium wp-image-183\" src=\"http:\/\/zug-bilder.de\/wp-content\/uploads\/2018\/05\/1000-D-\u00d6BB-61-80-72-90-042-5_180319_M\u00fcnchenOst_NJ40236-40463-300x205.jpg\" alt=\"\" width=\"300\" height=\"205\" srcset=\"https:\/\/zug-bilder.de\/wp-content\/uploads\/2018\/05\/1000-D-\u00d6BB-61-80-72-90-042-5_180319_M\u00fcnchenOst_NJ40236-40463-300x205.jpg 300w, https:\/\/zug-bilder.de\/wp-content\/uploads\/2018\/05\/1000-D-\u00d6BB-61-80-72-90-042-5_180319_M\u00fcnchenOst_NJ40236-40463-768x524.jpg 768w, https:\/\/zug-bilder.de\/wp-content\/uploads\/2018\/05\/1000-D-\u00d6BB-61-80-72-90-042-5_180319_M\u00fcnchenOst_NJ40236-40463.jpg 1000w\" sizes=\"auto, (max-width: 300px) 100vw, 300px\" \/><\/a><\/td>\n<td style=\"vertical-align: middle;\"><span style=\"color: #333333;\"><strong>D-\u00d6BB 61 80 72-90 042-5<br \/>\n<\/strong>19.03.2018<\/span><br \/>\n<span style=\"color: #333333;\">M\u00fcnchen Ost<\/span><br \/>\n<span style=\"color: #333333;\"><em>Abstellung aus NJ 40236<br \/>\nVenezia Santa Lucia &#8211;<br \/>\nM\u00fcnchen Hbf<br \/>\nAbstellung f\u00fcr NJ 40463<br \/>\nM\u00fcnchen Hbf &#8211;<br \/>\nVenezia Santa Lucia<\/em><\/span><\/td>\n<\/tr>\n<\/tbody>\n<\/table>\n","protected":false},"excerpt":{"rendered":"<p>D-\u00d6BB 61 80 72-90 004-5 21.08.2021 Berlin-Tiergarten NJ 457 Berlin-Charlottenburg &#8211; Wien Hbf D-\u00d6BB 61 80 72-90 008-6 06.03.2017 M\u00fcnchen Ost Abstellung f\u00fcr EN 40463 M\u00fcnchen Hbf &#8211; Venezia Santa Lucia D-\u00d6BB 61 80 72-90 015-1 08.06.2019 Wien Hbf NJ 40490 Wien Hbf (Autoreisezuganlage) &#8211; D\u00fcsseldorf Hbf D-\u00d6BB 61 80 72-90 042-5 19.03.2018 M\u00fcnchen Ost &hellip; <a href=\"https:\/\/zug-bilder.de\/?page_id=182\" class=\"more-link\"><span class=\"screen-reader-text\">D &#8211; WLABmz<\/span> weiterlesen<\/a><\/p>\n","protected":false},"author":1,"featured_media":0,"parent":0,"menu_order":0,"comment_status":"closed","ping_status":"closed","template":"","meta":{"footnotes":""},"class_list":["post-182","page","type-page","status-publish","hentry"],"_links":{"self":[{"href":"https:\/\/zug-bilder.de\/index.php?rest_route=\/wp\/v2\/pages\/182","targetHints":{"allow":["GET"]}}],"collection":[{"href":"https:\/\/zug-bilder.de\/index.php?rest_route=\/wp\/v2\/pages"}],"about":[{"href":"https:\/\/zug-bilder.de\/index.php?rest_route=\/wp\/v2\/types\/page"}],"author":[{"embeddable":true,"href":"https:\/\/zug-bilder.de\/index.php?rest_route=\/wp\/v2\/users\/1"}],"replies":[{"embeddable":true,"href":"https:\/\/zug-bilder.de\/index.php?rest_route=%2Fwp%2Fv2%2Fcomments&post=182"}],"version-history":[{"count":8,"href":"https:\/\/zug-bilder.de\/index.php?rest_route=\/wp\/v2\/pages\/182\/revisions"}],"predecessor-version":[{"id":4928,"href":"https:\/\/zug-bilder.de\/index.php?rest_route=\/wp\/v2\/pages\/182\/revisions\/4928"}],"wp:attachment":[{"href":"https:\/\/zug-bilder.de\/index.php?rest_route=%2Fwp%2Fv2%2Fmedia&parent=182"}],"curies":[{"name":"wp","href":"https:\/\/api.w.org\/{rel}","templated":true}]}}