{"id":1833,"date":"2019-06-16T18:26:28","date_gmt":"2019-06-16T18:26:28","guid":{"rendered":"https:\/\/zug-bilder.de\/?page_id=1833"},"modified":"2019-12-26T15:26:09","modified_gmt":"2019-12-26T15:26:09","slug":"94-81-4124","status":"publish","type":"page","link":"https:\/\/zug-bilder.de\/?page_id=1833","title":{"rendered":"94 81 4124"},"content":{"rendered":"<table>\n<tbody>\n<tr>\n<td style=\"vertical-align: middle;\"><a href=\"https:\/\/zug-bilder.de\/wp-content\/uploads\/2019\/12\/1000-A-\u00d6BB-93-81-4124-020-1_190609_WienHbf_S80.jpg\"><img loading=\"lazy\" decoding=\"async\" class=\"alignnone size-medium wp-image-3119\" src=\"https:\/\/zug-bilder.de\/wp-content\/uploads\/2019\/12\/1000-A-\u00d6BB-93-81-4124-020-1_190609_WienHbf_S80-300x205.jpg\" alt=\"\" width=\"300\" height=\"205\" srcset=\"https:\/\/zug-bilder.de\/wp-content\/uploads\/2019\/12\/1000-A-\u00d6BB-93-81-4124-020-1_190609_WienHbf_S80-300x205.jpg 300w, https:\/\/zug-bilder.de\/wp-content\/uploads\/2019\/12\/1000-A-\u00d6BB-93-81-4124-020-1_190609_WienHbf_S80-768x524.jpg 768w, https:\/\/zug-bilder.de\/wp-content\/uploads\/2019\/12\/1000-A-\u00d6BB-93-81-4124-020-1_190609_WienHbf_S80.jpg 1000w\" sizes=\"auto, (max-width: 300px) 100vw, 300px\" \/><\/a><\/td>\n<td style=\"vertical-align: middle;\"><strong>A-\u00d6BB 93 81 4124 020-1<br \/>\n<\/strong>09.06.2019<br \/>\nWien Hbf<br \/>\n<em><img loading=\"lazy\" decoding=\"async\" class=\"alignnone wp-image-3120\" src=\"https:\/\/zug-bilder.de\/wp-content\/uploads\/2019\/12\/Logo_SBahnWien.jpg\" alt=\"\" width=\"20\" height=\"20\" \/> 80<\/em><br \/>\n<em>Wien H\u00fctteldorf &#8211;<\/em><br \/>\n<em>Wien Aspern Nord<\/em><strong><br \/>\n<\/strong><\/td>\n<\/tr>\n<tr>\n<td style=\"vertical-align: middle;\"><a href=\"https:\/\/zug-bilder.de\/wp-content\/uploads\/2019\/11\/1000-A-\u00d6BB-94-81-4124-026-7_190608_WienHbf.jpg\"><img loading=\"lazy\" decoding=\"async\" class=\"alignnone size-medium wp-image-2632\" src=\"https:\/\/zug-bilder.de\/wp-content\/uploads\/2019\/11\/1000-A-\u00d6BB-94-81-4124-026-7_190608_WienHbf-300x205.jpg\" alt=\"\" width=\"300\" height=\"205\" srcset=\"https:\/\/zug-bilder.de\/wp-content\/uploads\/2019\/11\/1000-A-\u00d6BB-94-81-4124-026-7_190608_WienHbf-300x205.jpg 300w, https:\/\/zug-bilder.de\/wp-content\/uploads\/2019\/11\/1000-A-\u00d6BB-94-81-4124-026-7_190608_WienHbf-768x524.jpg 768w, https:\/\/zug-bilder.de\/wp-content\/uploads\/2019\/11\/1000-A-\u00d6BB-94-81-4124-026-7_190608_WienHbf.jpg 1000w\" sizes=\"auto, (max-width: 300px) 100vw, 300px\" \/><\/a><\/td>\n<td style=\"vertical-align: middle;\"><strong>A-\u00d6BB 94 81 4124 026-7<br \/>\n<\/strong>08.06.2019<br \/>\nWien Hbf<strong><br \/>\n<\/strong><\/td>\n<\/tr>\n<tr>\n<td style=\"vertical-align: middle;\"><a href=\"https:\/\/zug-bilder.de\/wp-content\/uploads\/2019\/06\/1000-A-\u00d6BB-94-81-4124-030-9_190609_WienHbf_S60.jpg\"><img loading=\"lazy\" decoding=\"async\" class=\"alignnone size-medium wp-image-1834\" src=\"https:\/\/zug-bilder.de\/wp-content\/uploads\/2019\/06\/1000-A-\u00d6BB-94-81-4124-030-9_190609_WienHbf_S60-300x205.jpg\" alt=\"\" width=\"300\" height=\"205\" srcset=\"https:\/\/zug-bilder.de\/wp-content\/uploads\/2019\/06\/1000-A-\u00d6BB-94-81-4124-030-9_190609_WienHbf_S60-300x205.jpg 300w, https:\/\/zug-bilder.de\/wp-content\/uploads\/2019\/06\/1000-A-\u00d6BB-94-81-4124-030-9_190609_WienHbf_S60-768x524.jpg 768w, https:\/\/zug-bilder.de\/wp-content\/uploads\/2019\/06\/1000-A-\u00d6BB-94-81-4124-030-9_190609_WienHbf_S60.jpg 1000w\" sizes=\"auto, (max-width: 300px) 100vw, 300px\" \/><\/a><\/td>\n<td style=\"vertical-align: middle;\"><strong>A-\u00d6BB 94 81 4124 030-9<\/strong><br \/>\n09.06.2019<br \/>\nWien Hbf<br \/>\n<em><img loading=\"lazy\" decoding=\"async\" class=\"alignnone wp-image-3120\" src=\"https:\/\/zug-bilder.de\/wp-content\/uploads\/2019\/12\/Logo_SBahnWien.jpg\" alt=\"\" width=\"20\" height=\"20\" \/> 60<\/em><br \/>\n<em>Wien Hbf &#8211; Bruck\/Leitha<\/em><\/td>\n<\/tr>\n<\/tbody>\n<\/table>\n","protected":false},"excerpt":{"rendered":"<p>A-\u00d6BB 93 81 4124 020-1 09.06.2019 Wien Hbf 80 Wien H\u00fctteldorf &#8211; Wien Aspern Nord A-\u00d6BB 94 81 4124 026-7 08.06.2019 Wien Hbf A-\u00d6BB 94 81 4124 030-9 09.06.2019 Wien Hbf 60 Wien Hbf &#8211; Bruck\/Leitha<\/p>\n","protected":false},"author":1,"featured_media":0,"parent":0,"menu_order":0,"comment_status":"closed","ping_status":"closed","template":"","meta":{"footnotes":""},"class_list":["post-1833","page","type-page","status-publish","hentry"],"_links":{"self":[{"href":"https:\/\/zug-bilder.de\/index.php?rest_route=\/wp\/v2\/pages\/1833","targetHints":{"allow":["GET"]}}],"collection":[{"href":"https:\/\/zug-bilder.de\/index.php?rest_route=\/wp\/v2\/pages"}],"about":[{"href":"https:\/\/zug-bilder.de\/index.php?rest_route=\/wp\/v2\/types\/page"}],"author":[{"embeddable":true,"href":"https:\/\/zug-bilder.de\/index.php?rest_route=\/wp\/v2\/users\/1"}],"replies":[{"embeddable":true,"href":"https:\/\/zug-bilder.de\/index.php?rest_route=%2Fwp%2Fv2%2Fcomments&post=1833"}],"version-history":[{"count":4,"href":"https:\/\/zug-bilder.de\/index.php?rest_route=\/wp\/v2\/pages\/1833\/revisions"}],"predecessor-version":[{"id":3121,"href":"https:\/\/zug-bilder.de\/index.php?rest_route=\/wp\/v2\/pages\/1833\/revisions\/3121"}],"wp:attachment":[{"href":"https:\/\/zug-bilder.de\/index.php?rest_route=%2Fwp%2Fv2%2Fmedia&parent=1833"}],"curies":[{"name":"wp","href":"https:\/\/api.w.org\/{rel}","templated":true}]}}