{"id":1850,"date":"2019-06-18T13:16:20","date_gmt":"2019-06-18T13:16:20","guid":{"rendered":"https:\/\/zug-bilder.de\/?page_id=1850"},"modified":"2024-01-01T10:03:56","modified_gmt":"2024-01-01T10:03:56","slug":"a-amz","status":"publish","type":"page","link":"https:\/\/zug-bilder.de\/?page_id=1850","title":{"rendered":"A &#8211; Amz"},"content":{"rendered":"<table>\n<tbody>\n<tr>\n<td style=\"vertical-align: middle;\"><a href=\"https:\/\/zug-bilder.de\/wp-content\/uploads\/2019\/06\/1000-A-\u00d6BB-73-81-19-91-500-2_190608_WienHbf_D347.jpg\"><img loading=\"lazy\" decoding=\"async\" class=\"alignnone size-medium wp-image-1851\" src=\"https:\/\/zug-bilder.de\/wp-content\/uploads\/2019\/06\/1000-A-\u00d6BB-73-81-19-91-500-2_190608_WienHbf_D347-300x205.jpg\" alt=\"\" width=\"300\" height=\"205\" srcset=\"https:\/\/zug-bilder.de\/wp-content\/uploads\/2019\/06\/1000-A-\u00d6BB-73-81-19-91-500-2_190608_WienHbf_D347-300x205.jpg 300w, https:\/\/zug-bilder.de\/wp-content\/uploads\/2019\/06\/1000-A-\u00d6BB-73-81-19-91-500-2_190608_WienHbf_D347-768x524.jpg 768w, https:\/\/zug-bilder.de\/wp-content\/uploads\/2019\/06\/1000-A-\u00d6BB-73-81-19-91-500-2_190608_WienHbf_D347.jpg 1000w\" sizes=\"auto, (max-width: 300px) 100vw, 300px\" \/><\/a><\/td>\n<td style=\"vertical-align: middle;\"><strong>A-\u00d6BB 73 81 19-91 500-2<\/strong><br \/>\n08.06.2019<br \/>\n<img loading=\"lazy\" decoding=\"async\" class=\"alignnone size-full wp-image-5711\" src=\"https:\/\/zug-bilder.de\/wp-content\/uploads\/2023\/04\/Flagge_Oesterreich.jpg\" alt=\"\" width=\"30\" height=\"20\" \/> Wien Hbf<br \/>\n<em>D 347 &#8222;Dacia&#8220;<\/em><br \/>\n<em>Wien Hbf &#8211;<br \/>\nBudapest Keleti p\u00e1lyaudvar<br \/>\n<\/em><\/td>\n<\/tr>\n<tr>\n<td style=\"vertical-align: middle;\"><a href=\"https:\/\/zug-bilder.de\/wp-content\/uploads\/2020\/01\/1000-A-\u00d6BB-73-81-19-91-512-7_160819_Bozen_EC89.jpg\"><img loading=\"lazy\" decoding=\"async\" class=\"alignnone size-medium wp-image-3398\" src=\"https:\/\/zug-bilder.de\/wp-content\/uploads\/2020\/01\/1000-A-\u00d6BB-73-81-19-91-512-7_160819_Bozen_EC89-300x205.jpg\" alt=\"\" width=\"300\" height=\"205\" srcset=\"https:\/\/zug-bilder.de\/wp-content\/uploads\/2020\/01\/1000-A-\u00d6BB-73-81-19-91-512-7_160819_Bozen_EC89-300x205.jpg 300w, https:\/\/zug-bilder.de\/wp-content\/uploads\/2020\/01\/1000-A-\u00d6BB-73-81-19-91-512-7_160819_Bozen_EC89-768x524.jpg 768w, https:\/\/zug-bilder.de\/wp-content\/uploads\/2020\/01\/1000-A-\u00d6BB-73-81-19-91-512-7_160819_Bozen_EC89.jpg 1000w\" sizes=\"auto, (max-width: 300px) 100vw, 300px\" \/><\/a><\/td>\n<td style=\"vertical-align: middle;\"><strong>A-\u00d6BB 73 81 19-91 512-7<br \/>\n<\/strong>19.08.2016<br \/>\n<img loading=\"lazy\" decoding=\"async\" class=\"alignnone size-full wp-image-5709\" src=\"https:\/\/zug-bilder.de\/wp-content\/uploads\/2023\/04\/Flagge_Italien.jpg\" alt=\"\" width=\"30\" height=\"20\" \/> Bolzano (Bozen)<br \/>\n<em>EC 89 &#8222;DB-\u00d6BB-EuroCity&#8220;<\/em><br \/>\n<em>M\u00fcnchen Hbf &#8211;<\/em><br \/>\n<em>Verona Porta Nuova<\/em><strong><br \/>\n<\/strong><\/td>\n<\/tr>\n<tr>\n<td style=\"vertical-align: middle;\"><a href=\"https:\/\/zug-bilder.de\/wp-content\/uploads\/2024\/01\/1000-A-OeBB-73-81-19-91-546-5_230930_MuenchenHbf_EC287.jpg\"><img loading=\"lazy\" decoding=\"async\" class=\"alignnone size-medium wp-image-5960\" src=\"https:\/\/zug-bilder.de\/wp-content\/uploads\/2024\/01\/1000-A-OeBB-73-81-19-91-546-5_230930_MuenchenHbf_EC287-300x205.jpg\" alt=\"\" width=\"300\" height=\"205\" srcset=\"https:\/\/zug-bilder.de\/wp-content\/uploads\/2024\/01\/1000-A-OeBB-73-81-19-91-546-5_230930_MuenchenHbf_EC287-300x205.jpg 300w, https:\/\/zug-bilder.de\/wp-content\/uploads\/2024\/01\/1000-A-OeBB-73-81-19-91-546-5_230930_MuenchenHbf_EC287-768x524.jpg 768w, https:\/\/zug-bilder.de\/wp-content\/uploads\/2024\/01\/1000-A-OeBB-73-81-19-91-546-5_230930_MuenchenHbf_EC287.jpg 1000w\" sizes=\"auto, (max-width: 300px) 100vw, 300px\" \/><\/a><\/td>\n<td style=\"vertical-align: middle;\"><strong>A-\u00d6BB 73 81 19-91 546-5<br \/>\n<\/strong>30.09.2023<br \/>\n<img loading=\"lazy\" decoding=\"async\" class=\"alignnone size-full wp-image-5706\" src=\"https:\/\/zug-bilder.de\/wp-content\/uploads\/2023\/04\/Flagge_Deutschland.jpg\" alt=\"\" width=\"33\" height=\"20\" \/> M\u00fcnchen Hbf<br \/>\n<em>EC 287 &#8222;DB-\u00d6BB-EuroCity&#8220;<\/em><br \/>\n<em>M\u00fcnchen Hbf &#8211;<\/em><br \/>\n<em>Innsbruck Hbf<\/em><\/td>\n<\/tr>\n<\/tbody>\n<\/table>\n","protected":false},"excerpt":{"rendered":"<p>A-\u00d6BB 73 81 19-91 500-2 08.06.2019 Wien Hbf D 347 &#8222;Dacia&#8220; Wien Hbf &#8211; Budapest Keleti p\u00e1lyaudvar A-\u00d6BB 73 81 19-91 512-7 19.08.2016 Bolzano (Bozen) EC 89 &#8222;DB-\u00d6BB-EuroCity&#8220; M\u00fcnchen Hbf &#8211; Verona Porta Nuova A-\u00d6BB 73 81 19-91 546-5 30.09.2023 M\u00fcnchen Hbf EC 287 &#8222;DB-\u00d6BB-EuroCity&#8220; M\u00fcnchen Hbf &#8211; Innsbruck Hbf<\/p>\n","protected":false},"author":1,"featured_media":0,"parent":0,"menu_order":0,"comment_status":"closed","ping_status":"closed","template":"","meta":{"footnotes":""},"class_list":["post-1850","page","type-page","status-publish","hentry"],"_links":{"self":[{"href":"https:\/\/zug-bilder.de\/index.php?rest_route=\/wp\/v2\/pages\/1850","targetHints":{"allow":["GET"]}}],"collection":[{"href":"https:\/\/zug-bilder.de\/index.php?rest_route=\/wp\/v2\/pages"}],"about":[{"href":"https:\/\/zug-bilder.de\/index.php?rest_route=\/wp\/v2\/types\/page"}],"author":[{"embeddable":true,"href":"https:\/\/zug-bilder.de\/index.php?rest_route=\/wp\/v2\/users\/1"}],"replies":[{"embeddable":true,"href":"https:\/\/zug-bilder.de\/index.php?rest_route=%2Fwp%2Fv2%2Fcomments&post=1850"}],"version-history":[{"count":7,"href":"https:\/\/zug-bilder.de\/index.php?rest_route=\/wp\/v2\/pages\/1850\/revisions"}],"predecessor-version":[{"id":5962,"href":"https:\/\/zug-bilder.de\/index.php?rest_route=\/wp\/v2\/pages\/1850\/revisions\/5962"}],"wp:attachment":[{"href":"https:\/\/zug-bilder.de\/index.php?rest_route=%2Fwp%2Fv2%2Fmedia&parent=1850"}],"curies":[{"name":"wp","href":"https:\/\/api.w.org\/{rel}","templated":true}]}}