{"id":1924,"date":"2019-07-21T12:47:56","date_gmt":"2019-07-21T12:47:56","guid":{"rendered":"https:\/\/zug-bilder.de\/?page_id=1924"},"modified":"2024-01-01T19:38:15","modified_gmt":"2024-01-01T19:38:15","slug":"92-80-1223","status":"publish","type":"page","link":"https:\/\/zug-bilder.de\/?page_id=1924","title":{"rendered":"92 80 1223"},"content":{"rendered":"<p>\u200b<\/p>\n<table>\n<tbody>\n<tr>\n<td style=\"vertical-align: middle;\"><a href=\"https:\/\/zug-bilder.de\/wp-content\/uploads\/2019\/07\/1000-92-80-1223-007-6-D-DISPO_170729_M\u00fcnchenHbf_ALX84143.jpg\"><img loading=\"lazy\" decoding=\"async\" class=\"alignnone size-medium wp-image-1925\" src=\"https:\/\/zug-bilder.de\/wp-content\/uploads\/2019\/07\/1000-92-80-1223-007-6-D-DISPO_170729_M\u00fcnchenHbf_ALX84143-300x205.jpg\" alt=\"\" width=\"300\" height=\"205\" srcset=\"https:\/\/zug-bilder.de\/wp-content\/uploads\/2019\/07\/1000-92-80-1223-007-6-D-DISPO_170729_M\u00fcnchenHbf_ALX84143-300x205.jpg 300w, https:\/\/zug-bilder.de\/wp-content\/uploads\/2019\/07\/1000-92-80-1223-007-6-D-DISPO_170729_M\u00fcnchenHbf_ALX84143-768x524.jpg 768w, https:\/\/zug-bilder.de\/wp-content\/uploads\/2019\/07\/1000-92-80-1223-007-6-D-DISPO_170729_M\u00fcnchenHbf_ALX84143.jpg 1000w\" sizes=\"auto, (max-width: 300px) 100vw, 300px\" \/><\/a><\/td>\n<td style=\"vertical-align: middle;\"><strong>92 80 1223 007-6 D-DISPO<\/strong><br \/>\n29.07.2017<br \/>\n<img loading=\"lazy\" decoding=\"async\" class=\"alignnone size-full wp-image-5706\" src=\"https:\/\/zug-bilder.de\/wp-content\/uploads\/2023\/04\/Flagge_Deutschland.jpg\" alt=\"\" width=\"33\" height=\"20\" \/> M\u00fcnchen Hbf<br \/>\n<em>ALX 84143<\/em><br \/>\n<em>Lindau Hbf &#8211; M\u00fcnchen Hbf<\/em><\/td>\n<\/tr>\n<tr>\n<td style=\"vertical-align: middle;\"><a href=\"https:\/\/zug-bilder.de\/wp-content\/uploads\/2019\/10\/1000-92-80-1223-012-6-D-BRLL_190617_RegensburgHbf.jpg\"><img loading=\"lazy\" decoding=\"async\" class=\"alignnone size-medium wp-image-2234\" src=\"https:\/\/zug-bilder.de\/wp-content\/uploads\/2019\/10\/1000-92-80-1223-012-6-D-BRLL_190617_RegensburgHbf-300x205.jpg\" alt=\"\" width=\"300\" height=\"205\" srcset=\"https:\/\/zug-bilder.de\/wp-content\/uploads\/2019\/10\/1000-92-80-1223-012-6-D-BRLL_190617_RegensburgHbf-300x205.jpg 300w, https:\/\/zug-bilder.de\/wp-content\/uploads\/2019\/10\/1000-92-80-1223-012-6-D-BRLL_190617_RegensburgHbf-768x524.jpg 768w, https:\/\/zug-bilder.de\/wp-content\/uploads\/2019\/10\/1000-92-80-1223-012-6-D-BRLL_190617_RegensburgHbf.jpg 1000w\" sizes=\"auto, (max-width: 300px) 100vw, 300px\" \/><\/a><\/td>\n<td style=\"vertical-align: middle;\"><strong>92 80 1223 012-6 D-BRLL<br \/>\n<\/strong>17.06.2019<br \/>\n<img loading=\"lazy\" decoding=\"async\" class=\"alignnone size-full wp-image-5706\" src=\"https:\/\/zug-bilder.de\/wp-content\/uploads\/2023\/04\/Flagge_Deutschland.jpg\" alt=\"\" width=\"33\" height=\"20\" \/> Regensburg Hbf<strong><br \/>\n<\/strong><\/td>\n<\/tr>\n<tr>\n<td style=\"vertical-align: middle;\"><a href=\"https:\/\/zug-bilder.de\/wp-content\/uploads\/2019\/10\/1000-92-80-1223-015-9-D-BRLL_190812_M\u00fcnchenHbf.jpg\"><img loading=\"lazy\" decoding=\"async\" class=\"alignnone size-medium wp-image-2236\" src=\"https:\/\/zug-bilder.de\/wp-content\/uploads\/2019\/10\/1000-92-80-1223-015-9-D-BRLL_190812_M\u00fcnchenHbf-300x205.jpg\" alt=\"\" width=\"300\" height=\"205\" srcset=\"https:\/\/zug-bilder.de\/wp-content\/uploads\/2019\/10\/1000-92-80-1223-015-9-D-BRLL_190812_M\u00fcnchenHbf-300x205.jpg 300w, https:\/\/zug-bilder.de\/wp-content\/uploads\/2019\/10\/1000-92-80-1223-015-9-D-BRLL_190812_M\u00fcnchenHbf-768x524.jpg 768w, https:\/\/zug-bilder.de\/wp-content\/uploads\/2019\/10\/1000-92-80-1223-015-9-D-BRLL_190812_M\u00fcnchenHbf.jpg 1000w\" sizes=\"auto, (max-width: 300px) 100vw, 300px\" \/><\/a><\/td>\n<td style=\"vertical-align: middle;\"><strong>92 80 1223 015-9 D-BRLL<br \/>\n<\/strong>12.08.2019<br \/>\n<img loading=\"lazy\" decoding=\"async\" class=\"alignnone size-full wp-image-5706\" src=\"https:\/\/zug-bilder.de\/wp-content\/uploads\/2023\/04\/Flagge_Deutschland.jpg\" alt=\"\" width=\"33\" height=\"20\" \/> M\u00fcnchen Hbf<strong><br \/>\n<\/strong><\/td>\n<\/tr>\n<tr>\n<td style=\"vertical-align: middle;\"><a href=\"https:\/\/zug-bilder.de\/wp-content\/uploads\/2019\/10\/1000-92-80-1223-063-9-D-DLB_190617_RegensburgHbf.jpg\"><img loading=\"lazy\" decoding=\"async\" class=\"alignnone size-medium wp-image-2281\" src=\"https:\/\/zug-bilder.de\/wp-content\/uploads\/2019\/10\/1000-92-80-1223-063-9-D-DLB_190617_RegensburgHbf-300x205.jpg\" alt=\"\" width=\"300\" height=\"205\" srcset=\"https:\/\/zug-bilder.de\/wp-content\/uploads\/2019\/10\/1000-92-80-1223-063-9-D-DLB_190617_RegensburgHbf-300x205.jpg 300w, https:\/\/zug-bilder.de\/wp-content\/uploads\/2019\/10\/1000-92-80-1223-063-9-D-DLB_190617_RegensburgHbf-768x524.jpg 768w, https:\/\/zug-bilder.de\/wp-content\/uploads\/2019\/10\/1000-92-80-1223-063-9-D-DLB_190617_RegensburgHbf.jpg 1000w\" sizes=\"auto, (max-width: 300px) 100vw, 300px\" \/><\/a><\/td>\n<td style=\"vertical-align: middle;\"><strong>92 80 1223 063-9 D-DLB<br \/>\n<\/strong>17.06.2019<br \/>\n<img loading=\"lazy\" decoding=\"async\" class=\"alignnone size-full wp-image-5706\" src=\"https:\/\/zug-bilder.de\/wp-content\/uploads\/2023\/04\/Flagge_Deutschland.jpg\" alt=\"\" width=\"33\" height=\"20\" \/> Regensburg Hbf<strong><br \/>\n<\/strong><\/td>\n<\/tr>\n<tr>\n<td style=\"vertical-align: middle;\"><a href=\"https:\/\/zug-bilder.de\/wp-content\/uploads\/2019\/07\/1000-92-80-1223-066-2-D-DLB_160507_RegensburgHbf_ALX352.jpg\"><img loading=\"lazy\" decoding=\"async\" class=\"alignnone size-medium wp-image-1929\" src=\"https:\/\/zug-bilder.de\/wp-content\/uploads\/2019\/07\/1000-92-80-1223-066-2-D-DLB_160507_RegensburgHbf_ALX352-300x205.jpg\" alt=\"\" width=\"300\" height=\"205\" srcset=\"https:\/\/zug-bilder.de\/wp-content\/uploads\/2019\/07\/1000-92-80-1223-066-2-D-DLB_160507_RegensburgHbf_ALX352-300x205.jpg 300w, https:\/\/zug-bilder.de\/wp-content\/uploads\/2019\/07\/1000-92-80-1223-066-2-D-DLB_160507_RegensburgHbf_ALX352-768x524.jpg 768w, https:\/\/zug-bilder.de\/wp-content\/uploads\/2019\/07\/1000-92-80-1223-066-2-D-DLB_160507_RegensburgHbf_ALX352.jpg 1000w\" sizes=\"auto, (max-width: 300px) 100vw, 300px\" \/><\/a><\/td>\n<td style=\"vertical-align: middle;\"><strong><strong>92 80 1223 066-2 D-DLB<br \/>\n<\/strong><\/strong>07.05.2016<br \/>\n<img loading=\"lazy\" decoding=\"async\" class=\"alignnone size-full wp-image-5706\" src=\"https:\/\/zug-bilder.de\/wp-content\/uploads\/2023\/04\/Flagge_Deutschland.jpg\" alt=\"\" width=\"33\" height=\"20\" \/> Regensburg Hbf<br \/>\n<em>ALX 352 &#8222;Jan Hus&#8220;<\/em><br \/>\n<em>Praha hlavn\u00ed n\u00e1dra\u017e\u00ed &#8211;<\/em><br \/>\n<em>M\u00fcnchen Hbf<\/em><strong><strong><br \/>\n<\/strong><\/strong><\/td>\n<\/tr>\n<tr>\n<td style=\"vertical-align: middle;\"><a href=\"https:\/\/zug-bilder.de\/wp-content\/uploads\/2019\/08\/1000-92-80-1223-068-8-D-VBG_110311_M\u00fcnchenDonnersbergerbr\u00fccke.jpg\"><img loading=\"lazy\" decoding=\"async\" class=\"alignnone size-medium wp-image-2093\" src=\"https:\/\/zug-bilder.de\/wp-content\/uploads\/2019\/08\/1000-92-80-1223-068-8-D-VBG_110311_M\u00fcnchenDonnersbergerbr\u00fccke-300x205.jpg\" alt=\"\" width=\"300\" height=\"205\" srcset=\"https:\/\/zug-bilder.de\/wp-content\/uploads\/2019\/08\/1000-92-80-1223-068-8-D-VBG_110311_M\u00fcnchenDonnersbergerbr\u00fccke-300x205.jpg 300w, https:\/\/zug-bilder.de\/wp-content\/uploads\/2019\/08\/1000-92-80-1223-068-8-D-VBG_110311_M\u00fcnchenDonnersbergerbr\u00fccke-768x524.jpg 768w, https:\/\/zug-bilder.de\/wp-content\/uploads\/2019\/08\/1000-92-80-1223-068-8-D-VBG_110311_M\u00fcnchenDonnersbergerbr\u00fccke.jpg 1000w\" sizes=\"auto, (max-width: 300px) 100vw, 300px\" \/><\/a><\/td>\n<td style=\"vertical-align: middle;\"><strong><strong>92 80 1223 068-8 D-VBG<br \/>\n<\/strong><\/strong>11.03.2011<br \/>\n<img loading=\"lazy\" decoding=\"async\" class=\"alignnone size-full wp-image-5706\" src=\"https:\/\/zug-bilder.de\/wp-content\/uploads\/2023\/04\/Flagge_Deutschland.jpg\" alt=\"\" width=\"33\" height=\"20\" \/> M\u00fcnchen Donnersbergerbr\u00fccke<strong><strong><br \/>\n<\/strong><\/strong><\/td>\n<\/tr>\n<tr>\n<td style=\"vertical-align: middle;\"><a href=\"https:\/\/zug-bilder.de\/wp-content\/uploads\/2019\/07\/1000-92-80-1223-069-6-D-DLB_160507_RegensburgHbf.jpg\"><img loading=\"lazy\" decoding=\"async\" class=\"alignnone size-medium wp-image-1932\" src=\"https:\/\/zug-bilder.de\/wp-content\/uploads\/2019\/07\/1000-92-80-1223-069-6-D-DLB_160507_RegensburgHbf-300x205.jpg\" alt=\"\" width=\"300\" height=\"205\" srcset=\"https:\/\/zug-bilder.de\/wp-content\/uploads\/2019\/07\/1000-92-80-1223-069-6-D-DLB_160507_RegensburgHbf-300x205.jpg 300w, https:\/\/zug-bilder.de\/wp-content\/uploads\/2019\/07\/1000-92-80-1223-069-6-D-DLB_160507_RegensburgHbf-768x524.jpg 768w, https:\/\/zug-bilder.de\/wp-content\/uploads\/2019\/07\/1000-92-80-1223-069-6-D-DLB_160507_RegensburgHbf.jpg 1000w\" sizes=\"auto, (max-width: 300px) 100vw, 300px\" \/><\/a><\/td>\n<td style=\"vertical-align: middle;\"><strong><strong>92 80 1223 069-6 D-DLB<br \/>\n<\/strong><\/strong>07.05.2016<br \/>\n<img loading=\"lazy\" decoding=\"async\" class=\"alignnone size-full wp-image-5706\" src=\"https:\/\/zug-bilder.de\/wp-content\/uploads\/2023\/04\/Flagge_Deutschland.jpg\" alt=\"\" width=\"33\" height=\"20\" \/> Regensburg Hbf<strong><strong><br \/>\n<\/strong><\/strong><\/td>\n<\/tr>\n<tr>\n<td style=\"vertical-align: middle;\"><a href=\"https:\/\/zug-bilder.de\/wp-content\/uploads\/2020\/10\/1000-92-80-1223-071-2-D-VBG_130305_M\u00fcnchenHbf_ALX84106.jpg\"><img loading=\"lazy\" decoding=\"async\" class=\"alignnone size-medium wp-image-4249\" src=\"https:\/\/zug-bilder.de\/wp-content\/uploads\/2020\/10\/1000-92-80-1223-071-2-D-VBG_130305_M\u00fcnchenHbf_ALX84106-300x205.jpg\" alt=\"\" width=\"300\" height=\"205\" srcset=\"https:\/\/zug-bilder.de\/wp-content\/uploads\/2020\/10\/1000-92-80-1223-071-2-D-VBG_130305_M\u00fcnchenHbf_ALX84106-300x205.jpg 300w, https:\/\/zug-bilder.de\/wp-content\/uploads\/2020\/10\/1000-92-80-1223-071-2-D-VBG_130305_M\u00fcnchenHbf_ALX84106-768x524.jpg 768w, https:\/\/zug-bilder.de\/wp-content\/uploads\/2020\/10\/1000-92-80-1223-071-2-D-VBG_130305_M\u00fcnchenHbf_ALX84106.jpg 1000w\" sizes=\"auto, (max-width: 300px) 100vw, 300px\" \/><\/a><\/td>\n<td style=\"vertical-align: middle;\"><strong><strong>92 80 1223 071-2 D-VBG<br \/>\n<\/strong><\/strong>05.03.2013<br \/>\n<img loading=\"lazy\" decoding=\"async\" class=\"alignnone size-full wp-image-5706\" src=\"https:\/\/zug-bilder.de\/wp-content\/uploads\/2023\/04\/Flagge_Deutschland.jpg\" alt=\"\" width=\"33\" height=\"20\" \/> M\u00fcnchen Hbf<br \/>\n<em>ALX 84106<\/em><br \/>\n<em>M\u00fcnchen Hbf &#8211; Hof Hbf<\/em><\/td>\n<\/tr>\n<tr>\n<td style=\"vertical-align: middle;\"><a href=\"https:\/\/zug-bilder.de\/wp-content\/uploads\/2019\/10\/1000-92-80-1223-071-2-D-DLB_190617_RegensburgHbf_ALX79859.jpg\"><img loading=\"lazy\" decoding=\"async\" class=\"alignnone size-medium wp-image-2283\" src=\"https:\/\/zug-bilder.de\/wp-content\/uploads\/2019\/10\/1000-92-80-1223-071-2-D-DLB_190617_RegensburgHbf_ALX79859-300x205.jpg\" alt=\"\" width=\"300\" height=\"205\" srcset=\"https:\/\/zug-bilder.de\/wp-content\/uploads\/2019\/10\/1000-92-80-1223-071-2-D-DLB_190617_RegensburgHbf_ALX79859-300x205.jpg 300w, https:\/\/zug-bilder.de\/wp-content\/uploads\/2019\/10\/1000-92-80-1223-071-2-D-DLB_190617_RegensburgHbf_ALX79859-768x524.jpg 768w, https:\/\/zug-bilder.de\/wp-content\/uploads\/2019\/10\/1000-92-80-1223-071-2-D-DLB_190617_RegensburgHbf_ALX79859.jpg 1000w\" sizes=\"auto, (max-width: 300px) 100vw, 300px\" \/><\/a><\/td>\n<td style=\"vertical-align: middle;\"><strong><strong><strong><strong>92 80 1223 071-2 D-DLB<br \/>\n<\/strong><\/strong><\/strong><\/strong>17.06.2019<br \/>\n<img loading=\"lazy\" decoding=\"async\" class=\"alignnone size-full wp-image-5706\" src=\"https:\/\/zug-bilder.de\/wp-content\/uploads\/2023\/04\/Flagge_Deutschland.jpg\" alt=\"\" width=\"33\" height=\"20\" \/> Regensburg Hbf<br \/>\n<em>ALX 359 &#8222;Z\u00e1padn\u00ed Expres&#8220;<\/em><br \/>\n<em>M\u00fcnchen Hbf &#8211; Furth im Wald<\/em><br \/>\n<em>ALX 79859<\/em><br \/>\n<em>M\u00fcnchen Hbf &#8211; Hof Hbf<\/em><strong><strong><br \/>\n<\/strong><\/strong><\/td>\n<\/tr>\n<tr>\n<td style=\"vertical-align: middle;\"><a href=\"https:\/\/zug-bilder.de\/wp-content\/uploads\/2019\/07\/1000-92-80-1223-081-1-D-DLB_190617_RegensburgHbf_ALX357-79857.jpg\"><img loading=\"lazy\" decoding=\"async\" class=\"alignnone size-medium wp-image-1935\" src=\"https:\/\/zug-bilder.de\/wp-content\/uploads\/2019\/07\/1000-92-80-1223-081-1-D-DLB_190617_RegensburgHbf_ALX357-79857-300x205.jpg\" alt=\"\" width=\"300\" height=\"205\" srcset=\"https:\/\/zug-bilder.de\/wp-content\/uploads\/2019\/07\/1000-92-80-1223-081-1-D-DLB_190617_RegensburgHbf_ALX357-79857-300x205.jpg 300w, https:\/\/zug-bilder.de\/wp-content\/uploads\/2019\/07\/1000-92-80-1223-081-1-D-DLB_190617_RegensburgHbf_ALX357-79857-768x524.jpg 768w, https:\/\/zug-bilder.de\/wp-content\/uploads\/2019\/07\/1000-92-80-1223-081-1-D-DLB_190617_RegensburgHbf_ALX357-79857.jpg 1000w\" sizes=\"auto, (max-width: 300px) 100vw, 300px\" \/><\/a><\/td>\n<td style=\"vertical-align: middle;\"><strong><strong>92 80 1223 081-1 D-DLB<br \/>\n<\/strong><\/strong>17.06.2019<br \/>\n<img loading=\"lazy\" decoding=\"async\" class=\"alignnone size-full wp-image-5706\" src=\"https:\/\/zug-bilder.de\/wp-content\/uploads\/2023\/04\/Flagge_Deutschland.jpg\" alt=\"\" width=\"33\" height=\"20\" \/> Regensburg Hbf<br \/>\n<em>ALX 357<\/em><br \/>\n<em>M\u00fcnchen Hbf &#8211;<\/em><br \/>\n<em>Furth im Wald<\/em><br \/>\n<em>ALX 79857<\/em><br \/>\n<em>M\u00fcnchen Hbf &#8211; Hof Hbf<\/em><strong><strong><br \/>\n<\/strong><\/strong><\/td>\n<\/tr>\n<tr>\n<td style=\"vertical-align: middle;\"><a href=\"https:\/\/zug-bilder.de\/wp-content\/uploads\/2019\/10\/1000-92-80-1223-081-1-D-DLB_190617_RegensburgHbf.jpg\"><img loading=\"lazy\" decoding=\"async\" class=\"alignnone size-medium wp-image-2316\" src=\"https:\/\/zug-bilder.de\/wp-content\/uploads\/2019\/10\/1000-92-80-1223-081-1-D-DLB_190617_RegensburgHbf-300x205.jpg\" alt=\"\" width=\"300\" height=\"205\" srcset=\"https:\/\/zug-bilder.de\/wp-content\/uploads\/2019\/10\/1000-92-80-1223-081-1-D-DLB_190617_RegensburgHbf-300x205.jpg 300w, https:\/\/zug-bilder.de\/wp-content\/uploads\/2019\/10\/1000-92-80-1223-081-1-D-DLB_190617_RegensburgHbf-768x524.jpg 768w, https:\/\/zug-bilder.de\/wp-content\/uploads\/2019\/10\/1000-92-80-1223-081-1-D-DLB_190617_RegensburgHbf.jpg 1000w\" sizes=\"auto, (max-width: 300px) 100vw, 300px\" \/><\/a><\/td>\n<td style=\"vertical-align: middle;\"><strong><strong>92 80 1223 081-1 D-DLB<br \/>\n<\/strong><\/strong>17.06.2019<br \/>\n<img loading=\"lazy\" decoding=\"async\" class=\"alignnone size-full wp-image-5706\" src=\"https:\/\/zug-bilder.de\/wp-content\/uploads\/2023\/04\/Flagge_Deutschland.jpg\" alt=\"\" width=\"33\" height=\"20\" \/> Regensburg Hbf<\/td>\n<\/tr>\n<tr>\n<td style=\"vertical-align: middle;\"><a href=\"https:\/\/zug-bilder.de\/wp-content\/uploads\/2019\/10\/1000-92-80-1223-081-1-D-DLB_190617_RegensburgHbf_2.jpg\"><img loading=\"lazy\" decoding=\"async\" class=\"alignnone size-medium wp-image-2318\" src=\"https:\/\/zug-bilder.de\/wp-content\/uploads\/2019\/10\/1000-92-80-1223-081-1-D-DLB_190617_RegensburgHbf_2-300x205.jpg\" alt=\"\" width=\"300\" height=\"205\" srcset=\"https:\/\/zug-bilder.de\/wp-content\/uploads\/2019\/10\/1000-92-80-1223-081-1-D-DLB_190617_RegensburgHbf_2-300x205.jpg 300w, https:\/\/zug-bilder.de\/wp-content\/uploads\/2019\/10\/1000-92-80-1223-081-1-D-DLB_190617_RegensburgHbf_2-768x524.jpg 768w, https:\/\/zug-bilder.de\/wp-content\/uploads\/2019\/10\/1000-92-80-1223-081-1-D-DLB_190617_RegensburgHbf_2.jpg 1000w\" sizes=\"auto, (max-width: 300px) 100vw, 300px\" \/><\/a><\/td>\n<td style=\"vertical-align: middle;\"><strong><strong>92 80 1223 081-1 D-DLB<br \/>\n<\/strong><\/strong>17.06.2019<br \/>\n<img loading=\"lazy\" decoding=\"async\" class=\"alignnone size-full wp-image-5706\" src=\"https:\/\/zug-bilder.de\/wp-content\/uploads\/2023\/04\/Flagge_Deutschland.jpg\" alt=\"\" width=\"33\" height=\"20\" \/> Regensburg Hbf<\/td>\n<\/tr>\n<tr>\n<td style=\"vertical-align: middle;\"><a href=\"https:\/\/zug-bilder.de\/wp-content\/uploads\/2023\/09\/1000-92-80-1223-101-7-D-SRA_230918_Toeging.jpg\"><img loading=\"lazy\" decoding=\"async\" class=\"alignnone size-medium wp-image-5794\" src=\"https:\/\/zug-bilder.de\/wp-content\/uploads\/2023\/09\/1000-92-80-1223-101-7-D-SRA_230918_Toeging-300x205.jpg\" alt=\"\" width=\"300\" height=\"205\" srcset=\"https:\/\/zug-bilder.de\/wp-content\/uploads\/2023\/09\/1000-92-80-1223-101-7-D-SRA_230918_Toeging-300x205.jpg 300w, https:\/\/zug-bilder.de\/wp-content\/uploads\/2023\/09\/1000-92-80-1223-101-7-D-SRA_230918_Toeging-768x524.jpg 768w, https:\/\/zug-bilder.de\/wp-content\/uploads\/2023\/09\/1000-92-80-1223-101-7-D-SRA_230918_Toeging.jpg 1000w\" sizes=\"auto, (max-width: 300px) 100vw, 300px\" \/><\/a><\/td>\n<td style=\"vertical-align: middle;\"><strong><strong>92 80 1223 101-7 D-SRA<br \/>\n<\/strong><\/strong>18.09.2023<br \/>\n<img loading=\"lazy\" decoding=\"async\" class=\"alignnone size-full wp-image-5706\" src=\"https:\/\/zug-bilder.de\/wp-content\/uploads\/2023\/04\/Flagge_Deutschland.jpg\" alt=\"\" width=\"33\" height=\"20\" \/> Dorfen (T\u00f6ging)<br \/>\n<em>Rotterdam &#8211; Simbach (Inn)<\/em><\/td>\n<\/tr>\n<\/tbody>\n<\/table>\n","protected":false},"excerpt":{"rendered":"<p>\u200b 92 80 1223 007-6 D-DISPO 29.07.2017 M\u00fcnchen Hbf ALX 84143 Lindau Hbf &#8211; M\u00fcnchen Hbf 92 80 1223 012-6 D-BRLL 17.06.2019 Regensburg Hbf 92 80 1223 015-9 D-BRLL 12.08.2019 M\u00fcnchen Hbf 92 80 1223 063-9 D-DLB 17.06.2019 Regensburg Hbf 92 80 1223 066-2 D-DLB 07.05.2016 Regensburg Hbf ALX 352 &#8222;Jan Hus&#8220; Praha hlavn\u00ed n\u00e1dra\u017e\u00ed &hellip; <a href=\"https:\/\/zug-bilder.de\/?page_id=1924\" class=\"more-link\"><span class=\"screen-reader-text\">92 80 1223<\/span> weiterlesen<\/a><\/p>\n","protected":false},"author":1,"featured_media":0,"parent":0,"menu_order":0,"comment_status":"closed","ping_status":"closed","template":"","meta":{"footnotes":""},"class_list":["post-1924","page","type-page","status-publish","hentry"],"_links":{"self":[{"href":"https:\/\/zug-bilder.de\/index.php?rest_route=\/wp\/v2\/pages\/1924","targetHints":{"allow":["GET"]}}],"collection":[{"href":"https:\/\/zug-bilder.de\/index.php?rest_route=\/wp\/v2\/pages"}],"about":[{"href":"https:\/\/zug-bilder.de\/index.php?rest_route=\/wp\/v2\/types\/page"}],"author":[{"embeddable":true,"href":"https:\/\/zug-bilder.de\/index.php?rest_route=\/wp\/v2\/users\/1"}],"replies":[{"embeddable":true,"href":"https:\/\/zug-bilder.de\/index.php?rest_route=%2Fwp%2Fv2%2Fcomments&post=1924"}],"version-history":[{"count":18,"href":"https:\/\/zug-bilder.de\/index.php?rest_route=\/wp\/v2\/pages\/1924\/revisions"}],"predecessor-version":[{"id":5978,"href":"https:\/\/zug-bilder.de\/index.php?rest_route=\/wp\/v2\/pages\/1924\/revisions\/5978"}],"wp:attachment":[{"href":"https:\/\/zug-bilder.de\/index.php?rest_route=%2Fwp%2Fv2%2Fmedia&parent=1924"}],"curies":[{"name":"wp","href":"https:\/\/api.w.org\/{rel}","templated":true}]}}