{"id":1991,"date":"2019-08-11T15:35:43","date_gmt":"2019-08-11T15:35:43","guid":{"rendered":"https:\/\/zug-bilder.de\/?page_id=1991"},"modified":"2019-08-11T15:35:43","modified_gmt":"2019-08-11T15:35:43","slug":"d-bnrdzf-480-2","status":"publish","type":"page","link":"https:\/\/zug-bilder.de\/?page_id=1991","title":{"rendered":"D &#8211; Bnrdzf 480.2"},"content":{"rendered":"<table>\n<tbody>\n<tr>\n<td style=\"vertical-align: middle;\"><a href=\"https:\/\/zug-bilder.de\/wp-content\/uploads\/2019\/08\/1000-D-DB-50-80-80-34-140-9_170729_M\u00fcnchenHbf_RB59162.jpg\"><img loading=\"lazy\" decoding=\"async\" class=\"alignnone size-medium wp-image-1992\" src=\"https:\/\/zug-bilder.de\/wp-content\/uploads\/2019\/08\/1000-D-DB-50-80-80-34-140-9_170729_M\u00fcnchenHbf_RB59162-300x205.jpg\" alt=\"\" width=\"300\" height=\"205\" srcset=\"https:\/\/zug-bilder.de\/wp-content\/uploads\/2019\/08\/1000-D-DB-50-80-80-34-140-9_170729_M\u00fcnchenHbf_RB59162-300x205.jpg 300w, https:\/\/zug-bilder.de\/wp-content\/uploads\/2019\/08\/1000-D-DB-50-80-80-34-140-9_170729_M\u00fcnchenHbf_RB59162-768x524.jpg 768w, https:\/\/zug-bilder.de\/wp-content\/uploads\/2019\/08\/1000-D-DB-50-80-80-34-140-9_170729_M\u00fcnchenHbf_RB59162.jpg 1000w\" sizes=\"auto, (max-width: 300px) 100vw, 300px\" \/><\/a><\/td>\n<td style=\"vertical-align: middle;\"><strong>D-DB 50 80 80-34 140-9<\/strong><br \/>\n29.07.2017<br \/>\nM\u00fcnchen Hbf<br \/>\n<em>RB 59162<\/em><br \/>\n<em>M\u00fcnchen Hbf &#8211; N\u00fcrnberg Hbf<\/em><\/td>\n<\/tr>\n<\/tbody>\n<\/table>\n","protected":false},"excerpt":{"rendered":"<p>D-DB 50 80 80-34 140-9 29.07.2017 M\u00fcnchen Hbf RB 59162 M\u00fcnchen Hbf &#8211; N\u00fcrnberg Hbf<\/p>\n","protected":false},"author":1,"featured_media":0,"parent":0,"menu_order":0,"comment_status":"closed","ping_status":"closed","template":"","meta":{"footnotes":""},"class_list":["post-1991","page","type-page","status-publish","hentry"],"_links":{"self":[{"href":"https:\/\/zug-bilder.de\/index.php?rest_route=\/wp\/v2\/pages\/1991","targetHints":{"allow":["GET"]}}],"collection":[{"href":"https:\/\/zug-bilder.de\/index.php?rest_route=\/wp\/v2\/pages"}],"about":[{"href":"https:\/\/zug-bilder.de\/index.php?rest_route=\/wp\/v2\/types\/page"}],"author":[{"embeddable":true,"href":"https:\/\/zug-bilder.de\/index.php?rest_route=\/wp\/v2\/users\/1"}],"replies":[{"embeddable":true,"href":"https:\/\/zug-bilder.de\/index.php?rest_route=%2Fwp%2Fv2%2Fcomments&post=1991"}],"version-history":[{"count":1,"href":"https:\/\/zug-bilder.de\/index.php?rest_route=\/wp\/v2\/pages\/1991\/revisions"}],"predecessor-version":[{"id":1993,"href":"https:\/\/zug-bilder.de\/index.php?rest_route=\/wp\/v2\/pages\/1991\/revisions\/1993"}],"wp:attachment":[{"href":"https:\/\/zug-bilder.de\/index.php?rest_route=%2Fwp%2Fv2%2Fmedia&parent=1991"}],"curies":[{"name":"wp","href":"https:\/\/api.w.org\/{rel}","templated":true}]}}