{"id":20,"date":"2018-05-08T17:16:40","date_gmt":"2018-05-08T17:16:40","guid":{"rendered":"http:\/\/zug-bilder.de\/?page_id=20"},"modified":"2024-10-03T10:41:24","modified_gmt":"2024-10-03T10:41:24","slug":"startseite","status":"publish","type":"page","link":"https:\/\/zug-bilder.de\/","title":{"rendered":"Zug-Bilder.de &#8211; Eisenbahnfotografie"},"content":{"rendered":"\n<figure class=\"wp-block-image size-large\"><img loading=\"lazy\" decoding=\"async\" width=\"1024\" height=\"419\" src=\"https:\/\/zug-bilder.de\/wp-content\/uploads\/2019\/11\/header-1024x419.jpg\" alt=\"\" class=\"wp-image-2732\" srcset=\"https:\/\/zug-bilder.de\/wp-content\/uploads\/2019\/11\/header-1024x419.jpg 1024w, https:\/\/zug-bilder.de\/wp-content\/uploads\/2019\/11\/header-300x123.jpg 300w, https:\/\/zug-bilder.de\/wp-content\/uploads\/2019\/11\/header-768x314.jpg 768w, https:\/\/zug-bilder.de\/wp-content\/uploads\/2019\/11\/header.jpg 2000w\" sizes=\"auto, (max-width: 1024px) 100vw, 1024px\" \/><\/figure>\n\n\n\n<p>Bitte w\u00e4hlen Sie ein Land!<br><br>Die Fahrzeuge werden in dem Land gelistet, in dessen nationalem Einstellungsregister sie gef\u00fchrt werden.<br><br><em>Vielen Dank f\u00fcr Ihr Interesse!<\/em><\/p>\n\n\n\n<div class=\"wp-block-columns is-layout-flex wp-container-core-columns-is-layout-9d6595d7 wp-block-columns-is-layout-flex\">\n<div class=\"wp-block-column is-layout-flow wp-block-column-is-layout-flow\" style=\"flex-basis:25%\"><\/div>\n\n\n\n<div class=\"wp-block-column is-layout-flow wp-block-column-is-layout-flow\" style=\"flex-basis:50%\">\n<figure class=\"wp-block-image size-full\"><a href=\"https:\/\/zug-bilder.de\/?page_id=34\"><img loading=\"lazy\" decoding=\"async\" width=\"1000\" height=\"667\" src=\"https:\/\/zug-bilder.de\/wp-content\/uploads\/2024\/03\/Deutschland.jpg\" alt=\"\" class=\"wp-image-6135\" srcset=\"https:\/\/zug-bilder.de\/wp-content\/uploads\/2024\/03\/Deutschland.jpg 1000w, https:\/\/zug-bilder.de\/wp-content\/uploads\/2024\/03\/Deutschland-300x200.jpg 300w, https:\/\/zug-bilder.de\/wp-content\/uploads\/2024\/03\/Deutschland-768x512.jpg 768w\" sizes=\"auto, (max-width: 1000px) 100vw, 1000px\" \/><\/a><\/figure>\n<\/div>\n\n\n\n<div class=\"wp-block-column is-layout-flow wp-block-column-is-layout-flow\" style=\"flex-basis:25%\"><\/div>\n<\/div>\n\n\n\n<div class=\"wp-block-columns is-layout-flex wp-container-core-columns-is-layout-9d6595d7 wp-block-columns-is-layout-flex\">\n<div class=\"wp-block-column is-layout-flow wp-block-column-is-layout-flow\">\n<figure class=\"wp-block-image size-full\"><a href=\"https:\/\/zug-bilder.de\/?page_id=704\"><img loading=\"lazy\" decoding=\"async\" width=\"1000\" height=\"667\" src=\"https:\/\/zug-bilder.de\/wp-content\/uploads\/2024\/03\/Frankreich-1.jpg\" alt=\"\" class=\"wp-image-6139\" srcset=\"https:\/\/zug-bilder.de\/wp-content\/uploads\/2024\/03\/Frankreich-1.jpg 1000w, https:\/\/zug-bilder.de\/wp-content\/uploads\/2024\/03\/Frankreich-1-300x200.jpg 300w, https:\/\/zug-bilder.de\/wp-content\/uploads\/2024\/03\/Frankreich-1-768x512.jpg 768w\" sizes=\"auto, (max-width: 1000px) 100vw, 1000px\" \/><\/a><\/figure>\n<\/div>\n\n\n\n<div class=\"wp-block-column is-layout-flow wp-block-column-is-layout-flow\">\n<figure class=\"wp-block-image size-full\"><a href=\"https:\/\/zug-bilder.de\/?page_id=2579\"><img loading=\"lazy\" decoding=\"async\" width=\"1000\" height=\"667\" src=\"https:\/\/zug-bilder.de\/wp-content\/uploads\/2024\/03\/Griechenland.jpg\" alt=\"\" class=\"wp-image-6142\" srcset=\"https:\/\/zug-bilder.de\/wp-content\/uploads\/2024\/03\/Griechenland.jpg 1000w, https:\/\/zug-bilder.de\/wp-content\/uploads\/2024\/03\/Griechenland-300x200.jpg 300w, https:\/\/zug-bilder.de\/wp-content\/uploads\/2024\/03\/Griechenland-768x512.jpg 768w\" sizes=\"auto, (max-width: 1000px) 100vw, 1000px\" \/><\/a><\/figure>\n<\/div>\n<\/div>\n\n\n\n<div class=\"wp-block-columns is-layout-flex wp-container-core-columns-is-layout-9d6595d7 wp-block-columns-is-layout-flex\">\n<div class=\"wp-block-column is-layout-flow wp-block-column-is-layout-flow\">\n<figure class=\"wp-block-image size-full\"><a href=\"https:\/\/zug-bilder.de\/?page_id=193\"><img loading=\"lazy\" decoding=\"async\" width=\"1000\" height=\"667\" src=\"https:\/\/zug-bilder.de\/wp-content\/uploads\/2024\/03\/Italien.jpg\" alt=\"\" class=\"wp-image-6146\" srcset=\"https:\/\/zug-bilder.de\/wp-content\/uploads\/2024\/03\/Italien.jpg 1000w, https:\/\/zug-bilder.de\/wp-content\/uploads\/2024\/03\/Italien-300x200.jpg 300w, https:\/\/zug-bilder.de\/wp-content\/uploads\/2024\/03\/Italien-768x512.jpg 768w\" sizes=\"auto, (max-width: 1000px) 100vw, 1000px\" \/><\/a><\/figure>\n<\/div>\n\n\n\n<div class=\"wp-block-column is-layout-flow wp-block-column-is-layout-flow\">\n<figure class=\"wp-block-image size-full\"><a href=\"https:\/\/zug-bilder.de\/?page_id=3785\"><img loading=\"lazy\" decoding=\"async\" width=\"1000\" height=\"667\" src=\"https:\/\/zug-bilder.de\/wp-content\/uploads\/2024\/03\/Jugoslawien-1.jpg\" alt=\"\" class=\"wp-image-6151\" srcset=\"https:\/\/zug-bilder.de\/wp-content\/uploads\/2024\/03\/Jugoslawien-1.jpg 1000w, https:\/\/zug-bilder.de\/wp-content\/uploads\/2024\/03\/Jugoslawien-1-300x200.jpg 300w, https:\/\/zug-bilder.de\/wp-content\/uploads\/2024\/03\/Jugoslawien-1-768x512.jpg 768w\" sizes=\"auto, (max-width: 1000px) 100vw, 1000px\" \/><\/a><\/figure>\n<\/div>\n<\/div>\n\n\n\n<div class=\"wp-block-columns is-layout-flex wp-container-core-columns-is-layout-9d6595d7 wp-block-columns-is-layout-flex\">\n<div class=\"wp-block-column is-layout-flow wp-block-column-is-layout-flow\">\n<figure class=\"wp-block-image size-full\"><a href=\"https:\/\/zug-bilder.de\/?page_id=252\"><img loading=\"lazy\" decoding=\"async\" width=\"1000\" height=\"667\" src=\"https:\/\/zug-bilder.de\/wp-content\/uploads\/2024\/03\/Kroatien.jpg\" alt=\"\" class=\"wp-image-6153\" srcset=\"https:\/\/zug-bilder.de\/wp-content\/uploads\/2024\/03\/Kroatien.jpg 1000w, https:\/\/zug-bilder.de\/wp-content\/uploads\/2024\/03\/Kroatien-300x200.jpg 300w, https:\/\/zug-bilder.de\/wp-content\/uploads\/2024\/03\/Kroatien-768x512.jpg 768w\" sizes=\"auto, (max-width: 1000px) 100vw, 1000px\" \/><\/a><\/figure>\n<\/div>\n\n\n\n<div class=\"wp-block-column is-layout-flow wp-block-column-is-layout-flow\">\n<figure class=\"wp-block-image size-full\"><a href=\"https:\/\/zug-bilder.de\/?page_id=2843\"><img loading=\"lazy\" decoding=\"async\" width=\"1000\" height=\"667\" src=\"https:\/\/zug-bilder.de\/wp-content\/uploads\/2024\/03\/Niederlande.jpg\" alt=\"\" class=\"wp-image-6155\" srcset=\"https:\/\/zug-bilder.de\/wp-content\/uploads\/2024\/03\/Niederlande.jpg 1000w, https:\/\/zug-bilder.de\/wp-content\/uploads\/2024\/03\/Niederlande-300x200.jpg 300w, https:\/\/zug-bilder.de\/wp-content\/uploads\/2024\/03\/Niederlande-768x512.jpg 768w\" sizes=\"auto, (max-width: 1000px) 100vw, 1000px\" \/><\/a><\/figure>\n<\/div>\n<\/div>\n\n\n\n<div class=\"wp-block-columns is-layout-flex wp-container-core-columns-is-layout-9d6595d7 wp-block-columns-is-layout-flex\">\n<div class=\"wp-block-column is-layout-flow wp-block-column-is-layout-flow\">\n<figure class=\"wp-block-image size-full\"><a href=\"https:\/\/zug-bilder.de\/?page_id=231\"><img loading=\"lazy\" decoding=\"async\" width=\"1000\" height=\"667\" src=\"https:\/\/zug-bilder.de\/wp-content\/uploads\/2024\/03\/Oesterreich.jpg\" alt=\"\" class=\"wp-image-6157\" srcset=\"https:\/\/zug-bilder.de\/wp-content\/uploads\/2024\/03\/Oesterreich.jpg 1000w, https:\/\/zug-bilder.de\/wp-content\/uploads\/2024\/03\/Oesterreich-300x200.jpg 300w, https:\/\/zug-bilder.de\/wp-content\/uploads\/2024\/03\/Oesterreich-768x512.jpg 768w\" sizes=\"auto, (max-width: 1000px) 100vw, 1000px\" \/><\/a><\/figure>\n<\/div>\n\n\n\n<div class=\"wp-block-column is-layout-flow wp-block-column-is-layout-flow\">\n<figure class=\"wp-block-image size-full\"><a href=\"https:\/\/zug-bilder.de\/?page_id=4634\"><img loading=\"lazy\" decoding=\"async\" width=\"1000\" height=\"667\" src=\"https:\/\/zug-bilder.de\/wp-content\/uploads\/2024\/03\/Polen.jpg\" alt=\"\" class=\"wp-image-6159\" srcset=\"https:\/\/zug-bilder.de\/wp-content\/uploads\/2024\/03\/Polen.jpg 1000w, https:\/\/zug-bilder.de\/wp-content\/uploads\/2024\/03\/Polen-300x200.jpg 300w, https:\/\/zug-bilder.de\/wp-content\/uploads\/2024\/03\/Polen-768x512.jpg 768w\" sizes=\"auto, (max-width: 1000px) 100vw, 1000px\" \/><\/a><\/figure>\n<\/div>\n<\/div>\n\n\n\n<div class=\"wp-block-columns is-layout-flex wp-container-core-columns-is-layout-9d6595d7 wp-block-columns-is-layout-flex\">\n<div class=\"wp-block-column is-layout-flow wp-block-column-is-layout-flow\">\n<figure class=\"wp-block-image size-full\"><a href=\"https:\/\/zug-bilder.de\/?page_id=2137\"><img loading=\"lazy\" decoding=\"async\" width=\"1000\" height=\"667\" src=\"https:\/\/zug-bilder.de\/wp-content\/uploads\/2024\/03\/Rumaenien.jpg\" alt=\"\" class=\"wp-image-6163\" srcset=\"https:\/\/zug-bilder.de\/wp-content\/uploads\/2024\/03\/Rumaenien.jpg 1000w, https:\/\/zug-bilder.de\/wp-content\/uploads\/2024\/03\/Rumaenien-300x200.jpg 300w, https:\/\/zug-bilder.de\/wp-content\/uploads\/2024\/03\/Rumaenien-768x512.jpg 768w\" sizes=\"auto, (max-width: 1000px) 100vw, 1000px\" \/><\/a><\/figure>\n<\/div>\n\n\n\n<div class=\"wp-block-column is-layout-flow wp-block-column-is-layout-flow\">\n<figure class=\"wp-block-image size-full\"><a href=\"https:\/\/zug-bilder.de\/?page_id=860\"><img loading=\"lazy\" decoding=\"async\" width=\"1000\" height=\"667\" src=\"https:\/\/zug-bilder.de\/wp-content\/uploads\/2024\/03\/Schweiz.jpg\" alt=\"\" class=\"wp-image-6165\" srcset=\"https:\/\/zug-bilder.de\/wp-content\/uploads\/2024\/03\/Schweiz.jpg 1000w, https:\/\/zug-bilder.de\/wp-content\/uploads\/2024\/03\/Schweiz-300x200.jpg 300w, https:\/\/zug-bilder.de\/wp-content\/uploads\/2024\/03\/Schweiz-768x512.jpg 768w\" sizes=\"auto, (max-width: 1000px) 100vw, 1000px\" \/><\/a><\/figure>\n<\/div>\n<\/div>\n\n\n\n<div class=\"wp-block-columns is-layout-flex wp-container-core-columns-is-layout-9d6595d7 wp-block-columns-is-layout-flex\">\n<div class=\"wp-block-column is-layout-flow wp-block-column-is-layout-flow\">\n<figure class=\"wp-block-image size-full\"><a href=\"https:\/\/zug-bilder.de\/?page_id=2217\"><img loading=\"lazy\" decoding=\"async\" width=\"1000\" height=\"667\" src=\"https:\/\/zug-bilder.de\/wp-content\/uploads\/2024\/06\/Slowakei.jpg\" alt=\"\" class=\"wp-image-6509\" srcset=\"https:\/\/zug-bilder.de\/wp-content\/uploads\/2024\/06\/Slowakei.jpg 1000w, https:\/\/zug-bilder.de\/wp-content\/uploads\/2024\/06\/Slowakei-300x200.jpg 300w, https:\/\/zug-bilder.de\/wp-content\/uploads\/2024\/06\/Slowakei-768x512.jpg 768w\" sizes=\"auto, (max-width: 1000px) 100vw, 1000px\" \/><\/a><\/figure>\n<\/div>\n\n\n\n<div class=\"wp-block-column is-layout-flow wp-block-column-is-layout-flow\">\n<figure class=\"wp-block-image size-full\"><a href=\"https:\/\/zug-bilder.de\/?page_id=302\"><img loading=\"lazy\" decoding=\"async\" width=\"1000\" height=\"667\" src=\"https:\/\/zug-bilder.de\/wp-content\/uploads\/2024\/03\/Tschechische-Republik.jpg\" alt=\"\" class=\"wp-image-6169\" srcset=\"https:\/\/zug-bilder.de\/wp-content\/uploads\/2024\/03\/Tschechische-Republik.jpg 1000w, https:\/\/zug-bilder.de\/wp-content\/uploads\/2024\/03\/Tschechische-Republik-300x200.jpg 300w, https:\/\/zug-bilder.de\/wp-content\/uploads\/2024\/03\/Tschechische-Republik-768x512.jpg 768w\" sizes=\"auto, (max-width: 1000px) 100vw, 1000px\" \/><\/a><\/figure>\n<\/div>\n<\/div>\n\n\n\n<div class=\"wp-block-columns is-layout-flex wp-container-core-columns-is-layout-9d6595d7 wp-block-columns-is-layout-flex\">\n<div class=\"wp-block-column is-layout-flow wp-block-column-is-layout-flow\">\n<figure class=\"wp-block-image size-full\"><a href=\"https:\/\/zug-bilder.de\/?page_id=1795\"><img loading=\"lazy\" decoding=\"async\" width=\"1000\" height=\"667\" src=\"https:\/\/zug-bilder.de\/wp-content\/uploads\/2024\/10\/Ungarn-1.jpg\" alt=\"\" class=\"wp-image-6955\" srcset=\"https:\/\/zug-bilder.de\/wp-content\/uploads\/2024\/10\/Ungarn-1.jpg 1000w, https:\/\/zug-bilder.de\/wp-content\/uploads\/2024\/10\/Ungarn-1-300x200.jpg 300w, https:\/\/zug-bilder.de\/wp-content\/uploads\/2024\/10\/Ungarn-1-768x512.jpg 768w\" sizes=\"auto, (max-width: 1000px) 100vw, 1000px\" \/><\/a><\/figure>\n<\/div>\n\n\n\n<div class=\"wp-block-column is-layout-flow wp-block-column-is-layout-flow\"><\/div>\n<\/div>\n","protected":false},"excerpt":{"rendered":"<p>Bitte w\u00e4hlen Sie ein Land! Die Fahrzeuge werden in dem Land gelistet, in dessen nationalem Einstellungsregister sie gef\u00fchrt werden. Vielen Dank f\u00fcr Ihr Interesse!<\/p>\n","protected":false},"author":1,"featured_media":0,"parent":0,"menu_order":0,"comment_status":"closed","ping_status":"closed","template":"","meta":{"footnotes":""},"class_list":["post-20","page","type-page","status-publish","hentry"],"_links":{"self":[{"href":"https:\/\/zug-bilder.de\/index.php?rest_route=\/wp\/v2\/pages\/20","targetHints":{"allow":["GET"]}}],"collection":[{"href":"https:\/\/zug-bilder.de\/index.php?rest_route=\/wp\/v2\/pages"}],"about":[{"href":"https:\/\/zug-bilder.de\/index.php?rest_route=\/wp\/v2\/types\/page"}],"author":[{"embeddable":true,"href":"https:\/\/zug-bilder.de\/index.php?rest_route=\/wp\/v2\/users\/1"}],"replies":[{"embeddable":true,"href":"https:\/\/zug-bilder.de\/index.php?rest_route=%2Fwp%2Fv2%2Fcomments&post=20"}],"version-history":[{"count":72,"href":"https:\/\/zug-bilder.de\/index.php?rest_route=\/wp\/v2\/pages\/20\/revisions"}],"predecessor-version":[{"id":6957,"href":"https:\/\/zug-bilder.de\/index.php?rest_route=\/wp\/v2\/pages\/20\/revisions\/6957"}],"wp:attachment":[{"href":"https:\/\/zug-bilder.de\/index.php?rest_route=%2Fwp%2Fv2%2Fmedia&parent=20"}],"curies":[{"name":"wp","href":"https:\/\/api.w.org\/{rel}","templated":true}]}}