{"id":2009,"date":"2019-08-14T18:27:57","date_gmt":"2019-08-14T18:27:57","guid":{"rendered":"https:\/\/zug-bilder.de\/?page_id=2009"},"modified":"2020-06-08T17:10:23","modified_gmt":"2020-06-08T17:10:23","slug":"d-avmmz-106-1","status":"publish","type":"page","link":"https:\/\/zug-bilder.de\/?page_id=2009","title":{"rendered":"D &#8211; Avmmz 106.1"},"content":{"rendered":"<table>\n<tbody>\n<tr>\n<td style=\"vertical-align: middle;\"><a href=\"https:\/\/zug-bilder.de\/wp-content\/uploads\/2020\/06\/1000-D-DB-61-80-19-91-137-8_200102_M\u00fcnchenHbf_IC2262.jpg\"><img loading=\"lazy\" decoding=\"async\" class=\"alignnone size-medium wp-image-4004\" src=\"https:\/\/zug-bilder.de\/wp-content\/uploads\/2020\/06\/1000-D-DB-61-80-19-91-137-8_200102_M\u00fcnchenHbf_IC2262-300x205.jpg\" alt=\"\" width=\"300\" height=\"205\" srcset=\"https:\/\/zug-bilder.de\/wp-content\/uploads\/2020\/06\/1000-D-DB-61-80-19-91-137-8_200102_M\u00fcnchenHbf_IC2262-300x205.jpg 300w, https:\/\/zug-bilder.de\/wp-content\/uploads\/2020\/06\/1000-D-DB-61-80-19-91-137-8_200102_M\u00fcnchenHbf_IC2262-768x524.jpg 768w, https:\/\/zug-bilder.de\/wp-content\/uploads\/2020\/06\/1000-D-DB-61-80-19-91-137-8_200102_M\u00fcnchenHbf_IC2262.jpg 1000w\" sizes=\"auto, (max-width: 300px) 100vw, 300px\" \/><\/a><\/td>\n<td style=\"vertical-align: middle;\"><strong>D-DB 61 80 19-91 137-8<br \/>\n<\/strong>02.01.2020<br \/>\nM\u00fcnchen Hbf<br \/>\n<em>IC 2262 &#8222;Baden Kurier&#8220;<\/em><br \/>\n<em>M\u00fcnchen Hbf &#8211; Basel Bad Bf<\/em><\/td>\n<\/tr>\n<tr>\n<td style=\"vertical-align: middle;\"><a href=\"https:\/\/zug-bilder.de\/wp-content\/uploads\/2020\/06\/1000-D-DB-61-80-19-91-169-1_200102_M\u00fcnchenHbf_IC2262.jpg\"><img loading=\"lazy\" decoding=\"async\" class=\"alignnone size-medium wp-image-4001\" src=\"https:\/\/zug-bilder.de\/wp-content\/uploads\/2020\/06\/1000-D-DB-61-80-19-91-169-1_200102_M\u00fcnchenHbf_IC2262-300x205.jpg\" alt=\"\" width=\"300\" height=\"205\" srcset=\"https:\/\/zug-bilder.de\/wp-content\/uploads\/2020\/06\/1000-D-DB-61-80-19-91-169-1_200102_M\u00fcnchenHbf_IC2262-300x205.jpg 300w, https:\/\/zug-bilder.de\/wp-content\/uploads\/2020\/06\/1000-D-DB-61-80-19-91-169-1_200102_M\u00fcnchenHbf_IC2262-768x524.jpg 768w, https:\/\/zug-bilder.de\/wp-content\/uploads\/2020\/06\/1000-D-DB-61-80-19-91-169-1_200102_M\u00fcnchenHbf_IC2262.jpg 1000w\" sizes=\"auto, (max-width: 300px) 100vw, 300px\" \/><\/a><\/td>\n<td style=\"vertical-align: middle;\"><strong>D-DB 61 80 19-91 169-1<br \/>\n<\/strong>02.01.2020<br \/>\nM\u00fcnchen Hbf<br \/>\n<em>IC 2262 &#8222;Baden Kurier&#8220;<\/em><br \/>\n<em>M\u00fcnchen Hbf &#8211; Basel Bad Bf<\/em><\/td>\n<\/tr>\n<tr>\n<td style=\"vertical-align: middle;\"><a href=\"https:\/\/zug-bilder.de\/wp-content\/uploads\/2019\/08\/1000-D-DB-61-80-19-91-199-8_190812_M\u00fcnchenHbf_EC114.jpg\"><img loading=\"lazy\" decoding=\"async\" class=\"alignnone size-medium wp-image-2010\" src=\"https:\/\/zug-bilder.de\/wp-content\/uploads\/2019\/08\/1000-D-DB-61-80-19-91-199-8_190812_M\u00fcnchenHbf_EC114-300x205.jpg\" alt=\"\" width=\"300\" height=\"205\" srcset=\"https:\/\/zug-bilder.de\/wp-content\/uploads\/2019\/08\/1000-D-DB-61-80-19-91-199-8_190812_M\u00fcnchenHbf_EC114-300x205.jpg 300w, https:\/\/zug-bilder.de\/wp-content\/uploads\/2019\/08\/1000-D-DB-61-80-19-91-199-8_190812_M\u00fcnchenHbf_EC114-768x524.jpg 768w, https:\/\/zug-bilder.de\/wp-content\/uploads\/2019\/08\/1000-D-DB-61-80-19-91-199-8_190812_M\u00fcnchenHbf_EC114.jpg 1000w\" sizes=\"auto, (max-width: 300px) 100vw, 300px\" \/><\/a><\/td>\n<td style=\"vertical-align: middle;\"><strong>D-DB 61 80 19-91 199-8<\/strong><br \/>\n12.08.2019<br \/>\nM\u00fcnchen Hbf<br \/>\n<em>EC 114 &#8222;W\u00f6rthersee&#8220;<\/em><br \/>\n<em>Klagenfurt Hbf &#8211; Dortmund Hbf<\/em><\/td>\n<\/tr>\n<\/tbody>\n<\/table>\n","protected":false},"excerpt":{"rendered":"<p>D-DB 61 80 19-91 137-8 02.01.2020 M\u00fcnchen Hbf IC 2262 &#8222;Baden Kurier&#8220; M\u00fcnchen Hbf &#8211; Basel Bad Bf D-DB 61 80 19-91 169-1 02.01.2020 M\u00fcnchen Hbf IC 2262 &#8222;Baden Kurier&#8220; M\u00fcnchen Hbf &#8211; Basel Bad Bf D-DB 61 80 19-91 199-8 12.08.2019 M\u00fcnchen Hbf EC 114 &#8222;W\u00f6rthersee&#8220; Klagenfurt Hbf &#8211; Dortmund Hbf<\/p>\n","protected":false},"author":1,"featured_media":0,"parent":0,"menu_order":0,"comment_status":"closed","ping_status":"closed","template":"","meta":{"footnotes":""},"class_list":["post-2009","page","type-page","status-publish","hentry"],"_links":{"self":[{"href":"https:\/\/zug-bilder.de\/index.php?rest_route=\/wp\/v2\/pages\/2009","targetHints":{"allow":["GET"]}}],"collection":[{"href":"https:\/\/zug-bilder.de\/index.php?rest_route=\/wp\/v2\/pages"}],"about":[{"href":"https:\/\/zug-bilder.de\/index.php?rest_route=\/wp\/v2\/types\/page"}],"author":[{"embeddable":true,"href":"https:\/\/zug-bilder.de\/index.php?rest_route=\/wp\/v2\/users\/1"}],"replies":[{"embeddable":true,"href":"https:\/\/zug-bilder.de\/index.php?rest_route=%2Fwp%2Fv2%2Fcomments&post=2009"}],"version-history":[{"count":4,"href":"https:\/\/zug-bilder.de\/index.php?rest_route=\/wp\/v2\/pages\/2009\/revisions"}],"predecessor-version":[{"id":4005,"href":"https:\/\/zug-bilder.de\/index.php?rest_route=\/wp\/v2\/pages\/2009\/revisions\/4005"}],"wp:attachment":[{"href":"https:\/\/zug-bilder.de\/index.php?rest_route=%2Fwp%2Fv2%2Fmedia&parent=2009"}],"curies":[{"name":"wp","href":"https:\/\/api.w.org\/{rel}","templated":true}]}}