{"id":2017,"date":"2019-08-14T18:55:46","date_gmt":"2019-08-14T18:55:46","guid":{"rendered":"https:\/\/zug-bilder.de\/?page_id=2017"},"modified":"2023-07-05T18:53:21","modified_gmt":"2023-07-05T18:53:21","slug":"d-avmz-109-5","status":"publish","type":"page","link":"https:\/\/zug-bilder.de\/?page_id=2017","title":{"rendered":"D &#8211; Avmz 109.5"},"content":{"rendered":"<table>\n<tbody>\n<tr>\n<td style=\"vertical-align: middle;\"><a href=\"https:\/\/zug-bilder.de\/wp-content\/uploads\/2023\/07\/1000-D-RJ-61-80-19-91-507-2_230609_Prahahlavninadrazi.jpg\"><img loading=\"lazy\" decoding=\"async\" class=\"alignnone size-medium wp-image-5724\" src=\"https:\/\/zug-bilder.de\/wp-content\/uploads\/2023\/07\/1000-D-RJ-61-80-19-91-507-2_230609_Prahahlavninadrazi-300x205.jpg\" alt=\"\" width=\"300\" height=\"205\" srcset=\"https:\/\/zug-bilder.de\/wp-content\/uploads\/2023\/07\/1000-D-RJ-61-80-19-91-507-2_230609_Prahahlavninadrazi-300x205.jpg 300w, https:\/\/zug-bilder.de\/wp-content\/uploads\/2023\/07\/1000-D-RJ-61-80-19-91-507-2_230609_Prahahlavninadrazi-768x524.jpg 768w, https:\/\/zug-bilder.de\/wp-content\/uploads\/2023\/07\/1000-D-RJ-61-80-19-91-507-2_230609_Prahahlavninadrazi.jpg 1000w\" sizes=\"auto, (max-width: 300px) 100vw, 300px\" \/><\/a><\/td>\n<td style=\"vertical-align: middle;\"><strong><strong>D-RJ 61 80 19-91 507-2<br \/>\n<\/strong><\/strong>09.06.2023<br \/>\nPraha hlavn\u00ed n\u00e1dra\u017e\u00ed<strong><strong><br \/>\n<\/strong><\/strong><\/td>\n<\/tr>\n<tr>\n<td style=\"vertical-align: middle;\"><a href=\"https:\/\/zug-bilder.de\/wp-content\/uploads\/2019\/08\/1000-D-DB-61-80-19-91-518-9_190812_M\u00fcnchenHbf_EC114.jpg\"><img loading=\"lazy\" decoding=\"async\" class=\"alignnone size-medium wp-image-2018\" src=\"https:\/\/zug-bilder.de\/wp-content\/uploads\/2019\/08\/1000-D-DB-61-80-19-91-518-9_190812_M\u00fcnchenHbf_EC114-300x205.jpg\" alt=\"\" width=\"300\" height=\"205\" srcset=\"https:\/\/zug-bilder.de\/wp-content\/uploads\/2019\/08\/1000-D-DB-61-80-19-91-518-9_190812_M\u00fcnchenHbf_EC114-300x205.jpg 300w, https:\/\/zug-bilder.de\/wp-content\/uploads\/2019\/08\/1000-D-DB-61-80-19-91-518-9_190812_M\u00fcnchenHbf_EC114-768x524.jpg 768w, https:\/\/zug-bilder.de\/wp-content\/uploads\/2019\/08\/1000-D-DB-61-80-19-91-518-9_190812_M\u00fcnchenHbf_EC114.jpg 1000w\" sizes=\"auto, (max-width: 300px) 100vw, 300px\" \/><\/a><\/td>\n<td style=\"vertical-align: middle;\"><strong>D-DB 61 80 19-91 518-9<\/strong><br \/>\n12.08.2019<br \/>\nM\u00fcnchen Hbf<br \/>\n<em>EC 114 &#8222;W\u00f6rthersee&#8220;<\/em><br \/>\n<em>Klagenfurt Hbf &#8211; Dortmund Hbf<\/em><\/td>\n<\/tr>\n<\/tbody>\n<\/table>\n","protected":false},"excerpt":{"rendered":"<p>D-RJ 61 80 19-91 507-2 09.06.2023 Praha hlavn\u00ed n\u00e1dra\u017e\u00ed D-DB 61 80 19-91 518-9 12.08.2019 M\u00fcnchen Hbf EC 114 &#8222;W\u00f6rthersee&#8220; Klagenfurt Hbf &#8211; Dortmund Hbf<\/p>\n","protected":false},"author":1,"featured_media":0,"parent":0,"menu_order":0,"comment_status":"closed","ping_status":"closed","template":"","meta":{"footnotes":""},"class_list":["post-2017","page","type-page","status-publish","hentry"],"_links":{"self":[{"href":"https:\/\/zug-bilder.de\/index.php?rest_route=\/wp\/v2\/pages\/2017","targetHints":{"allow":["GET"]}}],"collection":[{"href":"https:\/\/zug-bilder.de\/index.php?rest_route=\/wp\/v2\/pages"}],"about":[{"href":"https:\/\/zug-bilder.de\/index.php?rest_route=\/wp\/v2\/types\/page"}],"author":[{"embeddable":true,"href":"https:\/\/zug-bilder.de\/index.php?rest_route=\/wp\/v2\/users\/1"}],"replies":[{"embeddable":true,"href":"https:\/\/zug-bilder.de\/index.php?rest_route=%2Fwp%2Fv2%2Fcomments&post=2017"}],"version-history":[{"count":3,"href":"https:\/\/zug-bilder.de\/index.php?rest_route=\/wp\/v2\/pages\/2017\/revisions"}],"predecessor-version":[{"id":5726,"href":"https:\/\/zug-bilder.de\/index.php?rest_route=\/wp\/v2\/pages\/2017\/revisions\/5726"}],"wp:attachment":[{"href":"https:\/\/zug-bilder.de\/index.php?rest_route=%2Fwp%2Fv2%2Fmedia&parent=2017"}],"curies":[{"name":"wp","href":"https:\/\/api.w.org\/{rel}","templated":true}]}}