{"id":2050,"date":"2019-08-19T18:30:55","date_gmt":"2019-08-19T18:30:55","guid":{"rendered":"https:\/\/zug-bilder.de\/?page_id=2050"},"modified":"2019-08-19T19:20:27","modified_gmt":"2019-08-19T19:20:27","slug":"bn-719","status":"publish","type":"page","link":"https:\/\/zug-bilder.de\/?page_id=2050","title":{"rendered":"D &#8211; Bn 719"},"content":{"rendered":"<table>\n<tbody>\n<tr>\n<td style=\"vertical-align: middle;\"><a href=\"https:\/\/zug-bilder.de\/wp-content\/uploads\/2019\/08\/1000-D-GfE-50-80-22-53-402-0_190525_Simbach_RB27266.jpg\"><img loading=\"lazy\" decoding=\"async\" class=\"alignnone size-medium wp-image-2056\" src=\"https:\/\/zug-bilder.de\/wp-content\/uploads\/2019\/08\/1000-D-GfE-50-80-22-53-402-0_190525_Simbach_RB27266-300x205.jpg\" alt=\"\" width=\"300\" height=\"205\" srcset=\"https:\/\/zug-bilder.de\/wp-content\/uploads\/2019\/08\/1000-D-GfE-50-80-22-53-402-0_190525_Simbach_RB27266-300x205.jpg 300w, https:\/\/zug-bilder.de\/wp-content\/uploads\/2019\/08\/1000-D-GfE-50-80-22-53-402-0_190525_Simbach_RB27266-768x524.jpg 768w, https:\/\/zug-bilder.de\/wp-content\/uploads\/2019\/08\/1000-D-GfE-50-80-22-53-402-0_190525_Simbach_RB27266.jpg 1000w\" sizes=\"auto, (max-width: 300px) 100vw, 300px\" \/><\/a><\/td>\n<td style=\"vertical-align: middle;\"><strong>D-GfE 50 80 22-53 402-0<br \/>\n<\/strong>25.05.2019<br \/>\nSimbach (Inn)<br \/>\n<em>RB 27266<\/em><br \/>\n<em>Simbach (Inn) &#8211; M\u00fchldorf (Oberbay)<\/em><\/td>\n<\/tr>\n<tr>\n<td style=\"vertical-align: middle;\"><a href=\"https:\/\/zug-bilder.de\/wp-content\/uploads\/2019\/08\/1000-D-GfE-50-80-22-53-671-0_190525_Simbach_RB27266.jpg\"><img loading=\"lazy\" decoding=\"async\" class=\"alignnone size-medium wp-image-2051\" src=\"https:\/\/zug-bilder.de\/wp-content\/uploads\/2019\/08\/1000-D-GfE-50-80-22-53-671-0_190525_Simbach_RB27266-300x205.jpg\" alt=\"\" width=\"300\" height=\"205\" srcset=\"https:\/\/zug-bilder.de\/wp-content\/uploads\/2019\/08\/1000-D-GfE-50-80-22-53-671-0_190525_Simbach_RB27266-300x205.jpg 300w, https:\/\/zug-bilder.de\/wp-content\/uploads\/2019\/08\/1000-D-GfE-50-80-22-53-671-0_190525_Simbach_RB27266-768x524.jpg 768w, https:\/\/zug-bilder.de\/wp-content\/uploads\/2019\/08\/1000-D-GfE-50-80-22-53-671-0_190525_Simbach_RB27266.jpg 1000w\" sizes=\"auto, (max-width: 300px) 100vw, 300px\" \/><\/a><\/td>\n<td style=\"vertical-align: middle;\"><strong>D-GfE 50 80 22-53 671-0<\/strong><br \/>\n25.05.2019<br \/>\nSimbach (Inn)<br \/>\n<em>RB 27266<\/em><br \/>\n<em>Simbach (Inn) &#8211; M\u00fchldorf (Oberbay)<\/em><\/td>\n<\/tr>\n<tr>\n<td style=\"vertical-align: middle;\"><a href=\"https:\/\/zug-bilder.de\/wp-content\/uploads\/2019\/08\/1000-D-GfE-50-80-22-53-671-0_190525_Simbach_RB27266_2.jpg\"><img loading=\"lazy\" decoding=\"async\" class=\"alignnone size-medium wp-image-2054\" src=\"https:\/\/zug-bilder.de\/wp-content\/uploads\/2019\/08\/1000-D-GfE-50-80-22-53-671-0_190525_Simbach_RB27266_2-300x205.jpg\" alt=\"\" width=\"300\" height=\"205\" srcset=\"https:\/\/zug-bilder.de\/wp-content\/uploads\/2019\/08\/1000-D-GfE-50-80-22-53-671-0_190525_Simbach_RB27266_2-300x205.jpg 300w, https:\/\/zug-bilder.de\/wp-content\/uploads\/2019\/08\/1000-D-GfE-50-80-22-53-671-0_190525_Simbach_RB27266_2-768x524.jpg 768w, https:\/\/zug-bilder.de\/wp-content\/uploads\/2019\/08\/1000-D-GfE-50-80-22-53-671-0_190525_Simbach_RB27266_2.jpg 1000w\" sizes=\"auto, (max-width: 300px) 100vw, 300px\" \/><\/a><\/td>\n<td style=\"vertical-align: middle;\"><strong>D-GfE 50 80 22-53 671-0<br \/>\n<\/strong>25.05.2019<br \/>\nSimbach (Inn)<br \/>\n<em>RB 27266<\/em><br \/>\n<em>Simbach (Inn) &#8211; M\u00fchldorf (Oberbay)<\/em><\/td>\n<\/tr>\n<\/tbody>\n<\/table>\n","protected":false},"excerpt":{"rendered":"<p>D-GfE 50 80 22-53 402-0 25.05.2019 Simbach (Inn) RB 27266 Simbach (Inn) &#8211; M\u00fchldorf (Oberbay) D-GfE 50 80 22-53 671-0 25.05.2019 Simbach (Inn) RB 27266 Simbach (Inn) &#8211; M\u00fchldorf (Oberbay) D-GfE 50 80 22-53 671-0 25.05.2019 Simbach (Inn) RB 27266 Simbach (Inn) &#8211; M\u00fchldorf (Oberbay)<\/p>\n","protected":false},"author":1,"featured_media":0,"parent":0,"menu_order":0,"comment_status":"closed","ping_status":"closed","template":"","meta":{"footnotes":""},"class_list":["post-2050","page","type-page","status-publish","hentry"],"_links":{"self":[{"href":"https:\/\/zug-bilder.de\/index.php?rest_route=\/wp\/v2\/pages\/2050","targetHints":{"allow":["GET"]}}],"collection":[{"href":"https:\/\/zug-bilder.de\/index.php?rest_route=\/wp\/v2\/pages"}],"about":[{"href":"https:\/\/zug-bilder.de\/index.php?rest_route=\/wp\/v2\/types\/page"}],"author":[{"embeddable":true,"href":"https:\/\/zug-bilder.de\/index.php?rest_route=\/wp\/v2\/users\/1"}],"replies":[{"embeddable":true,"href":"https:\/\/zug-bilder.de\/index.php?rest_route=%2Fwp%2Fv2%2Fcomments&post=2050"}],"version-history":[{"count":4,"href":"https:\/\/zug-bilder.de\/index.php?rest_route=\/wp\/v2\/pages\/2050\/revisions"}],"predecessor-version":[{"id":2060,"href":"https:\/\/zug-bilder.de\/index.php?rest_route=\/wp\/v2\/pages\/2050\/revisions\/2060"}],"wp:attachment":[{"href":"https:\/\/zug-bilder.de\/index.php?rest_route=%2Fwp%2Fv2%2Fmedia&parent=2050"}],"curies":[{"name":"wp","href":"https:\/\/api.w.org\/{rel}","templated":true}]}}