{"id":2111,"date":"2019-08-22T18:37:15","date_gmt":"2019-08-22T18:37:15","guid":{"rendered":"https:\/\/zug-bilder.de\/?page_id=2111"},"modified":"2019-08-22T18:37:15","modified_gmt":"2019-08-22T18:37:15","slug":"d-dabpza-786","status":"publish","type":"page","link":"https:\/\/zug-bilder.de\/?page_id=2111","title":{"rendered":"D &#8211; DABpza 786"},"content":{"rendered":"<table>\n<tbody>\n<tr>\n<td style=\"vertical-align: middle;\"><a href=\"https:\/\/zug-bilder.de\/wp-content\/uploads\/2019\/08\/1000-D-DB-50-80-36-81-078-8_160902_M\u00fcnchenOst_RB27057.jpg\"><img loading=\"lazy\" decoding=\"async\" class=\"alignnone size-medium wp-image-2112\" src=\"https:\/\/zug-bilder.de\/wp-content\/uploads\/2019\/08\/1000-D-DB-50-80-36-81-078-8_160902_M\u00fcnchenOst_RB27057-300x205.jpg\" alt=\"\" width=\"300\" height=\"205\" srcset=\"https:\/\/zug-bilder.de\/wp-content\/uploads\/2019\/08\/1000-D-DB-50-80-36-81-078-8_160902_M\u00fcnchenOst_RB27057-300x205.jpg 300w, https:\/\/zug-bilder.de\/wp-content\/uploads\/2019\/08\/1000-D-DB-50-80-36-81-078-8_160902_M\u00fcnchenOst_RB27057-768x524.jpg 768w, https:\/\/zug-bilder.de\/wp-content\/uploads\/2019\/08\/1000-D-DB-50-80-36-81-078-8_160902_M\u00fcnchenOst_RB27057.jpg 1000w\" sizes=\"auto, (max-width: 300px) 100vw, 300px\" \/><\/a><\/td>\n<td style=\"vertical-align: middle;\"><strong>D-DB 50 80 36-81 078-8<\/strong><br \/>\n02.09.2016<br \/>\nM\u00fcnchen Ost<br \/>\n<em>RB 27057<\/em><br \/>\n<em>M\u00fcnchen Ost &#8211;<\/em><br \/>\n<em>M\u00fchldorf (Oberbay)<\/em><\/td>\n<\/tr>\n<\/tbody>\n<\/table>\n","protected":false},"excerpt":{"rendered":"<p>D-DB 50 80 36-81 078-8 02.09.2016 M\u00fcnchen Ost RB 27057 M\u00fcnchen Ost &#8211; M\u00fchldorf (Oberbay)<\/p>\n","protected":false},"author":1,"featured_media":0,"parent":0,"menu_order":0,"comment_status":"closed","ping_status":"closed","template":"","meta":{"footnotes":""},"class_list":["post-2111","page","type-page","status-publish","hentry"],"_links":{"self":[{"href":"https:\/\/zug-bilder.de\/index.php?rest_route=\/wp\/v2\/pages\/2111","targetHints":{"allow":["GET"]}}],"collection":[{"href":"https:\/\/zug-bilder.de\/index.php?rest_route=\/wp\/v2\/pages"}],"about":[{"href":"https:\/\/zug-bilder.de\/index.php?rest_route=\/wp\/v2\/types\/page"}],"author":[{"embeddable":true,"href":"https:\/\/zug-bilder.de\/index.php?rest_route=\/wp\/v2\/users\/1"}],"replies":[{"embeddable":true,"href":"https:\/\/zug-bilder.de\/index.php?rest_route=%2Fwp%2Fv2%2Fcomments&post=2111"}],"version-history":[{"count":1,"href":"https:\/\/zug-bilder.de\/index.php?rest_route=\/wp\/v2\/pages\/2111\/revisions"}],"predecessor-version":[{"id":2113,"href":"https:\/\/zug-bilder.de\/index.php?rest_route=\/wp\/v2\/pages\/2111\/revisions\/2113"}],"wp:attachment":[{"href":"https:\/\/zug-bilder.de\/index.php?rest_route=%2Fwp%2Fv2%2Fmedia&parent=2111"}],"curies":[{"name":"wp","href":"https:\/\/api.w.org\/{rel}","templated":true}]}}