{"id":2121,"date":"2019-08-22T19:03:16","date_gmt":"2019-08-22T19:03:16","guid":{"rendered":"https:\/\/zug-bilder.de\/?page_id=2121"},"modified":"2021-10-30T15:27:31","modified_gmt":"2021-10-30T15:27:31","slug":"d-dbpza-752","status":"publish","type":"page","link":"https:\/\/zug-bilder.de\/?page_id=2121","title":{"rendered":"D &#8211; DBpza 752"},"content":{"rendered":"<table>\n<tbody>\n<tr>\n<td style=\"vertical-align: middle;\"><a href=\"https:\/\/zug-bilder.de\/wp-content\/uploads\/2019\/08\/1000-D-DB-50-80-26-35-301-3_170729_M\u00fcnchenHbf_RE57588.jpg\"><img loading=\"lazy\" decoding=\"async\" class=\"alignnone size-medium wp-image-2122\" src=\"https:\/\/zug-bilder.de\/wp-content\/uploads\/2019\/08\/1000-D-DB-50-80-26-35-301-3_170729_M\u00fcnchenHbf_RE57588-300x205.jpg\" alt=\"\" width=\"300\" height=\"205\" srcset=\"https:\/\/zug-bilder.de\/wp-content\/uploads\/2019\/08\/1000-D-DB-50-80-26-35-301-3_170729_M\u00fcnchenHbf_RE57588-300x205.jpg 300w, https:\/\/zug-bilder.de\/wp-content\/uploads\/2019\/08\/1000-D-DB-50-80-26-35-301-3_170729_M\u00fcnchenHbf_RE57588-768x524.jpg 768w, https:\/\/zug-bilder.de\/wp-content\/uploads\/2019\/08\/1000-D-DB-50-80-26-35-301-3_170729_M\u00fcnchenHbf_RE57588.jpg 1000w\" sizes=\"auto, (max-width: 300px) 100vw, 300px\" \/><\/a><\/td>\n<td style=\"vertical-align: middle;\"><strong>D-DB 50 80 26-35 301-3<\/strong><br \/>\n29.07.2017<br \/>\nM\u00fcnchen Hbf<br \/>\n<em>RE 57588<\/em><br \/>\n<em>M\u00fcnchen Hbf &#8211; Kempten Hbf<\/em><\/td>\n<\/tr>\n<tr>\n<td style=\"vertical-align: middle;\"><a href=\"https:\/\/zug-bilder.de\/wp-content\/uploads\/2019\/11\/1000-D-DB-50-80-26-35-315-3_190812_M\u00fcnchenHbf_RE4074.jpg\"><img loading=\"lazy\" decoding=\"async\" class=\"alignnone size-medium wp-image-2532\" src=\"https:\/\/zug-bilder.de\/wp-content\/uploads\/2019\/11\/1000-D-DB-50-80-26-35-315-3_190812_M\u00fcnchenHbf_RE4074-300x205.jpg\" alt=\"\" width=\"300\" height=\"205\" srcset=\"https:\/\/zug-bilder.de\/wp-content\/uploads\/2019\/11\/1000-D-DB-50-80-26-35-315-3_190812_M\u00fcnchenHbf_RE4074-300x205.jpg 300w, https:\/\/zug-bilder.de\/wp-content\/uploads\/2019\/11\/1000-D-DB-50-80-26-35-315-3_190812_M\u00fcnchenHbf_RE4074-768x524.jpg 768w, https:\/\/zug-bilder.de\/wp-content\/uploads\/2019\/11\/1000-D-DB-50-80-26-35-315-3_190812_M\u00fcnchenHbf_RE4074.jpg 1000w\" sizes=\"auto, (max-width: 300px) 100vw, 300px\" \/><\/a><\/td>\n<td style=\"vertical-align: middle;\"><strong>D-DB 50 80 26-35 315-3<br \/>\n<\/strong>12.08.2019<br \/>\nM\u00fcnchen Hbf<br \/>\n<em>RE 4074<\/em><br \/>\n<em>M\u00fcnchen Hbf &#8211; Passau Hbf<\/em><strong><br \/>\n<\/strong><\/td>\n<\/tr>\n<tr>\n<td style=\"vertical-align: middle;\"><a href=\"https:\/\/zug-bilder.de\/wp-content\/uploads\/2019\/08\/1000-D-DB-50-80-26-35-331-0_170729_M\u00fcnchenHbf_RE57588.jpg\"><img loading=\"lazy\" decoding=\"async\" class=\"alignnone size-medium wp-image-2123\" src=\"https:\/\/zug-bilder.de\/wp-content\/uploads\/2019\/08\/1000-D-DB-50-80-26-35-331-0_170729_M\u00fcnchenHbf_RE57588-300x205.jpg\" alt=\"\" width=\"300\" height=\"205\" srcset=\"https:\/\/zug-bilder.de\/wp-content\/uploads\/2019\/08\/1000-D-DB-50-80-26-35-331-0_170729_M\u00fcnchenHbf_RE57588-300x205.jpg 300w, https:\/\/zug-bilder.de\/wp-content\/uploads\/2019\/08\/1000-D-DB-50-80-26-35-331-0_170729_M\u00fcnchenHbf_RE57588-768x524.jpg 768w, https:\/\/zug-bilder.de\/wp-content\/uploads\/2019\/08\/1000-D-DB-50-80-26-35-331-0_170729_M\u00fcnchenHbf_RE57588.jpg 1000w\" sizes=\"auto, (max-width: 300px) 100vw, 300px\" \/><\/a><\/td>\n<td style=\"vertical-align: middle;\"><strong>D-DB 50 80 26-35 331-0<\/strong><br \/>\n29.07.2017<br \/>\nM\u00fcnchen Hbf<br \/>\n<em>RE 57588<\/em><br \/>\n<em>M\u00fcnchen Hbf &#8211; Kempten Hbf<\/em><\/td>\n<\/tr>\n<tr>\n<td style=\"vertical-align: middle;\"><a href=\"https:\/\/zug-bilder.de\/wp-content\/uploads\/2019\/08\/1000-D-DB-50-80-26-35-393-0_180319_M\u00fcnchenHbf_RE57510.jpg\"><img loading=\"lazy\" decoding=\"async\" class=\"alignnone size-medium wp-image-2124\" src=\"https:\/\/zug-bilder.de\/wp-content\/uploads\/2019\/08\/1000-D-DB-50-80-26-35-393-0_180319_M\u00fcnchenHbf_RE57510-300x205.jpg\" alt=\"\" width=\"300\" height=\"205\" srcset=\"https:\/\/zug-bilder.de\/wp-content\/uploads\/2019\/08\/1000-D-DB-50-80-26-35-393-0_180319_M\u00fcnchenHbf_RE57510-300x205.jpg 300w, https:\/\/zug-bilder.de\/wp-content\/uploads\/2019\/08\/1000-D-DB-50-80-26-35-393-0_180319_M\u00fcnchenHbf_RE57510-768x524.jpg 768w, https:\/\/zug-bilder.de\/wp-content\/uploads\/2019\/08\/1000-D-DB-50-80-26-35-393-0_180319_M\u00fcnchenHbf_RE57510.jpg 1000w\" sizes=\"auto, (max-width: 300px) 100vw, 300px\" \/><\/a><\/td>\n<td style=\"vertical-align: middle;\"><strong>D-DB 50 80 26-35 393-0<\/strong><br \/>\n19.03.2018<br \/>\nM\u00fcnchen Hbf<br \/>\n<em>RE 57510<\/em><br \/>\n<em>M\u00fcnchen Hbf &#8211; F\u00fcssen<\/em><\/td>\n<\/tr>\n<tr>\n<td style=\"vertical-align: middle;\"><a href=\"https:\/\/zug-bilder.de\/wp-content\/uploads\/2019\/08\/1000-D-DB-50-80-26-35-396-3_170729_M\u00fcnchenHbf_RE57588.jpg\"><img loading=\"lazy\" decoding=\"async\" class=\"alignnone size-medium wp-image-2125\" src=\"https:\/\/zug-bilder.de\/wp-content\/uploads\/2019\/08\/1000-D-DB-50-80-26-35-396-3_170729_M\u00fcnchenHbf_RE57588-300x205.jpg\" alt=\"\" width=\"300\" height=\"205\" srcset=\"https:\/\/zug-bilder.de\/wp-content\/uploads\/2019\/08\/1000-D-DB-50-80-26-35-396-3_170729_M\u00fcnchenHbf_RE57588-300x205.jpg 300w, https:\/\/zug-bilder.de\/wp-content\/uploads\/2019\/08\/1000-D-DB-50-80-26-35-396-3_170729_M\u00fcnchenHbf_RE57588-768x524.jpg 768w, https:\/\/zug-bilder.de\/wp-content\/uploads\/2019\/08\/1000-D-DB-50-80-26-35-396-3_170729_M\u00fcnchenHbf_RE57588.jpg 1000w\" sizes=\"auto, (max-width: 300px) 100vw, 300px\" \/><\/a><\/td>\n<td style=\"vertical-align: middle;\"><strong>D-DB 50 80 26-35 396-3<\/strong><br \/>\n29.07.2017<br \/>\nM\u00fcnchen Hbf<br \/>\n<em>RE 57588<\/em><br \/>\n<em>M\u00fcnchen Hbf &#8211; Kempten Hbf<\/em><\/td>\n<\/tr>\n<tr>\n<td style=\"vertical-align: middle;\"><a href=\"https:\/\/zug-bilder.de\/wp-content\/uploads\/2019\/11\/1000-D-DB-50-80-26-35-453-2_190812_M\u00fcnchenHbf_RE4074.jpg\"><img loading=\"lazy\" decoding=\"async\" class=\"alignnone size-medium wp-image-2529\" src=\"https:\/\/zug-bilder.de\/wp-content\/uploads\/2019\/11\/1000-D-DB-50-80-26-35-453-2_190812_M\u00fcnchenHbf_RE4074-300x205.jpg\" alt=\"\" width=\"300\" height=\"205\" srcset=\"https:\/\/zug-bilder.de\/wp-content\/uploads\/2019\/11\/1000-D-DB-50-80-26-35-453-2_190812_M\u00fcnchenHbf_RE4074-300x205.jpg 300w, https:\/\/zug-bilder.de\/wp-content\/uploads\/2019\/11\/1000-D-DB-50-80-26-35-453-2_190812_M\u00fcnchenHbf_RE4074-768x524.jpg 768w, https:\/\/zug-bilder.de\/wp-content\/uploads\/2019\/11\/1000-D-DB-50-80-26-35-453-2_190812_M\u00fcnchenHbf_RE4074.jpg 1000w\" sizes=\"auto, (max-width: 300px) 100vw, 300px\" \/><\/a><\/td>\n<td style=\"vertical-align: middle;\"><strong>D-DB 50 80 26-35 453-2<br \/>\n<\/strong>12.08.2019<br \/>\nM\u00fcnchen Hbf<br \/>\n<em>RE 4074<\/em><br \/>\n<em>M\u00fcnchen Hbf &#8211; Passau Hbf<\/em><strong><br \/>\n<\/strong><\/td>\n<\/tr>\n<tr>\n<td style=\"vertical-align: middle;\"><a href=\"https:\/\/zug-bilder.de\/wp-content\/uploads\/2021\/10\/1000-D-DB-50-80-26-35-453-2_210820_BerlinHbf_RB18616.jpg\"><img loading=\"lazy\" decoding=\"async\" class=\"alignnone size-medium wp-image-4811\" src=\"https:\/\/zug-bilder.de\/wp-content\/uploads\/2021\/10\/1000-D-DB-50-80-26-35-453-2_210820_BerlinHbf_RB18616-300x205.jpg\" alt=\"\" width=\"300\" height=\"205\" srcset=\"https:\/\/zug-bilder.de\/wp-content\/uploads\/2021\/10\/1000-D-DB-50-80-26-35-453-2_210820_BerlinHbf_RB18616-300x205.jpg 300w, https:\/\/zug-bilder.de\/wp-content\/uploads\/2021\/10\/1000-D-DB-50-80-26-35-453-2_210820_BerlinHbf_RB18616-768x524.jpg 768w, https:\/\/zug-bilder.de\/wp-content\/uploads\/2021\/10\/1000-D-DB-50-80-26-35-453-2_210820_BerlinHbf_RB18616.jpg 1000w\" sizes=\"auto, (max-width: 300px) 100vw, 300px\" \/><\/a><\/td>\n<td style=\"vertical-align: middle;\"><strong>D-DB 50 80 26-35 453-2<br \/>\n<\/strong>20.08.2021<br \/>\nBerlin Hbf<br \/>\n<em>RB 18616<\/em><br \/>\n<em>Flughafen BER &#8211; Terminal 1-2 &#8211;<br \/>\nNauen<\/em><\/td>\n<\/tr>\n<\/tbody>\n<\/table>\n","protected":false},"excerpt":{"rendered":"<p>D-DB 50 80 26-35 301-3 29.07.2017 M\u00fcnchen Hbf RE 57588 M\u00fcnchen Hbf &#8211; Kempten Hbf D-DB 50 80 26-35 315-3 12.08.2019 M\u00fcnchen Hbf RE 4074 M\u00fcnchen Hbf &#8211; Passau Hbf D-DB 50 80 26-35 331-0 29.07.2017 M\u00fcnchen Hbf RE 57588 M\u00fcnchen Hbf &#8211; Kempten Hbf D-DB 50 80 26-35 393-0 19.03.2018 M\u00fcnchen Hbf RE 57510 &hellip; <a href=\"https:\/\/zug-bilder.de\/?page_id=2121\" class=\"more-link\"><span class=\"screen-reader-text\">D &#8211; DBpza 752<\/span> weiterlesen<\/a><\/p>\n","protected":false},"author":1,"featured_media":0,"parent":0,"menu_order":0,"comment_status":"closed","ping_status":"closed","template":"","meta":{"footnotes":""},"class_list":["post-2121","page","type-page","status-publish","hentry"],"_links":{"self":[{"href":"https:\/\/zug-bilder.de\/index.php?rest_route=\/wp\/v2\/pages\/2121","targetHints":{"allow":["GET"]}}],"collection":[{"href":"https:\/\/zug-bilder.de\/index.php?rest_route=\/wp\/v2\/pages"}],"about":[{"href":"https:\/\/zug-bilder.de\/index.php?rest_route=\/wp\/v2\/types\/page"}],"author":[{"embeddable":true,"href":"https:\/\/zug-bilder.de\/index.php?rest_route=\/wp\/v2\/users\/1"}],"replies":[{"embeddable":true,"href":"https:\/\/zug-bilder.de\/index.php?rest_route=%2Fwp%2Fv2%2Fcomments&post=2121"}],"version-history":[{"count":5,"href":"https:\/\/zug-bilder.de\/index.php?rest_route=\/wp\/v2\/pages\/2121\/revisions"}],"predecessor-version":[{"id":4812,"href":"https:\/\/zug-bilder.de\/index.php?rest_route=\/wp\/v2\/pages\/2121\/revisions\/4812"}],"wp:attachment":[{"href":"https:\/\/zug-bilder.de\/index.php?rest_route=%2Fwp%2Fv2%2Fmedia&parent=2121"}],"curies":[{"name":"wp","href":"https:\/\/api.w.org\/{rel}","templated":true}]}}