{"id":2153,"date":"2019-09-07T19:17:26","date_gmt":"2019-09-07T19:17:26","guid":{"rendered":"https:\/\/zug-bilder.de\/?page_id=2153"},"modified":"2019-11-25T15:15:33","modified_gmt":"2019-11-25T15:15:33","slug":"a-bbmvz","status":"publish","type":"page","link":"https:\/\/zug-bilder.de\/?page_id=2153","title":{"rendered":"A &#8211; Bbmvz"},"content":{"rendered":"<table>\n<tbody>\n<tr>\n<td style=\"vertical-align: middle;\"><a href=\"https:\/\/zug-bilder.de\/wp-content\/uploads\/2019\/11\/1000-A-\u00d6BB-61-81-28-91-102-0_190608_WienHbf_NJ40490.jpg\"><img loading=\"lazy\" decoding=\"async\" class=\"alignnone size-medium wp-image-2630\" src=\"https:\/\/zug-bilder.de\/wp-content\/uploads\/2019\/11\/1000-A-\u00d6BB-61-81-28-91-102-0_190608_WienHbf_NJ40490-300x205.jpg\" alt=\"\" width=\"300\" height=\"205\" srcset=\"https:\/\/zug-bilder.de\/wp-content\/uploads\/2019\/11\/1000-A-\u00d6BB-61-81-28-91-102-0_190608_WienHbf_NJ40490-300x205.jpg 300w, https:\/\/zug-bilder.de\/wp-content\/uploads\/2019\/11\/1000-A-\u00d6BB-61-81-28-91-102-0_190608_WienHbf_NJ40490-768x524.jpg 768w, https:\/\/zug-bilder.de\/wp-content\/uploads\/2019\/11\/1000-A-\u00d6BB-61-81-28-91-102-0_190608_WienHbf_NJ40490.jpg 1000w\" sizes=\"auto, (max-width: 300px) 100vw, 300px\" \/><\/a><\/td>\n<td style=\"vertical-align: middle;\"><strong>A-\u00d6BB 61 81 28-91 102-0<br \/>\n<\/strong>08.06.2019<br \/>\nWien Hbf<br \/>\n<em>NJ 40490<\/em><br \/>\n<em>Wien Hbf (Autoreisezuganlage) &#8211;<\/em><br \/>\n<em>D\u00fcsseldorf Hbf<\/em><strong><em><br \/>\n<\/em><\/strong><\/td>\n<\/tr>\n<tr>\n<td style=\"vertical-align: middle;\"><a href=\"https:\/\/zug-bilder.de\/wp-content\/uploads\/2019\/09\/1000-A-\u00d6BB-61-81-28-91-104-6_190824_M\u00fcnchenHbf_NJ420.jpg\"><img loading=\"lazy\" decoding=\"async\" class=\"alignnone size-medium wp-image-2154\" src=\"https:\/\/zug-bilder.de\/wp-content\/uploads\/2019\/09\/1000-A-\u00d6BB-61-81-28-91-104-6_190824_M\u00fcnchenHbf_NJ420-300x205.jpg\" alt=\"\" width=\"300\" height=\"205\" srcset=\"https:\/\/zug-bilder.de\/wp-content\/uploads\/2019\/09\/1000-A-\u00d6BB-61-81-28-91-104-6_190824_M\u00fcnchenHbf_NJ420-300x205.jpg 300w, https:\/\/zug-bilder.de\/wp-content\/uploads\/2019\/09\/1000-A-\u00d6BB-61-81-28-91-104-6_190824_M\u00fcnchenHbf_NJ420-768x524.jpg 768w, https:\/\/zug-bilder.de\/wp-content\/uploads\/2019\/09\/1000-A-\u00d6BB-61-81-28-91-104-6_190824_M\u00fcnchenHbf_NJ420.jpg 1000w\" sizes=\"auto, (max-width: 300px) 100vw, 300px\" \/><\/a><\/td>\n<td style=\"vertical-align: middle;\"><strong>A-\u00d6BB 61 81 28-91 104-6<\/strong><br \/>\n24.08.2019<br \/>\nM\u00fcnchen Hbf<br \/>\n<em>NJ 420<\/em><br \/>\n<em>Innsbruck Hbf &#8211;<\/em><br \/>\n<em>D\u00fcsseldorf Hbf<\/em><\/td>\n<\/tr>\n<tr>\n<td style=\"vertical-align: middle;\"><a href=\"https:\/\/zug-bilder.de\/wp-content\/uploads\/2019\/10\/1000-A-\u00d6BB-61-81-28-91-111-1_190608_WienHbf_NJ490.jpg\"><img loading=\"lazy\" decoding=\"async\" class=\"alignnone size-medium wp-image-2296\" src=\"https:\/\/zug-bilder.de\/wp-content\/uploads\/2019\/10\/1000-A-\u00d6BB-61-81-28-91-111-1_190608_WienHbf_NJ490-300x205.jpg\" alt=\"\" width=\"300\" height=\"205\" srcset=\"https:\/\/zug-bilder.de\/wp-content\/uploads\/2019\/10\/1000-A-\u00d6BB-61-81-28-91-111-1_190608_WienHbf_NJ490-300x205.jpg 300w, https:\/\/zug-bilder.de\/wp-content\/uploads\/2019\/10\/1000-A-\u00d6BB-61-81-28-91-111-1_190608_WienHbf_NJ490-768x524.jpg 768w, https:\/\/zug-bilder.de\/wp-content\/uploads\/2019\/10\/1000-A-\u00d6BB-61-81-28-91-111-1_190608_WienHbf_NJ490.jpg 1000w\" sizes=\"auto, (max-width: 300px) 100vw, 300px\" \/><\/a><\/td>\n<td style=\"vertical-align: middle;\"><strong>A-\u00d6BB 61 81 28-91 111-1<br \/>\n<\/strong>08.06.2019<br \/>\nWien Hbf<br \/>\n<em>NJ 490<\/em><br \/>\n<em>Wien Hbf (Autoreisezuganlage) &#8211;<\/em><br \/>\n<em>Hamburg Altona<\/em><strong><br \/>\n<\/strong><\/td>\n<\/tr>\n<\/tbody>\n<\/table>\n","protected":false},"excerpt":{"rendered":"<p>A-\u00d6BB 61 81 28-91 102-0 08.06.2019 Wien Hbf NJ 40490 Wien Hbf (Autoreisezuganlage) &#8211; D\u00fcsseldorf Hbf A-\u00d6BB 61 81 28-91 104-6 24.08.2019 M\u00fcnchen Hbf NJ 420 Innsbruck Hbf &#8211; D\u00fcsseldorf Hbf A-\u00d6BB 61 81 28-91 111-1 08.06.2019 Wien Hbf NJ 490 Wien Hbf (Autoreisezuganlage) &#8211; Hamburg Altona<\/p>\n","protected":false},"author":1,"featured_media":0,"parent":0,"menu_order":0,"comment_status":"closed","ping_status":"closed","template":"","meta":{"footnotes":""},"class_list":["post-2153","page","type-page","status-publish","hentry"],"_links":{"self":[{"href":"https:\/\/zug-bilder.de\/index.php?rest_route=\/wp\/v2\/pages\/2153","targetHints":{"allow":["GET"]}}],"collection":[{"href":"https:\/\/zug-bilder.de\/index.php?rest_route=\/wp\/v2\/pages"}],"about":[{"href":"https:\/\/zug-bilder.de\/index.php?rest_route=\/wp\/v2\/types\/page"}],"author":[{"embeddable":true,"href":"https:\/\/zug-bilder.de\/index.php?rest_route=\/wp\/v2\/users\/1"}],"replies":[{"embeddable":true,"href":"https:\/\/zug-bilder.de\/index.php?rest_route=%2Fwp%2Fv2%2Fcomments&post=2153"}],"version-history":[{"count":4,"href":"https:\/\/zug-bilder.de\/index.php?rest_route=\/wp\/v2\/pages\/2153\/revisions"}],"predecessor-version":[{"id":2631,"href":"https:\/\/zug-bilder.de\/index.php?rest_route=\/wp\/v2\/pages\/2153\/revisions\/2631"}],"wp:attachment":[{"href":"https:\/\/zug-bilder.de\/index.php?rest_route=%2Fwp%2Fv2%2Fmedia&parent=2153"}],"curies":[{"name":"wp","href":"https:\/\/api.w.org\/{rel}","templated":true}]}}