{"id":2181,"date":"2019-09-28T18:06:14","date_gmt":"2019-09-28T18:06:14","guid":{"rendered":"https:\/\/zug-bilder.de\/?page_id=2181"},"modified":"2019-10-03T11:06:32","modified_gmt":"2019-10-03T11:06:32","slug":"d-pwghs-54","status":"publish","type":"page","link":"https:\/\/zug-bilder.de\/?page_id=2181","title":{"rendered":"D &#8211; Pwghs 54"},"content":{"rendered":"<table>\n<tbody>\n<tr>\n<td style=\"vertical-align: middle;\"><a href=\"https:\/\/zug-bilder.de\/wp-content\/uploads\/2019\/09\/1000-D-GfE-40-80-94-59-932-6_190525_M\u00fchldorf_RB74233.jpg\"><img loading=\"lazy\" decoding=\"async\" class=\"alignnone size-medium wp-image-2182\" src=\"https:\/\/zug-bilder.de\/wp-content\/uploads\/2019\/09\/1000-D-GfE-40-80-94-59-932-6_190525_M\u00fchldorf_RB74233-300x205.jpg\" alt=\"\" width=\"300\" height=\"205\" srcset=\"https:\/\/zug-bilder.de\/wp-content\/uploads\/2019\/09\/1000-D-GfE-40-80-94-59-932-6_190525_M\u00fchldorf_RB74233-300x205.jpg 300w, https:\/\/zug-bilder.de\/wp-content\/uploads\/2019\/09\/1000-D-GfE-40-80-94-59-932-6_190525_M\u00fchldorf_RB74233-768x524.jpg 768w, https:\/\/zug-bilder.de\/wp-content\/uploads\/2019\/09\/1000-D-GfE-40-80-94-59-932-6_190525_M\u00fchldorf_RB74233.jpg 1000w\" sizes=\"auto, (max-width: 300px) 100vw, 300px\" \/><\/a><\/td>\n<td style=\"vertical-align: middle;\"><strong>D-GfE 40 80 94-59 932-6<\/strong><br \/>\n25.05.2019<br \/>\nM\u00fchldorf (Oberbay)<br \/>\n<em>RB 74233<\/em><br \/>\n<em>M\u00fchldorf (Oberbay) &#8211;<br \/>\nBurghausen<\/em><\/td>\n<\/tr>\n<tr>\n<td style=\"vertical-align: middle;\"><a href=\"https:\/\/zug-bilder.de\/wp-content\/uploads\/2019\/10\/1000-D-GfE-40-80-94-59-932-6_190525_M\u00fchldorf_RB74233_2.jpg\"><img loading=\"lazy\" decoding=\"async\" class=\"alignnone size-medium wp-image-2185\" src=\"https:\/\/zug-bilder.de\/wp-content\/uploads\/2019\/10\/1000-D-GfE-40-80-94-59-932-6_190525_M\u00fchldorf_RB74233_2-300x205.jpg\" alt=\"\" width=\"300\" height=\"205\" srcset=\"https:\/\/zug-bilder.de\/wp-content\/uploads\/2019\/10\/1000-D-GfE-40-80-94-59-932-6_190525_M\u00fchldorf_RB74233_2-300x205.jpg 300w, https:\/\/zug-bilder.de\/wp-content\/uploads\/2019\/10\/1000-D-GfE-40-80-94-59-932-6_190525_M\u00fchldorf_RB74233_2-768x524.jpg 768w, https:\/\/zug-bilder.de\/wp-content\/uploads\/2019\/10\/1000-D-GfE-40-80-94-59-932-6_190525_M\u00fchldorf_RB74233_2.jpg 1000w\" sizes=\"auto, (max-width: 300px) 100vw, 300px\" \/><\/a><\/td>\n<td style=\"vertical-align: middle;\"><strong>D-GfE 40 80 94-59 932-6<br \/>\n<\/strong>25.05.2019<br \/>\nM\u00fchldorf (Oberbay)<br \/>\n<em>RB 74233<\/em><br \/>\n<em>M\u00fchldorf (Oberbay) &#8211;<br \/>\nBurghausen<\/em><\/td>\n<\/tr>\n<\/tbody>\n<\/table>\n","protected":false},"excerpt":{"rendered":"<p>D-GfE 40 80 94-59 932-6 25.05.2019 M\u00fchldorf (Oberbay) RB 74233 M\u00fchldorf (Oberbay) &#8211; Burghausen D-GfE 40 80 94-59 932-6 25.05.2019 M\u00fchldorf (Oberbay) RB 74233 M\u00fchldorf (Oberbay) &#8211; Burghausen<\/p>\n","protected":false},"author":1,"featured_media":0,"parent":0,"menu_order":0,"comment_status":"closed","ping_status":"closed","template":"","meta":{"footnotes":""},"class_list":["post-2181","page","type-page","status-publish","hentry"],"_links":{"self":[{"href":"https:\/\/zug-bilder.de\/index.php?rest_route=\/wp\/v2\/pages\/2181","targetHints":{"allow":["GET"]}}],"collection":[{"href":"https:\/\/zug-bilder.de\/index.php?rest_route=\/wp\/v2\/pages"}],"about":[{"href":"https:\/\/zug-bilder.de\/index.php?rest_route=\/wp\/v2\/types\/page"}],"author":[{"embeddable":true,"href":"https:\/\/zug-bilder.de\/index.php?rest_route=\/wp\/v2\/users\/1"}],"replies":[{"embeddable":true,"href":"https:\/\/zug-bilder.de\/index.php?rest_route=%2Fwp%2Fv2%2Fcomments&post=2181"}],"version-history":[{"count":3,"href":"https:\/\/zug-bilder.de\/index.php?rest_route=\/wp\/v2\/pages\/2181\/revisions"}],"predecessor-version":[{"id":2187,"href":"https:\/\/zug-bilder.de\/index.php?rest_route=\/wp\/v2\/pages\/2181\/revisions\/2187"}],"wp:attachment":[{"href":"https:\/\/zug-bilder.de\/index.php?rest_route=%2Fwp%2Fv2%2Fmedia&parent=2181"}],"curies":[{"name":"wp","href":"https:\/\/api.w.org\/{rel}","templated":true}]}}