{"id":2247,"date":"2019-10-18T17:38:09","date_gmt":"2019-10-18T17:38:09","guid":{"rendered":"https:\/\/zug-bilder.de\/?page_id=2247"},"modified":"2021-12-25T13:44:53","modified_gmt":"2021-12-25T13:44:53","slug":"d-dabpbza-787-2","status":"publish","type":"page","link":"https:\/\/zug-bilder.de\/?page_id=2247","title":{"rendered":"D &#8211; DABpbza 787.2"},"content":{"rendered":"<table style=\"border-collapse: collapse; width: 100%;\">\n<tbody>\n<tr>\n<td style=\"width: 50%; vertical-align: middle;\"><a href=\"https:\/\/zug-bilder.de\/wp-content\/uploads\/2019\/10\/1000-D-DB-50-80-36-81-174-5_190812_M\u00fcnchenHbf_RE4017.jpg\"><img loading=\"lazy\" decoding=\"async\" class=\"alignnone size-medium wp-image-2248\" src=\"https:\/\/zug-bilder.de\/wp-content\/uploads\/2019\/10\/1000-D-DB-50-80-36-81-174-5_190812_M\u00fcnchenHbf_RE4017-300x205.jpg\" alt=\"\" width=\"300\" height=\"205\" srcset=\"https:\/\/zug-bilder.de\/wp-content\/uploads\/2019\/10\/1000-D-DB-50-80-36-81-174-5_190812_M\u00fcnchenHbf_RE4017-300x205.jpg 300w, https:\/\/zug-bilder.de\/wp-content\/uploads\/2019\/10\/1000-D-DB-50-80-36-81-174-5_190812_M\u00fcnchenHbf_RE4017-768x524.jpg 768w, https:\/\/zug-bilder.de\/wp-content\/uploads\/2019\/10\/1000-D-DB-50-80-36-81-174-5_190812_M\u00fcnchenHbf_RE4017.jpg 1000w\" sizes=\"auto, (max-width: 300px) 100vw, 300px\" \/><\/a><\/td>\n<td style=\"width: 50%; vertical-align: middle;\"><strong>D-DB 50 80 36-81 174-5<\/strong><br \/>\n12.08.2019<br \/>\nM\u00fcnchen Hbf<br \/>\n<em>RE 4017<\/em><br \/>\n<em>Ingolstadt Hbf &#8211; M\u00fcnchen Hbf<\/em><\/td>\n<\/tr>\n<tr>\n<td style=\"width: 50%; vertical-align: middle;\"><a href=\"https:\/\/zug-bilder.de\/wp-content\/uploads\/2021\/12\/1000-D-DB-50-80-36-81-178-6_211102_MuenchenHbf_RB94098.jpg\"><img loading=\"lazy\" decoding=\"async\" class=\"alignnone size-medium wp-image-4938\" src=\"https:\/\/zug-bilder.de\/wp-content\/uploads\/2021\/12\/1000-D-DB-50-80-36-81-178-6_211102_MuenchenHbf_RB94098-300x205.jpg\" alt=\"\" width=\"300\" height=\"205\" srcset=\"https:\/\/zug-bilder.de\/wp-content\/uploads\/2021\/12\/1000-D-DB-50-80-36-81-178-6_211102_MuenchenHbf_RB94098-300x205.jpg 300w, https:\/\/zug-bilder.de\/wp-content\/uploads\/2021\/12\/1000-D-DB-50-80-36-81-178-6_211102_MuenchenHbf_RB94098-768x524.jpg 768w, https:\/\/zug-bilder.de\/wp-content\/uploads\/2021\/12\/1000-D-DB-50-80-36-81-178-6_211102_MuenchenHbf_RB94098.jpg 1000w\" sizes=\"auto, (max-width: 300px) 100vw, 300px\" \/><\/a><\/td>\n<td style=\"width: 50%; vertical-align: middle;\"><strong>D-DB 50 80 36-81 178-6<br \/>\n<\/strong>02.11.2021<br \/>\nM\u00fcnchen Hbf<br \/>\n<em><img loading=\"lazy\" decoding=\"async\" class=\"alignnone wp-image-4932\" src=\"https:\/\/zug-bilder.de\/wp-content\/uploads\/2021\/12\/RB16.jpg\" alt=\"\" width=\"61\" height=\"20\" \/>\u00a0RB 94098<\/em><br \/>\n<em>M\u00fcnchen Hbf &#8211;<\/em><br \/>\n<em>Eichst\u00e4tt Bahnhof<\/em><\/td>\n<\/tr>\n<\/tbody>\n<\/table>\n","protected":false},"excerpt":{"rendered":"<p>D-DB 50 80 36-81 174-5 12.08.2019 M\u00fcnchen Hbf RE 4017 Ingolstadt Hbf &#8211; M\u00fcnchen Hbf D-DB 50 80 36-81 178-6 02.11.2021 M\u00fcnchen Hbf \u00a0RB 94098 M\u00fcnchen Hbf &#8211; Eichst\u00e4tt Bahnhof<\/p>\n","protected":false},"author":1,"featured_media":0,"parent":0,"menu_order":0,"comment_status":"closed","ping_status":"closed","template":"","meta":{"footnotes":""},"class_list":["post-2247","page","type-page","status-publish","hentry"],"_links":{"self":[{"href":"https:\/\/zug-bilder.de\/index.php?rest_route=\/wp\/v2\/pages\/2247","targetHints":{"allow":["GET"]}}],"collection":[{"href":"https:\/\/zug-bilder.de\/index.php?rest_route=\/wp\/v2\/pages"}],"about":[{"href":"https:\/\/zug-bilder.de\/index.php?rest_route=\/wp\/v2\/types\/page"}],"author":[{"embeddable":true,"href":"https:\/\/zug-bilder.de\/index.php?rest_route=\/wp\/v2\/users\/1"}],"replies":[{"embeddable":true,"href":"https:\/\/zug-bilder.de\/index.php?rest_route=%2Fwp%2Fv2%2Fcomments&post=2247"}],"version-history":[{"count":3,"href":"https:\/\/zug-bilder.de\/index.php?rest_route=\/wp\/v2\/pages\/2247\/revisions"}],"predecessor-version":[{"id":4940,"href":"https:\/\/zug-bilder.de\/index.php?rest_route=\/wp\/v2\/pages\/2247\/revisions\/4940"}],"wp:attachment":[{"href":"https:\/\/zug-bilder.de\/index.php?rest_route=%2Fwp%2Fv2%2Fmedia&parent=2247"}],"curies":[{"name":"wp","href":"https:\/\/api.w.org\/{rel}","templated":true}]}}