{"id":2257,"date":"2019-10-18T18:53:25","date_gmt":"2019-10-18T18:53:25","guid":{"rendered":"https:\/\/zug-bilder.de\/?page_id=2257"},"modified":"2022-12-26T12:58:51","modified_gmt":"2022-12-26T12:58:51","slug":"95-80-0612","status":"publish","type":"page","link":"https:\/\/zug-bilder.de\/?page_id=2257","title":{"rendered":"95 80 0612"},"content":{"rendered":"<table style=\"border-collapse: collapse; width: 100%;\">\n<tbody>\n<tr>\n<td style=\"width: 50%; vertical-align: middle;\"><a href=\"https:\/\/zug-bilder.de\/wp-content\/uploads\/2022\/12\/1000-95-80-0612-559-4-D-DB_130305_Bamberg_RE3011.jpg\"><img loading=\"lazy\" decoding=\"async\" class=\"alignnone size-medium wp-image-5501\" src=\"https:\/\/zug-bilder.de\/wp-content\/uploads\/2022\/12\/1000-95-80-0612-559-4-D-DB_130305_Bamberg_RE3011-300x205.jpg\" alt=\"\" width=\"300\" height=\"205\" srcset=\"https:\/\/zug-bilder.de\/wp-content\/uploads\/2022\/12\/1000-95-80-0612-559-4-D-DB_130305_Bamberg_RE3011-300x205.jpg 300w, https:\/\/zug-bilder.de\/wp-content\/uploads\/2022\/12\/1000-95-80-0612-559-4-D-DB_130305_Bamberg_RE3011-768x524.jpg 768w, https:\/\/zug-bilder.de\/wp-content\/uploads\/2022\/12\/1000-95-80-0612-559-4-D-DB_130305_Bamberg_RE3011.jpg 1000w\" sizes=\"auto, (max-width: 300px) 100vw, 300px\" \/><\/a><\/td>\n<td style=\"width: 50%; vertical-align: middle;\">95 80 0612 059-5 D-DB<strong><br \/>\n95 80 0612 559-4 D-DB<br \/>\n<\/strong>05.03.2013<br \/>\nBamberg<br \/>\n<em>RE 3011<\/em><br \/>\n<em>W\u00fcrzburg Hbf &#8211; Hof Hbf<br \/>\nRE 3031<br \/>\nW\u00fcrzburg Hbf &#8211; Bayreuth Hbf<\/em><\/td>\n<\/tr>\n<tr>\n<td style=\"width: 50%; vertical-align: middle;\"><a href=\"https:\/\/zug-bilder.de\/wp-content\/uploads\/2019\/10\/1000-95-80-0612-066-0-D-DB_190617_RegensburgHbf_RE3551.jpg\"><img loading=\"lazy\" decoding=\"async\" class=\"alignnone size-medium wp-image-2258\" src=\"https:\/\/zug-bilder.de\/wp-content\/uploads\/2019\/10\/1000-95-80-0612-066-0-D-DB_190617_RegensburgHbf_RE3551-300x205.jpg\" alt=\"\" width=\"300\" height=\"205\" srcset=\"https:\/\/zug-bilder.de\/wp-content\/uploads\/2019\/10\/1000-95-80-0612-066-0-D-DB_190617_RegensburgHbf_RE3551-300x205.jpg 300w, https:\/\/zug-bilder.de\/wp-content\/uploads\/2019\/10\/1000-95-80-0612-066-0-D-DB_190617_RegensburgHbf_RE3551-768x524.jpg 768w, https:\/\/zug-bilder.de\/wp-content\/uploads\/2019\/10\/1000-95-80-0612-066-0-D-DB_190617_RegensburgHbf_RE3551.jpg 1000w\" sizes=\"auto, (max-width: 300px) 100vw, 300px\" \/><\/a><\/td>\n<td style=\"width: 50%; vertical-align: middle;\"><strong>95 80 0612 066-0 D-DB<\/strong><br \/>\n95 80 0612 566-9 D-DB<br \/>\n17.06.2019<br \/>\nRegensburg Hbf<br \/>\n<em>RE 3551<\/em><br \/>\n<em>N\u00fcrnberg Hbf &#8211; Regensburg Hbf<\/em><\/td>\n<\/tr>\n<tr>\n<td style=\"width: 50%; vertical-align: middle;\"><a href=\"https:\/\/zug-bilder.de\/wp-content\/uploads\/2019\/10\/1000-95-80-0612-992-7-D-DB_190617_RegensburgHbf.jpg\"><img loading=\"lazy\" decoding=\"async\" class=\"alignnone size-medium wp-image-2309\" src=\"https:\/\/zug-bilder.de\/wp-content\/uploads\/2019\/10\/1000-95-80-0612-992-7-D-DB_190617_RegensburgHbf-300x205.jpg\" alt=\"\" width=\"300\" height=\"205\" srcset=\"https:\/\/zug-bilder.de\/wp-content\/uploads\/2019\/10\/1000-95-80-0612-992-7-D-DB_190617_RegensburgHbf-300x205.jpg 300w, https:\/\/zug-bilder.de\/wp-content\/uploads\/2019\/10\/1000-95-80-0612-992-7-D-DB_190617_RegensburgHbf-768x524.jpg 768w, https:\/\/zug-bilder.de\/wp-content\/uploads\/2019\/10\/1000-95-80-0612-992-7-D-DB_190617_RegensburgHbf.jpg 1000w\" sizes=\"auto, (max-width: 300px) 100vw, 300px\" \/><\/a><\/td>\n<td style=\"width: 50%; vertical-align: middle;\">95 80 0612 492-8 D-DB<strong><br \/>\n<\/strong><em>(ehem. 612 192-4)<\/em><strong><br \/>\n95 80 0612 992-7 D-DB<br \/>\n<\/strong><em>(ehem. 612 692-4)<br \/>\n<\/em>17.06.2019<br \/>\nRegensburg Hbf<\/td>\n<\/tr>\n<\/tbody>\n<\/table>\n","protected":false},"excerpt":{"rendered":"<p>95 80 0612 059-5 D-DB 95 80 0612 559-4 D-DB 05.03.2013 Bamberg RE 3011 W\u00fcrzburg Hbf &#8211; Hof Hbf RE 3031 W\u00fcrzburg Hbf &#8211; Bayreuth Hbf 95 80 0612 066-0 D-DB 95 80 0612 566-9 D-DB 17.06.2019 Regensburg Hbf RE 3551 N\u00fcrnberg Hbf &#8211; Regensburg Hbf 95 80 0612 492-8 D-DB (ehem. 612 192-4) 95 &hellip; <a href=\"https:\/\/zug-bilder.de\/?page_id=2257\" class=\"more-link\"><span class=\"screen-reader-text\">95 80 0612<\/span> weiterlesen<\/a><\/p>\n","protected":false},"author":1,"featured_media":0,"parent":0,"menu_order":0,"comment_status":"closed","ping_status":"closed","template":"","meta":{"footnotes":""},"class_list":["post-2257","page","type-page","status-publish","hentry"],"_links":{"self":[{"href":"https:\/\/zug-bilder.de\/index.php?rest_route=\/wp\/v2\/pages\/2257","targetHints":{"allow":["GET"]}}],"collection":[{"href":"https:\/\/zug-bilder.de\/index.php?rest_route=\/wp\/v2\/pages"}],"about":[{"href":"https:\/\/zug-bilder.de\/index.php?rest_route=\/wp\/v2\/types\/page"}],"author":[{"embeddable":true,"href":"https:\/\/zug-bilder.de\/index.php?rest_route=\/wp\/v2\/users\/1"}],"replies":[{"embeddable":true,"href":"https:\/\/zug-bilder.de\/index.php?rest_route=%2Fwp%2Fv2%2Fcomments&post=2257"}],"version-history":[{"count":5,"href":"https:\/\/zug-bilder.de\/index.php?rest_route=\/wp\/v2\/pages\/2257\/revisions"}],"predecessor-version":[{"id":5503,"href":"https:\/\/zug-bilder.de\/index.php?rest_route=\/wp\/v2\/pages\/2257\/revisions\/5503"}],"wp:attachment":[{"href":"https:\/\/zug-bilder.de\/index.php?rest_route=%2Fwp%2Fv2%2Fmedia&parent=2257"}],"curies":[{"name":"wp","href":"https:\/\/api.w.org\/{rel}","templated":true}]}}