{"id":2292,"date":"2019-10-21T17:40:00","date_gmt":"2019-10-21T17:40:00","guid":{"rendered":"https:\/\/zug-bilder.de\/?page_id=2292"},"modified":"2024-01-01T12:36:08","modified_gmt":"2024-01-01T12:36:08","slug":"a-bmz","status":"publish","type":"page","link":"https:\/\/zug-bilder.de\/?page_id=2292","title":{"rendered":"A &#8211; Bmz"},"content":{"rendered":"<table style=\"border-collapse: collapse; width: 100%;\">\n<tbody>\n<tr>\n<td style=\"width: 50%; vertical-align: middle;\"><a href=\"https:\/\/zug-bilder.de\/wp-content\/uploads\/2020\/01\/1000-A-\u00d6BB-61-81-21-90-107-7_150120_SalzburgHbf_IC611.jpg\"><img loading=\"lazy\" decoding=\"async\" class=\"alignnone size-medium wp-image-3401\" src=\"https:\/\/zug-bilder.de\/wp-content\/uploads\/2020\/01\/1000-A-\u00d6BB-61-81-21-90-107-7_150120_SalzburgHbf_IC611-300x205.jpg\" alt=\"\" width=\"300\" height=\"205\" srcset=\"https:\/\/zug-bilder.de\/wp-content\/uploads\/2020\/01\/1000-A-\u00d6BB-61-81-21-90-107-7_150120_SalzburgHbf_IC611-300x205.jpg 300w, https:\/\/zug-bilder.de\/wp-content\/uploads\/2020\/01\/1000-A-\u00d6BB-61-81-21-90-107-7_150120_SalzburgHbf_IC611-768x524.jpg 768w, https:\/\/zug-bilder.de\/wp-content\/uploads\/2020\/01\/1000-A-\u00d6BB-61-81-21-90-107-7_150120_SalzburgHbf_IC611.jpg 1000w\" sizes=\"auto, (max-width: 300px) 100vw, 300px\" \/><\/a><\/td>\n<td style=\"width: 50%; vertical-align: middle;\"><strong>A-\u00d6BB 61 81 21-90 107-7<br \/>\n<\/strong>20.01.2015<br \/>\nSalzburg Hbf<br \/>\n<em>IC 611<\/em><br \/>\n<em>Salzburg Hbf &#8211; Graz Hbf<\/em><strong><br \/>\n<\/strong><\/td>\n<\/tr>\n<tr>\n<td style=\"width: 50%; vertical-align: middle;\"><a href=\"https:\/\/zug-bilder.de\/wp-content\/uploads\/2021\/12\/1000-A-OeBB-61-81-21-90-574-8_210821_Berlin-Tiergarten_NJ457.jpg\"><img loading=\"lazy\" decoding=\"async\" class=\"alignnone size-medium wp-image-4929\" src=\"https:\/\/zug-bilder.de\/wp-content\/uploads\/2021\/12\/1000-A-OeBB-61-81-21-90-574-8_210821_Berlin-Tiergarten_NJ457-300x205.jpg\" alt=\"\" width=\"300\" height=\"205\" srcset=\"https:\/\/zug-bilder.de\/wp-content\/uploads\/2021\/12\/1000-A-OeBB-61-81-21-90-574-8_210821_Berlin-Tiergarten_NJ457-300x205.jpg 300w, https:\/\/zug-bilder.de\/wp-content\/uploads\/2021\/12\/1000-A-OeBB-61-81-21-90-574-8_210821_Berlin-Tiergarten_NJ457-768x524.jpg 768w, https:\/\/zug-bilder.de\/wp-content\/uploads\/2021\/12\/1000-A-OeBB-61-81-21-90-574-8_210821_Berlin-Tiergarten_NJ457.jpg 1000w\" sizes=\"auto, (max-width: 300px) 100vw, 300px\" \/><\/a><\/td>\n<td style=\"width: 50%; vertical-align: middle;\"><strong>A-\u00d6BB 61 81 21-90 574-8<br \/>\n<\/strong>21.08.2021<br \/>\nBerlin-Tiergarten<br \/>\n<em>NJ 457<\/em><br \/>\n<em>Berlin-Charlottenburg &#8211;<\/em><br \/>\n<em>Wien Hbf<\/em><\/td>\n<\/tr>\n<tr>\n<td style=\"width: 50%; vertical-align: middle;\"><a href=\"https:\/\/zug-bilder.de\/wp-content\/uploads\/2019\/11\/1000-A-\u00d6BB-73-81-21-91-120-5_190901_VeneziaSantaLucia_EC1288.jpg\"><img loading=\"lazy\" decoding=\"async\" class=\"alignnone size-medium wp-image-2571\" src=\"https:\/\/zug-bilder.de\/wp-content\/uploads\/2019\/11\/1000-A-\u00d6BB-73-81-21-91-120-5_190901_VeneziaSantaLucia_EC1288-300x205.jpg\" alt=\"\" width=\"300\" height=\"205\" srcset=\"https:\/\/zug-bilder.de\/wp-content\/uploads\/2019\/11\/1000-A-\u00d6BB-73-81-21-91-120-5_190901_VeneziaSantaLucia_EC1288-300x205.jpg 300w, https:\/\/zug-bilder.de\/wp-content\/uploads\/2019\/11\/1000-A-\u00d6BB-73-81-21-91-120-5_190901_VeneziaSantaLucia_EC1288-768x524.jpg 768w, https:\/\/zug-bilder.de\/wp-content\/uploads\/2019\/11\/1000-A-\u00d6BB-73-81-21-91-120-5_190901_VeneziaSantaLucia_EC1288.jpg 1000w\" sizes=\"auto, (max-width: 300px) 100vw, 300px\" \/><\/a><\/td>\n<td style=\"width: 50%; vertical-align: middle;\"><strong>A-\u00d6BB 73 81 21-91 120-5<br \/>\n<\/strong>01.09.2019<br \/>\nVenezia Santa Lucia<br \/>\n<em>EC 1288 &#8222;DB-\u00d6BB-EuroCity&#8220;<\/em><br \/>\n<em>Venezia Santa Lucia &#8211;<br \/>\nM\u00fcnchen Hbf<\/em><em><br \/>\n<\/em><\/td>\n<\/tr>\n<tr>\n<td style=\"width: 50%; vertical-align: middle;\"><a href=\"https:\/\/zug-bilder.de\/wp-content\/uploads\/2019\/12\/1000-A-\u00d6BB-73-81-21-91-124-7_180319_M\u00fcnchenOst_NJ40236NJ40463.jpg\"><img loading=\"lazy\" decoding=\"async\" class=\"alignnone size-medium wp-image-3178\" src=\"https:\/\/zug-bilder.de\/wp-content\/uploads\/2019\/12\/1000-A-\u00d6BB-73-81-21-91-124-7_180319_M\u00fcnchenOst_NJ40236NJ40463-300x205.jpg\" alt=\"\" width=\"300\" height=\"205\" srcset=\"https:\/\/zug-bilder.de\/wp-content\/uploads\/2019\/12\/1000-A-\u00d6BB-73-81-21-91-124-7_180319_M\u00fcnchenOst_NJ40236NJ40463-300x205.jpg 300w, https:\/\/zug-bilder.de\/wp-content\/uploads\/2019\/12\/1000-A-\u00d6BB-73-81-21-91-124-7_180319_M\u00fcnchenOst_NJ40236NJ40463-768x524.jpg 768w, https:\/\/zug-bilder.de\/wp-content\/uploads\/2019\/12\/1000-A-\u00d6BB-73-81-21-91-124-7_180319_M\u00fcnchenOst_NJ40236NJ40463.jpg 1000w\" sizes=\"auto, (max-width: 300px) 100vw, 300px\" \/><\/a><\/td>\n<td style=\"width: 50%; vertical-align: middle;\"><strong>A-\u00d6BB 73 81 21-91 124-7<br \/>\n<\/strong>19.03.2018<br \/>\nM\u00fcnchen Ost<br \/>\n<em>Abstellung von NJ 40236<\/em><br \/>\n<em>Venezia Santa Lucia &#8211;<\/em><br \/>\n<em>M\u00fcnchen Hbf<\/em><br \/>\n<em>Abstellung f\u00fcr NJ 40463<\/em><br \/>\n<em>M\u00fcnchen Hbf &#8211;<\/em><br \/>\n<em>Venezia Santa Lucia<\/em><strong><br \/>\n<\/strong><\/td>\n<\/tr>\n<tr>\n<td style=\"width: 50%; vertical-align: middle;\"><a href=\"https:\/\/zug-bilder.de\/wp-content\/uploads\/2020\/01\/1000-A-\u00d6BB-73-81-21-91-127-0_160819_Bolzano_EC89.jpg\"><img loading=\"lazy\" decoding=\"async\" class=\"alignnone size-medium wp-image-3403\" src=\"https:\/\/zug-bilder.de\/wp-content\/uploads\/2020\/01\/1000-A-\u00d6BB-73-81-21-91-127-0_160819_Bolzano_EC89-300x205.jpg\" alt=\"\" width=\"300\" height=\"205\" srcset=\"https:\/\/zug-bilder.de\/wp-content\/uploads\/2020\/01\/1000-A-\u00d6BB-73-81-21-91-127-0_160819_Bolzano_EC89-300x205.jpg 300w, https:\/\/zug-bilder.de\/wp-content\/uploads\/2020\/01\/1000-A-\u00d6BB-73-81-21-91-127-0_160819_Bolzano_EC89-768x524.jpg 768w, https:\/\/zug-bilder.de\/wp-content\/uploads\/2020\/01\/1000-A-\u00d6BB-73-81-21-91-127-0_160819_Bolzano_EC89.jpg 1000w\" sizes=\"auto, (max-width: 300px) 100vw, 300px\" \/><\/a><\/td>\n<td style=\"width: 50%; vertical-align: middle;\"><strong>A-\u00d6BB 73 81 21-91 127-0<br \/>\n<\/strong>19.08.2016<br \/>\nBolzano (Bozen)<br \/>\n<em>EC 89 &#8222;DB-\u00d6BB-EuroCity&#8220;<\/em><br \/>\n<em>M\u00fcnchen Hbf &#8211;<\/em><br \/>\n<em>Verona Porta Nuova<\/em><strong><br \/>\n<\/strong><\/td>\n<\/tr>\n<tr>\n<td style=\"width: 50%; vertical-align: middle;\"><a href=\"https:\/\/zug-bilder.de\/wp-content\/uploads\/2020\/01\/1000-A-\u00d6BB-73-81-21-91-128-8_160819_Bolzano_EC89.jpg\"><img loading=\"lazy\" decoding=\"async\" class=\"alignnone size-medium wp-image-3405\" src=\"https:\/\/zug-bilder.de\/wp-content\/uploads\/2020\/01\/1000-A-\u00d6BB-73-81-21-91-128-8_160819_Bolzano_EC89-300x205.jpg\" alt=\"\" width=\"300\" height=\"205\" srcset=\"https:\/\/zug-bilder.de\/wp-content\/uploads\/2020\/01\/1000-A-\u00d6BB-73-81-21-91-128-8_160819_Bolzano_EC89-300x205.jpg 300w, https:\/\/zug-bilder.de\/wp-content\/uploads\/2020\/01\/1000-A-\u00d6BB-73-81-21-91-128-8_160819_Bolzano_EC89-768x524.jpg 768w, https:\/\/zug-bilder.de\/wp-content\/uploads\/2020\/01\/1000-A-\u00d6BB-73-81-21-91-128-8_160819_Bolzano_EC89.jpg 1000w\" sizes=\"auto, (max-width: 300px) 100vw, 300px\" \/><\/a><\/td>\n<td style=\"width: 50%; vertical-align: middle;\"><strong>A-\u00d6BB 73 81 21-91 128-8<br \/>\n<\/strong>19.08.2016<br \/>\nBolzano (Bozen)<br \/>\n<em>EC 89 &#8222;DB-\u00d6BB-EuroCity&#8220;<\/em><br \/>\n<em>M\u00fcnchen Hbf &#8211;<\/em><br \/>\n<em>Verona Porta Nuova<\/em><strong><br \/>\n<\/strong><\/td>\n<\/tr>\n<tr>\n<td style=\"width: 50%; vertical-align: middle;\"><a href=\"https:\/\/zug-bilder.de\/wp-content\/uploads\/2019\/10\/1000-A-\u00d6BB-73-81-21-91-131-2_190608_WienHbf_NJ490.jpg\"><img loading=\"lazy\" decoding=\"async\" class=\"alignnone size-medium wp-image-2293\" src=\"https:\/\/zug-bilder.de\/wp-content\/uploads\/2019\/10\/1000-A-\u00d6BB-73-81-21-91-131-2_190608_WienHbf_NJ490-300x205.jpg\" alt=\"\" width=\"300\" height=\"205\" srcset=\"https:\/\/zug-bilder.de\/wp-content\/uploads\/2019\/10\/1000-A-\u00d6BB-73-81-21-91-131-2_190608_WienHbf_NJ490-300x205.jpg 300w, https:\/\/zug-bilder.de\/wp-content\/uploads\/2019\/10\/1000-A-\u00d6BB-73-81-21-91-131-2_190608_WienHbf_NJ490-768x524.jpg 768w, https:\/\/zug-bilder.de\/wp-content\/uploads\/2019\/10\/1000-A-\u00d6BB-73-81-21-91-131-2_190608_WienHbf_NJ490.jpg 1000w\" sizes=\"auto, (max-width: 300px) 100vw, 300px\" \/><\/a><\/td>\n<td style=\"width: 50%; vertical-align: middle;\"><strong>A-\u00d6BB 73 81 21-91 131-2<\/strong><br \/>\n08.06.2019<br \/>\nWien Hbf<br \/>\n<em>NJ 490<\/em><br \/>\n<em>Wien Hbf (Autoreisezuganlage) &#8211;<\/em><br \/>\n<em>Hamburg Altona<\/em><\/td>\n<\/tr>\n<tr>\n<td style=\"width: 50%; vertical-align: middle;\"><a href=\"https:\/\/zug-bilder.de\/wp-content\/uploads\/2019\/10\/1000-A-\u00d6BB-73-81-21-91-175-9_190824_M\u00fcnchenHbf_NJ420.jpg\"><img loading=\"lazy\" decoding=\"async\" class=\"alignnone size-medium wp-image-2414\" src=\"https:\/\/zug-bilder.de\/wp-content\/uploads\/2019\/10\/1000-A-\u00d6BB-73-81-21-91-175-9_190824_M\u00fcnchenHbf_NJ420-300x205.jpg\" alt=\"\" width=\"300\" height=\"205\" srcset=\"https:\/\/zug-bilder.de\/wp-content\/uploads\/2019\/10\/1000-A-\u00d6BB-73-81-21-91-175-9_190824_M\u00fcnchenHbf_NJ420-300x205.jpg 300w, https:\/\/zug-bilder.de\/wp-content\/uploads\/2019\/10\/1000-A-\u00d6BB-73-81-21-91-175-9_190824_M\u00fcnchenHbf_NJ420-768x524.jpg 768w, https:\/\/zug-bilder.de\/wp-content\/uploads\/2019\/10\/1000-A-\u00d6BB-73-81-21-91-175-9_190824_M\u00fcnchenHbf_NJ420.jpg 1000w\" sizes=\"auto, (max-width: 300px) 100vw, 300px\" \/><\/a><\/td>\n<td style=\"width: 50%; vertical-align: middle;\"><strong>A-\u00d6BB 73 81 21-91 175-9<br \/>\n<\/strong>24.08.2019<br \/>\nM\u00fcnchen Hbf<br \/>\n<em>NJ 420<\/em><br \/>\n<em>Innsbruck Hbf &#8211; D\u00fcsseldorf Hbf<\/em><strong><br \/>\n<\/strong><\/td>\n<\/tr>\n<tr>\n<td style=\"width: 50%; vertical-align: middle;\"><a href=\"https:\/\/zug-bilder.de\/wp-content\/uploads\/2024\/01\/1000-A-OeBB-73-81-29-91-516-6_230930_MuenchenHbf_EC287.jpg\"><img loading=\"lazy\" decoding=\"async\" class=\"alignnone size-medium wp-image-5967\" src=\"https:\/\/zug-bilder.de\/wp-content\/uploads\/2024\/01\/1000-A-OeBB-73-81-29-91-516-6_230930_MuenchenHbf_EC287-300x205.jpg\" alt=\"\" width=\"300\" height=\"205\" srcset=\"https:\/\/zug-bilder.de\/wp-content\/uploads\/2024\/01\/1000-A-OeBB-73-81-29-91-516-6_230930_MuenchenHbf_EC287-300x205.jpg 300w, https:\/\/zug-bilder.de\/wp-content\/uploads\/2024\/01\/1000-A-OeBB-73-81-29-91-516-6_230930_MuenchenHbf_EC287-768x524.jpg 768w, https:\/\/zug-bilder.de\/wp-content\/uploads\/2024\/01\/1000-A-OeBB-73-81-29-91-516-6_230930_MuenchenHbf_EC287.jpg 1000w\" sizes=\"auto, (max-width: 300px) 100vw, 300px\" \/><\/a><\/td>\n<td style=\"width: 50%; vertical-align: middle;\"><strong>A-\u00d6BB 73 81 29-91 516-6<br \/>\n<\/strong>30.09.2023<br \/>\nM\u00fcnchen Hbf<br \/>\n<em>EC 287 &#8222;DB-\u00d6BB-EuroCity&#8220;<\/em><br \/>\n<em>M\u00fcnchen Hbf &#8211; <\/em><em>Innsbruck Hbf<\/em><\/td>\n<\/tr>\n<\/tbody>\n<\/table>\n","protected":false},"excerpt":{"rendered":"<p>A-\u00d6BB 61 81 21-90 107-7 20.01.2015 Salzburg Hbf IC 611 Salzburg Hbf &#8211; Graz Hbf A-\u00d6BB 61 81 21-90 574-8 21.08.2021 Berlin-Tiergarten NJ 457 Berlin-Charlottenburg &#8211; Wien Hbf A-\u00d6BB 73 81 21-91 120-5 01.09.2019 Venezia Santa Lucia EC 1288 &#8222;DB-\u00d6BB-EuroCity&#8220; Venezia Santa Lucia &#8211; M\u00fcnchen Hbf A-\u00d6BB 73 81 21-91 124-7 19.03.2018 M\u00fcnchen Ost Abstellung &hellip; <a href=\"https:\/\/zug-bilder.de\/?page_id=2292\" class=\"more-link\"><span class=\"screen-reader-text\">A &#8211; Bmz<\/span> weiterlesen<\/a><\/p>\n","protected":false},"author":1,"featured_media":0,"parent":0,"menu_order":0,"comment_status":"closed","ping_status":"closed","template":"","meta":{"footnotes":""},"class_list":["post-2292","page","type-page","status-publish","hentry"],"_links":{"self":[{"href":"https:\/\/zug-bilder.de\/index.php?rest_route=\/wp\/v2\/pages\/2292","targetHints":{"allow":["GET"]}}],"collection":[{"href":"https:\/\/zug-bilder.de\/index.php?rest_route=\/wp\/v2\/pages"}],"about":[{"href":"https:\/\/zug-bilder.de\/index.php?rest_route=\/wp\/v2\/types\/page"}],"author":[{"embeddable":true,"href":"https:\/\/zug-bilder.de\/index.php?rest_route=\/wp\/v2\/users\/1"}],"replies":[{"embeddable":true,"href":"https:\/\/zug-bilder.de\/index.php?rest_route=%2Fwp%2Fv2%2Fcomments&post=2292"}],"version-history":[{"count":11,"href":"https:\/\/zug-bilder.de\/index.php?rest_route=\/wp\/v2\/pages\/2292\/revisions"}],"predecessor-version":[{"id":5968,"href":"https:\/\/zug-bilder.de\/index.php?rest_route=\/wp\/v2\/pages\/2292\/revisions\/5968"}],"wp:attachment":[{"href":"https:\/\/zug-bilder.de\/index.php?rest_route=%2Fwp%2Fv2%2Fmedia&parent=2292"}],"curies":[{"name":"wp","href":"https:\/\/api.w.org\/{rel}","templated":true}]}}