{"id":2301,"date":"2019-10-21T18:11:49","date_gmt":"2019-10-21T18:11:49","guid":{"rendered":"https:\/\/zug-bilder.de\/?page_id=2301"},"modified":"2019-12-30T20:30:54","modified_gmt":"2019-12-30T20:30:54","slug":"a-bcmz","status":"publish","type":"page","link":"https:\/\/zug-bilder.de\/?page_id=2301","title":{"rendered":"A &#8211; Bcmz"},"content":{"rendered":"<table style=\"border-collapse: collapse; width: 100%;\">\n<tbody>\n<tr>\n<td style=\"width: 50%; vertical-align: middle;\"><a href=\"https:\/\/zug-bilder.de\/wp-content\/uploads\/2019\/10\/1000-A-\u00d6BB-61-81-59-90-012-4_190608_WienHbf_NJ490.jpg\"><img loading=\"lazy\" decoding=\"async\" class=\"alignnone size-medium wp-image-2302\" src=\"https:\/\/zug-bilder.de\/wp-content\/uploads\/2019\/10\/1000-A-\u00d6BB-61-81-59-90-012-4_190608_WienHbf_NJ490-300x205.jpg\" alt=\"\" width=\"300\" height=\"205\" srcset=\"https:\/\/zug-bilder.de\/wp-content\/uploads\/2019\/10\/1000-A-\u00d6BB-61-81-59-90-012-4_190608_WienHbf_NJ490-300x205.jpg 300w, https:\/\/zug-bilder.de\/wp-content\/uploads\/2019\/10\/1000-A-\u00d6BB-61-81-59-90-012-4_190608_WienHbf_NJ490-768x524.jpg 768w, https:\/\/zug-bilder.de\/wp-content\/uploads\/2019\/10\/1000-A-\u00d6BB-61-81-59-90-012-4_190608_WienHbf_NJ490.jpg 1000w\" sizes=\"auto, (max-width: 300px) 100vw, 300px\" \/><\/a><\/td>\n<td style=\"width: 50%; vertical-align: middle;\"><strong>A-\u00d6BB 61 81 59-90 012-4<\/strong><br \/>\n08.06.2019<br \/>\nWien Hbf<br \/>\n<em>NJ 490<\/em><br \/>\n<em>Wien Hbf (Autoreisezuganlage) &#8211;<\/em><br \/>\n<em>Hamburg Altona<\/em><\/td>\n<\/tr>\n<tr>\n<td style=\"width: 50%; vertical-align: middle;\"><a href=\"https:\/\/zug-bilder.de\/wp-content\/uploads\/2019\/11\/1000-A-\u00d6BB-61-81-59-90-021-5_190608_WienHbf_NJ490.jpg\"><img loading=\"lazy\" decoding=\"async\" class=\"alignnone size-medium wp-image-2628\" src=\"https:\/\/zug-bilder.de\/wp-content\/uploads\/2019\/11\/1000-A-\u00d6BB-61-81-59-90-021-5_190608_WienHbf_NJ490-300x205.jpg\" alt=\"\" width=\"300\" height=\"205\" srcset=\"https:\/\/zug-bilder.de\/wp-content\/uploads\/2019\/11\/1000-A-\u00d6BB-61-81-59-90-021-5_190608_WienHbf_NJ490-300x205.jpg 300w, https:\/\/zug-bilder.de\/wp-content\/uploads\/2019\/11\/1000-A-\u00d6BB-61-81-59-90-021-5_190608_WienHbf_NJ490-768x524.jpg 768w, https:\/\/zug-bilder.de\/wp-content\/uploads\/2019\/11\/1000-A-\u00d6BB-61-81-59-90-021-5_190608_WienHbf_NJ490.jpg 1000w\" sizes=\"auto, (max-width: 300px) 100vw, 300px\" \/><\/a><\/td>\n<td style=\"width: 50%; vertical-align: middle;\"><strong>A-\u00d6BB 61 81 59-90 021-5<br \/>\n<\/strong>08.06.2019<br \/>\nWien Hbf<br \/>\n<em>NJ 490<\/em><br \/>\n<em>Wien Hbf (Autoreisezuganlage) &#8211;<\/em><br \/>\n<em>Hamburg Altona<\/em><\/td>\n<\/tr>\n<tr>\n<td style=\"width: 50%; vertical-align: middle;\"><a href=\"https:\/\/zug-bilder.de\/wp-content\/uploads\/2019\/12\/1000-A-\u00d6BB-61-81-59-90-027-2_190608_WienHbf_NJ40490.jpg\"><img loading=\"lazy\" decoding=\"async\" class=\"alignnone size-medium wp-image-3106\" src=\"https:\/\/zug-bilder.de\/wp-content\/uploads\/2019\/12\/1000-A-\u00d6BB-61-81-59-90-027-2_190608_WienHbf_NJ40490-300x205.jpg\" alt=\"\" width=\"300\" height=\"205\" srcset=\"https:\/\/zug-bilder.de\/wp-content\/uploads\/2019\/12\/1000-A-\u00d6BB-61-81-59-90-027-2_190608_WienHbf_NJ40490-300x205.jpg 300w, https:\/\/zug-bilder.de\/wp-content\/uploads\/2019\/12\/1000-A-\u00d6BB-61-81-59-90-027-2_190608_WienHbf_NJ40490-768x524.jpg 768w, https:\/\/zug-bilder.de\/wp-content\/uploads\/2019\/12\/1000-A-\u00d6BB-61-81-59-90-027-2_190608_WienHbf_NJ40490.jpg 1000w\" sizes=\"auto, (max-width: 300px) 100vw, 300px\" \/><\/a><\/td>\n<td style=\"width: 50%; vertical-align: middle;\"><strong>A-\u00d6BB 61 81 59-90 027-2<br \/>\n<\/strong>08.06.2019<br \/>\nWien Hbf<br \/>\n<em>NJ 40490<\/em><br \/>\n<em>Wien Hbf (Autoreisezuganlage) &#8211;<\/em><br \/>\n<em>D\u00fcsseldorf Hbf<\/em><strong><br \/>\n<\/strong><\/td>\n<\/tr>\n<tr>\n<td style=\"width: 50%; vertical-align: middle;\"><a href=\"https:\/\/zug-bilder.de\/wp-content\/uploads\/2019\/12\/1000-A-\u00d6BB-73-81-59-91-103-6_170306_M\u00fcnchenOst.jpg\"><img loading=\"lazy\" decoding=\"async\" class=\"alignnone size-medium wp-image-3229\" src=\"https:\/\/zug-bilder.de\/wp-content\/uploads\/2019\/12\/1000-A-\u00d6BB-73-81-59-91-103-6_170306_M\u00fcnchenOst-300x205.jpg\" alt=\"\" width=\"300\" height=\"205\" srcset=\"https:\/\/zug-bilder.de\/wp-content\/uploads\/2019\/12\/1000-A-\u00d6BB-73-81-59-91-103-6_170306_M\u00fcnchenOst-300x205.jpg 300w, https:\/\/zug-bilder.de\/wp-content\/uploads\/2019\/12\/1000-A-\u00d6BB-73-81-59-91-103-6_170306_M\u00fcnchenOst-768x524.jpg 768w, https:\/\/zug-bilder.de\/wp-content\/uploads\/2019\/12\/1000-A-\u00d6BB-73-81-59-91-103-6_170306_M\u00fcnchenOst.jpg 1000w\" sizes=\"auto, (max-width: 300px) 100vw, 300px\" \/><\/a><\/td>\n<td style=\"width: 50%; vertical-align: middle;\"><strong>A-\u00d6BB 73 81 59-91 103-6<br \/>\n<\/strong>06.03.2017<br \/>\nM\u00fcnchen Ost<br \/>\n<em>Abstellung aus EN 40236<\/em><br \/>\n<em>Venezia Santa Lucia &#8211;<\/em><br \/>\n<em>M\u00fcnchen Hbf<\/em><br \/>\n<em>Abstellung f\u00fcr EN 40463<\/em><br \/>\n<em>M\u00fcnchen Hbf &#8211;<\/em><br \/>\n<em>Venezia Santa Lucia<\/em><strong><br \/>\n<\/strong><\/td>\n<\/tr>\n<tr>\n<td style=\"width: 50%; vertical-align: middle;\"><a href=\"https:\/\/zug-bilder.de\/wp-content\/uploads\/2019\/11\/1000-A-\u00d6BB-73-81-59-91-212-5_190608_WienHbf_NJ40490.jpg\"><img loading=\"lazy\" decoding=\"async\" class=\"alignnone size-medium wp-image-2643\" src=\"https:\/\/zug-bilder.de\/wp-content\/uploads\/2019\/11\/1000-A-\u00d6BB-73-81-59-91-212-5_190608_WienHbf_NJ40490-300x205.jpg\" alt=\"\" width=\"300\" height=\"205\" srcset=\"https:\/\/zug-bilder.de\/wp-content\/uploads\/2019\/11\/1000-A-\u00d6BB-73-81-59-91-212-5_190608_WienHbf_NJ40490-300x205.jpg 300w, https:\/\/zug-bilder.de\/wp-content\/uploads\/2019\/11\/1000-A-\u00d6BB-73-81-59-91-212-5_190608_WienHbf_NJ40490-768x524.jpg 768w, https:\/\/zug-bilder.de\/wp-content\/uploads\/2019\/11\/1000-A-\u00d6BB-73-81-59-91-212-5_190608_WienHbf_NJ40490.jpg 1000w\" sizes=\"auto, (max-width: 300px) 100vw, 300px\" \/><\/a><\/td>\n<td style=\"width: 50%; vertical-align: middle;\"><strong>A-\u00d6BB 73 81 59-91 212-5<br \/>\n<\/strong>08.06.2019<br \/>\nWien Hbf<br \/>\n<em>NJ 40490<\/em><br \/>\n<em>Wien Hbf (Autoreisezuganlage) &#8211;<\/em><br \/>\n<em>D\u00fcsseldorf Hbf<\/em><strong><br \/>\n<\/strong><\/td>\n<\/tr>\n<\/tbody>\n<\/table>\n","protected":false},"excerpt":{"rendered":"<p>A-\u00d6BB 61 81 59-90 012-4 08.06.2019 Wien Hbf NJ 490 Wien Hbf (Autoreisezuganlage) &#8211; Hamburg Altona A-\u00d6BB 61 81 59-90 021-5 08.06.2019 Wien Hbf NJ 490 Wien Hbf (Autoreisezuganlage) &#8211; Hamburg Altona A-\u00d6BB 61 81 59-90 027-2 08.06.2019 Wien Hbf NJ 40490 Wien Hbf (Autoreisezuganlage) &#8211; D\u00fcsseldorf Hbf A-\u00d6BB 73 81 59-91 103-6 06.03.2017 M\u00fcnchen &hellip; <a href=\"https:\/\/zug-bilder.de\/?page_id=2301\" class=\"more-link\"><span class=\"screen-reader-text\">A &#8211; Bcmz<\/span> weiterlesen<\/a><\/p>\n","protected":false},"author":1,"featured_media":0,"parent":0,"menu_order":0,"comment_status":"closed","ping_status":"closed","template":"","meta":{"footnotes":""},"class_list":["post-2301","page","type-page","status-publish","hentry"],"_links":{"self":[{"href":"https:\/\/zug-bilder.de\/index.php?rest_route=\/wp\/v2\/pages\/2301","targetHints":{"allow":["GET"]}}],"collection":[{"href":"https:\/\/zug-bilder.de\/index.php?rest_route=\/wp\/v2\/pages"}],"about":[{"href":"https:\/\/zug-bilder.de\/index.php?rest_route=\/wp\/v2\/types\/page"}],"author":[{"embeddable":true,"href":"https:\/\/zug-bilder.de\/index.php?rest_route=\/wp\/v2\/users\/1"}],"replies":[{"embeddable":true,"href":"https:\/\/zug-bilder.de\/index.php?rest_route=%2Fwp%2Fv2%2Fcomments&post=2301"}],"version-history":[{"count":6,"href":"https:\/\/zug-bilder.de\/index.php?rest_route=\/wp\/v2\/pages\/2301\/revisions"}],"predecessor-version":[{"id":3230,"href":"https:\/\/zug-bilder.de\/index.php?rest_route=\/wp\/v2\/pages\/2301\/revisions\/3230"}],"wp:attachment":[{"href":"https:\/\/zug-bilder.de\/index.php?rest_route=%2Fwp%2Fv2%2Fmedia&parent=2301"}],"curies":[{"name":"wp","href":"https:\/\/api.w.org\/{rel}","templated":true}]}}