{"id":231,"date":"2018-05-21T11:52:58","date_gmt":"2018-05-21T11:52:58","guid":{"rendered":"https:\/\/zug-bilder.de\/?page_id=231"},"modified":"2022-11-06T16:15:51","modified_gmt":"2022-11-06T16:15:51","slug":"oesterreich","status":"publish","type":"page","link":"https:\/\/zug-bilder.de\/?page_id=231","title":{"rendered":"\u00d6sterreich"},"content":{"rendered":"<table>\n<tbody>\n<tr>\n<td style=\"vertical-align: middle;\"><a href=\"https:\/\/zug-bilder.de\/?page_id=4096\"><img loading=\"lazy\" decoding=\"async\" class=\"alignnone wp-image-4094\" src=\"https:\/\/zug-bilder.de\/wp-content\/uploads\/2020\/07\/93_81_0001-300x200.jpg\" alt=\"\" width=\"200\" height=\"133\" srcset=\"https:\/\/zug-bilder.de\/wp-content\/uploads\/2020\/07\/93_81_0001-300x200.jpg 300w, https:\/\/zug-bilder.de\/wp-content\/uploads\/2020\/07\/93_81_0001-768x512.jpg 768w, https:\/\/zug-bilder.de\/wp-content\/uploads\/2020\/07\/93_81_0001.jpg 1000w\" sizes=\"auto, (max-width: 200px) 100vw, 200px\" \/><\/a><\/td>\n<td style=\"vertical-align: middle;\"><strong>90 81 0001<br \/>\n<\/strong><em>(93 81 0001)<\/em><strong><br \/>\n<\/strong><\/td>\n<\/tr>\n<tr>\n<td style=\"vertical-align: middle;\"><a href=\"https:\/\/zug-bilder.de\/?page_id=2650\"><img loading=\"lazy\" decoding=\"async\" class=\"alignnone wp-image-2647\" src=\"https:\/\/zug-bilder.de\/wp-content\/uploads\/2019\/11\/93_81_0638-300x200.jpg\" alt=\"\" width=\"200\" height=\"133\" srcset=\"https:\/\/zug-bilder.de\/wp-content\/uploads\/2019\/11\/93_81_0638-300x200.jpg 300w, https:\/\/zug-bilder.de\/wp-content\/uploads\/2019\/11\/93_81_0638-768x512.jpg 768w, https:\/\/zug-bilder.de\/wp-content\/uploads\/2019\/11\/93_81_0638.jpg 1000w\" sizes=\"auto, (max-width: 200px) 100vw, 200px\" \/><\/a><\/td>\n<td style=\"vertical-align: middle;\"><strong>90 81 0638<br \/>\n<\/strong><em>(93 81 0638)<\/em><strong><br \/>\n<\/strong><\/td>\n<\/tr>\n<tr>\n<td style=\"vertical-align: middle;\"><a href=\"https:\/\/zug-bilder.de\/?page_id=5361\"><img loading=\"lazy\" decoding=\"async\" class=\"alignnone wp-image-5358\" src=\"https:\/\/zug-bilder.de\/wp-content\/uploads\/2022\/11\/91_81_0185-300x200.jpg\" alt=\"\" width=\"200\" height=\"133\" srcset=\"https:\/\/zug-bilder.de\/wp-content\/uploads\/2022\/11\/91_81_0185-300x200.jpg 300w, https:\/\/zug-bilder.de\/wp-content\/uploads\/2022\/11\/91_81_0185-768x511.jpg 768w, https:\/\/zug-bilder.de\/wp-content\/uploads\/2022\/11\/91_81_0185.jpg 1000w\" sizes=\"auto, (max-width: 200px) 100vw, 200px\" \/><\/a><\/td>\n<td style=\"vertical-align: middle;\"><strong>91 81 0185<\/strong><\/td>\n<\/tr>\n<tr>\n<td style=\"vertical-align: middle;\"><a href=\"https:\/\/zug-bilder.de\/?page_id=545\"><img loading=\"lazy\" decoding=\"async\" class=\"alignnone wp-image-543\" src=\"https:\/\/zug-bilder.de\/wp-content\/uploads\/2018\/07\/91_81_1016-300x200.jpg\" alt=\"\" width=\"199\" height=\"133\" srcset=\"https:\/\/zug-bilder.de\/wp-content\/uploads\/2018\/07\/91_81_1016-300x200.jpg 300w, https:\/\/zug-bilder.de\/wp-content\/uploads\/2018\/07\/91_81_1016-768x512.jpg 768w, https:\/\/zug-bilder.de\/wp-content\/uploads\/2018\/07\/91_81_1016.jpg 1000w\" sizes=\"auto, (max-width: 199px) 100vw, 199px\" \/><\/a><\/td>\n<td style=\"vertical-align: middle;\"><strong>91 81 1016<br \/>\n<\/strong>\u00d6BB-Baureihe 1016<\/td>\n<\/tr>\n<tr>\n<td style=\"vertical-align: middle;\"><a href=\"https:\/\/zug-bilder.de\/?page_id=235\"><img loading=\"lazy\" decoding=\"async\" class=\"alignnone wp-image-232\" src=\"https:\/\/zug-bilder.de\/wp-content\/uploads\/2018\/05\/91_81_1116-300x200.jpg\" alt=\"\" width=\"199\" height=\"133\" srcset=\"https:\/\/zug-bilder.de\/wp-content\/uploads\/2018\/05\/91_81_1116-300x200.jpg 300w, https:\/\/zug-bilder.de\/wp-content\/uploads\/2018\/05\/91_81_1116-768x512.jpg 768w, https:\/\/zug-bilder.de\/wp-content\/uploads\/2018\/05\/91_81_1116.jpg 1000w\" sizes=\"auto, (max-width: 199px) 100vw, 199px\" \/><\/a><\/td>\n<td style=\"vertical-align: middle;\"><strong>91 81 1116<br \/>\n<\/strong>\u00d6BB-Baureihe 1116<\/td>\n<\/tr>\n<tr>\n<td style=\"vertical-align: middle;\"><a href=\"https:\/\/zug-bilder.de\/?page_id=3694\"><img loading=\"lazy\" decoding=\"async\" class=\"alignnone wp-image-3692\" src=\"https:\/\/zug-bilder.de\/wp-content\/uploads\/2020\/03\/91_81_1142-300x200.jpg\" alt=\"\" width=\"200\" height=\"133\" srcset=\"https:\/\/zug-bilder.de\/wp-content\/uploads\/2020\/03\/91_81_1142-300x200.jpg 300w, https:\/\/zug-bilder.de\/wp-content\/uploads\/2020\/03\/91_81_1142-768x512.jpg 768w, https:\/\/zug-bilder.de\/wp-content\/uploads\/2020\/03\/91_81_1142.jpg 1000w\" sizes=\"auto, (max-width: 200px) 100vw, 200px\" \/><\/a><\/td>\n<td style=\"vertical-align: middle;\"><strong>91 81 1142<br \/>\n<\/strong>\u00d6BB-Baureihe 1142<strong><br \/>\n<\/strong><\/td>\n<\/tr>\n<tr>\n<td style=\"vertical-align: middle;\"><a href=\"https:\/\/zug-bilder.de\/?page_id=3860\"><img loading=\"lazy\" decoding=\"async\" class=\"alignnone wp-image-3858\" src=\"https:\/\/zug-bilder.de\/wp-content\/uploads\/2020\/05\/91_81_1144-300x200.jpg\" alt=\"\" width=\"200\" height=\"133\" srcset=\"https:\/\/zug-bilder.de\/wp-content\/uploads\/2020\/05\/91_81_1144-300x200.jpg 300w, https:\/\/zug-bilder.de\/wp-content\/uploads\/2020\/05\/91_81_1144-768x512.jpg 768w, https:\/\/zug-bilder.de\/wp-content\/uploads\/2020\/05\/91_81_1144.jpg 1000w\" sizes=\"auto, (max-width: 200px) 100vw, 200px\" \/><\/a><\/td>\n<td style=\"vertical-align: middle;\"><strong>91 81 1144<br \/>\n<\/strong>\u00d6BB-Baureihe 1144<strong><br \/>\n<\/strong><\/td>\n<\/tr>\n<tr>\n<td style=\"vertical-align: middle;\"><a href=\"https:\/\/zug-bilder.de\/?page_id=1105\"><img loading=\"lazy\" decoding=\"async\" class=\"alignnone wp-image-1103\" src=\"https:\/\/zug-bilder.de\/wp-content\/uploads\/2018\/11\/91_81_1216-300x200.jpg\" alt=\"\" width=\"200\" height=\"133\" srcset=\"https:\/\/zug-bilder.de\/wp-content\/uploads\/2018\/11\/91_81_1216-300x200.jpg 300w, https:\/\/zug-bilder.de\/wp-content\/uploads\/2018\/11\/91_81_1216-768x512.jpg 768w, https:\/\/zug-bilder.de\/wp-content\/uploads\/2018\/11\/91_81_1216-1024x683.jpg 1024w, https:\/\/zug-bilder.de\/wp-content\/uploads\/2018\/11\/91_81_1216.jpg 1350w\" sizes=\"auto, (max-width: 200px) 100vw, 200px\" \/><\/a><\/td>\n<td style=\"vertical-align: middle;\"><strong>91 81 1216<br \/>\n<\/strong>\u00d6BB-Baureihe 1216<\/td>\n<\/tr>\n<tr>\n<td style=\"vertical-align: middle;\"><a href=\"https:\/\/zug-bilder.de\/?page_id=4854\"><img loading=\"lazy\" decoding=\"async\" class=\"alignnone wp-image-4618\" src=\"https:\/\/zug-bilder.de\/wp-content\/uploads\/2021\/06\/91_81_1293-300x200.jpg\" alt=\"\" width=\"200\" height=\"133\" srcset=\"https:\/\/zug-bilder.de\/wp-content\/uploads\/2021\/06\/91_81_1293-300x200.jpg 300w, https:\/\/zug-bilder.de\/wp-content\/uploads\/2021\/06\/91_81_1293-768x512.jpg 768w, https:\/\/zug-bilder.de\/wp-content\/uploads\/2021\/06\/91_81_1293.jpg 1000w\" sizes=\"auto, (max-width: 200px) 100vw, 200px\" \/><\/a><\/td>\n<td style=\"vertical-align: middle;\"><strong>91 81 1293<br \/>\n<\/strong>\u00d6BB-Baureihe 1293<\/td>\n<\/tr>\n<tr>\n<td style=\"vertical-align: middle;\"><a href=\"https:\/\/zug-bilder.de\/?page_id=812\"><img loading=\"lazy\" decoding=\"async\" class=\"alignnone wp-image-815\" src=\"https:\/\/zug-bilder.de\/wp-content\/uploads\/2018\/10\/92_81_2016-300x200.jpg\" alt=\"\" width=\"200\" height=\"133\" srcset=\"https:\/\/zug-bilder.de\/wp-content\/uploads\/2018\/10\/92_81_2016-300x200.jpg 300w, https:\/\/zug-bilder.de\/wp-content\/uploads\/2018\/10\/92_81_2016-768x512.jpg 768w, https:\/\/zug-bilder.de\/wp-content\/uploads\/2018\/10\/92_81_2016.jpg 1000w\" sizes=\"auto, (max-width: 200px) 100vw, 200px\" \/><\/a><\/td>\n<td style=\"vertical-align: middle;\"><strong>92 81 2016<br \/>\n<\/strong>\u00d6BB-Baureihe 2016<\/td>\n<\/tr>\n<tr>\n<td style=\"vertical-align: middle;\"><a href=\"https:\/\/zug-bilder.de\/?page_id=5341\"><img loading=\"lazy\" decoding=\"async\" class=\"alignnone wp-image-5339\" src=\"https:\/\/zug-bilder.de\/wp-content\/uploads\/2022\/11\/92_81_2070-300x200.jpg\" alt=\"\" width=\"200\" height=\"133\" srcset=\"https:\/\/zug-bilder.de\/wp-content\/uploads\/2022\/11\/92_81_2070-300x200.jpg 300w, https:\/\/zug-bilder.de\/wp-content\/uploads\/2022\/11\/92_81_2070-768x511.jpg 768w, https:\/\/zug-bilder.de\/wp-content\/uploads\/2022\/11\/92_81_2070.jpg 1000w\" sizes=\"auto, (max-width: 200px) 100vw, 200px\" \/><\/a><\/td>\n<td style=\"vertical-align: middle;\"><strong>92 81 2070<br \/>\n<\/strong>\u00d6BB-Baureihe 2070<\/td>\n<\/tr>\n<tr>\n<td style=\"vertical-align: middle;\"><a href=\"https:\/\/zug-bilder.de\/?page_id=1781\"><img loading=\"lazy\" decoding=\"async\" class=\"alignnone wp-image-1777\" src=\"https:\/\/zug-bilder.de\/wp-content\/uploads\/2019\/06\/4020-300x200.jpg\" alt=\"\" width=\"200\" height=\"133\" srcset=\"https:\/\/zug-bilder.de\/wp-content\/uploads\/2019\/06\/4020-300x200.jpg 300w, https:\/\/zug-bilder.de\/wp-content\/uploads\/2019\/06\/4020-768x512.jpg 768w, https:\/\/zug-bilder.de\/wp-content\/uploads\/2019\/06\/4020.jpg 1000w\" sizes=\"auto, (max-width: 200px) 100vw, 200px\" \/><\/a><\/td>\n<td style=\"vertical-align: middle;\"><strong>\u00d6BB-Baureihe 4020<br \/>\n\u00d6BB-Baureihe 7020<br \/>\n\u00d6BB-Baureihe 6020<\/strong><\/td>\n<\/tr>\n<tr>\n<td style=\"vertical-align: middle;\"><a href=\"https:\/\/zug-bilder.de\/?page_id=3616\"><img loading=\"lazy\" decoding=\"async\" class=\"alignnone wp-image-3614\" src=\"https:\/\/zug-bilder.de\/wp-content\/uploads\/2020\/02\/93_81_4024-300x200.jpg\" alt=\"\" width=\"200\" height=\"133\" srcset=\"https:\/\/zug-bilder.de\/wp-content\/uploads\/2020\/02\/93_81_4024-300x200.jpg 300w, https:\/\/zug-bilder.de\/wp-content\/uploads\/2020\/02\/93_81_4024-768x512.jpg 768w, https:\/\/zug-bilder.de\/wp-content\/uploads\/2020\/02\/93_81_4024.jpg 1000w\" sizes=\"auto, (max-width: 200px) 100vw, 200px\" \/><\/a><\/td>\n<td style=\"vertical-align: middle;\"><strong>94 81 4024<\/strong><br \/>\n\u00d6BB-Baureihe 4024<strong><br \/>\n<\/strong><\/td>\n<\/tr>\n<tr>\n<td style=\"vertical-align: middle;\"><a href=\"https:\/\/zug-bilder.de\/?page_id=1833\"><img loading=\"lazy\" decoding=\"async\" class=\"alignnone wp-image-1831\" src=\"https:\/\/zug-bilder.de\/wp-content\/uploads\/2019\/06\/94_81_4124-300x200.jpg\" alt=\"\" width=\"200\" height=\"133\" srcset=\"https:\/\/zug-bilder.de\/wp-content\/uploads\/2019\/06\/94_81_4124-300x200.jpg 300w, https:\/\/zug-bilder.de\/wp-content\/uploads\/2019\/06\/94_81_4124-768x512.jpg 768w, https:\/\/zug-bilder.de\/wp-content\/uploads\/2019\/06\/94_81_4124.jpg 1000w\" sizes=\"auto, (max-width: 200px) 100vw, 200px\" \/><\/a><\/td>\n<td style=\"vertical-align: middle;\"><strong>94 81 4124<br \/>\n<\/strong>\u00d6BB-Baureihe 4124<strong><br \/>\n<\/strong><\/td>\n<\/tr>\n<tr>\n<td style=\"vertical-align: middle;\"><a href=\"https:\/\/zug-bilder.de\/?page_id=462\"><img loading=\"lazy\" decoding=\"async\" class=\"alignnone wp-image-459\" src=\"https:\/\/zug-bilder.de\/wp-content\/uploads\/2018\/06\/94_81_4744-300x200.jpg\" alt=\"\" width=\"199\" height=\"133\" srcset=\"https:\/\/zug-bilder.de\/wp-content\/uploads\/2018\/06\/94_81_4744-300x200.jpg 300w, https:\/\/zug-bilder.de\/wp-content\/uploads\/2018\/06\/94_81_4744-768x512.jpg 768w, https:\/\/zug-bilder.de\/wp-content\/uploads\/2018\/06\/94_81_4744.jpg 1000w\" sizes=\"auto, (max-width: 199px) 100vw, 199px\" \/><\/a><\/td>\n<td style=\"vertical-align: middle;\"><strong>94 81 4744<br \/>\n<\/strong>\u00d6BB-Baureihe 4744<br \/>\n<strong>94 81 7044<\/strong><br \/>\n\u00d6BB-Baureihe 7044<\/td>\n<\/tr>\n<tr>\n<td style=\"vertical-align: middle;\"><a href=\"https:\/\/zug-bilder.de\/?page_id=4873\"><img loading=\"lazy\" decoding=\"async\" class=\"alignnone wp-image-4871\" src=\"https:\/\/zug-bilder.de\/wp-content\/uploads\/2021\/11\/94_81_4746-300x200.jpg\" alt=\"\" width=\"200\" height=\"133\" srcset=\"https:\/\/zug-bilder.de\/wp-content\/uploads\/2021\/11\/94_81_4746-300x200.jpg 300w, https:\/\/zug-bilder.de\/wp-content\/uploads\/2021\/11\/94_81_4746-768x512.jpg 768w, https:\/\/zug-bilder.de\/wp-content\/uploads\/2021\/11\/94_81_4746.jpg 1000w\" sizes=\"auto, (max-width: 200px) 100vw, 200px\" \/><\/a><\/td>\n<td style=\"vertical-align: middle;\"><strong>94 81 4746<br \/>\n<\/strong>\u00d6BB-Baureihe 4746<strong><br \/>\n94 81 7046<br \/>\n<\/strong>\u00d6BB-Baureihe 7046<\/td>\n<\/tr>\n<tr>\n<td style=\"vertical-align: middle;\"><a href=\"https:\/\/zug-bilder.de\/?page_id=4566\"><img loading=\"lazy\" decoding=\"async\" class=\"alignnone wp-image-4564\" src=\"https:\/\/zug-bilder.de\/wp-content\/uploads\/2021\/05\/95_81_5022-300x200.jpg\" alt=\"\" width=\"200\" height=\"133\" srcset=\"https:\/\/zug-bilder.de\/wp-content\/uploads\/2021\/05\/95_81_5022-300x200.jpg 300w, https:\/\/zug-bilder.de\/wp-content\/uploads\/2021\/05\/95_81_5022-768x512.jpg 768w, https:\/\/zug-bilder.de\/wp-content\/uploads\/2021\/05\/95_81_5022.jpg 1000w\" sizes=\"auto, (max-width: 200px) 100vw, 200px\" \/><\/a><\/td>\n<td style=\"vertical-align: middle;\"><strong>95 81 5022<br \/>\n<\/strong>\u00d6BB-Baureihe 5022<\/td>\n<\/tr>\n<tr>\n<td style=\"vertical-align: middle;\"><a href=\"https:\/\/zug-bilder.de\/?page_id=5000\"><img loading=\"lazy\" decoding=\"async\" class=\"alignnone wp-image-4998\" src=\"https:\/\/zug-bilder.de\/wp-content\/uploads\/2021\/12\/5047-300x200.jpg\" alt=\"\" width=\"200\" height=\"133\" srcset=\"https:\/\/zug-bilder.de\/wp-content\/uploads\/2021\/12\/5047-300x200.jpg 300w, https:\/\/zug-bilder.de\/wp-content\/uploads\/2021\/12\/5047-768x512.jpg 768w, https:\/\/zug-bilder.de\/wp-content\/uploads\/2021\/12\/5047.jpg 1000w\" sizes=\"auto, (max-width: 200px) 100vw, 200px\" \/><\/a><\/td>\n<td style=\"vertical-align: middle;\"><strong>\u00d6BB-Baureihe 5047<\/strong><\/td>\n<\/tr>\n<tr>\n<td style=\"vertical-align: middle;\"><a href=\"https:\/\/zug-bilder.de\/?page_id=470\"><img loading=\"lazy\" decoding=\"async\" class=\"alignnone wp-image-468\" src=\"https:\/\/zug-bilder.de\/wp-content\/uploads\/2018\/06\/Traunseebahn-300x200.jpg\" alt=\"\" width=\"199\" height=\"133\" srcset=\"https:\/\/zug-bilder.de\/wp-content\/uploads\/2018\/06\/Traunseebahn-300x200.jpg 300w, https:\/\/zug-bilder.de\/wp-content\/uploads\/2018\/06\/Traunseebahn-768x512.jpg 768w, https:\/\/zug-bilder.de\/wp-content\/uploads\/2018\/06\/Traunseebahn.jpg 1000w\" sizes=\"auto, (max-width: 199px) 100vw, 199px\" \/><\/a><\/td>\n<td style=\"vertical-align: middle;\"><strong>Traunseebahn<br \/>\n<\/strong><\/td>\n<\/tr>\n<tr>\n<td style=\"vertical-align: middle;\"><a href=\"https:\/\/zug-bilder.de\/?page_id=3534\"><img loading=\"lazy\" decoding=\"async\" class=\"alignnone wp-image-3532\" src=\"https:\/\/zug-bilder.de\/wp-content\/uploads\/2020\/02\/Bahndienstfahrzeuge-300x200.jpg\" alt=\"\" width=\"200\" height=\"133\" srcset=\"https:\/\/zug-bilder.de\/wp-content\/uploads\/2020\/02\/Bahndienstfahrzeuge-300x200.jpg 300w, https:\/\/zug-bilder.de\/wp-content\/uploads\/2020\/02\/Bahndienstfahrzeuge-768x512.jpg 768w, https:\/\/zug-bilder.de\/wp-content\/uploads\/2020\/02\/Bahndienstfahrzeuge.jpg 1000w\" sizes=\"auto, (max-width: 200px) 100vw, 200px\" \/><\/a><\/td>\n<td style=\"vertical-align: middle;\"><strong>Bahndienstfahrzeuge<br \/>\n<\/strong><\/td>\n<\/tr>\n<tr>\n<td style=\"vertical-align: middle;\"><a href=\"https:\/\/zug-bilder.de\/?page_id=1030\"><img loading=\"lazy\" decoding=\"async\" class=\"alignnone wp-image-1028\" src=\"https:\/\/zug-bilder.de\/wp-content\/uploads\/2018\/11\/Reisezugwagen-300x200.jpg\" alt=\"\" width=\"200\" height=\"133\" srcset=\"https:\/\/zug-bilder.de\/wp-content\/uploads\/2018\/11\/Reisezugwagen-300x200.jpg 300w, https:\/\/zug-bilder.de\/wp-content\/uploads\/2018\/11\/Reisezugwagen-768x512.jpg 768w, https:\/\/zug-bilder.de\/wp-content\/uploads\/2018\/11\/Reisezugwagen.jpg 1000w\" sizes=\"auto, (max-width: 200px) 100vw, 200px\" \/><\/a><\/td>\n<td style=\"vertical-align: middle;\"><strong>Reisezugwagen<br \/>\n<\/strong><\/td>\n<\/tr>\n<tr>\n<td style=\"vertical-align: middle;\"><a href=\"https:\/\/zug-bilder.de\/?page_id=950\"><img loading=\"lazy\" decoding=\"async\" class=\"alignnone wp-image-948\" src=\"https:\/\/zug-bilder.de\/wp-content\/uploads\/2018\/10\/G\u00fcterwagen-300x200.jpg\" alt=\"\" width=\"200\" height=\"133\" srcset=\"https:\/\/zug-bilder.de\/wp-content\/uploads\/2018\/10\/G\u00fcterwagen-300x200.jpg 300w, https:\/\/zug-bilder.de\/wp-content\/uploads\/2018\/10\/G\u00fcterwagen-768x512.jpg 768w, https:\/\/zug-bilder.de\/wp-content\/uploads\/2018\/10\/G\u00fcterwagen.jpg 1000w\" sizes=\"auto, (max-width: 200px) 100vw, 200px\" \/><\/a><\/td>\n<td style=\"vertical-align: middle;\"><strong>G\u00fcterwagen<br \/>\n<\/strong><\/td>\n<\/tr>\n<tr>\n<td style=\"vertical-align: middle;\"><a href=\"https:\/\/zug-bilder.de\/?page_id=4577\"><img loading=\"lazy\" decoding=\"async\" class=\"alignnone wp-image-4575\" src=\"https:\/\/zug-bilder.de\/wp-content\/uploads\/2021\/05\/U-Bahnen-300x200.jpg\" alt=\"\" width=\"200\" height=\"133\" srcset=\"https:\/\/zug-bilder.de\/wp-content\/uploads\/2021\/05\/U-Bahnen-300x200.jpg 300w, https:\/\/zug-bilder.de\/wp-content\/uploads\/2021\/05\/U-Bahnen-768x512.jpg 768w, https:\/\/zug-bilder.de\/wp-content\/uploads\/2021\/05\/U-Bahnen.jpg 1000w\" sizes=\"auto, (max-width: 200px) 100vw, 200px\" \/><\/a><\/td>\n<td style=\"vertical-align: middle;\"><strong>U-Bahnen<\/strong><\/td>\n<\/tr>\n<tr>\n<td style=\"vertical-align: middle;\"><a href=\"https:\/\/zug-bilder.de\/?page_id=481\"><img loading=\"lazy\" decoding=\"async\" class=\"alignnone wp-image-483\" src=\"https:\/\/zug-bilder.de\/wp-content\/uploads\/2018\/06\/Stra\u00dfenbahnen-300x200.jpg\" alt=\"\" width=\"199\" height=\"133\" srcset=\"https:\/\/zug-bilder.de\/wp-content\/uploads\/2018\/06\/Stra\u00dfenbahnen-300x200.jpg 300w, https:\/\/zug-bilder.de\/wp-content\/uploads\/2018\/06\/Stra\u00dfenbahnen-768x512.jpg 768w, https:\/\/zug-bilder.de\/wp-content\/uploads\/2018\/06\/Stra\u00dfenbahnen.jpg 1000w\" sizes=\"auto, (max-width: 199px) 100vw, 199px\" \/><\/a><\/td>\n<td style=\"vertical-align: middle;\"><strong>Stra\u00dfenbahnen<br \/>\n<\/strong><\/td>\n<\/tr>\n<tr>\n<td style=\"vertical-align: middle;\"><a href=\"https:\/\/zug-bilder.de\/?page_id=4595\"><img loading=\"lazy\" decoding=\"async\" class=\"alignnone wp-image-4593\" src=\"https:\/\/zug-bilder.de\/wp-content\/uploads\/2021\/05\/Bahnhoefe-300x200.jpg\" alt=\"\" width=\"200\" height=\"133\" srcset=\"https:\/\/zug-bilder.de\/wp-content\/uploads\/2021\/05\/Bahnhoefe-300x200.jpg 300w, https:\/\/zug-bilder.de\/wp-content\/uploads\/2021\/05\/Bahnhoefe-768x512.jpg 768w, https:\/\/zug-bilder.de\/wp-content\/uploads\/2021\/05\/Bahnhoefe.jpg 1000w\" sizes=\"auto, (max-width: 200px) 100vw, 200px\" \/><\/a><\/td>\n<td style=\"vertical-align: middle;\"><strong>Bahnh\u00f6fe<\/strong><\/td>\n<\/tr>\n<\/tbody>\n<\/table>\n<p>&nbsp;<\/p>\n","protected":false},"excerpt":{"rendered":"<p>90 81 0001 (93 81 0001) 90 81 0638 (93 81 0638) 91 81 0185 91 81 1016 \u00d6BB-Baureihe 1016 91 81 1116 \u00d6BB-Baureihe 1116 91 81 1142 \u00d6BB-Baureihe 1142 91 81 1144 \u00d6BB-Baureihe 1144 91 81 1216 \u00d6BB-Baureihe 1216 91 81 1293 \u00d6BB-Baureihe 1293 92 81 2016 \u00d6BB-Baureihe 2016 92 81 2070 \u00d6BB-Baureihe 2070 &hellip; <a href=\"https:\/\/zug-bilder.de\/?page_id=231\" class=\"more-link\"><span class=\"screen-reader-text\">\u00d6sterreich<\/span> weiterlesen<\/a><\/p>\n","protected":false},"author":1,"featured_media":0,"parent":0,"menu_order":0,"comment_status":"closed","ping_status":"closed","template":"","meta":{"footnotes":""},"class_list":["post-231","page","type-page","status-publish","hentry"],"_links":{"self":[{"href":"https:\/\/zug-bilder.de\/index.php?rest_route=\/wp\/v2\/pages\/231","targetHints":{"allow":["GET"]}}],"collection":[{"href":"https:\/\/zug-bilder.de\/index.php?rest_route=\/wp\/v2\/pages"}],"about":[{"href":"https:\/\/zug-bilder.de\/index.php?rest_route=\/wp\/v2\/types\/page"}],"author":[{"embeddable":true,"href":"https:\/\/zug-bilder.de\/index.php?rest_route=\/wp\/v2\/users\/1"}],"replies":[{"embeddable":true,"href":"https:\/\/zug-bilder.de\/index.php?rest_route=%2Fwp%2Fv2%2Fcomments&post=231"}],"version-history":[{"count":59,"href":"https:\/\/zug-bilder.de\/index.php?rest_route=\/wp\/v2\/pages\/231\/revisions"}],"predecessor-version":[{"id":5364,"href":"https:\/\/zug-bilder.de\/index.php?rest_route=\/wp\/v2\/pages\/231\/revisions\/5364"}],"wp:attachment":[{"href":"https:\/\/zug-bilder.de\/index.php?rest_route=%2Fwp%2Fv2%2Fmedia&parent=231"}],"curies":[{"name":"wp","href":"https:\/\/api.w.org\/{rel}","templated":true}]}}