{"id":2363,"date":"2019-10-27T15:01:42","date_gmt":"2019-10-27T15:01:42","guid":{"rendered":"https:\/\/zug-bilder.de\/?page_id=2363"},"modified":"2020-01-03T20:23:42","modified_gmt":"2020-01-03T20:23:42","slug":"a-wrmz","status":"publish","type":"page","link":"https:\/\/zug-bilder.de\/?page_id=2363","title":{"rendered":"A &#8211; WRmz"},"content":{"rendered":"<table style=\"border-collapse: collapse; width: 100%;\">\n<tbody>\n<tr>\n<td style=\"width: 50%; vertical-align: middle;\"><a href=\"https:\/\/zug-bilder.de\/wp-content\/uploads\/2019\/10\/1000-A-\u00d6BB-73-81-88-91-304-5_190812_M\u00fcnchenHbf_EC113.jpg\"><img loading=\"lazy\" decoding=\"async\" class=\"alignnone size-medium wp-image-2364\" src=\"https:\/\/zug-bilder.de\/wp-content\/uploads\/2019\/10\/1000-A-\u00d6BB-73-81-88-91-304-5_190812_M\u00fcnchenHbf_EC113-300x205.jpg\" alt=\"\" width=\"300\" height=\"205\" srcset=\"https:\/\/zug-bilder.de\/wp-content\/uploads\/2019\/10\/1000-A-\u00d6BB-73-81-88-91-304-5_190812_M\u00fcnchenHbf_EC113-300x205.jpg 300w, https:\/\/zug-bilder.de\/wp-content\/uploads\/2019\/10\/1000-A-\u00d6BB-73-81-88-91-304-5_190812_M\u00fcnchenHbf_EC113-768x524.jpg 768w, https:\/\/zug-bilder.de\/wp-content\/uploads\/2019\/10\/1000-A-\u00d6BB-73-81-88-91-304-5_190812_M\u00fcnchenHbf_EC113.jpg 1000w\" sizes=\"auto, (max-width: 300px) 100vw, 300px\" \/><\/a><\/td>\n<td style=\"width: 50%; vertical-align: middle;\"><strong>A-\u00d6BB 73 81 88-91 304-5<\/strong><br \/>\n12.08.2019<br \/>\nM\u00fcnchen Hbf<br \/>\n<em>EC 113<\/em><br \/>\n<em>Frankfurt (Main) Hbf &#8211;<\/em><br \/>\n<em>Klagenfurt Hbf<\/em><\/td>\n<\/tr>\n<tr>\n<td style=\"width: 50%; vertical-align: middle;\"><a href=\"https:\/\/zug-bilder.de\/wp-content\/uploads\/2020\/01\/1000-A-\u00d6BB-73-81-88-91-317-7_160819_Bozen_EC89.jpg\"><img loading=\"lazy\" decoding=\"async\" class=\"alignnone size-medium wp-image-3407\" src=\"https:\/\/zug-bilder.de\/wp-content\/uploads\/2020\/01\/1000-A-\u00d6BB-73-81-88-91-317-7_160819_Bozen_EC89-300x205.jpg\" alt=\"\" width=\"300\" height=\"205\" srcset=\"https:\/\/zug-bilder.de\/wp-content\/uploads\/2020\/01\/1000-A-\u00d6BB-73-81-88-91-317-7_160819_Bozen_EC89-300x205.jpg 300w, https:\/\/zug-bilder.de\/wp-content\/uploads\/2020\/01\/1000-A-\u00d6BB-73-81-88-91-317-7_160819_Bozen_EC89-768x524.jpg 768w, https:\/\/zug-bilder.de\/wp-content\/uploads\/2020\/01\/1000-A-\u00d6BB-73-81-88-91-317-7_160819_Bozen_EC89.jpg 1000w\" sizes=\"auto, (max-width: 300px) 100vw, 300px\" \/><\/a><\/td>\n<td style=\"width: 50%; vertical-align: middle;\"><strong>A-\u00d6BB 73 81 88-91 317-7<br \/>\n<\/strong>19.08.2016<br \/>\nBolzano (Bozen)<br \/>\n<em>EC 89 &#8222;DB-\u00d6BB-EuroCity&#8220;<\/em><br \/>\n<em>M\u00fcnchen Hbf &#8211;<\/em><br \/>\n<em>Verona Porta Nuova<\/em><strong><br \/>\n<\/strong><\/td>\n<\/tr>\n<\/tbody>\n<\/table>\n","protected":false},"excerpt":{"rendered":"<p>A-\u00d6BB 73 81 88-91 304-5 12.08.2019 M\u00fcnchen Hbf EC 113 Frankfurt (Main) Hbf &#8211; Klagenfurt Hbf A-\u00d6BB 73 81 88-91 317-7 19.08.2016 Bolzano (Bozen) EC 89 &#8222;DB-\u00d6BB-EuroCity&#8220; M\u00fcnchen Hbf &#8211; Verona Porta Nuova<\/p>\n","protected":false},"author":1,"featured_media":0,"parent":0,"menu_order":0,"comment_status":"closed","ping_status":"closed","template":"","meta":{"footnotes":""},"class_list":["post-2363","page","type-page","status-publish","hentry"],"_links":{"self":[{"href":"https:\/\/zug-bilder.de\/index.php?rest_route=\/wp\/v2\/pages\/2363","targetHints":{"allow":["GET"]}}],"collection":[{"href":"https:\/\/zug-bilder.de\/index.php?rest_route=\/wp\/v2\/pages"}],"about":[{"href":"https:\/\/zug-bilder.de\/index.php?rest_route=\/wp\/v2\/types\/page"}],"author":[{"embeddable":true,"href":"https:\/\/zug-bilder.de\/index.php?rest_route=\/wp\/v2\/users\/1"}],"replies":[{"embeddable":true,"href":"https:\/\/zug-bilder.de\/index.php?rest_route=%2Fwp%2Fv2%2Fcomments&post=2363"}],"version-history":[{"count":3,"href":"https:\/\/zug-bilder.de\/index.php?rest_route=\/wp\/v2\/pages\/2363\/revisions"}],"predecessor-version":[{"id":3409,"href":"https:\/\/zug-bilder.de\/index.php?rest_route=\/wp\/v2\/pages\/2363\/revisions\/3409"}],"wp:attachment":[{"href":"https:\/\/zug-bilder.de\/index.php?rest_route=%2Fwp%2Fv2%2Fmedia&parent=2363"}],"curies":[{"name":"wp","href":"https:\/\/api.w.org\/{rel}","templated":true}]}}