{"id":2377,"date":"2019-10-27T16:36:26","date_gmt":"2019-10-27T16:36:26","guid":{"rendered":"https:\/\/zug-bilder.de\/?page_id=2377"},"modified":"2024-05-22T15:35:03","modified_gmt":"2024-05-22T15:35:03","slug":"cz-bdmpee-233","status":"publish","type":"page","link":"https:\/\/zug-bilder.de\/?page_id=2377","title":{"rendered":"CZ &#8211; Bdmpee 233"},"content":{"rendered":"\n<div class=\"wp-block-columns is-layout-flex wp-container-core-columns-is-layout-9d6595d7 wp-block-columns-is-layout-flex\">\n<div class=\"wp-block-column is-layout-flow wp-block-column-is-layout-flow\">\n<figure class=\"wp-block-image size-full\"><a href=\"https:\/\/zug-bilder.de\/wp-content\/uploads\/2024\/03\/1000-CZ-CD-61-54-20-71-031-6_230930_MuenchenHbf_ALX356-1.jpg\"><img loading=\"lazy\" decoding=\"async\" width=\"1000\" height=\"682\" src=\"https:\/\/zug-bilder.de\/wp-content\/uploads\/2024\/03\/1000-CZ-CD-61-54-20-71-031-6_230930_MuenchenHbf_ALX356-1.jpg\" alt=\"\" class=\"wp-image-6118\" srcset=\"https:\/\/zug-bilder.de\/wp-content\/uploads\/2024\/03\/1000-CZ-CD-61-54-20-71-031-6_230930_MuenchenHbf_ALX356-1.jpg 1000w, https:\/\/zug-bilder.de\/wp-content\/uploads\/2024\/03\/1000-CZ-CD-61-54-20-71-031-6_230930_MuenchenHbf_ALX356-1-300x205.jpg 300w, https:\/\/zug-bilder.de\/wp-content\/uploads\/2024\/03\/1000-CZ-CD-61-54-20-71-031-6_230930_MuenchenHbf_ALX356-1-768x524.jpg 768w\" sizes=\"auto, (max-width: 1000px) 100vw, 1000px\" \/><\/a><\/figure>\n<\/div>\n\n\n\n<div class=\"wp-block-column is-layout-flow wp-block-column-is-layout-flow\">\n<p class=\"has-light-gray-background-color has-background\"><strong>CZ-\u010cD 61 54 20-71 031-6<\/strong><br>30.09.2023<br><img loading=\"lazy\" decoding=\"async\" width=\"33\" height=\"20\" class=\"wp-image-5706\" style=\"width: 33px;\" src=\"https:\/\/zug-bilder.de\/wp-content\/uploads\/2023\/04\/Flagge_Deutschland.jpg\" alt=\"\"> M\u00fcnchen Hbf<br><em>EC 356 (bis Furth im Wald) &#8222;Z\u00e1padn\u00ed expres&#8220;<br>RE 356 <\/em><img loading=\"lazy\" decoding=\"async\" width=\"60\" height=\"20\" class=\"wp-image-6114\" style=\"width: 60px;\" src=\"https:\/\/zug-bilder.de\/wp-content\/uploads\/2024\/03\/RE25.jpg\" alt=\"\"><em> (ab Furth im Wald)<br>Praha hlavn\u00ed n\u00e1dra\u017e\u00ed &#8211; M\u00fcnchen Hbf<\/em><\/p>\n<\/div>\n<\/div>\n\n\n\n<div class=\"wp-block-columns is-layout-flex wp-container-core-columns-is-layout-9d6595d7 wp-block-columns-is-layout-flex\">\n<div class=\"wp-block-column is-layout-flow wp-block-column-is-layout-flow\">\n<figure class=\"wp-block-image size-full\"><a href=\"https:\/\/zug-bilder.de\/wp-content\/uploads\/2019\/10\/1000-CZ-CD-61-54-20-71-033-2_190812_M\u00fcnchenHbf_ALX359.jpg\"><img loading=\"lazy\" decoding=\"async\" width=\"1000\" height=\"682\" src=\"https:\/\/zug-bilder.de\/wp-content\/uploads\/2019\/10\/1000-CZ-CD-61-54-20-71-033-2_190812_M\u00fcnchenHbf_ALX359.jpg\" alt=\"\" class=\"wp-image-2378\" srcset=\"https:\/\/zug-bilder.de\/wp-content\/uploads\/2019\/10\/1000-CZ-CD-61-54-20-71-033-2_190812_M\u00fcnchenHbf_ALX359.jpg 1000w, https:\/\/zug-bilder.de\/wp-content\/uploads\/2019\/10\/1000-CZ-CD-61-54-20-71-033-2_190812_M\u00fcnchenHbf_ALX359-300x205.jpg 300w, https:\/\/zug-bilder.de\/wp-content\/uploads\/2019\/10\/1000-CZ-CD-61-54-20-71-033-2_190812_M\u00fcnchenHbf_ALX359-768x524.jpg 768w\" sizes=\"auto, (max-width: 1000px) 100vw, 1000px\" \/><\/a><\/figure>\n<\/div>\n\n\n\n<div class=\"wp-block-column is-layout-flow wp-block-column-is-layout-flow\">\n<p class=\"has-light-gray-background-color has-background\"><strong>CZ-\u010cD 61 54 20-71 033-2<\/strong><br>12.08.2019<br><img loading=\"lazy\" decoding=\"async\" width=\"33\" height=\"20\" class=\"wp-image-5706\" style=\"width: 33px;\" src=\"https:\/\/zug-bilder.de\/wp-content\/uploads\/2023\/04\/Flagge_Deutschland.jpg\" alt=\"\"> M\u00fcnchen Hbf<br><em>ALX 359 (bis Furth im Wald)<br>Ex 359 (ab Furth im Wald) &#8222;Z\u00e1padn\u00ed expres&#8220;<br>M\u00fcnchen Hbf &#8211; Praha hlavn\u00ed n\u00e1dra\u017e\u00ed<\/em><\/p>\n<\/div>\n<\/div>\n\n\n\n<div class=\"wp-block-columns is-layout-flex wp-container-core-columns-is-layout-9d6595d7 wp-block-columns-is-layout-flex\">\n<div class=\"wp-block-column is-layout-flow wp-block-column-is-layout-flow\">\n<figure class=\"wp-block-image size-full\"><a href=\"https:\/\/zug-bilder.de\/wp-content\/uploads\/2024\/03\/1000-CZ-CD-61-54-20-71-037-3_230930_MuenchenHbf_ALX356.jpg\"><img loading=\"lazy\" decoding=\"async\" width=\"1000\" height=\"682\" src=\"https:\/\/zug-bilder.de\/wp-content\/uploads\/2024\/03\/1000-CZ-CD-61-54-20-71-037-3_230930_MuenchenHbf_ALX356.jpg\" alt=\"\" class=\"wp-image-6112\" srcset=\"https:\/\/zug-bilder.de\/wp-content\/uploads\/2024\/03\/1000-CZ-CD-61-54-20-71-037-3_230930_MuenchenHbf_ALX356.jpg 1000w, https:\/\/zug-bilder.de\/wp-content\/uploads\/2024\/03\/1000-CZ-CD-61-54-20-71-037-3_230930_MuenchenHbf_ALX356-300x205.jpg 300w, https:\/\/zug-bilder.de\/wp-content\/uploads\/2024\/03\/1000-CZ-CD-61-54-20-71-037-3_230930_MuenchenHbf_ALX356-768x524.jpg 768w\" sizes=\"auto, (max-width: 1000px) 100vw, 1000px\" \/><\/a><\/figure>\n<\/div>\n\n\n\n<div class=\"wp-block-column is-layout-flow wp-block-column-is-layout-flow\">\n<p class=\"has-light-gray-background-color has-background\"><strong>CZ-\u010cD 61 54 20-71 037-3<\/strong><br>30.09.2023<br><img loading=\"lazy\" decoding=\"async\" width=\"33\" height=\"20\" class=\"wp-image-5706\" style=\"width: 33px;\" src=\"https:\/\/zug-bilder.de\/wp-content\/uploads\/2023\/04\/Flagge_Deutschland.jpg\" alt=\"\"> M\u00fcnchen Hbf<br><em>EC 356 (bis Furth im Wald) &#8222;Z\u00e1padn\u00ed expres&#8220;<br>RE 356 <\/em><img loading=\"lazy\" decoding=\"async\" width=\"60\" height=\"20\" class=\"wp-image-6114\" style=\"width: 60px;\" src=\"https:\/\/zug-bilder.de\/wp-content\/uploads\/2024\/03\/RE25.jpg\" alt=\"\"><em> (ab Furth im Wald)<br>Praha hlavn\u00ed n\u00e1dra\u017e\u00ed &#8211; M\u00fcnchen Hbf<\/em><\/p>\n<\/div>\n<\/div>\n","protected":false},"excerpt":{"rendered":"<p>CZ-\u010cD 61 54 20-71 031-630.09.2023 M\u00fcnchen HbfEC 356 (bis Furth im Wald) &#8222;Z\u00e1padn\u00ed expres&#8220;RE 356 (ab Furth im Wald)Praha hlavn\u00ed n\u00e1dra\u017e\u00ed &#8211; M\u00fcnchen Hbf CZ-\u010cD 61 54 20-71 033-212.08.2019 M\u00fcnchen HbfALX 359 (bis Furth im Wald)Ex 359 (ab Furth im Wald) &#8222;Z\u00e1padn\u00ed expres&#8220;M\u00fcnchen Hbf &#8211; Praha hlavn\u00ed n\u00e1dra\u017e\u00ed CZ-\u010cD 61 54 20-71 037-330.09.2023 M\u00fcnchen HbfEC &hellip; <a href=\"https:\/\/zug-bilder.de\/?page_id=2377\" class=\"more-link\"><span class=\"screen-reader-text\">CZ &#8211; Bdmpee 233<\/span> weiterlesen<\/a><\/p>\n","protected":false},"author":1,"featured_media":0,"parent":0,"menu_order":0,"comment_status":"closed","ping_status":"closed","template":"","meta":{"footnotes":""},"class_list":["post-2377","page","type-page","status-publish","hentry"],"_links":{"self":[{"href":"https:\/\/zug-bilder.de\/index.php?rest_route=\/wp\/v2\/pages\/2377","targetHints":{"allow":["GET"]}}],"collection":[{"href":"https:\/\/zug-bilder.de\/index.php?rest_route=\/wp\/v2\/pages"}],"about":[{"href":"https:\/\/zug-bilder.de\/index.php?rest_route=\/wp\/v2\/types\/page"}],"author":[{"embeddable":true,"href":"https:\/\/zug-bilder.de\/index.php?rest_route=\/wp\/v2\/users\/1"}],"replies":[{"embeddable":true,"href":"https:\/\/zug-bilder.de\/index.php?rest_route=%2Fwp%2Fv2%2Fcomments&post=2377"}],"version-history":[{"count":7,"href":"https:\/\/zug-bilder.de\/index.php?rest_route=\/wp\/v2\/pages\/2377\/revisions"}],"predecessor-version":[{"id":6408,"href":"https:\/\/zug-bilder.de\/index.php?rest_route=\/wp\/v2\/pages\/2377\/revisions\/6408"}],"wp:attachment":[{"href":"https:\/\/zug-bilder.de\/index.php?rest_route=%2Fwp%2Fv2%2Fmedia&parent=2377"}],"curies":[{"name":"wp","href":"https:\/\/api.w.org\/{rel}","templated":true}]}}