{"id":2455,"date":"2019-10-29T18:25:56","date_gmt":"2019-10-29T18:25:56","guid":{"rendered":"https:\/\/zug-bilder.de\/?page_id=2455"},"modified":"2019-10-29T18:26:49","modified_gmt":"2019-10-29T18:26:49","slug":"d-abvmsz-184-0","status":"publish","type":"page","link":"https:\/\/zug-bilder.de\/?page_id=2455","title":{"rendered":"D &#8211; ABvmsz 184.0"},"content":{"rendered":"<table style=\"border-collapse: collapse; width: 100%;\">\n<tbody>\n<tr>\n<td style=\"width: 50%; vertical-align: middle;\"><a href=\"https:\/\/zug-bilder.de\/wp-content\/uploads\/2019\/10\/1000-D-DB-73-80-31-94-001-3_190812_M\u00fcnchenHbf_RE4020.jpg\"><img loading=\"lazy\" decoding=\"async\" class=\"alignnone wp-image-2456 size-medium\" src=\"https:\/\/zug-bilder.de\/wp-content\/uploads\/2019\/10\/1000-D-DB-73-80-31-94-001-3_190812_M\u00fcnchenHbf_RE4020-300x205.jpg\" alt=\"\" width=\"300\" height=\"205\" srcset=\"https:\/\/zug-bilder.de\/wp-content\/uploads\/2019\/10\/1000-D-DB-73-80-31-94-001-3_190812_M\u00fcnchenHbf_RE4020-300x205.jpg 300w, https:\/\/zug-bilder.de\/wp-content\/uploads\/2019\/10\/1000-D-DB-73-80-31-94-001-3_190812_M\u00fcnchenHbf_RE4020-768x524.jpg 768w, https:\/\/zug-bilder.de\/wp-content\/uploads\/2019\/10\/1000-D-DB-73-80-31-94-001-3_190812_M\u00fcnchenHbf_RE4020.jpg 1000w\" sizes=\"auto, (max-width: 300px) 100vw, 300px\" \/><\/a><\/td>\n<td style=\"width: 50%; vertical-align: middle;\"><strong>D-DB 73 80 31-94 001-3<\/strong><br \/>\n12.08.2019<br \/>\nM\u00fcnchen Hbf<br \/>\n<em>RE 4020<\/em><br \/>\n<em>M\u00fcnchen Hbf &#8211; N\u00fcrnberg Hbf<\/em><\/td>\n<\/tr>\n<\/tbody>\n<\/table>\n","protected":false},"excerpt":{"rendered":"<p>D-DB 73 80 31-94 001-3 12.08.2019 M\u00fcnchen Hbf RE 4020 M\u00fcnchen Hbf &#8211; N\u00fcrnberg Hbf<\/p>\n","protected":false},"author":1,"featured_media":0,"parent":0,"menu_order":0,"comment_status":"closed","ping_status":"closed","template":"","meta":{"footnotes":""},"class_list":["post-2455","page","type-page","status-publish","hentry"],"_links":{"self":[{"href":"https:\/\/zug-bilder.de\/index.php?rest_route=\/wp\/v2\/pages\/2455","targetHints":{"allow":["GET"]}}],"collection":[{"href":"https:\/\/zug-bilder.de\/index.php?rest_route=\/wp\/v2\/pages"}],"about":[{"href":"https:\/\/zug-bilder.de\/index.php?rest_route=\/wp\/v2\/types\/page"}],"author":[{"embeddable":true,"href":"https:\/\/zug-bilder.de\/index.php?rest_route=\/wp\/v2\/users\/1"}],"replies":[{"embeddable":true,"href":"https:\/\/zug-bilder.de\/index.php?rest_route=%2Fwp%2Fv2%2Fcomments&post=2455"}],"version-history":[{"count":2,"href":"https:\/\/zug-bilder.de\/index.php?rest_route=\/wp\/v2\/pages\/2455\/revisions"}],"predecessor-version":[{"id":2459,"href":"https:\/\/zug-bilder.de\/index.php?rest_route=\/wp\/v2\/pages\/2455\/revisions\/2459"}],"wp:attachment":[{"href":"https:\/\/zug-bilder.de\/index.php?rest_route=%2Fwp%2Fv2%2Fmedia&parent=2455"}],"curies":[{"name":"wp","href":"https:\/\/api.w.org\/{rel}","templated":true}]}}