{"id":2466,"date":"2019-10-29T19:44:08","date_gmt":"2019-10-29T19:44:08","guid":{"rendered":"https:\/\/zug-bilder.de\/?page_id=2466"},"modified":"2020-01-02T19:44:36","modified_gmt":"2020-01-02T19:44:36","slug":"d-dabpza-785-2","status":"publish","type":"page","link":"https:\/\/zug-bilder.de\/?page_id=2466","title":{"rendered":"D &#8211; DABpza 785.2"},"content":{"rendered":"<table style=\"border-collapse: collapse; width: 100%;\">\n<tbody>\n<tr>\n<td style=\"width: 50%; vertical-align: middle;\"><a href=\"https:\/\/zug-bilder.de\/wp-content\/uploads\/2020\/01\/1000-D-DB-50-80-36-81-069-7_190617_RegensburgHbf_RE4856.jpg\"><img loading=\"lazy\" decoding=\"async\" class=\"alignnone size-medium wp-image-3355\" src=\"https:\/\/zug-bilder.de\/wp-content\/uploads\/2020\/01\/1000-D-DB-50-80-36-81-069-7_190617_RegensburgHbf_RE4856-300x205.jpg\" alt=\"\" width=\"300\" height=\"205\" srcset=\"https:\/\/zug-bilder.de\/wp-content\/uploads\/2020\/01\/1000-D-DB-50-80-36-81-069-7_190617_RegensburgHbf_RE4856-300x205.jpg 300w, https:\/\/zug-bilder.de\/wp-content\/uploads\/2020\/01\/1000-D-DB-50-80-36-81-069-7_190617_RegensburgHbf_RE4856-768x524.jpg 768w, https:\/\/zug-bilder.de\/wp-content\/uploads\/2020\/01\/1000-D-DB-50-80-36-81-069-7_190617_RegensburgHbf_RE4856.jpg 1000w\" sizes=\"auto, (max-width: 300px) 100vw, 300px\" \/><\/a><\/td>\n<td style=\"width: 50%; vertical-align: middle;\"><strong>D-DB 50 80 36-81 069-7<br \/>\n<\/strong>17.06.2019<br \/>\nRegensburg Hbf<br \/>\n<em>RE 4856<\/em><br \/>\n<em>M\u00fcnchen Hbf &#8211; <\/em><em>N\u00fcrnberg Hbf<\/em><strong><br \/>\n<\/strong><\/td>\n<\/tr>\n<tr>\n<td style=\"width: 50%; vertical-align: middle;\"><a href=\"https:\/\/zug-bilder.de\/wp-content\/uploads\/2019\/10\/1000-D-DB-50-80-36-81-070-5_190812_M\u00fcnchenHbf_RE4858.jpg\"><img loading=\"lazy\" decoding=\"async\" class=\"alignnone size-medium wp-image-2467\" src=\"https:\/\/zug-bilder.de\/wp-content\/uploads\/2019\/10\/1000-D-DB-50-80-36-81-070-5_190812_M\u00fcnchenHbf_RE4858-300x205.jpg\" alt=\"\" width=\"300\" height=\"205\" srcset=\"https:\/\/zug-bilder.de\/wp-content\/uploads\/2019\/10\/1000-D-DB-50-80-36-81-070-5_190812_M\u00fcnchenHbf_RE4858-300x205.jpg 300w, https:\/\/zug-bilder.de\/wp-content\/uploads\/2019\/10\/1000-D-DB-50-80-36-81-070-5_190812_M\u00fcnchenHbf_RE4858-768x524.jpg 768w, https:\/\/zug-bilder.de\/wp-content\/uploads\/2019\/10\/1000-D-DB-50-80-36-81-070-5_190812_M\u00fcnchenHbf_RE4858.jpg 1000w\" sizes=\"auto, (max-width: 300px) 100vw, 300px\" \/><\/a><\/td>\n<td style=\"width: 50%; vertical-align: middle;\"><strong>D-DB 50 80 36-81 070-5<\/strong><br \/>\n12.08.2019<br \/>\nM\u00fcnchen Hbf<br \/>\n<em>RE 4858<\/em><br \/>\n<em>M\u00fcnchen Hbf &#8211; N\u00fcrnberg Hbf<\/em><\/td>\n<\/tr>\n<\/tbody>\n<\/table>\n","protected":false},"excerpt":{"rendered":"<p>D-DB 50 80 36-81 069-7 17.06.2019 Regensburg Hbf RE 4856 M\u00fcnchen Hbf &#8211; N\u00fcrnberg Hbf D-DB 50 80 36-81 070-5 12.08.2019 M\u00fcnchen Hbf RE 4858 M\u00fcnchen Hbf &#8211; N\u00fcrnberg Hbf<\/p>\n","protected":false},"author":1,"featured_media":0,"parent":0,"menu_order":0,"comment_status":"closed","ping_status":"closed","template":"","meta":{"footnotes":""},"class_list":["post-2466","page","type-page","status-publish","hentry"],"_links":{"self":[{"href":"https:\/\/zug-bilder.de\/index.php?rest_route=\/wp\/v2\/pages\/2466","targetHints":{"allow":["GET"]}}],"collection":[{"href":"https:\/\/zug-bilder.de\/index.php?rest_route=\/wp\/v2\/pages"}],"about":[{"href":"https:\/\/zug-bilder.de\/index.php?rest_route=\/wp\/v2\/types\/page"}],"author":[{"embeddable":true,"href":"https:\/\/zug-bilder.de\/index.php?rest_route=\/wp\/v2\/users\/1"}],"replies":[{"embeddable":true,"href":"https:\/\/zug-bilder.de\/index.php?rest_route=%2Fwp%2Fv2%2Fcomments&post=2466"}],"version-history":[{"count":4,"href":"https:\/\/zug-bilder.de\/index.php?rest_route=\/wp\/v2\/pages\/2466\/revisions"}],"predecessor-version":[{"id":3358,"href":"https:\/\/zug-bilder.de\/index.php?rest_route=\/wp\/v2\/pages\/2466\/revisions\/3358"}],"wp:attachment":[{"href":"https:\/\/zug-bilder.de\/index.php?rest_route=%2Fwp%2Fv2%2Fmedia&parent=2466"}],"curies":[{"name":"wp","href":"https:\/\/api.w.org\/{rel}","templated":true}]}}