{"id":2590,"date":"2019-11-10T15:07:36","date_gmt":"2019-11-10T15:07:36","guid":{"rendered":"https:\/\/zug-bilder.de\/?page_id=2590"},"modified":"2020-10-10T15:46:06","modified_gmt":"2020-10-10T15:46:06","slug":"a-ddm","status":"publish","type":"page","link":"https:\/\/zug-bilder.de\/?page_id=2590","title":{"rendered":"A &#8211; DDm"},"content":{"rendered":"<table style=\"border-collapse: collapse; width: 100%;\">\n<tbody>\n<tr>\n<td style=\"width: 50%; vertical-align: middle;\"><a href=\"https:\/\/zug-bilder.de\/wp-content\/uploads\/2020\/10\/1000-A-\u00d6BB-51-81-98-70-054-5_200826_HamburgAltona_NJ490.jpg\"><img loading=\"lazy\" decoding=\"async\" class=\"alignnone size-medium wp-image-4287\" src=\"https:\/\/zug-bilder.de\/wp-content\/uploads\/2020\/10\/1000-A-\u00d6BB-51-81-98-70-054-5_200826_HamburgAltona_NJ490-300x205.jpg\" alt=\"\" width=\"300\" height=\"205\" srcset=\"https:\/\/zug-bilder.de\/wp-content\/uploads\/2020\/10\/1000-A-\u00d6BB-51-81-98-70-054-5_200826_HamburgAltona_NJ490-300x205.jpg 300w, https:\/\/zug-bilder.de\/wp-content\/uploads\/2020\/10\/1000-A-\u00d6BB-51-81-98-70-054-5_200826_HamburgAltona_NJ490-768x524.jpg 768w, https:\/\/zug-bilder.de\/wp-content\/uploads\/2020\/10\/1000-A-\u00d6BB-51-81-98-70-054-5_200826_HamburgAltona_NJ490.jpg 1000w\" sizes=\"auto, (max-width: 300px) 100vw, 300px\" \/><\/a><\/td>\n<td style=\"width: 50%; vertical-align: middle;\"><strong>A-\u00d6BB 51 81 98-70 054-5<br \/>\n<\/strong>26.08.2020<br \/>\nHamburg Altona<br \/>\nNJ 490<br \/>\n<em>Wien Hbf (Autoreisezuganlage) &#8211;<\/em><br \/>\n<em>Hamburg Altona<\/em><\/td>\n<\/tr>\n<tr>\n<td style=\"width: 50%; vertical-align: middle;\"><a href=\"https:\/\/zug-bilder.de\/wp-content\/uploads\/2019\/11\/1000-A-\u00d6BB-51-81-98-70-058-6_190608_WienHbf_NJ490.jpg\"><img loading=\"lazy\" decoding=\"async\" class=\"alignnone size-medium wp-image-2623\" src=\"https:\/\/zug-bilder.de\/wp-content\/uploads\/2019\/11\/1000-A-\u00d6BB-51-81-98-70-058-6_190608_WienHbf_NJ490-300x205.jpg\" alt=\"\" width=\"300\" height=\"205\" srcset=\"https:\/\/zug-bilder.de\/wp-content\/uploads\/2019\/11\/1000-A-\u00d6BB-51-81-98-70-058-6_190608_WienHbf_NJ490-300x205.jpg 300w, https:\/\/zug-bilder.de\/wp-content\/uploads\/2019\/11\/1000-A-\u00d6BB-51-81-98-70-058-6_190608_WienHbf_NJ490-768x524.jpg 768w, https:\/\/zug-bilder.de\/wp-content\/uploads\/2019\/11\/1000-A-\u00d6BB-51-81-98-70-058-6_190608_WienHbf_NJ490.jpg 1000w\" sizes=\"auto, (max-width: 300px) 100vw, 300px\" \/><\/a><\/td>\n<td style=\"width: 50%; vertical-align: middle;\"><strong>A-\u00d6BB 51 81 98-70 058-6<br \/>\n<\/strong>08.06.2019<br \/>\nWien Hbf<br \/>\n<em>NJ 490<\/em><br \/>\n<em>Wien Hbf (Autoreisezuganlage) &#8211;<\/em><br \/>\n<em>Hamburg Altona<\/em><\/td>\n<\/tr>\n<tr>\n<td style=\"width: 50%; vertical-align: middle;\"><a href=\"https:\/\/zug-bilder.de\/wp-content\/uploads\/2020\/10\/1000-A-\u00d6BB-51-81-98-70-059-4_200826_HamburgAltona_NJ490.jpg\"><img loading=\"lazy\" decoding=\"async\" class=\"alignnone size-medium wp-image-4285\" src=\"https:\/\/zug-bilder.de\/wp-content\/uploads\/2020\/10\/1000-A-\u00d6BB-51-81-98-70-059-4_200826_HamburgAltona_NJ490-300x205.jpg\" alt=\"\" width=\"300\" height=\"205\" srcset=\"https:\/\/zug-bilder.de\/wp-content\/uploads\/2020\/10\/1000-A-\u00d6BB-51-81-98-70-059-4_200826_HamburgAltona_NJ490-300x205.jpg 300w, https:\/\/zug-bilder.de\/wp-content\/uploads\/2020\/10\/1000-A-\u00d6BB-51-81-98-70-059-4_200826_HamburgAltona_NJ490-768x524.jpg 768w, https:\/\/zug-bilder.de\/wp-content\/uploads\/2020\/10\/1000-A-\u00d6BB-51-81-98-70-059-4_200826_HamburgAltona_NJ490.jpg 1000w\" sizes=\"auto, (max-width: 300px) 100vw, 300px\" \/><\/a><\/td>\n<td style=\"width: 50%; vertical-align: middle;\"><strong>A-\u00d6BB 51 81 98-70 059-4<br \/>\n<\/strong>26.08.2020<br \/>\nHamburg Altona<br \/>\nNJ 490<br \/>\n<em>Wien Hbf (Autoreisezuganlage) &#8211;<\/em><br \/>\n<em>Hamburg Altona<\/em><\/td>\n<\/tr>\n<tr>\n<td style=\"width: 50%; vertical-align: middle;\"><a href=\"https:\/\/zug-bilder.de\/wp-content\/uploads\/2019\/11\/1000-A-\u00d6BB-51-81-98-70-070-1_190608_WienHbf_NJ490.jpg\"><img loading=\"lazy\" decoding=\"async\" class=\"alignnone size-medium wp-image-2591\" src=\"https:\/\/zug-bilder.de\/wp-content\/uploads\/2019\/11\/1000-A-\u00d6BB-51-81-98-70-070-1_190608_WienHbf_NJ490-300x205.jpg\" alt=\"\" width=\"300\" height=\"205\" srcset=\"https:\/\/zug-bilder.de\/wp-content\/uploads\/2019\/11\/1000-A-\u00d6BB-51-81-98-70-070-1_190608_WienHbf_NJ490-300x205.jpg 300w, https:\/\/zug-bilder.de\/wp-content\/uploads\/2019\/11\/1000-A-\u00d6BB-51-81-98-70-070-1_190608_WienHbf_NJ490-768x524.jpg 768w, https:\/\/zug-bilder.de\/wp-content\/uploads\/2019\/11\/1000-A-\u00d6BB-51-81-98-70-070-1_190608_WienHbf_NJ490.jpg 1000w\" sizes=\"auto, (max-width: 300px) 100vw, 300px\" \/><\/a><\/td>\n<td style=\"width: 50%; vertical-align: middle;\"><strong>A-\u00d6BB 51 81 98-70 070-1<\/strong><br \/>\n08.06.2019<br \/>\nWien Hbf<br \/>\n<em>NJ 490<\/em><br \/>\n<em>Wien Hbf (Autoreisezuganlage) &#8211;<\/em><br \/>\n<em>Hamburg Altona<\/em><\/td>\n<\/tr>\n<tr>\n<td style=\"width: 50%; vertical-align: middle;\"><a href=\"https:\/\/zug-bilder.de\/wp-content\/uploads\/2019\/11\/1000-A-\u00d6BB-51-81-98-70-076-8_190608_WienHbf_NJ490.jpg\"><img loading=\"lazy\" decoding=\"async\" class=\"alignnone size-medium wp-image-2626\" src=\"https:\/\/zug-bilder.de\/wp-content\/uploads\/2019\/11\/1000-A-\u00d6BB-51-81-98-70-076-8_190608_WienHbf_NJ490-300x205.jpg\" alt=\"\" width=\"300\" height=\"205\" srcset=\"https:\/\/zug-bilder.de\/wp-content\/uploads\/2019\/11\/1000-A-\u00d6BB-51-81-98-70-076-8_190608_WienHbf_NJ490-300x205.jpg 300w, https:\/\/zug-bilder.de\/wp-content\/uploads\/2019\/11\/1000-A-\u00d6BB-51-81-98-70-076-8_190608_WienHbf_NJ490-768x524.jpg 768w, https:\/\/zug-bilder.de\/wp-content\/uploads\/2019\/11\/1000-A-\u00d6BB-51-81-98-70-076-8_190608_WienHbf_NJ490.jpg 1000w\" sizes=\"auto, (max-width: 300px) 100vw, 300px\" \/><\/a><\/td>\n<td style=\"width: 50%; vertical-align: middle;\"><strong>A-\u00d6BB 51 81 98-70 076-8<br \/>\n<\/strong>08.06.2019<br \/>\nWien Hbf<br \/>\n<em>NJ 490<\/em><br \/>\n<em>Wien Hbf (Autoreisezuganlage) &#8211;<\/em><br \/>\n<em>Hamburg Altona<\/em><\/td>\n<\/tr>\n<tr>\n<td style=\"width: 50%; vertical-align: middle;\"><a href=\"https:\/\/zug-bilder.de\/wp-content\/uploads\/2020\/10\/1000-A-\u00d6BB-51-81-98-70-079-2_200826_HamburgAltona_NJ490.jpg\"><img loading=\"lazy\" decoding=\"async\" class=\"alignnone size-medium wp-image-4283\" src=\"https:\/\/zug-bilder.de\/wp-content\/uploads\/2020\/10\/1000-A-\u00d6BB-51-81-98-70-079-2_200826_HamburgAltona_NJ490-300x205.jpg\" alt=\"\" width=\"300\" height=\"205\" srcset=\"https:\/\/zug-bilder.de\/wp-content\/uploads\/2020\/10\/1000-A-\u00d6BB-51-81-98-70-079-2_200826_HamburgAltona_NJ490-300x205.jpg 300w, https:\/\/zug-bilder.de\/wp-content\/uploads\/2020\/10\/1000-A-\u00d6BB-51-81-98-70-079-2_200826_HamburgAltona_NJ490-768x524.jpg 768w, https:\/\/zug-bilder.de\/wp-content\/uploads\/2020\/10\/1000-A-\u00d6BB-51-81-98-70-079-2_200826_HamburgAltona_NJ490.jpg 1000w\" sizes=\"auto, (max-width: 300px) 100vw, 300px\" \/><\/a><\/td>\n<td style=\"width: 50%; vertical-align: middle;\"><strong>A-\u00d6BB 51 81 98-70 079-2<br \/>\n<\/strong>26.08.2020<br \/>\nHamburg Altona<br \/>\nNJ 490<br \/>\n<em>Wien Hbf (Autoreisezuganlage) &#8211;<\/em><br \/>\n<em>Hamburg Altona<\/em><\/td>\n<\/tr>\n<\/tbody>\n<\/table>\n","protected":false},"excerpt":{"rendered":"<p>A-\u00d6BB 51 81 98-70 054-5 26.08.2020 Hamburg Altona NJ 490 Wien Hbf (Autoreisezuganlage) &#8211; Hamburg Altona A-\u00d6BB 51 81 98-70 058-6 08.06.2019 Wien Hbf NJ 490 Wien Hbf (Autoreisezuganlage) &#8211; Hamburg Altona A-\u00d6BB 51 81 98-70 059-4 26.08.2020 Hamburg Altona NJ 490 Wien Hbf (Autoreisezuganlage) &#8211; Hamburg Altona A-\u00d6BB 51 81 98-70 070-1 08.06.2019 Wien &hellip; <a href=\"https:\/\/zug-bilder.de\/?page_id=2590\" class=\"more-link\"><span class=\"screen-reader-text\">A &#8211; DDm<\/span> weiterlesen<\/a><\/p>\n","protected":false},"author":1,"featured_media":0,"parent":0,"menu_order":0,"comment_status":"closed","ping_status":"closed","template":"","meta":{"footnotes":""},"class_list":["post-2590","page","type-page","status-publish","hentry"],"_links":{"self":[{"href":"https:\/\/zug-bilder.de\/index.php?rest_route=\/wp\/v2\/pages\/2590","targetHints":{"allow":["GET"]}}],"collection":[{"href":"https:\/\/zug-bilder.de\/index.php?rest_route=\/wp\/v2\/pages"}],"about":[{"href":"https:\/\/zug-bilder.de\/index.php?rest_route=\/wp\/v2\/types\/page"}],"author":[{"embeddable":true,"href":"https:\/\/zug-bilder.de\/index.php?rest_route=\/wp\/v2\/users\/1"}],"replies":[{"embeddable":true,"href":"https:\/\/zug-bilder.de\/index.php?rest_route=%2Fwp%2Fv2%2Fcomments&post=2590"}],"version-history":[{"count":7,"href":"https:\/\/zug-bilder.de\/index.php?rest_route=\/wp\/v2\/pages\/2590\/revisions"}],"predecessor-version":[{"id":4288,"href":"https:\/\/zug-bilder.de\/index.php?rest_route=\/wp\/v2\/pages\/2590\/revisions\/4288"}],"wp:attachment":[{"href":"https:\/\/zug-bilder.de\/index.php?rest_route=%2Fwp%2Fv2%2Fmedia&parent=2590"}],"curies":[{"name":"wp","href":"https:\/\/api.w.org\/{rel}","templated":true}]}}