{"id":2781,"date":"2019-12-03T18:19:23","date_gmt":"2019-12-03T18:19:23","guid":{"rendered":"https:\/\/zug-bilder.de\/?page_id=2781"},"modified":"2021-08-24T19:09:13","modified_gmt":"2021-08-24T19:09:13","slug":"d-bahnhoefe","status":"publish","type":"page","link":"https:\/\/zug-bilder.de\/?page_id=2781","title":{"rendered":"D &#8211; Bahnh\u00f6fe"},"content":{"rendered":"<table style=\"border-collapse: collapse; width: 100%;\">\n<tbody>\n<tr>\n<td style=\"width: 50%; vertical-align: middle;\"><a href=\"https:\/\/zug-bilder.de\/wp-content\/uploads\/2021\/08\/1000-210818_BerlinMuseumsinsel.jpg\"><img loading=\"lazy\" decoding=\"async\" class=\"alignnone size-medium wp-image-4666\" src=\"https:\/\/zug-bilder.de\/wp-content\/uploads\/2021\/08\/1000-210818_BerlinMuseumsinsel-300x205.jpg\" alt=\"\" width=\"300\" height=\"205\" srcset=\"https:\/\/zug-bilder.de\/wp-content\/uploads\/2021\/08\/1000-210818_BerlinMuseumsinsel-300x205.jpg 300w, https:\/\/zug-bilder.de\/wp-content\/uploads\/2021\/08\/1000-210818_BerlinMuseumsinsel-768x524.jpg 768w, https:\/\/zug-bilder.de\/wp-content\/uploads\/2021\/08\/1000-210818_BerlinMuseumsinsel.jpg 1000w\" sizes=\"auto, (max-width: 300px) 100vw, 300px\" \/><\/a><\/td>\n<td style=\"width: 50%; vertical-align: middle;\"><strong>Berlin Museumsinsel<br \/>\n<\/strong>18.08.2021<\/td>\n<\/tr>\n<tr>\n<td style=\"width: 50%; vertical-align: middle;\"><a href=\"https:\/\/zug-bilder.de\/wp-content\/uploads\/2020\/08\/1000-200806_Garching.jpg\"><img loading=\"lazy\" decoding=\"async\" class=\"alignnone size-medium wp-image-4166\" src=\"https:\/\/zug-bilder.de\/wp-content\/uploads\/2020\/08\/1000-200806_Garching-300x205.jpg\" alt=\"\" width=\"300\" height=\"205\" srcset=\"https:\/\/zug-bilder.de\/wp-content\/uploads\/2020\/08\/1000-200806_Garching-300x205.jpg 300w, https:\/\/zug-bilder.de\/wp-content\/uploads\/2020\/08\/1000-200806_Garching-768x524.jpg 768w, https:\/\/zug-bilder.de\/wp-content\/uploads\/2020\/08\/1000-200806_Garching.jpg 1000w\" sizes=\"auto, (max-width: 300px) 100vw, 300px\" \/><\/a><\/td>\n<td style=\"width: 50%; vertical-align: middle;\"><strong>Garching (Alz)<br \/>\n<\/strong>06.08.2020<\/td>\n<\/tr>\n<tr>\n<td style=\"width: 50%; vertical-align: middle;\"><a href=\"https:\/\/zug-bilder.de\/wp-content\/uploads\/2020\/09\/1000-200806_Kastl.jpg\"><img loading=\"lazy\" decoding=\"async\" class=\"alignnone size-medium wp-image-4219\" src=\"https:\/\/zug-bilder.de\/wp-content\/uploads\/2020\/09\/1000-200806_Kastl-300x205.jpg\" alt=\"\" width=\"300\" height=\"205\" srcset=\"https:\/\/zug-bilder.de\/wp-content\/uploads\/2020\/09\/1000-200806_Kastl-300x205.jpg 300w, https:\/\/zug-bilder.de\/wp-content\/uploads\/2020\/09\/1000-200806_Kastl-768x524.jpg 768w, https:\/\/zug-bilder.de\/wp-content\/uploads\/2020\/09\/1000-200806_Kastl.jpg 1000w\" sizes=\"auto, (max-width: 300px) 100vw, 300px\" \/><\/a><\/td>\n<td style=\"width: 50%; vertical-align: middle;\"><strong>Kastl (Oberbay)<br \/>\n<\/strong>06.08.2020<\/td>\n<\/tr>\n<tr>\n<td style=\"width: 50%; vertical-align: middle;\"><a href=\"https:\/\/zug-bilder.de\/wp-content\/uploads\/2019\/12\/1000-140627_M\u00fcnchenFlughafenBesucherpark.jpg\"><img loading=\"lazy\" decoding=\"async\" class=\"alignnone size-medium wp-image-2782\" src=\"https:\/\/zug-bilder.de\/wp-content\/uploads\/2019\/12\/1000-140627_M\u00fcnchenFlughafenBesucherpark-300x205.jpg\" alt=\"\" width=\"300\" height=\"205\" srcset=\"https:\/\/zug-bilder.de\/wp-content\/uploads\/2019\/12\/1000-140627_M\u00fcnchenFlughafenBesucherpark-300x205.jpg 300w, https:\/\/zug-bilder.de\/wp-content\/uploads\/2019\/12\/1000-140627_M\u00fcnchenFlughafenBesucherpark-768x524.jpg 768w, https:\/\/zug-bilder.de\/wp-content\/uploads\/2019\/12\/1000-140627_M\u00fcnchenFlughafenBesucherpark.jpg 1000w\" sizes=\"auto, (max-width: 300px) 100vw, 300px\" \/><\/a><\/td>\n<td style=\"width: 50%; vertical-align: middle;\"><strong>M\u00fcnchen<br \/>\nFlughafen Besucherpark<\/strong><br \/>\n27.06.2014<\/td>\n<\/tr>\n<tr>\n<td style=\"width: 50%; vertical-align: middle;\"><a href=\"https:\/\/zug-bilder.de\/wp-content\/uploads\/2021\/03\/1000-121006_KurortOberwiesenthal.jpg\"><img loading=\"lazy\" decoding=\"async\" class=\"alignnone size-medium wp-image-4436\" src=\"https:\/\/zug-bilder.de\/wp-content\/uploads\/2021\/03\/1000-121006_KurortOberwiesenthal-300x205.jpg\" alt=\"\" width=\"300\" height=\"205\" srcset=\"https:\/\/zug-bilder.de\/wp-content\/uploads\/2021\/03\/1000-121006_KurortOberwiesenthal-300x205.jpg 300w, https:\/\/zug-bilder.de\/wp-content\/uploads\/2021\/03\/1000-121006_KurortOberwiesenthal-768x524.jpg 768w, https:\/\/zug-bilder.de\/wp-content\/uploads\/2021\/03\/1000-121006_KurortOberwiesenthal.jpg 1000w\" sizes=\"auto, (max-width: 300px) 100vw, 300px\" \/><\/a><\/td>\n<td style=\"width: 50%; vertical-align: middle;\"><strong>Kurort Oberwiesenthal<br \/>\n<\/strong>06.10.2012<\/td>\n<\/tr>\n<tr>\n<td style=\"width: 50%; vertical-align: middle;\"><a href=\"https:\/\/zug-bilder.de\/wp-content\/uploads\/2020\/04\/1000-240000_T\u00f6ging_2-Steinbichler.jpg\"><img loading=\"lazy\" decoding=\"async\" class=\"alignnone size-medium wp-image-3728\" src=\"https:\/\/zug-bilder.de\/wp-content\/uploads\/2020\/04\/1000-240000_T\u00f6ging_2-Steinbichler-300x205.jpg\" alt=\"\" width=\"300\" height=\"205\" srcset=\"https:\/\/zug-bilder.de\/wp-content\/uploads\/2020\/04\/1000-240000_T\u00f6ging_2-Steinbichler-300x205.jpg 300w, https:\/\/zug-bilder.de\/wp-content\/uploads\/2020\/04\/1000-240000_T\u00f6ging_2-Steinbichler-768x524.jpg 768w, https:\/\/zug-bilder.de\/wp-content\/uploads\/2020\/04\/1000-240000_T\u00f6ging_2-Steinbichler.jpg 1000w\" sizes=\"auto, (max-width: 300px) 100vw, 300px\" \/><\/a><\/td>\n<td style=\"width: 50%; vertical-align: middle;\"><strong>T\u00f6ging (Inn)<br \/>\n<\/strong>1924<em><br \/>\n<\/em><em>Sammlung Steinbichler, mit freundlicher Genehmigung<\/em><\/td>\n<\/tr>\n<tr>\n<td style=\"width: 50%; vertical-align: middle;\"><a href=\"https:\/\/zug-bilder.de\/wp-content\/uploads\/2020\/04\/1000-240000_T\u00f6ging-Steinbichler.jpg\"><img loading=\"lazy\" decoding=\"async\" class=\"alignnone size-medium wp-image-3729\" src=\"https:\/\/zug-bilder.de\/wp-content\/uploads\/2020\/04\/1000-240000_T\u00f6ging-Steinbichler-300x205.jpg\" alt=\"\" width=\"300\" height=\"205\" srcset=\"https:\/\/zug-bilder.de\/wp-content\/uploads\/2020\/04\/1000-240000_T\u00f6ging-Steinbichler-300x205.jpg 300w, https:\/\/zug-bilder.de\/wp-content\/uploads\/2020\/04\/1000-240000_T\u00f6ging-Steinbichler-768x524.jpg 768w, https:\/\/zug-bilder.de\/wp-content\/uploads\/2020\/04\/1000-240000_T\u00f6ging-Steinbichler.jpg 1000w\" sizes=\"auto, (max-width: 300px) 100vw, 300px\" \/><\/a><\/td>\n<td style=\"width: 50%; vertical-align: middle;\"><strong>T\u00f6ging (Inn)<br \/>\n<\/strong>1924<em><br \/>\n<\/em><em>Sammlung Steinbichler, mit freundlicher Genehmigung<\/em><\/td>\n<\/tr>\n<tr>\n<td style=\"width: 50%; vertical-align: middle;\"><a href=\"https:\/\/zug-bilder.de\/wp-content\/uploads\/2020\/04\/1000-500000_T\u00f6ging-Steinbichler.jpg\"><img loading=\"lazy\" decoding=\"async\" class=\"alignnone size-medium wp-image-3734\" src=\"https:\/\/zug-bilder.de\/wp-content\/uploads\/2020\/04\/1000-500000_T\u00f6ging-Steinbichler-300x205.jpg\" alt=\"\" width=\"300\" height=\"205\" srcset=\"https:\/\/zug-bilder.de\/wp-content\/uploads\/2020\/04\/1000-500000_T\u00f6ging-Steinbichler-300x205.jpg 300w, https:\/\/zug-bilder.de\/wp-content\/uploads\/2020\/04\/1000-500000_T\u00f6ging-Steinbichler-768x524.jpg 768w, https:\/\/zug-bilder.de\/wp-content\/uploads\/2020\/04\/1000-500000_T\u00f6ging-Steinbichler.jpg 1000w\" sizes=\"auto, (max-width: 300px) 100vw, 300px\" \/><\/a><\/td>\n<td style=\"width: 50%; vertical-align: middle;\"><strong>T\u00f6ging (Inn)<br \/>\n<\/strong>1950<br \/>\n<em>Sammlung Steinbichler, mit freundlicher Genehmigung<\/em><\/td>\n<\/tr>\n<tr>\n<td style=\"width: 50%; vertical-align: middle;\"><a href=\"https:\/\/zug-bilder.de\/wp-content\/uploads\/2020\/04\/1000-9X0000_T\u00f6ging-Steinbichler.jpg\"><img loading=\"lazy\" decoding=\"async\" class=\"alignnone size-medium wp-image-3730\" src=\"https:\/\/zug-bilder.de\/wp-content\/uploads\/2020\/04\/1000-9X0000_T\u00f6ging-Steinbichler-300x205.jpg\" alt=\"\" width=\"300\" height=\"205\" srcset=\"https:\/\/zug-bilder.de\/wp-content\/uploads\/2020\/04\/1000-9X0000_T\u00f6ging-Steinbichler-300x205.jpg 300w, https:\/\/zug-bilder.de\/wp-content\/uploads\/2020\/04\/1000-9X0000_T\u00f6ging-Steinbichler-768x524.jpg 768w, https:\/\/zug-bilder.de\/wp-content\/uploads\/2020\/04\/1000-9X0000_T\u00f6ging-Steinbichler.jpg 1000w\" sizes=\"auto, (max-width: 300px) 100vw, 300px\" \/><\/a><\/td>\n<td style=\"width: 50%; vertical-align: middle;\"><strong>T\u00f6ging (Inn)<br \/>\n<\/strong>1990er<em><br \/>\n<\/em><em>Sammlung Steinbichler, mit freundlicher Genehmigung<\/em><\/td>\n<\/tr>\n<\/tbody>\n<\/table>\n","protected":false},"excerpt":{"rendered":"<p>Berlin Museumsinsel 18.08.2021 Garching (Alz) 06.08.2020 Kastl (Oberbay) 06.08.2020 M\u00fcnchen Flughafen Besucherpark 27.06.2014 Kurort Oberwiesenthal 06.10.2012 T\u00f6ging (Inn) 1924 Sammlung Steinbichler, mit freundlicher Genehmigung T\u00f6ging (Inn) 1924 Sammlung Steinbichler, mit freundlicher Genehmigung T\u00f6ging (Inn) 1950 Sammlung Steinbichler, mit freundlicher Genehmigung T\u00f6ging (Inn) 1990er Sammlung Steinbichler, mit freundlicher Genehmigung<\/p>\n","protected":false},"author":1,"featured_media":0,"parent":0,"menu_order":0,"comment_status":"closed","ping_status":"closed","template":"","meta":{"footnotes":""},"class_list":["post-2781","page","type-page","status-publish","hentry"],"_links":{"self":[{"href":"https:\/\/zug-bilder.de\/index.php?rest_route=\/wp\/v2\/pages\/2781","targetHints":{"allow":["GET"]}}],"collection":[{"href":"https:\/\/zug-bilder.de\/index.php?rest_route=\/wp\/v2\/pages"}],"about":[{"href":"https:\/\/zug-bilder.de\/index.php?rest_route=\/wp\/v2\/types\/page"}],"author":[{"embeddable":true,"href":"https:\/\/zug-bilder.de\/index.php?rest_route=\/wp\/v2\/users\/1"}],"replies":[{"embeddable":true,"href":"https:\/\/zug-bilder.de\/index.php?rest_route=%2Fwp%2Fv2%2Fcomments&post=2781"}],"version-history":[{"count":14,"href":"https:\/\/zug-bilder.de\/index.php?rest_route=\/wp\/v2\/pages\/2781\/revisions"}],"predecessor-version":[{"id":4667,"href":"https:\/\/zug-bilder.de\/index.php?rest_route=\/wp\/v2\/pages\/2781\/revisions\/4667"}],"wp:attachment":[{"href":"https:\/\/zug-bilder.de\/index.php?rest_route=%2Fwp%2Fv2%2Fmedia&parent=2781"}],"curies":[{"name":"wp","href":"https:\/\/api.w.org\/{rel}","templated":true}]}}