{"id":282,"date":"2018-05-23T05:50:59","date_gmt":"2018-05-23T05:50:59","guid":{"rendered":"https:\/\/zug-bilder.de\/?page_id=282"},"modified":"2018-07-22T12:50:55","modified_gmt":"2018-07-22T12:50:55","slug":"hr-bee","status":"publish","type":"page","link":"https:\/\/zug-bilder.de\/?page_id=282","title":{"rendered":"HR &#8211; Bee"},"content":{"rendered":"<table style=\"width: 100%; border-collapse: collapse;\" border=\"1\">\n<tbody>\n<tr>\n<td style=\"width: 50%; vertical-align: middle;\"><a href=\"https:\/\/zug-bilder.de\/wp-content\/uploads\/2018\/05\/1000-HR-HZ-PP-61-78-20-70-079-8_180319_M\u00fcnchenOst_EN498-50463.jpg\"><img loading=\"lazy\" decoding=\"async\" class=\"alignnone size-medium wp-image-283\" src=\"https:\/\/zug-bilder.de\/wp-content\/uploads\/2018\/05\/1000-HR-HZ-PP-61-78-20-70-079-8_180319_M\u00fcnchenOst_EN498-50463-300x205.jpg\" alt=\"\" width=\"300\" height=\"205\" srcset=\"https:\/\/zug-bilder.de\/wp-content\/uploads\/2018\/05\/1000-HR-HZ-PP-61-78-20-70-079-8_180319_M\u00fcnchenOst_EN498-50463-300x205.jpg 300w, https:\/\/zug-bilder.de\/wp-content\/uploads\/2018\/05\/1000-HR-HZ-PP-61-78-20-70-079-8_180319_M\u00fcnchenOst_EN498-50463-768x524.jpg 768w, https:\/\/zug-bilder.de\/wp-content\/uploads\/2018\/05\/1000-HR-HZ-PP-61-78-20-70-079-8_180319_M\u00fcnchenOst_EN498-50463.jpg 1000w\" sizes=\"auto, (max-width: 300px) 100vw, 300px\" \/><\/a><\/td>\n<td style=\"width: 50%; vertical-align: middle;\"><span style=\"color: #333333;\"><strong>HR-H\u017d PP 61 78 20-70 079-8<\/strong><\/span><br \/>\n<span style=\"color: #333333;\">19.03.2018<\/span><br \/>\n<span style=\"color: #333333;\">M\u00fcnchen Ost<\/span><br \/>\n<span style=\"color: #333333;\"><em>Abstellung von EN 498<\/em><\/span><br \/>\n<span style=\"color: #333333;\"><em>Zagreb Glavni kolodvor \u2013<\/em><\/span><br \/>\n<span style=\"color: #333333;\"><em>M\u00fcnchen Hbf<\/em><\/span><br \/>\n<span style=\"color: #333333;\"><em>Abstellung f\u00fcr EN 50463<\/em><\/span><br \/>\n<span style=\"color: #333333;\"><em>M\u00fcnchen Hbf \u2013<\/em><\/span><br \/>\n<span style=\"color: #333333;\"><em>Zagreb Glavni kolodvor<\/em><\/span><\/td>\n<\/tr>\n<tr>\n<td style=\"width: 50%; vertical-align: middle;\"><a href=\"https:\/\/zug-bilder.de\/wp-content\/uploads\/2018\/05\/1000-HR-HZ-PP-61-78-20-70-086-3_180319_M\u00fcnchenOst_D480-EN60463.jpg\"><img loading=\"lazy\" decoding=\"async\" class=\"alignnone size-medium wp-image-286\" src=\"https:\/\/zug-bilder.de\/wp-content\/uploads\/2018\/05\/1000-HR-HZ-PP-61-78-20-70-086-3_180319_M\u00fcnchenOst_D480-EN60463-300x205.jpg\" alt=\"\" width=\"300\" height=\"205\" srcset=\"https:\/\/zug-bilder.de\/wp-content\/uploads\/2018\/05\/1000-HR-HZ-PP-61-78-20-70-086-3_180319_M\u00fcnchenOst_D480-EN60463-300x205.jpg 300w, https:\/\/zug-bilder.de\/wp-content\/uploads\/2018\/05\/1000-HR-HZ-PP-61-78-20-70-086-3_180319_M\u00fcnchenOst_D480-EN60463-768x524.jpg 768w, https:\/\/zug-bilder.de\/wp-content\/uploads\/2018\/05\/1000-HR-HZ-PP-61-78-20-70-086-3_180319_M\u00fcnchenOst_D480-EN60463.jpg 1000w\" sizes=\"auto, (max-width: 300px) 100vw, 300px\" \/><\/a><\/td>\n<td style=\"width: 50%; vertical-align: middle;\"><span style=\"color: #333333;\"><strong>HR-H\u017d PP 61 78 20-70 086-3<br \/>\n<\/strong>19.03.2018<br \/>\nM\u00fcnchen Ost<br \/>\n<em>Abstellung von D 480<\/em><br \/>\n<em>Rijeka \u2013 <\/em><em>M\u00fcnchen Hbf<\/em><br \/>\n<em>Abstellung f\u00fcr EN 60463<\/em><br \/>\n<em>M\u00fcnchen Hbf &#8211; Rijeka<\/em><br \/>\n<\/span><\/td>\n<\/tr>\n<\/tbody>\n<\/table>\n","protected":false},"excerpt":{"rendered":"<p>HR-H\u017d PP 61 78 20-70 079-8 19.03.2018 M\u00fcnchen Ost Abstellung von EN 498 Zagreb Glavni kolodvor \u2013 M\u00fcnchen Hbf Abstellung f\u00fcr EN 50463 M\u00fcnchen Hbf \u2013 Zagreb Glavni kolodvor HR-H\u017d PP 61 78 20-70 086-3 19.03.2018 M\u00fcnchen Ost Abstellung von D 480 Rijeka \u2013 M\u00fcnchen Hbf Abstellung f\u00fcr EN 60463 M\u00fcnchen Hbf &#8211; Rijeka<\/p>\n","protected":false},"author":1,"featured_media":0,"parent":0,"menu_order":0,"comment_status":"closed","ping_status":"closed","template":"","meta":{"footnotes":""},"class_list":["post-282","page","type-page","status-publish","hentry"],"_links":{"self":[{"href":"https:\/\/zug-bilder.de\/index.php?rest_route=\/wp\/v2\/pages\/282","targetHints":{"allow":["GET"]}}],"collection":[{"href":"https:\/\/zug-bilder.de\/index.php?rest_route=\/wp\/v2\/pages"}],"about":[{"href":"https:\/\/zug-bilder.de\/index.php?rest_route=\/wp\/v2\/types\/page"}],"author":[{"embeddable":true,"href":"https:\/\/zug-bilder.de\/index.php?rest_route=\/wp\/v2\/users\/1"}],"replies":[{"embeddable":true,"href":"https:\/\/zug-bilder.de\/index.php?rest_route=%2Fwp%2Fv2%2Fcomments&post=282"}],"version-history":[{"count":5,"href":"https:\/\/zug-bilder.de\/index.php?rest_route=\/wp\/v2\/pages\/282\/revisions"}],"predecessor-version":[{"id":621,"href":"https:\/\/zug-bilder.de\/index.php?rest_route=\/wp\/v2\/pages\/282\/revisions\/621"}],"wp:attachment":[{"href":"https:\/\/zug-bilder.de\/index.php?rest_route=%2Fwp%2Fv2%2Fmedia&parent=282"}],"curies":[{"name":"wp","href":"https:\/\/api.w.org\/{rel}","templated":true}]}}