{"id":3054,"date":"2019-12-25T18:38:18","date_gmt":"2019-12-25T18:38:18","guid":{"rendered":"https:\/\/zug-bilder.de\/?page_id=3054"},"modified":"2022-06-17T11:20:39","modified_gmt":"2022-06-17T11:20:39","slug":"92-80-1261","status":"publish","type":"page","link":"https:\/\/zug-bilder.de\/?page_id=3054","title":{"rendered":"92 80 1261"},"content":{"rendered":"<table style=\"border-collapse: collapse; width: 100%;\">\n<tbody>\n<tr>\n<td style=\"width: 50%; vertical-align: middle;\"><a href=\"https:\/\/zug-bilder.de\/wp-content\/uploads\/2020\/09\/1000-92-80-1261-040-0-D-DB_120601_HamburgBarmbek.jpg\"><img loading=\"lazy\" decoding=\"async\" class=\"alignnone size-medium wp-image-4240\" src=\"https:\/\/zug-bilder.de\/wp-content\/uploads\/2020\/09\/1000-92-80-1261-040-0-D-DB_120601_HamburgBarmbek-300x205.jpg\" alt=\"\" width=\"300\" height=\"205\" srcset=\"https:\/\/zug-bilder.de\/wp-content\/uploads\/2020\/09\/1000-92-80-1261-040-0-D-DB_120601_HamburgBarmbek-300x205.jpg 300w, https:\/\/zug-bilder.de\/wp-content\/uploads\/2020\/09\/1000-92-80-1261-040-0-D-DB_120601_HamburgBarmbek-768x524.jpg 768w, https:\/\/zug-bilder.de\/wp-content\/uploads\/2020\/09\/1000-92-80-1261-040-0-D-DB_120601_HamburgBarmbek.jpg 1000w\" sizes=\"auto, (max-width: 300px) 100vw, 300px\" \/><\/a><\/td>\n<td style=\"width: 50%; vertical-align: middle;\"><strong>92 80 1261 040-0 D-DB<br \/>\n<\/strong>01.06.2012<br \/>\nHamburg Barmbek<\/td>\n<\/tr>\n<tr>\n<td style=\"width: 50%; vertical-align: middle;\"><a href=\"https:\/\/zug-bilder.de\/wp-content\/uploads\/2019\/12\/1000-92-80-1261-308-1-D-SGL_160325_T\u00fc\u00dfling.jpg\"><img loading=\"lazy\" decoding=\"async\" class=\"alignnone size-medium wp-image-3055\" src=\"https:\/\/zug-bilder.de\/wp-content\/uploads\/2019\/12\/1000-92-80-1261-308-1-D-SGL_160325_T\u00fc\u00dfling-300x205.jpg\" alt=\"\" width=\"300\" height=\"205\" srcset=\"https:\/\/zug-bilder.de\/wp-content\/uploads\/2019\/12\/1000-92-80-1261-308-1-D-SGL_160325_T\u00fc\u00dfling-300x205.jpg 300w, https:\/\/zug-bilder.de\/wp-content\/uploads\/2019\/12\/1000-92-80-1261-308-1-D-SGL_160325_T\u00fc\u00dfling-768x524.jpg 768w, https:\/\/zug-bilder.de\/wp-content\/uploads\/2019\/12\/1000-92-80-1261-308-1-D-SGL_160325_T\u00fc\u00dfling.jpg 1000w\" sizes=\"auto, (max-width: 300px) 100vw, 300px\" \/><\/a><\/td>\n<td style=\"width: 50%; vertical-align: middle;\"><strong>92 80 1261 308-1 D-SGL<\/strong><br \/>\n25.03.2016<br \/>\nT\u00fc\u00dfling<\/td>\n<\/tr>\n<tr>\n<td style=\"width: 50%; vertical-align: middle;\"><a href=\"https:\/\/zug-bilder.de\/wp-content\/uploads\/2019\/12\/1000-92-80-1261-308-1-D-SGL_160325_T\u00fc\u00dfling_2.jpg\"><img loading=\"lazy\" decoding=\"async\" class=\"alignnone size-medium wp-image-3058\" src=\"https:\/\/zug-bilder.de\/wp-content\/uploads\/2019\/12\/1000-92-80-1261-308-1-D-SGL_160325_T\u00fc\u00dfling_2-300x205.jpg\" alt=\"\" width=\"300\" height=\"205\" srcset=\"https:\/\/zug-bilder.de\/wp-content\/uploads\/2019\/12\/1000-92-80-1261-308-1-D-SGL_160325_T\u00fc\u00dfling_2-300x205.jpg 300w, https:\/\/zug-bilder.de\/wp-content\/uploads\/2019\/12\/1000-92-80-1261-308-1-D-SGL_160325_T\u00fc\u00dfling_2-768x524.jpg 768w, https:\/\/zug-bilder.de\/wp-content\/uploads\/2019\/12\/1000-92-80-1261-308-1-D-SGL_160325_T\u00fc\u00dfling_2.jpg 1000w\" sizes=\"auto, (max-width: 300px) 100vw, 300px\" \/><\/a><\/td>\n<td style=\"width: 50%; vertical-align: middle;\"><strong>92 80 1261 308-1 D-SGL<br \/>\n<\/strong>25.03.2016<br \/>\nT\u00fc\u00dfling<\/td>\n<\/tr>\n<tr>\n<td style=\"width: 50%; vertical-align: middle;\"><a href=\"https:\/\/zug-bilder.de\/wp-content\/uploads\/2019\/12\/1000-92-80-1261-308-1-D-SGL_160325_T\u00fc\u00dfling_3.jpg\"><img loading=\"lazy\" decoding=\"async\" class=\"alignnone size-medium wp-image-3059\" src=\"https:\/\/zug-bilder.de\/wp-content\/uploads\/2019\/12\/1000-92-80-1261-308-1-D-SGL_160325_T\u00fc\u00dfling_3-300x205.jpg\" alt=\"\" width=\"300\" height=\"205\" srcset=\"https:\/\/zug-bilder.de\/wp-content\/uploads\/2019\/12\/1000-92-80-1261-308-1-D-SGL_160325_T\u00fc\u00dfling_3-300x205.jpg 300w, https:\/\/zug-bilder.de\/wp-content\/uploads\/2019\/12\/1000-92-80-1261-308-1-D-SGL_160325_T\u00fc\u00dfling_3-768x524.jpg 768w, https:\/\/zug-bilder.de\/wp-content\/uploads\/2019\/12\/1000-92-80-1261-308-1-D-SGL_160325_T\u00fc\u00dfling_3.jpg 1000w\" sizes=\"auto, (max-width: 300px) 100vw, 300px\" \/><\/a><\/td>\n<td style=\"width: 50%; vertical-align: middle;\"><strong>92 80 1261 308-1 D-SGL<br \/>\n<\/strong>25.03.2016<br \/>\nT\u00fc\u00dfling<\/td>\n<\/tr>\n<tr>\n<td style=\"width: 50%; vertical-align: middle;\"><a href=\"https:\/\/zug-bilder.de\/wp-content\/uploads\/2019\/12\/1000-92-80-1261-308-1-D-SGL_160325_T\u00fc\u00dfling_4.jpg\"><img loading=\"lazy\" decoding=\"async\" class=\"alignnone size-medium wp-image-3061\" src=\"https:\/\/zug-bilder.de\/wp-content\/uploads\/2019\/12\/1000-92-80-1261-308-1-D-SGL_160325_T\u00fc\u00dfling_4-300x205.jpg\" alt=\"\" width=\"300\" height=\"205\" srcset=\"https:\/\/zug-bilder.de\/wp-content\/uploads\/2019\/12\/1000-92-80-1261-308-1-D-SGL_160325_T\u00fc\u00dfling_4-300x205.jpg 300w, https:\/\/zug-bilder.de\/wp-content\/uploads\/2019\/12\/1000-92-80-1261-308-1-D-SGL_160325_T\u00fc\u00dfling_4-768x524.jpg 768w, https:\/\/zug-bilder.de\/wp-content\/uploads\/2019\/12\/1000-92-80-1261-308-1-D-SGL_160325_T\u00fc\u00dfling_4.jpg 1000w\" sizes=\"auto, (max-width: 300px) 100vw, 300px\" \/><\/a><\/td>\n<td style=\"width: 50%; vertical-align: middle;\"><strong>92 80 1261 308-1 D-SGL<br \/>\n<\/strong>25.03.2016<br \/>\nT\u00fc\u00dfling<\/td>\n<\/tr>\n<tr>\n<td style=\"width: 50%; vertical-align: middle;\"><a href=\"https:\/\/zug-bilder.de\/wp-content\/uploads\/2019\/12\/1000-92-80-1261-308-1-D-SGL_160325_T\u00fc\u00dfling_5.jpg\"><img loading=\"lazy\" decoding=\"async\" class=\"alignnone size-medium wp-image-3062\" src=\"https:\/\/zug-bilder.de\/wp-content\/uploads\/2019\/12\/1000-92-80-1261-308-1-D-SGL_160325_T\u00fc\u00dfling_5-300x205.jpg\" alt=\"\" width=\"300\" height=\"205\" srcset=\"https:\/\/zug-bilder.de\/wp-content\/uploads\/2019\/12\/1000-92-80-1261-308-1-D-SGL_160325_T\u00fc\u00dfling_5-300x205.jpg 300w, https:\/\/zug-bilder.de\/wp-content\/uploads\/2019\/12\/1000-92-80-1261-308-1-D-SGL_160325_T\u00fc\u00dfling_5-768x524.jpg 768w, https:\/\/zug-bilder.de\/wp-content\/uploads\/2019\/12\/1000-92-80-1261-308-1-D-SGL_160325_T\u00fc\u00dfling_5.jpg 1000w\" sizes=\"auto, (max-width: 300px) 100vw, 300px\" \/><\/a><\/td>\n<td style=\"width: 50%; vertical-align: middle;\"><strong>92 80 1261 308-1 D-SGL<br \/>\n<\/strong>25.03.2016<br \/>\nT\u00fc\u00dfling<\/td>\n<\/tr>\n<tr>\n<td style=\"width: 50%; vertical-align: middle;\"><a href=\"https:\/\/zug-bilder.de\/wp-content\/uploads\/2020\/02\/1000-92-80-1261-308-1-D-SGL_160328_Garching.jpg\"><img loading=\"lazy\" decoding=\"async\" class=\"alignnone size-medium wp-image-3509\" src=\"https:\/\/zug-bilder.de\/wp-content\/uploads\/2020\/02\/1000-92-80-1261-308-1-D-SGL_160328_Garching-300x205.jpg\" alt=\"\" width=\"300\" height=\"205\" srcset=\"https:\/\/zug-bilder.de\/wp-content\/uploads\/2020\/02\/1000-92-80-1261-308-1-D-SGL_160328_Garching-300x205.jpg 300w, https:\/\/zug-bilder.de\/wp-content\/uploads\/2020\/02\/1000-92-80-1261-308-1-D-SGL_160328_Garching-768x524.jpg 768w, https:\/\/zug-bilder.de\/wp-content\/uploads\/2020\/02\/1000-92-80-1261-308-1-D-SGL_160328_Garching.jpg 1000w\" sizes=\"auto, (max-width: 300px) 100vw, 300px\" \/><\/a><\/td>\n<td style=\"width: 50%; vertical-align: middle;\"><strong>92 80 1261 308-1 D-SGL<br \/>\n<\/strong>28.03.2016<br \/>\nGarching (Alz)<strong><br \/>\n<\/strong><\/td>\n<\/tr>\n<tr>\n<td style=\"width: 50%; vertical-align: middle;\"><a href=\"https:\/\/zug-bilder.de\/wp-content\/uploads\/2020\/02\/1000-92-80-1261-308-1-D-SGL_160328_Garching_2.jpg\"><img loading=\"lazy\" decoding=\"async\" class=\"alignnone size-medium wp-image-3510\" src=\"https:\/\/zug-bilder.de\/wp-content\/uploads\/2020\/02\/1000-92-80-1261-308-1-D-SGL_160328_Garching_2-300x205.jpg\" alt=\"\" width=\"300\" height=\"205\" srcset=\"https:\/\/zug-bilder.de\/wp-content\/uploads\/2020\/02\/1000-92-80-1261-308-1-D-SGL_160328_Garching_2-300x205.jpg 300w, https:\/\/zug-bilder.de\/wp-content\/uploads\/2020\/02\/1000-92-80-1261-308-1-D-SGL_160328_Garching_2-768x524.jpg 768w, https:\/\/zug-bilder.de\/wp-content\/uploads\/2020\/02\/1000-92-80-1261-308-1-D-SGL_160328_Garching_2.jpg 1000w\" sizes=\"auto, (max-width: 300px) 100vw, 300px\" \/><\/a><\/td>\n<td style=\"width: 50%; vertical-align: middle;\"><strong>92 80 1261 308-1 D-SGL<br \/>\n<\/strong>28.03.2016<br \/>\nGarching (Alz)<\/td>\n<\/tr>\n<tr>\n<td style=\"width: 50%; vertical-align: middle;\"><a href=\"https:\/\/zug-bilder.de\/wp-content\/uploads\/2020\/02\/1000-92-80-1261-308-1-D-SGL_160328_Garching_3.jpg\"><img loading=\"lazy\" decoding=\"async\" class=\"alignnone size-medium wp-image-3511\" src=\"https:\/\/zug-bilder.de\/wp-content\/uploads\/2020\/02\/1000-92-80-1261-308-1-D-SGL_160328_Garching_3-300x205.jpg\" alt=\"\" width=\"300\" height=\"205\" srcset=\"https:\/\/zug-bilder.de\/wp-content\/uploads\/2020\/02\/1000-92-80-1261-308-1-D-SGL_160328_Garching_3-300x205.jpg 300w, https:\/\/zug-bilder.de\/wp-content\/uploads\/2020\/02\/1000-92-80-1261-308-1-D-SGL_160328_Garching_3-768x524.jpg 768w, https:\/\/zug-bilder.de\/wp-content\/uploads\/2020\/02\/1000-92-80-1261-308-1-D-SGL_160328_Garching_3.jpg 1000w\" sizes=\"auto, (max-width: 300px) 100vw, 300px\" \/><\/a><\/td>\n<td style=\"width: 50%; vertical-align: middle;\"><strong>92 80 1261 308-1 D-SGL<br \/>\n<\/strong>28.03.2016<br \/>\nGarching (Alz)<\/td>\n<\/tr>\n<tr>\n<td style=\"width: 50%; vertical-align: middle;\"><a href=\"https:\/\/zug-bilder.de\/wp-content\/uploads\/2022\/06\/1000-92-80-1261-314-9-D-SGL_220614_MuenchenHeimeranplatz.jpg\"><img loading=\"lazy\" decoding=\"async\" class=\"alignnone size-medium wp-image-5242\" src=\"https:\/\/zug-bilder.de\/wp-content\/uploads\/2022\/06\/1000-92-80-1261-314-9-D-SGL_220614_MuenchenHeimeranplatz-300x205.jpg\" alt=\"\" width=\"300\" height=\"205\" srcset=\"https:\/\/zug-bilder.de\/wp-content\/uploads\/2022\/06\/1000-92-80-1261-314-9-D-SGL_220614_MuenchenHeimeranplatz-300x205.jpg 300w, https:\/\/zug-bilder.de\/wp-content\/uploads\/2022\/06\/1000-92-80-1261-314-9-D-SGL_220614_MuenchenHeimeranplatz-768x524.jpg 768w, https:\/\/zug-bilder.de\/wp-content\/uploads\/2022\/06\/1000-92-80-1261-314-9-D-SGL_220614_MuenchenHeimeranplatz.jpg 1000w\" sizes=\"auto, (max-width: 300px) 100vw, 300px\" \/><\/a><\/td>\n<td style=\"width: 50%; vertical-align: middle;\"><strong>92 80 1261 314-9 D-SGL<br \/>\n<\/strong>14.06.2022<br \/>\nM\u00fcnchen Heimeranplatz<\/td>\n<\/tr>\n<\/tbody>\n<\/table>\n","protected":false},"excerpt":{"rendered":"<p>92 80 1261 040-0 D-DB 01.06.2012 Hamburg Barmbek 92 80 1261 308-1 D-SGL 25.03.2016 T\u00fc\u00dfling 92 80 1261 308-1 D-SGL 25.03.2016 T\u00fc\u00dfling 92 80 1261 308-1 D-SGL 25.03.2016 T\u00fc\u00dfling 92 80 1261 308-1 D-SGL 25.03.2016 T\u00fc\u00dfling 92 80 1261 308-1 D-SGL 25.03.2016 T\u00fc\u00dfling 92 80 1261 308-1 D-SGL 28.03.2016 Garching (Alz) 92 80 1261 308-1 &hellip; <a href=\"https:\/\/zug-bilder.de\/?page_id=3054\" class=\"more-link\"><span class=\"screen-reader-text\">92 80 1261<\/span> weiterlesen<\/a><\/p>\n","protected":false},"author":1,"featured_media":0,"parent":0,"menu_order":0,"comment_status":"closed","ping_status":"closed","template":"","meta":{"footnotes":""},"class_list":["post-3054","page","type-page","status-publish","hentry"],"_links":{"self":[{"href":"https:\/\/zug-bilder.de\/index.php?rest_route=\/wp\/v2\/pages\/3054","targetHints":{"allow":["GET"]}}],"collection":[{"href":"https:\/\/zug-bilder.de\/index.php?rest_route=\/wp\/v2\/pages"}],"about":[{"href":"https:\/\/zug-bilder.de\/index.php?rest_route=\/wp\/v2\/types\/page"}],"author":[{"embeddable":true,"href":"https:\/\/zug-bilder.de\/index.php?rest_route=\/wp\/v2\/users\/1"}],"replies":[{"embeddable":true,"href":"https:\/\/zug-bilder.de\/index.php?rest_route=%2Fwp%2Fv2%2Fcomments&post=3054"}],"version-history":[{"count":6,"href":"https:\/\/zug-bilder.de\/index.php?rest_route=\/wp\/v2\/pages\/3054\/revisions"}],"predecessor-version":[{"id":5243,"href":"https:\/\/zug-bilder.de\/index.php?rest_route=\/wp\/v2\/pages\/3054\/revisions\/5243"}],"wp:attachment":[{"href":"https:\/\/zug-bilder.de\/index.php?rest_route=%2Fwp%2Fv2%2Fmedia&parent=3054"}],"curies":[{"name":"wp","href":"https:\/\/api.w.org\/{rel}","templated":true}]}}