{"id":3066,"date":"2019-12-25T19:03:00","date_gmt":"2019-12-25T19:03:00","guid":{"rendered":"https:\/\/zug-bilder.de\/?page_id=3066"},"modified":"2024-05-23T13:55:27","modified_gmt":"2024-05-23T13:55:27","slug":"skks","status":"publish","type":"page","link":"https:\/\/zug-bilder.de\/?page_id=3066","title":{"rendered":"D &#8211; Skks"},"content":{"rendered":"<table style=\"border-collapse: collapse; width: 100%;\">\n<tbody>\n<tr>\n<td style=\"width: 50%; vertical-align: middle;\"><a href=\"https:\/\/zug-bilder.de\/wp-content\/uploads\/2019\/12\/1000-D-LOG-33-80-46-62-241-5_160325_T\u00fc\u00dfling.jpg\"><img loading=\"lazy\" decoding=\"async\" class=\"alignnone size-medium wp-image-3067\" src=\"https:\/\/zug-bilder.de\/wp-content\/uploads\/2019\/12\/1000-D-LOG-33-80-46-62-241-5_160325_T\u00fc\u00dfling-300x205.jpg\" alt=\"\" width=\"300\" height=\"205\" srcset=\"https:\/\/zug-bilder.de\/wp-content\/uploads\/2019\/12\/1000-D-LOG-33-80-46-62-241-5_160325_T\u00fc\u00dfling-300x205.jpg 300w, https:\/\/zug-bilder.de\/wp-content\/uploads\/2019\/12\/1000-D-LOG-33-80-46-62-241-5_160325_T\u00fc\u00dfling-768x524.jpg 768w, https:\/\/zug-bilder.de\/wp-content\/uploads\/2019\/12\/1000-D-LOG-33-80-46-62-241-5_160325_T\u00fc\u00dfling.jpg 1000w\" sizes=\"auto, (max-width: 300px) 100vw, 300px\" \/><\/a><\/td>\n<td style=\"width: 50%; vertical-align: middle;\"><strong>D-LOG 33 80 46-62 241-5<\/strong><br \/>\n25.03.2016<br \/>\nT\u00fc\u00dfling<\/td>\n<\/tr>\n<tr>\n<td style=\"width: 50%; vertical-align: middle;\"><a href=\"https:\/\/zug-bilder.de\/wp-content\/uploads\/2019\/12\/1000-D-LOG-33-80-46-62-260-5_160325_T\u00fc\u00dfling.jpg\"><img loading=\"lazy\" decoding=\"async\" class=\"alignnone size-medium wp-image-3068\" src=\"https:\/\/zug-bilder.de\/wp-content\/uploads\/2019\/12\/1000-D-LOG-33-80-46-62-260-5_160325_T\u00fc\u00dfling-300x205.jpg\" alt=\"\" width=\"300\" height=\"205\" srcset=\"https:\/\/zug-bilder.de\/wp-content\/uploads\/2019\/12\/1000-D-LOG-33-80-46-62-260-5_160325_T\u00fc\u00dfling-300x205.jpg 300w, https:\/\/zug-bilder.de\/wp-content\/uploads\/2019\/12\/1000-D-LOG-33-80-46-62-260-5_160325_T\u00fc\u00dfling-768x524.jpg 768w, https:\/\/zug-bilder.de\/wp-content\/uploads\/2019\/12\/1000-D-LOG-33-80-46-62-260-5_160325_T\u00fc\u00dfling.jpg 1000w\" sizes=\"auto, (max-width: 300px) 100vw, 300px\" \/><\/a><\/td>\n<td style=\"width: 50%; vertical-align: middle;\"><strong>D-LOG 33 80 46-62 260-5<\/strong><br \/>\n25.03.2016<br \/>\nT\u00fc\u00dfling<\/td>\n<\/tr>\n<tr>\n<td style=\"width: 50%; vertical-align: middle;\"><a href=\"https:\/\/zug-bilder.de\/wp-content\/uploads\/2020\/02\/1000-D-LOG-33-80-46-62-272-0_160328_Garching.jpg\"><img loading=\"lazy\" decoding=\"async\" class=\"alignnone size-medium wp-image-3528\" src=\"https:\/\/zug-bilder.de\/wp-content\/uploads\/2020\/02\/1000-D-LOG-33-80-46-62-272-0_160328_Garching-300x205.jpg\" alt=\"\" width=\"300\" height=\"205\" srcset=\"https:\/\/zug-bilder.de\/wp-content\/uploads\/2020\/02\/1000-D-LOG-33-80-46-62-272-0_160328_Garching-300x205.jpg 300w, https:\/\/zug-bilder.de\/wp-content\/uploads\/2020\/02\/1000-D-LOG-33-80-46-62-272-0_160328_Garching-768x524.jpg 768w, https:\/\/zug-bilder.de\/wp-content\/uploads\/2020\/02\/1000-D-LOG-33-80-46-62-272-0_160328_Garching.jpg 1000w\" sizes=\"auto, (max-width: 300px) 100vw, 300px\" \/><\/a><\/td>\n<td style=\"width: 50%; vertical-align: middle;\"><strong>D-LOG 33 80 46-62 272-0<br \/>\n<\/strong>28.03.2016<br \/>\nGarching (Alz)<strong><br \/>\n<\/strong><\/td>\n<\/tr>\n<\/tbody>\n<\/table>\n","protected":false},"excerpt":{"rendered":"<p>D-LOG 33 80 46-62 241-5 25.03.2016 T\u00fc\u00dfling D-LOG 33 80 46-62 260-5 25.03.2016 T\u00fc\u00dfling D-LOG 33 80 46-62 272-0 28.03.2016 Garching (Alz)<\/p>\n","protected":false},"author":1,"featured_media":0,"parent":0,"menu_order":0,"comment_status":"closed","ping_status":"closed","template":"","meta":{"footnotes":""},"class_list":["post-3066","page","type-page","status-publish","hentry"],"_links":{"self":[{"href":"https:\/\/zug-bilder.de\/index.php?rest_route=\/wp\/v2\/pages\/3066","targetHints":{"allow":["GET"]}}],"collection":[{"href":"https:\/\/zug-bilder.de\/index.php?rest_route=\/wp\/v2\/pages"}],"about":[{"href":"https:\/\/zug-bilder.de\/index.php?rest_route=\/wp\/v2\/types\/page"}],"author":[{"embeddable":true,"href":"https:\/\/zug-bilder.de\/index.php?rest_route=\/wp\/v2\/users\/1"}],"replies":[{"embeddable":true,"href":"https:\/\/zug-bilder.de\/index.php?rest_route=%2Fwp%2Fv2%2Fcomments&post=3066"}],"version-history":[{"count":3,"href":"https:\/\/zug-bilder.de\/index.php?rest_route=\/wp\/v2\/pages\/3066\/revisions"}],"predecessor-version":[{"id":6461,"href":"https:\/\/zug-bilder.de\/index.php?rest_route=\/wp\/v2\/pages\/3066\/revisions\/6461"}],"wp:attachment":[{"href":"https:\/\/zug-bilder.de\/index.php?rest_route=%2Fwp%2Fv2%2Fmedia&parent=3066"}],"curies":[{"name":"wp","href":"https:\/\/api.w.org\/{rel}","templated":true}]}}