{"id":307,"date":"2018-05-24T16:39:16","date_gmt":"2018-05-24T16:39:16","guid":{"rendered":"https:\/\/zug-bilder.de\/?page_id=307"},"modified":"2024-03-17T09:44:53","modified_gmt":"2024-03-17T09:44:53","slug":"cz-bdpee-231","status":"publish","type":"page","link":"https:\/\/zug-bilder.de\/?page_id=307","title":{"rendered":"CZ &#8211; Bdpee 231"},"content":{"rendered":"\n<div class=\"wp-block-columns is-layout-flex wp-container-core-columns-is-layout-9d6595d7 wp-block-columns-is-layout-flex\">\n<div class=\"wp-block-column is-layout-flow wp-block-column-is-layout-flow\">\n<figure data-wp-context=\"{&quot;imageId&quot;:&quot;69fb15f714ad0&quot;}\" data-wp-interactive=\"core\/image\" data-wp-key=\"69fb15f714ad0\" class=\"wp-block-image size-full wp-lightbox-container\"><img loading=\"lazy\" decoding=\"async\" width=\"1000\" height=\"682\" data-wp-class--hide=\"state.isContentHidden\" data-wp-class--show=\"state.isContentVisible\" data-wp-init=\"callbacks.setButtonStyles\" data-wp-on--click=\"actions.showLightbox\" data-wp-on--load=\"callbacks.setButtonStyles\" data-wp-on-window--resize=\"callbacks.setButtonStyles\" src=\"https:\/\/zug-bilder.de\/wp-content\/uploads\/2018\/05\/1000-CZ-CD-61-54-20-71-049-8_180319_M\u00fcnchenHbf_ALX360.jpg\" alt=\"\" class=\"wp-image-309\" srcset=\"https:\/\/zug-bilder.de\/wp-content\/uploads\/2018\/05\/1000-CZ-CD-61-54-20-71-049-8_180319_M\u00fcnchenHbf_ALX360.jpg 1000w, https:\/\/zug-bilder.de\/wp-content\/uploads\/2018\/05\/1000-CZ-CD-61-54-20-71-049-8_180319_M\u00fcnchenHbf_ALX360-300x205.jpg 300w, https:\/\/zug-bilder.de\/wp-content\/uploads\/2018\/05\/1000-CZ-CD-61-54-20-71-049-8_180319_M\u00fcnchenHbf_ALX360-768x524.jpg 768w\" sizes=\"auto, (max-width: 1000px) 100vw, 1000px\" \/><button\n\t\t\tclass=\"lightbox-trigger\"\n\t\t\ttype=\"button\"\n\t\t\taria-haspopup=\"dialog\"\n\t\t\taria-label=\"Vergr\u00f6\u00dfern\"\n\t\t\tdata-wp-init=\"callbacks.initTriggerButton\"\n\t\t\tdata-wp-on--click=\"actions.showLightbox\"\n\t\t\tdata-wp-style--right=\"state.imageButtonRight\"\n\t\t\tdata-wp-style--top=\"state.imageButtonTop\"\n\t\t>\n\t\t\t<svg xmlns=\"http:\/\/www.w3.org\/2000\/svg\" width=\"12\" height=\"12\" fill=\"none\" viewBox=\"0 0 12 12\">\n\t\t\t\t<path fill=\"#fff\" d=\"M2 0a2 2 0 0 0-2 2v2h1.5V2a.5.5 0 0 1 .5-.5h2V0H2Zm2 10.5H2a.5.5 0 0 1-.5-.5V8H0v2a2 2 0 0 0 2 2h2v-1.5ZM8 12v-1.5h2a.5.5 0 0 0 .5-.5V8H12v2a2 2 0 0 1-2 2H8Zm2-12a2 2 0 0 1 2 2v2h-1.5V2a.5.5 0 0 0-.5-.5H8V0h2Z\" \/>\n\t\t\t<\/svg>\n\t\t<\/button><\/figure>\n<\/div>\n\n\n\n<div class=\"wp-block-column is-layout-flow wp-block-column-is-layout-flow\">\n<p class=\"has-light-gray-background-color has-background\"><strong>CZ-\u010cD 61 54 20-71 049-8<\/strong><br>19.03.2018<br><img loading=\"lazy\" decoding=\"async\" width=\"33\" height=\"20\" src=\"https:\/\/zug-bilder.de\/wp-content\/uploads\/2023\/04\/Flagge_Deutschland.jpg\" alt=\"\">\u00a0M\u00fcnchen Hbf<br><em>EX 360 (bis Furth im Wald)<\/em> <em>&#8222;Z\u00e1padn\u00ed expres&#8220;<br>ALX 360 (ab Furth im Wald)<\/em><br><em>Nyrany &#8211; M\u00fcnchen Hbf<\/em><\/p>\n<\/div>\n<\/div>\n","protected":false},"excerpt":{"rendered":"<p>CZ-\u010cD 61 54 20-71 049-819.03.2018\u00a0M\u00fcnchen HbfEX 360 (bis Furth im Wald) &#8222;Z\u00e1padn\u00ed expres&#8220;ALX 360 (ab Furth im Wald)Nyrany &#8211; M\u00fcnchen Hbf<\/p>\n","protected":false},"author":1,"featured_media":0,"parent":0,"menu_order":0,"comment_status":"closed","ping_status":"closed","template":"","meta":{"footnotes":""},"class_list":["post-307","page","type-page","status-publish","hentry"],"_links":{"self":[{"href":"https:\/\/zug-bilder.de\/index.php?rest_route=\/wp\/v2\/pages\/307","targetHints":{"allow":["GET"]}}],"collection":[{"href":"https:\/\/zug-bilder.de\/index.php?rest_route=\/wp\/v2\/pages"}],"about":[{"href":"https:\/\/zug-bilder.de\/index.php?rest_route=\/wp\/v2\/types\/page"}],"author":[{"embeddable":true,"href":"https:\/\/zug-bilder.de\/index.php?rest_route=\/wp\/v2\/users\/1"}],"replies":[{"embeddable":true,"href":"https:\/\/zug-bilder.de\/index.php?rest_route=%2Fwp%2Fv2%2Fcomments&post=307"}],"version-history":[{"count":8,"href":"https:\/\/zug-bilder.de\/index.php?rest_route=\/wp\/v2\/pages\/307\/revisions"}],"predecessor-version":[{"id":6193,"href":"https:\/\/zug-bilder.de\/index.php?rest_route=\/wp\/v2\/pages\/307\/revisions\/6193"}],"wp:attachment":[{"href":"https:\/\/zug-bilder.de\/index.php?rest_route=%2Fwp%2Fv2%2Fmedia&parent=307"}],"curies":[{"name":"wp","href":"https:\/\/api.w.org\/{rel}","templated":true}]}}