{"id":3074,"date":"2019-12-25T19:31:40","date_gmt":"2019-12-25T19:31:40","guid":{"rendered":"https:\/\/zug-bilder.de\/?page_id=3074"},"modified":"2020-02-16T15:39:44","modified_gmt":"2020-02-16T15:39:44","slug":"d-97-30-08","status":"publish","type":"page","link":"https:\/\/zug-bilder.de\/?page_id=3074","title":{"rendered":"D &#8211; 97 30 08"},"content":{"rendered":"<table style=\"border-collapse: collapse; width: 100%;\">\n<tbody>\n<tr>\n<td style=\"width: 50%; vertical-align: middle;\"><a href=\"https:\/\/zug-bilder.de\/wp-content\/uploads\/2019\/12\/1000-97-30-08-902-57-7_160325_T\u00fc\u00dfling-1.jpg\"><img loading=\"lazy\" decoding=\"async\" class=\"alignnone size-medium wp-image-3075\" src=\"https:\/\/zug-bilder.de\/wp-content\/uploads\/2019\/12\/1000-97-30-08-902-57-7_160325_T\u00fc\u00dfling-1-300x205.jpg\" alt=\"\" width=\"300\" height=\"205\" srcset=\"https:\/\/zug-bilder.de\/wp-content\/uploads\/2019\/12\/1000-97-30-08-902-57-7_160325_T\u00fc\u00dfling-1-300x205.jpg 300w, https:\/\/zug-bilder.de\/wp-content\/uploads\/2019\/12\/1000-97-30-08-902-57-7_160325_T\u00fc\u00dfling-1-768x524.jpg 768w, https:\/\/zug-bilder.de\/wp-content\/uploads\/2019\/12\/1000-97-30-08-902-57-7_160325_T\u00fc\u00dfling-1.jpg 1000w\" sizes=\"auto, (max-width: 300px) 100vw, 300px\" \/><\/a><\/td>\n<td style=\"width: 50%; vertical-align: middle;\"><strong>97 30 08 902 57-7<\/strong><br \/>\n25.03.2016<br \/>\nT\u00fc\u00dfling<\/td>\n<\/tr>\n<tr>\n<td style=\"width: 50%; vertical-align: middle;\"><a href=\"https:\/\/zug-bilder.de\/wp-content\/uploads\/2019\/12\/1000-97-30-08-902-57-7_160325_T\u00fc\u00dfling_2.jpg\"><img loading=\"lazy\" decoding=\"async\" class=\"alignnone size-medium wp-image-3076\" src=\"https:\/\/zug-bilder.de\/wp-content\/uploads\/2019\/12\/1000-97-30-08-902-57-7_160325_T\u00fc\u00dfling_2-300x205.jpg\" alt=\"\" width=\"300\" height=\"205\" srcset=\"https:\/\/zug-bilder.de\/wp-content\/uploads\/2019\/12\/1000-97-30-08-902-57-7_160325_T\u00fc\u00dfling_2-300x205.jpg 300w, https:\/\/zug-bilder.de\/wp-content\/uploads\/2019\/12\/1000-97-30-08-902-57-7_160325_T\u00fc\u00dfling_2-768x524.jpg 768w, https:\/\/zug-bilder.de\/wp-content\/uploads\/2019\/12\/1000-97-30-08-902-57-7_160325_T\u00fc\u00dfling_2.jpg 1000w\" sizes=\"auto, (max-width: 300px) 100vw, 300px\" \/><\/a><\/td>\n<td style=\"width: 50%; vertical-align: middle;\"><strong>97 30 08 902 57-7<\/strong><br \/>\n25.03.2016<br \/>\nT\u00fc\u00dfling<\/td>\n<\/tr>\n<tr>\n<td style=\"width: 50%; vertical-align: middle;\"><a href=\"https:\/\/zug-bilder.de\/wp-content\/uploads\/2019\/12\/1000-97-30-08-902-57-7_160325_T\u00fc\u00dfling_3.jpg\"><img loading=\"lazy\" decoding=\"async\" class=\"alignnone size-medium wp-image-3077\" src=\"https:\/\/zug-bilder.de\/wp-content\/uploads\/2019\/12\/1000-97-30-08-902-57-7_160325_T\u00fc\u00dfling_3-300x205.jpg\" alt=\"\" width=\"300\" height=\"205\" srcset=\"https:\/\/zug-bilder.de\/wp-content\/uploads\/2019\/12\/1000-97-30-08-902-57-7_160325_T\u00fc\u00dfling_3-300x205.jpg 300w, https:\/\/zug-bilder.de\/wp-content\/uploads\/2019\/12\/1000-97-30-08-902-57-7_160325_T\u00fc\u00dfling_3-768x524.jpg 768w, https:\/\/zug-bilder.de\/wp-content\/uploads\/2019\/12\/1000-97-30-08-902-57-7_160325_T\u00fc\u00dfling_3.jpg 1000w\" sizes=\"auto, (max-width: 300px) 100vw, 300px\" \/><\/a><\/td>\n<td style=\"width: 50%; vertical-align: middle;\"><strong>97 30 08 902 57-7<\/strong><br \/>\n25.03.2016<br \/>\nT\u00fc\u00dfling<\/td>\n<\/tr>\n<tr>\n<td style=\"width: 50%; vertical-align: middle;\"><a href=\"https:\/\/zug-bilder.de\/wp-content\/uploads\/2020\/02\/1000-97-30-08-902-57-7_160328_Garching.jpg\"><img loading=\"lazy\" decoding=\"async\" class=\"alignnone size-medium wp-image-3513\" src=\"https:\/\/zug-bilder.de\/wp-content\/uploads\/2020\/02\/1000-97-30-08-902-57-7_160328_Garching-300x205.jpg\" alt=\"\" width=\"300\" height=\"205\" srcset=\"https:\/\/zug-bilder.de\/wp-content\/uploads\/2020\/02\/1000-97-30-08-902-57-7_160328_Garching-300x205.jpg 300w, https:\/\/zug-bilder.de\/wp-content\/uploads\/2020\/02\/1000-97-30-08-902-57-7_160328_Garching-768x524.jpg 768w, https:\/\/zug-bilder.de\/wp-content\/uploads\/2020\/02\/1000-97-30-08-902-57-7_160328_Garching.jpg 1000w\" sizes=\"auto, (max-width: 300px) 100vw, 300px\" \/><\/a><\/td>\n<td style=\"width: 50%; vertical-align: middle;\"><strong>97 30 08 902 57-7<br \/>\n<\/strong>28.03.2016<br \/>\nGarching (Alz)<strong><br \/>\n<\/strong><\/td>\n<\/tr>\n<\/tbody>\n<\/table>\n","protected":false},"excerpt":{"rendered":"<p>97 30 08 902 57-7 25.03.2016 T\u00fc\u00dfling 97 30 08 902 57-7 25.03.2016 T\u00fc\u00dfling 97 30 08 902 57-7 25.03.2016 T\u00fc\u00dfling 97 30 08 902 57-7 28.03.2016 Garching (Alz)<\/p>\n","protected":false},"author":1,"featured_media":0,"parent":0,"menu_order":0,"comment_status":"closed","ping_status":"closed","template":"","meta":{"footnotes":""},"class_list":["post-3074","page","type-page","status-publish","hentry"],"_links":{"self":[{"href":"https:\/\/zug-bilder.de\/index.php?rest_route=\/wp\/v2\/pages\/3074","targetHints":{"allow":["GET"]}}],"collection":[{"href":"https:\/\/zug-bilder.de\/index.php?rest_route=\/wp\/v2\/pages"}],"about":[{"href":"https:\/\/zug-bilder.de\/index.php?rest_route=\/wp\/v2\/types\/page"}],"author":[{"embeddable":true,"href":"https:\/\/zug-bilder.de\/index.php?rest_route=\/wp\/v2\/users\/1"}],"replies":[{"embeddable":true,"href":"https:\/\/zug-bilder.de\/index.php?rest_route=%2Fwp%2Fv2%2Fcomments&post=3074"}],"version-history":[{"count":4,"href":"https:\/\/zug-bilder.de\/index.php?rest_route=\/wp\/v2\/pages\/3074\/revisions"}],"predecessor-version":[{"id":3515,"href":"https:\/\/zug-bilder.de\/index.php?rest_route=\/wp\/v2\/pages\/3074\/revisions\/3515"}],"wp:attachment":[{"href":"https:\/\/zug-bilder.de\/index.php?rest_route=%2Fwp%2Fv2%2Fmedia&parent=3074"}],"curies":[{"name":"wp","href":"https:\/\/api.w.org\/{rel}","templated":true}]}}