{"id":3427,"date":"2020-01-05T18:47:37","date_gmt":"2020-01-05T18:47:37","guid":{"rendered":"https:\/\/zug-bilder.de\/?page_id=3427"},"modified":"2022-11-13T12:58:32","modified_gmt":"2022-11-13T12:58:32","slug":"muenchen-r3-3","status":"publish","type":"page","link":"https:\/\/zug-bilder.de\/?page_id=3427","title":{"rendered":"M\u00fcnchen &#8211; R3.3"},"content":{"rendered":"<table style=\"border-collapse: collapse; width: 100%;\">\n<tbody>\n<tr>\n<td style=\"width: 50%; vertical-align: middle;\"><a href=\"https:\/\/zug-bilder.de\/wp-content\/uploads\/2022\/01\/1000-R32202_140627_Ostbahnhof_19.jpg\"><img loading=\"lazy\" decoding=\"async\" class=\"alignnone size-medium wp-image-5106\" src=\"https:\/\/zug-bilder.de\/wp-content\/uploads\/2022\/01\/1000-R32202_140627_Ostbahnhof_19-300x205.jpg\" alt=\"\" width=\"300\" height=\"205\" srcset=\"https:\/\/zug-bilder.de\/wp-content\/uploads\/2022\/01\/1000-R32202_140627_Ostbahnhof_19-300x205.jpg 300w, https:\/\/zug-bilder.de\/wp-content\/uploads\/2022\/01\/1000-R32202_140627_Ostbahnhof_19-768x524.jpg 768w, https:\/\/zug-bilder.de\/wp-content\/uploads\/2022\/01\/1000-R32202_140627_Ostbahnhof_19.jpg 1000w\" sizes=\"auto, (max-width: 300px) 100vw, 300px\" \/><\/a><\/td>\n<td style=\"width: 50%; vertical-align: middle;\"><strong>2202<br \/>\n<\/strong>27.06.2014<br \/>\nOstbahnhof<br \/>\n<em><img loading=\"lazy\" decoding=\"async\" class=\"alignnone wp-image-2996\" src=\"https:\/\/zug-bilder.de\/wp-content\/uploads\/2019\/12\/Logo_Tram.jpg\" alt=\"\" width=\"20\" height=\"19\" \/>\u00a019<\/em><br \/>\n<em>St.-Veit-Stra\u00dfe &#8211;<\/em><br \/>\n<em>Pasing Bahnhof<\/em><\/td>\n<\/tr>\n<tr>\n<td style=\"width: 50%; vertical-align: middle;\"><a href=\"https:\/\/zug-bilder.de\/wp-content\/uploads\/2021\/10\/1000-R32206_130509_Arnulfstrasse_17.jpg\"><img loading=\"lazy\" decoding=\"async\" class=\"alignnone size-medium wp-image-4772\" src=\"https:\/\/zug-bilder.de\/wp-content\/uploads\/2021\/10\/1000-R32206_130509_Arnulfstrasse_17-300x205.jpg\" alt=\"\" width=\"300\" height=\"205\" srcset=\"https:\/\/zug-bilder.de\/wp-content\/uploads\/2021\/10\/1000-R32206_130509_Arnulfstrasse_17-300x205.jpg 300w, https:\/\/zug-bilder.de\/wp-content\/uploads\/2021\/10\/1000-R32206_130509_Arnulfstrasse_17-768x524.jpg 768w, https:\/\/zug-bilder.de\/wp-content\/uploads\/2021\/10\/1000-R32206_130509_Arnulfstrasse_17.jpg 1000w\" sizes=\"auto, (max-width: 300px) 100vw, 300px\" \/><\/a><\/td>\n<td style=\"width: 50%; vertical-align: middle;\"><strong>2206<br \/>\n<\/strong>09.05.2013<br \/>\nArnulfstra\u00dfe<br \/>\n<em><img loading=\"lazy\" decoding=\"async\" class=\"alignnone wp-image-2996\" src=\"https:\/\/zug-bilder.de\/wp-content\/uploads\/2019\/12\/Logo_Tram.jpg\" alt=\"\" width=\"20\" height=\"19\" \/>\u00a017<\/em><br \/>\n<em>Amalienburgstra\u00dfe &#8211;<\/em><br \/>\n<em>Sendlinger Tor<\/em><\/td>\n<\/tr>\n<tr>\n<td style=\"width: 50%; vertical-align: middle;\"><a href=\"https:\/\/zug-bilder.de\/wp-content\/uploads\/2021\/10\/1000-R32212_130509_Augustinerkeller_17.jpg\"><img loading=\"lazy\" decoding=\"async\" class=\"alignnone size-medium wp-image-4769\" src=\"https:\/\/zug-bilder.de\/wp-content\/uploads\/2021\/10\/1000-R32212_130509_Augustinerkeller_17-300x205.jpg\" alt=\"\" width=\"300\" height=\"205\" srcset=\"https:\/\/zug-bilder.de\/wp-content\/uploads\/2021\/10\/1000-R32212_130509_Augustinerkeller_17-300x205.jpg 300w, https:\/\/zug-bilder.de\/wp-content\/uploads\/2021\/10\/1000-R32212_130509_Augustinerkeller_17-768x524.jpg 768w, https:\/\/zug-bilder.de\/wp-content\/uploads\/2021\/10\/1000-R32212_130509_Augustinerkeller_17.jpg 1000w\" sizes=\"auto, (max-width: 300px) 100vw, 300px\" \/><\/a><\/td>\n<td style=\"width: 50%; vertical-align: middle;\"><strong>2212<br \/>\n<\/strong>09.05.2013<br \/>\nAugustinerkeller<br \/>\n<em><img loading=\"lazy\" decoding=\"async\" class=\"alignnone wp-image-2996\" src=\"https:\/\/zug-bilder.de\/wp-content\/uploads\/2019\/12\/Logo_Tram.jpg\" alt=\"\" width=\"20\" height=\"19\" \/>\u00a017<\/em><br \/>\n<em>Amalienburgstra\u00dfe &#8211;<\/em><br \/>\n<em>Sendlinger Tor<\/em><\/td>\n<\/tr>\n<tr>\n<td style=\"width: 50%; vertical-align: middle;\"><a href=\"https:\/\/zug-bilder.de\/wp-content\/uploads\/2020\/01\/1000-R32213_160518_Maximilianeum_19.jpg\"><img loading=\"lazy\" decoding=\"async\" class=\"alignnone size-medium wp-image-3428\" src=\"https:\/\/zug-bilder.de\/wp-content\/uploads\/2020\/01\/1000-R32213_160518_Maximilianeum_19-300x205.jpg\" alt=\"\" width=\"300\" height=\"205\" srcset=\"https:\/\/zug-bilder.de\/wp-content\/uploads\/2020\/01\/1000-R32213_160518_Maximilianeum_19-300x205.jpg 300w, https:\/\/zug-bilder.de\/wp-content\/uploads\/2020\/01\/1000-R32213_160518_Maximilianeum_19-768x524.jpg 768w, https:\/\/zug-bilder.de\/wp-content\/uploads\/2020\/01\/1000-R32213_160518_Maximilianeum_19.jpg 1000w\" sizes=\"auto, (max-width: 300px) 100vw, 300px\" \/><\/a><\/td>\n<td style=\"width: 50%; vertical-align: middle;\"><strong>2213<\/strong><br \/>\n18.05.2016<br \/>\nMaximilianeum<br \/>\n<img loading=\"lazy\" decoding=\"async\" class=\"alignnone wp-image-2996\" src=\"https:\/\/zug-bilder.de\/wp-content\/uploads\/2019\/12\/Logo_Tram.jpg\" alt=\"\" width=\"20\" height=\"19\" \/> <em>19<\/em><br \/>\n<em>St. Veit-Stra\u00dfe &#8211; Pasing Bf.<\/em><\/td>\n<\/tr>\n<tr>\n<td style=\"width: 50%; vertical-align: middle;\"><a href=\"https:\/\/zug-bilder.de\/wp-content\/uploads\/2022\/11\/1000-R32218_220614_Max-Weber-Platz_21.jpg\"><img loading=\"lazy\" decoding=\"async\" class=\"alignnone size-medium wp-image-5391\" src=\"https:\/\/zug-bilder.de\/wp-content\/uploads\/2022\/11\/1000-R32218_220614_Max-Weber-Platz_21-300x205.jpg\" alt=\"\" width=\"300\" height=\"205\" srcset=\"https:\/\/zug-bilder.de\/wp-content\/uploads\/2022\/11\/1000-R32218_220614_Max-Weber-Platz_21-300x205.jpg 300w, https:\/\/zug-bilder.de\/wp-content\/uploads\/2022\/11\/1000-R32218_220614_Max-Weber-Platz_21-768x524.jpg 768w, https:\/\/zug-bilder.de\/wp-content\/uploads\/2022\/11\/1000-R32218_220614_Max-Weber-Platz_21.jpg 1000w\" sizes=\"auto, (max-width: 300px) 100vw, 300px\" \/><\/a><\/td>\n<td style=\"width: 50%; vertical-align: middle;\"><strong>2218<br \/>\n<\/strong>14.06.2022<br \/>\nMax-Weber-Platz<br \/>\n<em><img loading=\"lazy\" decoding=\"async\" class=\"alignnone wp-image-2996\" src=\"https:\/\/zug-bilder.de\/wp-content\/uploads\/2019\/12\/Logo_Tram.jpg\" alt=\"\" width=\"20\" height=\"19\" \/> 21<\/em><br \/>\n<em>Westfriedhof &#8211;<\/em><br \/>\n<em>St.-Veit-Stra\u00dfe<\/em><\/td>\n<\/tr>\n<\/tbody>\n<\/table>\n","protected":false},"excerpt":{"rendered":"<p>2202 27.06.2014 Ostbahnhof \u00a019 St.-Veit-Stra\u00dfe &#8211; Pasing Bahnhof 2206 09.05.2013 Arnulfstra\u00dfe \u00a017 Amalienburgstra\u00dfe &#8211; Sendlinger Tor 2212 09.05.2013 Augustinerkeller \u00a017 Amalienburgstra\u00dfe &#8211; Sendlinger Tor 2213 18.05.2016 Maximilianeum 19 St. Veit-Stra\u00dfe &#8211; Pasing Bf. 2218 14.06.2022 Max-Weber-Platz 21 Westfriedhof &#8211; St.-Veit-Stra\u00dfe<\/p>\n","protected":false},"author":1,"featured_media":0,"parent":0,"menu_order":0,"comment_status":"closed","ping_status":"closed","template":"","meta":{"footnotes":""},"class_list":["post-3427","page","type-page","status-publish","hentry"],"_links":{"self":[{"href":"https:\/\/zug-bilder.de\/index.php?rest_route=\/wp\/v2\/pages\/3427","targetHints":{"allow":["GET"]}}],"collection":[{"href":"https:\/\/zug-bilder.de\/index.php?rest_route=\/wp\/v2\/pages"}],"about":[{"href":"https:\/\/zug-bilder.de\/index.php?rest_route=\/wp\/v2\/types\/page"}],"author":[{"embeddable":true,"href":"https:\/\/zug-bilder.de\/index.php?rest_route=\/wp\/v2\/users\/1"}],"replies":[{"embeddable":true,"href":"https:\/\/zug-bilder.de\/index.php?rest_route=%2Fwp%2Fv2%2Fcomments&post=3427"}],"version-history":[{"count":6,"href":"https:\/\/zug-bilder.de\/index.php?rest_route=\/wp\/v2\/pages\/3427\/revisions"}],"predecessor-version":[{"id":5392,"href":"https:\/\/zug-bilder.de\/index.php?rest_route=\/wp\/v2\/pages\/3427\/revisions\/5392"}],"wp:attachment":[{"href":"https:\/\/zug-bilder.de\/index.php?rest_route=%2Fwp%2Fv2%2Fmedia&parent=3427"}],"curies":[{"name":"wp","href":"https:\/\/api.w.org\/{rel}","templated":true}]}}