{"id":3472,"date":"2020-02-07T19:44:22","date_gmt":"2020-02-07T19:44:22","guid":{"rendered":"https:\/\/zug-bilder.de\/?page_id=3472"},"modified":"2020-02-07T19:44:22","modified_gmt":"2020-02-07T19:44:22","slug":"95-80-0609","status":"publish","type":"page","link":"https:\/\/zug-bilder.de\/?page_id=3472","title":{"rendered":"95 80 0609"},"content":{"rendered":"<table style=\"border-collapse: collapse; width: 100%;\">\n<tbody>\n<tr>\n<td style=\"width: 50%; vertical-align: middle;\"><a href=\"https:\/\/zug-bilder.de\/wp-content\/uploads\/2020\/02\/1000-95-80-0609-109-3-D-BOBy_160902_M\u00fcnchenHeimeranplatz_BOB86821.jpg\"><img loading=\"lazy\" decoding=\"async\" class=\"alignnone size-medium wp-image-3473\" src=\"https:\/\/zug-bilder.de\/wp-content\/uploads\/2020\/02\/1000-95-80-0609-109-3-D-BOBy_160902_M\u00fcnchenHeimeranplatz_BOB86821-300x205.jpg\" alt=\"\" width=\"300\" height=\"205\" srcset=\"https:\/\/zug-bilder.de\/wp-content\/uploads\/2020\/02\/1000-95-80-0609-109-3-D-BOBy_160902_M\u00fcnchenHeimeranplatz_BOB86821-300x205.jpg 300w, https:\/\/zug-bilder.de\/wp-content\/uploads\/2020\/02\/1000-95-80-0609-109-3-D-BOBy_160902_M\u00fcnchenHeimeranplatz_BOB86821-768x524.jpg 768w, https:\/\/zug-bilder.de\/wp-content\/uploads\/2020\/02\/1000-95-80-0609-109-3-D-BOBy_160902_M\u00fcnchenHeimeranplatz_BOB86821.jpg 1000w\" sizes=\"auto, (max-width: 300px) 100vw, 300px\" \/><\/a><\/td>\n<td style=\"width: 50%; vertical-align: middle;\"><strong>95 80 0609 109-3 D-BOBy<\/strong><br \/>\n02.09.2016<br \/>\nM\u00fcnchen Heimeranplatz<br \/>\n<em>BOB 86821<\/em><br \/>\n<em>M\u00fcnchen Hbf &#8211; Bayrischzell<\/em><br \/>\n<em>M\u00fcnchen Hbf &#8211; Lengries<\/em><br \/>\n<em>M\u00fcnchen Hbf &#8211; Tegernsee<\/em><\/td>\n<\/tr>\n<tr>\n<td style=\"width: 50%; vertical-align: middle;\"><a href=\"https:\/\/zug-bilder.de\/wp-content\/uploads\/2020\/02\/1000-95-80-0609-111-9-D-BOBy_160521_Osterhofen_BOB86873.jpg\"><img loading=\"lazy\" decoding=\"async\" class=\"alignnone size-medium wp-image-3474\" src=\"https:\/\/zug-bilder.de\/wp-content\/uploads\/2020\/02\/1000-95-80-0609-111-9-D-BOBy_160521_Osterhofen_BOB86873-300x205.jpg\" alt=\"\" width=\"300\" height=\"205\" srcset=\"https:\/\/zug-bilder.de\/wp-content\/uploads\/2020\/02\/1000-95-80-0609-111-9-D-BOBy_160521_Osterhofen_BOB86873-300x205.jpg 300w, https:\/\/zug-bilder.de\/wp-content\/uploads\/2020\/02\/1000-95-80-0609-111-9-D-BOBy_160521_Osterhofen_BOB86873-768x524.jpg 768w, https:\/\/zug-bilder.de\/wp-content\/uploads\/2020\/02\/1000-95-80-0609-111-9-D-BOBy_160521_Osterhofen_BOB86873.jpg 1000w\" sizes=\"auto, (max-width: 300px) 100vw, 300px\" \/><\/a><\/td>\n<td style=\"width: 50%; vertical-align: middle;\"><strong>95 80 0609 111-9 D-BOBy<br \/>\n<\/strong>21.05.2016<br \/>\nOsterhofen (Oberbay)<br \/>\n<em>BOB 86873<\/em><br \/>\n<em>M\u00fcnchen Hbf &#8211; Bayerischzell<\/em><strong><br \/>\n<\/strong><\/td>\n<\/tr>\n<\/tbody>\n<\/table>\n","protected":false},"excerpt":{"rendered":"<p>95 80 0609 109-3 D-BOBy 02.09.2016 M\u00fcnchen Heimeranplatz BOB 86821 M\u00fcnchen Hbf &#8211; Bayrischzell M\u00fcnchen Hbf &#8211; Lengries M\u00fcnchen Hbf &#8211; Tegernsee 95 80 0609 111-9 D-BOBy 21.05.2016 Osterhofen (Oberbay) BOB 86873 M\u00fcnchen Hbf &#8211; Bayerischzell<\/p>\n","protected":false},"author":1,"featured_media":0,"parent":0,"menu_order":0,"comment_status":"closed","ping_status":"closed","template":"","meta":{"footnotes":""},"class_list":["post-3472","page","type-page","status-publish","hentry"],"_links":{"self":[{"href":"https:\/\/zug-bilder.de\/index.php?rest_route=\/wp\/v2\/pages\/3472","targetHints":{"allow":["GET"]}}],"collection":[{"href":"https:\/\/zug-bilder.de\/index.php?rest_route=\/wp\/v2\/pages"}],"about":[{"href":"https:\/\/zug-bilder.de\/index.php?rest_route=\/wp\/v2\/types\/page"}],"author":[{"embeddable":true,"href":"https:\/\/zug-bilder.de\/index.php?rest_route=\/wp\/v2\/users\/1"}],"replies":[{"embeddable":true,"href":"https:\/\/zug-bilder.de\/index.php?rest_route=%2Fwp%2Fv2%2Fcomments&post=3472"}],"version-history":[{"count":1,"href":"https:\/\/zug-bilder.de\/index.php?rest_route=\/wp\/v2\/pages\/3472\/revisions"}],"predecessor-version":[{"id":3475,"href":"https:\/\/zug-bilder.de\/index.php?rest_route=\/wp\/v2\/pages\/3472\/revisions\/3475"}],"wp:attachment":[{"href":"https:\/\/zug-bilder.de\/index.php?rest_route=%2Fwp%2Fv2%2Fmedia&parent=3472"}],"curies":[{"name":"wp","href":"https:\/\/api.w.org\/{rel}","templated":true}]}}