{"id":3497,"date":"2020-02-16T13:06:04","date_gmt":"2020-02-16T13:06:04","guid":{"rendered":"https:\/\/zug-bilder.de\/?page_id=3497"},"modified":"2020-02-16T13:06:04","modified_gmt":"2020-02-16T13:06:04","slug":"d-97-40-71","status":"publish","type":"page","link":"https:\/\/zug-bilder.de\/?page_id=3497","title":{"rendered":"D &#8211; 97 40 71"},"content":{"rendered":"<table style=\"border-collapse: collapse; width: 100%;\">\n<tbody>\n<tr>\n<td style=\"width: 50%; vertical-align: middle;\"><a href=\"https:\/\/zug-bilder.de\/wp-content\/uploads\/2020\/02\/1000-97-40-71-004-17-6_160328_T\u00fc\u00dfling.jpg\"><img loading=\"lazy\" decoding=\"async\" class=\"alignnone size-medium wp-image-3498\" src=\"https:\/\/zug-bilder.de\/wp-content\/uploads\/2020\/02\/1000-97-40-71-004-17-6_160328_T\u00fc\u00dfling-300x205.jpg\" alt=\"\" width=\"300\" height=\"205\" srcset=\"https:\/\/zug-bilder.de\/wp-content\/uploads\/2020\/02\/1000-97-40-71-004-17-6_160328_T\u00fc\u00dfling-300x205.jpg 300w, https:\/\/zug-bilder.de\/wp-content\/uploads\/2020\/02\/1000-97-40-71-004-17-6_160328_T\u00fc\u00dfling-768x524.jpg 768w, https:\/\/zug-bilder.de\/wp-content\/uploads\/2020\/02\/1000-97-40-71-004-17-6_160328_T\u00fc\u00dfling.jpg 1000w\" sizes=\"auto, (max-width: 300px) 100vw, 300px\" \/><\/a><\/td>\n<td style=\"width: 50%; vertical-align: middle;\"><strong>97 40 71 004 17-6<\/strong><br \/>\n28.03.2016<br \/>\nT\u00fc\u00dfling<\/td>\n<\/tr>\n<tr>\n<td style=\"width: 50%; vertical-align: middle;\"><a href=\"https:\/\/zug-bilder.de\/wp-content\/uploads\/2020\/02\/1000-97-40-71-004-17-6_160328_T\u00fc\u00dfling_2.jpg\"><img loading=\"lazy\" decoding=\"async\" class=\"alignnone size-medium wp-image-3499\" src=\"https:\/\/zug-bilder.de\/wp-content\/uploads\/2020\/02\/1000-97-40-71-004-17-6_160328_T\u00fc\u00dfling_2-300x205.jpg\" alt=\"\" width=\"300\" height=\"205\" srcset=\"https:\/\/zug-bilder.de\/wp-content\/uploads\/2020\/02\/1000-97-40-71-004-17-6_160328_T\u00fc\u00dfling_2-300x205.jpg 300w, https:\/\/zug-bilder.de\/wp-content\/uploads\/2020\/02\/1000-97-40-71-004-17-6_160328_T\u00fc\u00dfling_2-768x524.jpg 768w, https:\/\/zug-bilder.de\/wp-content\/uploads\/2020\/02\/1000-97-40-71-004-17-6_160328_T\u00fc\u00dfling_2.jpg 1000w\" sizes=\"auto, (max-width: 300px) 100vw, 300px\" \/><\/a><\/td>\n<td style=\"width: 50%; vertical-align: middle;\"><strong>97 40 71 004 17-6<\/strong><br \/>\n28.03.2016<br \/>\nT\u00fc\u00dfling<\/td>\n<\/tr>\n<\/tbody>\n<\/table>\n","protected":false},"excerpt":{"rendered":"<p>97 40 71 004 17-6 28.03.2016 T\u00fc\u00dfling 97 40 71 004 17-6 28.03.2016 T\u00fc\u00dfling<\/p>\n","protected":false},"author":1,"featured_media":0,"parent":0,"menu_order":0,"comment_status":"closed","ping_status":"closed","template":"","meta":{"footnotes":""},"class_list":["post-3497","page","type-page","status-publish","hentry"],"_links":{"self":[{"href":"https:\/\/zug-bilder.de\/index.php?rest_route=\/wp\/v2\/pages\/3497","targetHints":{"allow":["GET"]}}],"collection":[{"href":"https:\/\/zug-bilder.de\/index.php?rest_route=\/wp\/v2\/pages"}],"about":[{"href":"https:\/\/zug-bilder.de\/index.php?rest_route=\/wp\/v2\/types\/page"}],"author":[{"embeddable":true,"href":"https:\/\/zug-bilder.de\/index.php?rest_route=\/wp\/v2\/users\/1"}],"replies":[{"embeddable":true,"href":"https:\/\/zug-bilder.de\/index.php?rest_route=%2Fwp%2Fv2%2Fcomments&post=3497"}],"version-history":[{"count":1,"href":"https:\/\/zug-bilder.de\/index.php?rest_route=\/wp\/v2\/pages\/3497\/revisions"}],"predecessor-version":[{"id":3500,"href":"https:\/\/zug-bilder.de\/index.php?rest_route=\/wp\/v2\/pages\/3497\/revisions\/3500"}],"wp:attachment":[{"href":"https:\/\/zug-bilder.de\/index.php?rest_route=%2Fwp%2Fv2%2Fmedia&parent=3497"}],"curies":[{"name":"wp","href":"https:\/\/api.w.org\/{rel}","templated":true}]}}