{"id":3504,"date":"2020-02-16T13:22:20","date_gmt":"2020-02-16T13:22:20","guid":{"rendered":"https:\/\/zug-bilder.de\/?page_id=3504"},"modified":"2022-12-26T12:13:52","modified_gmt":"2022-12-26T12:13:52","slug":"d-97-16-32","status":"publish","type":"page","link":"https:\/\/zug-bilder.de\/?page_id=3504","title":{"rendered":"D &#8211; 97 16 32"},"content":{"rendered":"<table style=\"border-collapse: collapse; width: 100%;\">\n<tbody>\n<tr>\n<td style=\"width: 50%; vertical-align: middle;\"><a href=\"https:\/\/zug-bilder.de\/wp-content\/uploads\/2020\/02\/1000-97-16-32-002-17-8_160328_T\u00fc\u00dfling.jpg\"><img loading=\"lazy\" decoding=\"async\" class=\"alignnone size-medium wp-image-3505\" src=\"https:\/\/zug-bilder.de\/wp-content\/uploads\/2020\/02\/1000-97-16-32-002-17-8_160328_T\u00fc\u00dfling-300x205.jpg\" alt=\"\" width=\"300\" height=\"205\" srcset=\"https:\/\/zug-bilder.de\/wp-content\/uploads\/2020\/02\/1000-97-16-32-002-17-8_160328_T\u00fc\u00dfling-300x205.jpg 300w, https:\/\/zug-bilder.de\/wp-content\/uploads\/2020\/02\/1000-97-16-32-002-17-8_160328_T\u00fc\u00dfling-768x524.jpg 768w, https:\/\/zug-bilder.de\/wp-content\/uploads\/2020\/02\/1000-97-16-32-002-17-8_160328_T\u00fc\u00dfling.jpg 1000w\" sizes=\"auto, (max-width: 300px) 100vw, 300px\" \/><\/a><\/td>\n<td style=\"width: 50%; vertical-align: middle;\"><strong>97 16 32 002 17-8<\/strong><br \/>\n28.03.2016<br \/>\nT\u00fc\u00dfling<\/td>\n<\/tr>\n<tr>\n<td style=\"width: 50%; vertical-align: middle;\"><a href=\"https:\/\/zug-bilder.de\/wp-content\/uploads\/2020\/02\/1000-97-16-32-002-17-8_160328_T\u00fc\u00dfling_2.jpg\"><img loading=\"lazy\" decoding=\"async\" class=\"alignnone size-medium wp-image-3506\" src=\"https:\/\/zug-bilder.de\/wp-content\/uploads\/2020\/02\/1000-97-16-32-002-17-8_160328_T\u00fc\u00dfling_2-300x205.jpg\" alt=\"\" width=\"300\" height=\"205\" srcset=\"https:\/\/zug-bilder.de\/wp-content\/uploads\/2020\/02\/1000-97-16-32-002-17-8_160328_T\u00fc\u00dfling_2-300x205.jpg 300w, https:\/\/zug-bilder.de\/wp-content\/uploads\/2020\/02\/1000-97-16-32-002-17-8_160328_T\u00fc\u00dfling_2-768x524.jpg 768w, https:\/\/zug-bilder.de\/wp-content\/uploads\/2020\/02\/1000-97-16-32-002-17-8_160328_T\u00fc\u00dfling_2.jpg 1000w\" sizes=\"auto, (max-width: 300px) 100vw, 300px\" \/><\/a><\/td>\n<td style=\"width: 50%; vertical-align: middle;\"><strong>97 16 32 002 17-8<\/strong><br \/>\n28.03.2016<br \/>\nT\u00fc\u00dfling<\/td>\n<\/tr>\n<tr>\n<td style=\"width: 50%; vertical-align: middle;\"><a href=\"https:\/\/zug-bilder.de\/wp-content\/uploads\/2022\/12\/1000-97-16-32-005-17-1_130305_Bamberg.jpg\"><img loading=\"lazy\" decoding=\"async\" class=\"alignnone size-medium wp-image-5496\" src=\"https:\/\/zug-bilder.de\/wp-content\/uploads\/2022\/12\/1000-97-16-32-005-17-1_130305_Bamberg-300x205.jpg\" alt=\"\" width=\"300\" height=\"205\" srcset=\"https:\/\/zug-bilder.de\/wp-content\/uploads\/2022\/12\/1000-97-16-32-005-17-1_130305_Bamberg-300x205.jpg 300w, https:\/\/zug-bilder.de\/wp-content\/uploads\/2022\/12\/1000-97-16-32-005-17-1_130305_Bamberg-768x524.jpg 768w, https:\/\/zug-bilder.de\/wp-content\/uploads\/2022\/12\/1000-97-16-32-005-17-1_130305_Bamberg.jpg 1000w\" sizes=\"auto, (max-width: 300px) 100vw, 300px\" \/><\/a><\/td>\n<td style=\"width: 50%; vertical-align: middle;\"><strong>97 16 32 005 17-1<br \/>\n<\/strong>05.03.2013<br \/>\nBamberg<\/td>\n<\/tr>\n<tr>\n<td style=\"width: 50%; vertical-align: middle;\"><a href=\"https:\/\/zug-bilder.de\/wp-content\/uploads\/2021\/12\/1000-99-80-9425-032-6-D-JT_210613_Toeging.jpg\"><img loading=\"lazy\" decoding=\"async\" class=\"alignnone size-medium wp-image-4992\" src=\"https:\/\/zug-bilder.de\/wp-content\/uploads\/2021\/12\/1000-99-80-9425-032-6-D-JT_210613_Toeging-300x205.jpg\" alt=\"\" width=\"300\" height=\"205\" srcset=\"https:\/\/zug-bilder.de\/wp-content\/uploads\/2021\/12\/1000-99-80-9425-032-6-D-JT_210613_Toeging-300x205.jpg 300w, https:\/\/zug-bilder.de\/wp-content\/uploads\/2021\/12\/1000-99-80-9425-032-6-D-JT_210613_Toeging-768x524.jpg 768w, https:\/\/zug-bilder.de\/wp-content\/uploads\/2021\/12\/1000-99-80-9425-032-6-D-JT_210613_Toeging.jpg 1000w\" sizes=\"auto, (max-width: 300px) 100vw, 300px\" \/><\/a><\/td>\n<td style=\"width: 50%; vertical-align: middle;\"><strong>99 80 9425 032-6 D-JT<br \/>\n<\/strong><em>(ehem. 97 16 32 502 17-7)<\/em><br \/>\n13.06.2021<br \/>\nT\u00f6ging (Inn)<\/td>\n<\/tr>\n<\/tbody>\n<\/table>\n","protected":false},"excerpt":{"rendered":"<p>97 16 32 002 17-8 28.03.2016 T\u00fc\u00dfling 97 16 32 002 17-8 28.03.2016 T\u00fc\u00dfling 97 16 32 005 17-1 05.03.2013 Bamberg 99 80 9425 032-6 D-JT (ehem. 97 16 32 502 17-7) 13.06.2021 T\u00f6ging (Inn)<\/p>\n","protected":false},"author":1,"featured_media":0,"parent":0,"menu_order":0,"comment_status":"closed","ping_status":"closed","template":"","meta":{"footnotes":""},"class_list":["post-3504","page","type-page","status-publish","hentry"],"_links":{"self":[{"href":"https:\/\/zug-bilder.de\/index.php?rest_route=\/wp\/v2\/pages\/3504","targetHints":{"allow":["GET"]}}],"collection":[{"href":"https:\/\/zug-bilder.de\/index.php?rest_route=\/wp\/v2\/pages"}],"about":[{"href":"https:\/\/zug-bilder.de\/index.php?rest_route=\/wp\/v2\/types\/page"}],"author":[{"embeddable":true,"href":"https:\/\/zug-bilder.de\/index.php?rest_route=\/wp\/v2\/users\/1"}],"replies":[{"embeddable":true,"href":"https:\/\/zug-bilder.de\/index.php?rest_route=%2Fwp%2Fv2%2Fcomments&post=3504"}],"version-history":[{"count":4,"href":"https:\/\/zug-bilder.de\/index.php?rest_route=\/wp\/v2\/pages\/3504\/revisions"}],"predecessor-version":[{"id":5497,"href":"https:\/\/zug-bilder.de\/index.php?rest_route=\/wp\/v2\/pages\/3504\/revisions\/5497"}],"wp:attachment":[{"href":"https:\/\/zug-bilder.de\/index.php?rest_route=%2Fwp%2Fv2%2Fmedia&parent=3504"}],"curies":[{"name":"wp","href":"https:\/\/api.w.org\/{rel}","templated":true}]}}