{"id":3538,"date":"2020-02-22T13:25:08","date_gmt":"2020-02-22T13:25:08","guid":{"rendered":"https:\/\/zug-bilder.de\/?page_id=3538"},"modified":"2020-02-23T10:38:09","modified_gmt":"2020-02-23T10:38:09","slug":"99-81-9125","status":"publish","type":"page","link":"https:\/\/zug-bilder.de\/?page_id=3538","title":{"rendered":"99 81 9125"},"content":{"rendered":"<table style=\"border-collapse: collapse; width: 100%;\">\n<tbody>\n<tr>\n<td style=\"width: 50%; vertical-align: middle;\"><a href=\"https:\/\/zug-bilder.de\/wp-content\/uploads\/2020\/02\/1000-A-RTS-99-81-9125-014-6_151031_T\u00fc\u00dfling_2.jpg\"><img loading=\"lazy\" decoding=\"async\" class=\"alignnone size-medium wp-image-3548\" src=\"https:\/\/zug-bilder.de\/wp-content\/uploads\/2020\/02\/1000-A-RTS-99-81-9125-014-6_151031_T\u00fc\u00dfling_2-300x205.jpg\" alt=\"\" width=\"300\" height=\"205\" srcset=\"https:\/\/zug-bilder.de\/wp-content\/uploads\/2020\/02\/1000-A-RTS-99-81-9125-014-6_151031_T\u00fc\u00dfling_2-300x205.jpg 300w, https:\/\/zug-bilder.de\/wp-content\/uploads\/2020\/02\/1000-A-RTS-99-81-9125-014-6_151031_T\u00fc\u00dfling_2-768x524.jpg 768w, https:\/\/zug-bilder.de\/wp-content\/uploads\/2020\/02\/1000-A-RTS-99-81-9125-014-6_151031_T\u00fc\u00dfling_2.jpg 1000w\" sizes=\"auto, (max-width: 300px) 100vw, 300px\" \/><\/a><\/td>\n<td style=\"width: 50%; vertical-align: middle;\"><strong>A- RTS 99 81 9125 014-6<br \/>\n<\/strong>31.10.2015<br \/>\nT\u00fc\u00dfling<strong><br \/>\n<\/strong><\/td>\n<\/tr>\n<tr>\n<td style=\"width: 50%; vertical-align: middle;\"><a href=\"https:\/\/zug-bilder.de\/wp-content\/uploads\/2020\/02\/1000-A-RTS-99-81-9125-014-6_151031_T\u00fc\u00dfling.jpg\"><img loading=\"lazy\" decoding=\"async\" class=\"alignnone size-medium wp-image-3539\" src=\"https:\/\/zug-bilder.de\/wp-content\/uploads\/2020\/02\/1000-A-RTS-99-81-9125-014-6_151031_T\u00fc\u00dfling-300x205.jpg\" alt=\"\" width=\"300\" height=\"205\" srcset=\"https:\/\/zug-bilder.de\/wp-content\/uploads\/2020\/02\/1000-A-RTS-99-81-9125-014-6_151031_T\u00fc\u00dfling-300x205.jpg 300w, https:\/\/zug-bilder.de\/wp-content\/uploads\/2020\/02\/1000-A-RTS-99-81-9125-014-6_151031_T\u00fc\u00dfling-768x524.jpg 768w, https:\/\/zug-bilder.de\/wp-content\/uploads\/2020\/02\/1000-A-RTS-99-81-9125-014-6_151031_T\u00fc\u00dfling.jpg 1000w\" sizes=\"auto, (max-width: 300px) 100vw, 300px\" \/><\/a><\/td>\n<td style=\"width: 50%; vertical-align: middle;\"><strong>A-RTS 99 81 9125 014-6<\/strong><br \/>\n<strong>A-RTS 99 81 9125 015-3<\/strong><br \/>\n31.10.2015<br \/>\nT\u00fc\u00dfling<\/td>\n<\/tr>\n<\/tbody>\n<\/table>\n","protected":false},"excerpt":{"rendered":"<p>A- RTS 99 81 9125 014-6 31.10.2015 T\u00fc\u00dfling A-RTS 99 81 9125 014-6 A-RTS 99 81 9125 015-3 31.10.2015 T\u00fc\u00dfling<\/p>\n","protected":false},"author":1,"featured_media":0,"parent":0,"menu_order":0,"comment_status":"closed","ping_status":"closed","template":"","meta":{"footnotes":""},"class_list":["post-3538","page","type-page","status-publish","hentry"],"_links":{"self":[{"href":"https:\/\/zug-bilder.de\/index.php?rest_route=\/wp\/v2\/pages\/3538","targetHints":{"allow":["GET"]}}],"collection":[{"href":"https:\/\/zug-bilder.de\/index.php?rest_route=\/wp\/v2\/pages"}],"about":[{"href":"https:\/\/zug-bilder.de\/index.php?rest_route=\/wp\/v2\/types\/page"}],"author":[{"embeddable":true,"href":"https:\/\/zug-bilder.de\/index.php?rest_route=\/wp\/v2\/users\/1"}],"replies":[{"embeddable":true,"href":"https:\/\/zug-bilder.de\/index.php?rest_route=%2Fwp%2Fv2%2Fcomments&post=3538"}],"version-history":[{"count":3,"href":"https:\/\/zug-bilder.de\/index.php?rest_route=\/wp\/v2\/pages\/3538\/revisions"}],"predecessor-version":[{"id":3550,"href":"https:\/\/zug-bilder.de\/index.php?rest_route=\/wp\/v2\/pages\/3538\/revisions\/3550"}],"wp:attachment":[{"href":"https:\/\/zug-bilder.de\/index.php?rest_route=%2Fwp%2Fv2%2Fmedia&parent=3538"}],"curies":[{"name":"wp","href":"https:\/\/api.w.org\/{rel}","templated":true}]}}