{"id":3616,"date":"2020-02-25T15:54:04","date_gmt":"2020-02-25T15:54:04","guid":{"rendered":"https:\/\/zug-bilder.de\/?page_id=3616"},"modified":"2025-12-29T19:08:05","modified_gmt":"2025-12-29T19:08:05","slug":"93-81-4024","status":"publish","type":"page","link":"https:\/\/zug-bilder.de\/?page_id=3616","title":{"rendered":"93 81 4024"},"content":{"rendered":"\n<div class=\"wp-block-columns is-layout-flex wp-container-core-columns-is-layout-9d6595d7 wp-block-columns-is-layout-flex\">\n<div class=\"wp-block-column is-layout-flow wp-block-column-is-layout-flow\">\n<figure class=\"wp-block-image size-full\"><a href=\"https:\/\/zug-bilder.de\/wp-content\/uploads\/2021\/04\/1000-A-OeBB-94-81-4024-020-1_130115_Ainring_BLB84229.jpg\"><img loading=\"lazy\" decoding=\"async\" width=\"1000\" height=\"682\" src=\"https:\/\/zug-bilder.de\/wp-content\/uploads\/2021\/04\/1000-A-OeBB-94-81-4024-020-1_130115_Ainring_BLB84229.jpg\" alt=\"\" class=\"wp-image-4486\" srcset=\"https:\/\/zug-bilder.de\/wp-content\/uploads\/2021\/04\/1000-A-OeBB-94-81-4024-020-1_130115_Ainring_BLB84229.jpg 1000w, https:\/\/zug-bilder.de\/wp-content\/uploads\/2021\/04\/1000-A-OeBB-94-81-4024-020-1_130115_Ainring_BLB84229-300x205.jpg 300w, https:\/\/zug-bilder.de\/wp-content\/uploads\/2021\/04\/1000-A-OeBB-94-81-4024-020-1_130115_Ainring_BLB84229-768x524.jpg 768w\" sizes=\"auto, (max-width: 1000px) 100vw, 1000px\" \/><\/a><\/figure>\n<\/div>\n\n\n\n<div class=\"wp-block-column is-layout-flow wp-block-column-is-layout-flow\">\n<p class=\"has-light-gray-background-color has-background\"><strong>A-\u00d6BB 94 81 4024 020-1<br><\/strong>15.01.2013<br>Ainring<br><em>BLB 84229<\/em><br><em>Golling-Abtenau <\/em>&#8211; <em>Bad Reichenhall<\/em><\/p>\n<\/div>\n<\/div>\n\n\n\n<div class=\"wp-block-columns is-layout-flex wp-container-core-columns-is-layout-9d6595d7 wp-block-columns-is-layout-flex\">\n<div class=\"wp-block-column is-layout-flow wp-block-column-is-layout-flow\">\n<figure class=\"wp-block-image size-full\"><a href=\"https:\/\/zug-bilder.de\/wp-content\/uploads\/2020\/02\/1000-A-\u00d6BB-93-81-4024-076-4_150404_Brenner_S4.jpg\"><img loading=\"lazy\" decoding=\"async\" width=\"1000\" height=\"682\" src=\"https:\/\/zug-bilder.de\/wp-content\/uploads\/2020\/02\/1000-A-\u00d6BB-93-81-4024-076-4_150404_Brenner_S4.jpg\" alt=\"\" class=\"wp-image-3617\" srcset=\"https:\/\/zug-bilder.de\/wp-content\/uploads\/2020\/02\/1000-A-\u00d6BB-93-81-4024-076-4_150404_Brenner_S4.jpg 1000w, https:\/\/zug-bilder.de\/wp-content\/uploads\/2020\/02\/1000-A-\u00d6BB-93-81-4024-076-4_150404_Brenner_S4-300x205.jpg 300w, https:\/\/zug-bilder.de\/wp-content\/uploads\/2020\/02\/1000-A-\u00d6BB-93-81-4024-076-4_150404_Brenner_S4-768x524.jpg 768w\" sizes=\"auto, (max-width: 1000px) 100vw, 1000px\" \/><\/a><\/figure>\n<\/div>\n\n\n\n<div class=\"wp-block-column is-layout-flow wp-block-column-is-layout-flow\">\n<p class=\"has-light-gray-background-color has-background\"><strong>A-\u00d6BB 93 81 4024 076-4<\/strong><br>04.04.2015<br>Brenner (Brennero)<br><img loading=\"lazy\" decoding=\"async\" width=\"20\" height=\"20\" class=\"wp-image-3120\" style=\"width: 20px;\" src=\"https:\/\/zug-bilder.de\/wp-content\/uploads\/2019\/12\/Logo_SBahnWien.jpg\" alt=\"\"> <em>4<\/em><br><em>St. Johann in Tirol &#8211;<\/em> <em>Brenner (Brennero)<\/em><\/p>\n<\/div>\n<\/div>\n\n\n\n<div class=\"wp-block-columns is-layout-flex wp-container-core-columns-is-layout-9d6595d7 wp-block-columns-is-layout-flex\">\n<div class=\"wp-block-column is-layout-flow wp-block-column-is-layout-flow\">\n<figure class=\"wp-block-image size-full\"><a href=\"https:\/\/zug-bilder.de\/wp-content\/uploads\/2020\/02\/1000-A-\u00d6BB-93-81-4024-076-4_150404_Brenner_S4_2.jpg\"><img loading=\"lazy\" decoding=\"async\" width=\"1000\" height=\"682\" src=\"https:\/\/zug-bilder.de\/wp-content\/uploads\/2020\/02\/1000-A-\u00d6BB-93-81-4024-076-4_150404_Brenner_S4_2.jpg\" alt=\"\" class=\"wp-image-3618\" srcset=\"https:\/\/zug-bilder.de\/wp-content\/uploads\/2020\/02\/1000-A-\u00d6BB-93-81-4024-076-4_150404_Brenner_S4_2.jpg 1000w, https:\/\/zug-bilder.de\/wp-content\/uploads\/2020\/02\/1000-A-\u00d6BB-93-81-4024-076-4_150404_Brenner_S4_2-300x205.jpg 300w, https:\/\/zug-bilder.de\/wp-content\/uploads\/2020\/02\/1000-A-\u00d6BB-93-81-4024-076-4_150404_Brenner_S4_2-768x524.jpg 768w\" sizes=\"auto, (max-width: 1000px) 100vw, 1000px\" \/><\/a><\/figure>\n<\/div>\n\n\n\n<div class=\"wp-block-column is-layout-flow wp-block-column-is-layout-flow\">\n<p class=\"has-light-gray-background-color has-background\"><strong>A-\u00d6BB 93 81 4024 076-4<\/strong><br>04.04.2015<br>Brenner (Brennero)<br><img loading=\"lazy\" decoding=\"async\" width=\"20\" height=\"20\" class=\"wp-image-3120\" style=\"width: 20px;\" src=\"https:\/\/zug-bilder.de\/wp-content\/uploads\/2019\/12\/Logo_SBahnWien.jpg\" alt=\"\"> <em>4<\/em><br><em>St. Johann in Tirol &#8211;<\/em> <em>Brenner (Brennero)<\/em><\/p>\n<\/div>\n<\/div>\n\n\n\n<div class=\"wp-block-columns is-layout-flex wp-container-core-columns-is-layout-9d6595d7 wp-block-columns-is-layout-flex\">\n<div class=\"wp-block-column is-layout-flow wp-block-column-is-layout-flow\">\n<figure class=\"wp-block-image size-full\"><a href=\"https:\/\/zug-bilder.de\/wp-content\/uploads\/2024\/04\/1000-A-OeBB-94-81-4024-104-3_240327_Brenner_S3.jpg\"><img loading=\"lazy\" decoding=\"async\" width=\"1000\" height=\"682\" src=\"https:\/\/zug-bilder.de\/wp-content\/uploads\/2024\/04\/1000-A-OeBB-94-81-4024-104-3_240327_Brenner_S3.jpg\" alt=\"\" class=\"wp-image-6386\" srcset=\"https:\/\/zug-bilder.de\/wp-content\/uploads\/2024\/04\/1000-A-OeBB-94-81-4024-104-3_240327_Brenner_S3.jpg 1000w, https:\/\/zug-bilder.de\/wp-content\/uploads\/2024\/04\/1000-A-OeBB-94-81-4024-104-3_240327_Brenner_S3-300x205.jpg 300w, https:\/\/zug-bilder.de\/wp-content\/uploads\/2024\/04\/1000-A-OeBB-94-81-4024-104-3_240327_Brenner_S3-768x524.jpg 768w\" sizes=\"auto, (max-width: 1000px) 100vw, 1000px\" \/><\/a><\/figure>\n<\/div>\n\n\n\n<div class=\"wp-block-column is-layout-flow wp-block-column-is-layout-flow\">\n<p class=\"has-light-gray-background-color has-background\"><strong>A-\u00d6BB 94 81 4024 104-3<\/strong><br>27.03.2024<br>Brenner (Brennero)<br><img loading=\"lazy\" decoding=\"async\" width=\"20\" height=\"20\" class=\"wp-image-3120\" style=\"width: 20px;\" src=\"https:\/\/zug-bilder.de\/wp-content\/uploads\/2019\/12\/Logo_SBahnWien.jpg\" alt=\"\"> <em>3<br>Brenner (Brennero) &#8211; Innsbruck Hbf<\/em><\/p>\n<\/div>\n<\/div>\n\n\n\n<div class=\"wp-block-columns is-layout-flex wp-container-core-columns-is-layout-9d6595d7 wp-block-columns-is-layout-flex\">\n<div class=\"wp-block-column is-layout-flow wp-block-column-is-layout-flow\">\n<figure class=\"wp-block-image size-full\"><a href=\"https:\/\/zug-bilder.de\/wp-content\/uploads\/2022\/03\/1000-A-OeBB-94-81-4024-110-0_140121_SalzburgHbf_S3.jpg\"><img loading=\"lazy\" decoding=\"async\" width=\"1000\" height=\"682\" src=\"https:\/\/zug-bilder.de\/wp-content\/uploads\/2022\/03\/1000-A-OeBB-94-81-4024-110-0_140121_SalzburgHbf_S3.jpg\" alt=\"\" class=\"wp-image-5160\" srcset=\"https:\/\/zug-bilder.de\/wp-content\/uploads\/2022\/03\/1000-A-OeBB-94-81-4024-110-0_140121_SalzburgHbf_S3.jpg 1000w, https:\/\/zug-bilder.de\/wp-content\/uploads\/2022\/03\/1000-A-OeBB-94-81-4024-110-0_140121_SalzburgHbf_S3-300x205.jpg 300w, https:\/\/zug-bilder.de\/wp-content\/uploads\/2022\/03\/1000-A-OeBB-94-81-4024-110-0_140121_SalzburgHbf_S3-768x524.jpg 768w\" sizes=\"auto, (max-width: 1000px) 100vw, 1000px\" \/><\/a><\/figure>\n<\/div>\n\n\n\n<div class=\"wp-block-column is-layout-flow wp-block-column-is-layout-flow\">\n<p class=\"has-light-gray-background-color has-background\"><strong>A-\u00d6BB 94 81 4024 110-0<br><\/strong>21.01.2014<br>Salzburg Hbf<br><img loading=\"lazy\" decoding=\"async\" width=\"20\" height=\"20\" class=\"wp-image-3120\" style=\"width: 20px;\" src=\"https:\/\/zug-bilder.de\/wp-content\/uploads\/2019\/12\/Logo_SBahnWien.jpg\" alt=\"\"> <em>3<\/em><br><em>Schwarzach St. Veit &#8211;<\/em> <em>Freilassing<\/em><\/p>\n<\/div>\n<\/div>\n","protected":false},"excerpt":{"rendered":"<p>A-\u00d6BB 94 81 4024 020-115.01.2013AinringBLB 84229Golling-Abtenau &#8211; Bad Reichenhall A-\u00d6BB 93 81 4024 076-404.04.2015Brenner (Brennero) 4St. Johann in Tirol &#8211; Brenner (Brennero) A-\u00d6BB 93 81 4024 076-404.04.2015Brenner (Brennero) 4St. Johann in Tirol &#8211; Brenner (Brennero) A-\u00d6BB 94 81 4024 104-327.03.2024Brenner (Brennero) 3Brenner (Brennero) &#8211; Innsbruck Hbf A-\u00d6BB 94 81 4024 110-021.01.2014Salzburg Hbf 3Schwarzach St. Veit &hellip; <a href=\"https:\/\/zug-bilder.de\/?page_id=3616\" class=\"more-link\"><span class=\"screen-reader-text\">93 81 4024<\/span> weiterlesen<\/a><\/p>\n","protected":false},"author":1,"featured_media":0,"parent":0,"menu_order":0,"comment_status":"closed","ping_status":"closed","template":"","meta":{"footnotes":""},"class_list":["post-3616","page","type-page","status-publish","hentry"],"_links":{"self":[{"href":"https:\/\/zug-bilder.de\/index.php?rest_route=\/wp\/v2\/pages\/3616","targetHints":{"allow":["GET"]}}],"collection":[{"href":"https:\/\/zug-bilder.de\/index.php?rest_route=\/wp\/v2\/pages"}],"about":[{"href":"https:\/\/zug-bilder.de\/index.php?rest_route=\/wp\/v2\/types\/page"}],"author":[{"embeddable":true,"href":"https:\/\/zug-bilder.de\/index.php?rest_route=\/wp\/v2\/users\/1"}],"replies":[{"embeddable":true,"href":"https:\/\/zug-bilder.de\/index.php?rest_route=%2Fwp%2Fv2%2Fcomments&post=3616"}],"version-history":[{"count":6,"href":"https:\/\/zug-bilder.de\/index.php?rest_route=\/wp\/v2\/pages\/3616\/revisions"}],"predecessor-version":[{"id":8057,"href":"https:\/\/zug-bilder.de\/index.php?rest_route=\/wp\/v2\/pages\/3616\/revisions\/8057"}],"wp:attachment":[{"href":"https:\/\/zug-bilder.de\/index.php?rest_route=%2Fwp%2Fv2%2Fmedia&parent=3616"}],"curies":[{"name":"wp","href":"https:\/\/api.w.org\/{rel}","templated":true}]}}