{"id":3711,"date":"2020-04-01T17:00:54","date_gmt":"2020-04-01T17:00:54","guid":{"rendered":"https:\/\/zug-bilder.de\/?page_id=3711"},"modified":"2022-12-26T11:58:25","modified_gmt":"2022-12-26T11:58:25","slug":"d-bpmmz-284-4","status":"publish","type":"page","link":"https:\/\/zug-bilder.de\/?page_id=3711","title":{"rendered":"D &#8211; Bpmmz 284.4"},"content":{"rendered":"<table style=\"border-collapse: collapse; width: 100%;\">\n<tbody>\n<tr>\n<td style=\"width: 50%; vertical-align: middle;\"><a href=\"https:\/\/zug-bilder.de\/wp-content\/uploads\/2020\/04\/1000-D-DB-61-80-20-94-458-2_200102_M\u00fcnchenHbf_IC2262.jpg\"><img loading=\"lazy\" decoding=\"async\" class=\"alignnone size-medium wp-image-3712\" src=\"https:\/\/zug-bilder.de\/wp-content\/uploads\/2020\/04\/1000-D-DB-61-80-20-94-458-2_200102_M\u00fcnchenHbf_IC2262-300x205.jpg\" alt=\"\" width=\"300\" height=\"205\" srcset=\"https:\/\/zug-bilder.de\/wp-content\/uploads\/2020\/04\/1000-D-DB-61-80-20-94-458-2_200102_M\u00fcnchenHbf_IC2262-300x205.jpg 300w, https:\/\/zug-bilder.de\/wp-content\/uploads\/2020\/04\/1000-D-DB-61-80-20-94-458-2_200102_M\u00fcnchenHbf_IC2262-768x524.jpg 768w, https:\/\/zug-bilder.de\/wp-content\/uploads\/2020\/04\/1000-D-DB-61-80-20-94-458-2_200102_M\u00fcnchenHbf_IC2262.jpg 1000w\" sizes=\"auto, (max-width: 300px) 100vw, 300px\" \/><\/a><\/td>\n<td style=\"width: 50%; vertical-align: middle;\"><strong>D-DB 61 80 20-94 458-2<\/strong><br \/>\n02.01.2020<br \/>\nM\u00fcnchen Hbf<br \/>\n<em>IC 2262 &#8222;Baden Kurier&#8220;<\/em><br \/>\n<em>M\u00fcnchen Hbf &#8211; Basel Bad Bf<\/em><\/td>\n<\/tr>\n<tr>\n<td style=\"width: 50%; vertical-align: middle;\"><a href=\"https:\/\/zug-bilder.de\/wp-content\/uploads\/2022\/12\/1000-D-DB-61-80-20-95-462-3_221210_MuenchenHbf_EC216.jpg\"><img loading=\"lazy\" decoding=\"async\" class=\"alignnone size-medium wp-image-5493\" src=\"https:\/\/zug-bilder.de\/wp-content\/uploads\/2022\/12\/1000-D-DB-61-80-20-95-462-3_221210_MuenchenHbf_EC216-300x205.jpg\" alt=\"\" width=\"300\" height=\"205\" srcset=\"https:\/\/zug-bilder.de\/wp-content\/uploads\/2022\/12\/1000-D-DB-61-80-20-95-462-3_221210_MuenchenHbf_EC216-300x205.jpg 300w, https:\/\/zug-bilder.de\/wp-content\/uploads\/2022\/12\/1000-D-DB-61-80-20-95-462-3_221210_MuenchenHbf_EC216-768x524.jpg 768w, https:\/\/zug-bilder.de\/wp-content\/uploads\/2022\/12\/1000-D-DB-61-80-20-95-462-3_221210_MuenchenHbf_EC216.jpg 1000w\" sizes=\"auto, (max-width: 300px) 100vw, 300px\" \/><\/a><\/td>\n<td style=\"width: 50%; vertical-align: middle;\"><strong>D-DB 61 80 20-95 462-3<br \/>\n<\/strong>10.12.2022<br \/>\nM\u00fcnchen Hbf<br \/>\n<em>EC 216 &#8222;Dachstein&#8220;<\/em><br \/>\n<em>Graz Hbf &#8211; Saarbr\u00fccken Hbf<\/em><\/td>\n<\/tr>\n<\/tbody>\n<\/table>\n<p>\u200b<\/p>\n","protected":false},"excerpt":{"rendered":"<p>D-DB 61 80 20-94 458-2 02.01.2020 M\u00fcnchen Hbf IC 2262 &#8222;Baden Kurier&#8220; M\u00fcnchen Hbf &#8211; Basel Bad Bf D-DB 61 80 20-95 462-3 10.12.2022 M\u00fcnchen Hbf EC 216 &#8222;Dachstein&#8220; Graz Hbf &#8211; Saarbr\u00fccken Hbf \u200b<\/p>\n","protected":false},"author":1,"featured_media":0,"parent":0,"menu_order":0,"comment_status":"closed","ping_status":"closed","template":"","meta":{"footnotes":""},"class_list":["post-3711","page","type-page","status-publish","hentry"],"_links":{"self":[{"href":"https:\/\/zug-bilder.de\/index.php?rest_route=\/wp\/v2\/pages\/3711","targetHints":{"allow":["GET"]}}],"collection":[{"href":"https:\/\/zug-bilder.de\/index.php?rest_route=\/wp\/v2\/pages"}],"about":[{"href":"https:\/\/zug-bilder.de\/index.php?rest_route=\/wp\/v2\/types\/page"}],"author":[{"embeddable":true,"href":"https:\/\/zug-bilder.de\/index.php?rest_route=\/wp\/v2\/users\/1"}],"replies":[{"embeddable":true,"href":"https:\/\/zug-bilder.de\/index.php?rest_route=%2Fwp%2Fv2%2Fcomments&post=3711"}],"version-history":[{"count":3,"href":"https:\/\/zug-bilder.de\/index.php?rest_route=\/wp\/v2\/pages\/3711\/revisions"}],"predecessor-version":[{"id":5495,"href":"https:\/\/zug-bilder.de\/index.php?rest_route=\/wp\/v2\/pages\/3711\/revisions\/5495"}],"wp:attachment":[{"href":"https:\/\/zug-bilder.de\/index.php?rest_route=%2Fwp%2Fv2%2Fmedia&parent=3711"}],"curies":[{"name":"wp","href":"https:\/\/api.w.org\/{rel}","templated":true}]}}